{"id":192204,"date":"2023-10-05T20:13:48","date_gmt":"2023-10-06T02:13:48","guid":{"rendered":"https:\/\/galeriaseltriunfo.com\/?page_id=192204"},"modified":"2026-04-07T12:06:45","modified_gmt":"2026-04-07T18:06:45","slug":"terminos-y-condiciones-tarjeta-de-regalo","status":"publish","type":"page","link":"https:\/\/galeriaseltriunfo.com\/dev2\/terminos-y-condiciones-tarjeta-de-regalo\/","title":{"rendered":"T\u00e9rminos y condiciones tarjeta de regalo"},"content":{"rendered":"<div class=\"fusion-fullwidth fullwidth-box fusion-builder-row-1 fusion-flex-container nonhundred-percent-fullwidth non-hundred-percent-height-scrolling\" style=\"--awb-border-radius-top-left:0px;--awb-border-radius-top-right:0px;--awb-border-radius-bottom-right:0px;--awb-border-radius-bottom-left:0px;--awb-flex-wrap:wrap;\" ><div class=\"fusion-builder-row fusion-row fusion-flex-align-items-flex-start fusion-flex-content-wrap\" style=\"max-width:1362.4px;margin-left: calc(-4% \/ 2 );margin-right: calc(-4% \/ 2 );\"><div class=\"fusion-layout-column fusion_builder_column fusion-builder-column-0 fusion_builder_column_1_1 1_1 fusion-flex-column\" style=\"--awb-bg-size:cover;--awb-width-large:100%;--awb-margin-top-large:0px;--awb-spacing-right-large:1.92%;--awb-margin-bottom-large:0px;--awb-spacing-left-large:1.92%;--awb-width-medium:100%;--awb-spacing-right-medium:1.92%;--awb-spacing-left-medium:1.92%;--awb-width-small:100%;--awb-spacing-right-small:1.92%;--awb-spacing-left-small:1.92%;\"><div class=\"fusion-column-wrapper fusion-flex-justify-content-flex-start fusion-content-layout-column\"><div class=\"fusion-text fusion-text-1\"><h3><span style=\"color: #0055b8;\">1. Uso de saldos<\/span><\/h3>\n<p>Los saldos de las Tarjetas de Regalo de GALERIAS EL TRIUNFO s\u00f3lo podr\u00e1n ser utilizados para adquirir productos indicados como elegibles que se encuentren disponibles en cualquiera de las sucursales GALERIAS EL TRIUNFO en todo el pa\u00eds. Los productos disponibles est\u00e1n sujetos a cambios a nuestra entera discreci\u00f3n. Las compras se deducir\u00e1n del saldo de la Tarjeta de Regalo del usuario. Si una compra excede el saldo de la Tarjeta de Regalo del usuario, el importe restante deber\u00e1 pagarse con otro m\u00e9todo de pago. El saldo de las tarjetas de regalo podr\u00e1 ser consultado en cualquiera de nuestras sucursales. Las Tarjetas de Regalo no est\u00e1n sujetas a cargos. Los montos de recarga de las tarjetas de regalo son abiertos y elegibles a decisi\u00f3n del cliente<\/p>\n<h3 style=\"color: #141617;\"><span style=\"color: #0055b8;\">2. Limitaciones de uso<\/span><\/h3>\n<p>El saldo de las Tarjetas de Regalo puede ser utilizado \u00fanicamente para realizar compras presenciales en cualquiera de las sucursales de GALERIAS EL TRIUNFO en todo el pa\u00eds. Las Tarjetas de Regalo no podr\u00e1n ser utilizadas para adquirir otras Tarjetas de Regalo de GALERIAS EL TRIUNFO. Las Tarjetas de Regalo no pueden ser recargadas, revendidas, utilizadas para realizar pagos fuera de GALERIAS EL TRIUNFO, utilizadas para realizar actividades de publicidad, mercadotecnia, sorteos, ni actividades con fines promocionales o comerciales, incluyendo la reventa, ni redimidas por m\u00e1s de su valor, redimidas por efectivo, reembolsadas en efectivo, ni utilizadas de cualquier otra forma que contravenga nuestras Restricciones de Tarjetas de Regalo de GALERIAS EL TRIUNFO.<\/p>\n<h3><span style=\"color: #0055b8;\">3. Riesgo de p\u00e9rdida<\/span><\/h3>\n<p>La propiedad de la Tarjeta de Regalo y los riesgos asociados a su p\u00e9rdida son transmitidos al comprador cuando \u00e9sta es entregada al comprador. Las Tarjetas de regalo deben ser adquiridas \u00fanicamente en puntos de venta GALERIAS EL TRIUNFO, y usted es responsable de salvaguardar su saldo de cualquier uso no permitido. No asumimos responsabilidad por Tarjetas de Regalo extraviadas, robadas, destruidas o que sean utilizadas sin su permiso. GALERIAS EL TRIUNFO no se hace responsable de, ni asume responsabilidad alguna ante usted por cualquier conducta il\u00edcita o fraude por parte de terceros en relaci\u00f3n con una Tarjeta de Regalo.<\/p>\n<h3><span style=\"color: #0055b8;\">4. Uso de la Tarjeta de Regalo en contravenci\u00f3n de los presentes T\u00e9rminos y Condiciones<\/span><\/h3>\n<p>Mediante el uso de cualquier Tarjeta de Regalo, usted acepta los presentes T\u00e9rminos y condiciones y conviene en no utilizar una Tarjeta de regalo de cualquier forma que pudiere resultar enga\u00f1osa, abusiva o de cualquier otra forma da\u00f1ina para GALERIAS EL TRIUNFO, sus afiliadas o clientes. En caso de que sospechemos que una Tarjeta de Regalo ha sido obtenida, usada o aplicada a una compra de manera fraudulenta, ilegal o de manera que viole estos T\u00e9rminos y Condiciones, nos reservamos el derecho de ejercer, sin previo aviso, nuestra facultad de anular las Tarjetas de Regalo (incluyendo cualquier componente de su saldo), suspender o dar por terminado el derecho de usarla. La tarjeta de regalo en todo momento que se desee utilizar deber\u00e1 de presentarse en condiciones normales de uso, sin da\u00f1os apreciables por el mal manejo de la misma, como rayada, mojada, raspada, rota, entre otros; motivos por los cuales pueda ocasionar que la tarjeta pierda efectividad al momento de cobrar.<\/p>\n<h3><span style=\"color: #0055b8;\">5. Limitaci\u00f3n de la Responsabilidad<\/span><\/h3>\n<p>NO OTORGAMOS NINGUNA GARANT\u00cdA, EXPRESA O T\u00c1CITA, CON RESPECTO A LAS TARJETAS DE REGALO INCLUYENDO, DE MANERA ENUNCIATIVA M\u00c1S NO LIMITATIVA, CUALQUIER GARANT\u00cdA EXPRESA O T\u00c1CITA DE COMERCIABILIDAD O IDONEIDAD PARA UN PROP\u00d3SITO EN PARTICULAR. EN CASO DE QUE UNA TARJETA DE REGALO NO FUNCIONE, SU \u00daNICO DERECHO Y NUESTRA \u00daNICA RESPONSABILIDAD, SER\u00c1 EL REEMPLAZO DE DICHA TARJETA DE REGALO. SI LA LEY APLICABLE NO PERMITE ESTABLECER LIMITACIONES A LAS GARANT\u00cdAS T\u00c1CITAS O LA EXCLUSI\u00d3N O LIMITACI\u00d3N DE CIERTOS DA\u00d1OS, ALGUNAS O TODAS LAS RENUNCIAS, EXCLUSIONES O LIMITACIONES REFERIDAS ANTERIORMENTE PODR\u00cdAN NO SERLE APLICABLES, Y USTED PODR\u00cdA CONTAR CON DERECHOS ADICIONALES.<\/p>\n<h3><span style=\"color: #0055b8;\">6. Controversias<\/span><\/h3>\n<p>Cualquier disputa o reclamaci\u00f3n relacionada con las Tarjetas de Regalo ser\u00e1 sometida y resuelta a trav\u00e9s de la jurisdicci\u00f3n administrativa de la Procuradur\u00eda Federal del Consumidor (PROFECO). Usted y nosotros acordamos que tanto usted como nosotros podemos iniciar una demanda ante las cortes competentes a fin de impedir violaciones o el uso indebido de derechos de propiedad intelectual.<\/p>\n<h3><span style=\"color: #0055b8;\">7. Reglas generales<\/span><\/h3>\n<p>Los T\u00e9rminos y Condiciones de GALERIAS EL TRIUNFO ser\u00e1n aplicables a esta transacci\u00f3n. Una vez adquirida una tarjeta de regalo no existe devoluci\u00f3n de efectivo o via transferencia ni reembolsos de ning\u00fan tipo y \u00fanicamente se podr\u00e1 generar un bono de devoluci\u00f3n para que posteriormente pueda ser canjeado por alg\u00fan otro producto de GALERIAS EL TRIUNFO, en cualquiera de las sucursales a nivel nacional. Al comprar, recibir o usar una Tarjeta de Regalo, usted acepta que las leyes mexicanas regir\u00e1n a los presentes T\u00e9rminos y Condiciones, y no se tomar\u00e1n en cuenta normas de conflicto de principios de derechos.<\/p>\n<h3><span style=\"color: #0055b8;\">8. Modificaciones<\/span><\/h3>\n<p>Nos reservamos el derecho de modificar los presentes T\u00e9rminos y Condiciones de tiempo a nuestra entera discreci\u00f3n. Al comprar, recibir, usar o aplicar a una compra una Tarjeta de Regalo, usted manifiesta su aceptaci\u00f3n de estos T\u00e9rminos y Condiciones. Los t\u00e9rminos y condiciones aqu\u00ed contenidos ser\u00e1n aplicables en la medida que as\u00ed lo permita la ley. En caso de alguna de las disposiciones de estos t\u00e9rminos y condiciones sea considerado nulo o inv\u00e1lido, o por cualquier causa, no sea exigible, la disposici\u00f3n que no sea exigible ser\u00e1 considerada independiente y no afectar\u00e1 la validez ni exigibilidad del resto de las disposiciones.<\/p>\n<h3><span style=\"color: #0055b8;\">9. Restricciones de las tarjetas de regalo de Galer\u00edas el Triunfo<\/span><\/h3>\n<p>Las Tarjetas de Regalo de GALERIAS EL TRIUNFO no pueden usarse para comprar otras Tarjetas de Regalo de GALERIAS EL TRIUNFO o aplicarse a una compra que contenga Tarjetas de Regalo de GALERIAS EL TRIUNFO. Deber\u00e1s usar una tarjeta de cr\u00e9dito, d\u00e9bito y otro m\u00e9todo de pago v\u00e1lido para pagar la compra. Las Tarjetas de Regalo de GALERIAS EL TRIUNFO no son retornables y no pueden reembolsarse, a menos que la ley lo requiera.<\/p>\n<\/div><\/div><\/div><\/div><\/div>\n","protected":false},"excerpt":{"rendered":"","protected":false},"author":1,"featured_media":0,"parent":0,"menu_order":24,"comment_status":"closed","ping_status":"closed","template":"","meta":{"footnotes":""},"class_list":["post-192204","page","type-page","status-publish","hentry"],"yoast_head":"<!-- This site is optimized with the Yoast SEO plugin v27.4 - https:\/\/yoast.com\/product\/yoast-seo-wordpress\/ -->\n<title>T\u00e9rminos y condiciones tarjeta de regalo - Galer\u00edas el Triunfo<\/title>\n<meta name=\"robots\" content=\"index, follow, max-snippet:-1, max-image-preview:large, max-video-preview:-1\" \/>\n<link rel=\"canonical\" href=\"https:\/\/galeriaseltriunfo.com\/dev2\/terminos-y-condiciones-tarjeta-de-regalo\/\" \/>\n<meta property=\"og:locale\" content=\"es_MX\" \/>\n<meta property=\"og:type\" content=\"article\" \/>\n<meta property=\"og:title\" content=\"T\u00e9rminos y condiciones tarjeta de regalo - Galer\u00edas el Triunfo\" \/>\n<meta property=\"og:url\" content=\"https:\/\/galeriaseltriunfo.com\/dev2\/terminos-y-condiciones-tarjeta-de-regalo\/\" \/>\n<meta property=\"og:site_name\" content=\"Galer\u00edas el Triunfo\" \/>\n<meta property=\"article:publisher\" content=\"https:\/\/www.facebook.com\/galeriaseltriunfo\" \/>\n<meta property=\"article:modified_time\" content=\"2026-04-07T18:06:45+00:00\" \/>\n<meta name=\"twitter:card\" content=\"summary_large_image\" \/>\n<meta name=\"twitter:site\" content=\"@Gal_El_Triunfo\" \/>\n<meta name=\"twitter:label1\" content=\"Tiempo de lectura\" \/>\n\t<meta name=\"twitter:data1\" content=\"6 minutos\" \/>\n<script type=\"application\/ld+json\" class=\"yoast-schema-graph\">{\"@context\":\"https:\\\/\\\/schema.org\",\"@graph\":[{\"@type\":\"WebPage\",\"@id\":\"https:\\\/\\\/galeriaseltriunfo.com\\\/dev2\\\/terminos-y-condiciones-tarjeta-de-regalo\\\/\",\"url\":\"https:\\\/\\\/galeriaseltriunfo.com\\\/dev2\\\/terminos-y-condiciones-tarjeta-de-regalo\\\/\",\"name\":\"T\u00e9rminos y condiciones tarjeta de regalo - Galer\u00edas el Triunfo\",\"isPartOf\":{\"@id\":\"https:\\\/\\\/galeriaseltriunfo.com\\\/dev2\\\/#website\"},\"datePublished\":\"2023-10-06T02:13:48+00:00\",\"dateModified\":\"2026-04-07T18:06:45+00:00\",\"breadcrumb\":{\"@id\":\"https:\\\/\\\/galeriaseltriunfo.com\\\/dev2\\\/terminos-y-condiciones-tarjeta-de-regalo\\\/#breadcrumb\"},\"inLanguage\":\"es\",\"potentialAction\":[{\"@type\":\"ReadAction\",\"target\":[\"https:\\\/\\\/galeriaseltriunfo.com\\\/dev2\\\/terminos-y-condiciones-tarjeta-de-regalo\\\/\"]}]},{\"@type\":\"BreadcrumbList\",\"@id\":\"https:\\\/\\\/galeriaseltriunfo.com\\\/dev2\\\/terminos-y-condiciones-tarjeta-de-regalo\\\/#breadcrumb\",\"itemListElement\":[{\"@type\":\"ListItem\",\"position\":1,\"name\":\"Inicio\",\"item\":\"https:\\\/\\\/galeriaseltriunfo.com\\\/dev2\\\/\"},{\"@type\":\"ListItem\",\"position\":2,\"name\":\"T\u00e9rminos y condiciones tarjeta de regalo\"}]},{\"@type\":\"WebSite\",\"@id\":\"https:\\\/\\\/galeriaseltriunfo.com\\\/dev2\\\/#website\",\"url\":\"https:\\\/\\\/galeriaseltriunfo.com\\\/dev2\\\/\",\"name\":\"Galer\u00edas el Triunfo\",\"description\":\"Galer\u00edas el Triunfo es una de las tiendas online m\u00e1s grandes de accesorios y art\u00edculos de decoraci\u00f3n para el hogar, el jard\u00edn y la oficina. \u00a1Compra ahora!\",\"publisher\":{\"@id\":\"https:\\\/\\\/galeriaseltriunfo.com\\\/dev2\\\/#organization\"},\"potentialAction\":[{\"@type\":\"SearchAction\",\"target\":{\"@type\":\"EntryPoint\",\"urlTemplate\":\"https:\\\/\\\/galeriaseltriunfo.com\\\/dev2\\\/?s={search_term_string}\"},\"query-input\":{\"@type\":\"PropertyValueSpecification\",\"valueRequired\":true,\"valueName\":\"search_term_string\"}}],\"inLanguage\":\"es\"},{\"@type\":\"Organization\",\"@id\":\"https:\\\/\\\/galeriaseltriunfo.com\\\/dev2\\\/#organization\",\"name\":\"Galer\u00edas el Triunfo\",\"url\":\"https:\\\/\\\/galeriaseltriunfo.com\\\/dev2\\\/\",\"logo\":{\"@type\":\"ImageObject\",\"inLanguage\":\"es\",\"@id\":\"https:\\\/\\\/galeriaseltriunfo.com\\\/dev2\\\/#\\\/schema\\\/logo\\\/image\\\/\",\"url\":\"https:\\\/\\\/galeriaseltriunfo.com\\\/wp-content\\\/uploads\\\/2023\\\/08\\\/logotipo-galerias-fondo-2x-min.webp\",\"contentUrl\":\"https:\\\/\\\/galeriaseltriunfo.com\\\/wp-content\\\/uploads\\\/2023\\\/08\\\/logotipo-galerias-fondo-2x-min.webp\",\"width\":184,\"height\":264,\"caption\":\"Galer\u00edas el Triunfo\"},\"image\":{\"@id\":\"https:\\\/\\\/galeriaseltriunfo.com\\\/dev2\\\/#\\\/schema\\\/logo\\\/image\\\/\"},\"sameAs\":[\"https:\\\/\\\/www.facebook.com\\\/galeriaseltriunfo\",\"https:\\\/\\\/x.com\\\/Gal_El_Triunfo\",\"https:\\\/\\\/www.pinterest.com\\\/GaleriaselTriunfo\",\"https:\\\/\\\/instagram.com\\\/galeriaseltriunfomx\",\"https:\\\/\\\/www.youtube.com\\\/channel\\\/UChIaW2ZBBS4Pg8pkw0HuE7g\",\"https:\\\/\\\/www.tiktok.com\\\/@galeriaseltriunfo\"]}]}<\/script>\n<!-- \/ Yoast SEO plugin. -->","yoast_head_json":{"title":"T\u00e9rminos y condiciones tarjeta de regalo - Galer\u00edas el Triunfo","robots":{"index":"index","follow":"follow","max-snippet":"max-snippet:-1","max-image-preview":"max-image-preview:large","max-video-preview":"max-video-preview:-1"},"canonical":"https:\/\/galeriaseltriunfo.com\/dev2\/terminos-y-condiciones-tarjeta-de-regalo\/","og_locale":"es_MX","og_type":"article","og_title":"T\u00e9rminos y condiciones tarjeta de regalo - Galer\u00edas el Triunfo","og_url":"https:\/\/galeriaseltriunfo.com\/dev2\/terminos-y-condiciones-tarjeta-de-regalo\/","og_site_name":"Galer\u00edas el Triunfo","article_publisher":"https:\/\/www.facebook.com\/galeriaseltriunfo","article_modified_time":"2026-04-07T18:06:45+00:00","twitter_card":"summary_large_image","twitter_site":"@Gal_El_Triunfo","twitter_misc":{"Tiempo de lectura":"6 minutos"},"schema":{"@context":"https:\/\/schema.org","@graph":[{"@type":"WebPage","@id":"https:\/\/galeriaseltriunfo.com\/dev2\/terminos-y-condiciones-tarjeta-de-regalo\/","url":"https:\/\/galeriaseltriunfo.com\/dev2\/terminos-y-condiciones-tarjeta-de-regalo\/","name":"T\u00e9rminos y condiciones tarjeta de regalo - Galer\u00edas el Triunfo","isPartOf":{"@id":"https:\/\/galeriaseltriunfo.com\/dev2\/#website"},"datePublished":"2023-10-06T02:13:48+00:00","dateModified":"2026-04-07T18:06:45+00:00","breadcrumb":{"@id":"https:\/\/galeriaseltriunfo.com\/dev2\/terminos-y-condiciones-tarjeta-de-regalo\/#breadcrumb"},"inLanguage":"es","potentialAction":[{"@type":"ReadAction","target":["https:\/\/galeriaseltriunfo.com\/dev2\/terminos-y-condiciones-tarjeta-de-regalo\/"]}]},{"@type":"BreadcrumbList","@id":"https:\/\/galeriaseltriunfo.com\/dev2\/terminos-y-condiciones-tarjeta-de-regalo\/#breadcrumb","itemListElement":[{"@type":"ListItem","position":1,"name":"Inicio","item":"https:\/\/galeriaseltriunfo.com\/dev2\/"},{"@type":"ListItem","position":2,"name":"T\u00e9rminos y condiciones tarjeta de regalo"}]},{"@type":"WebSite","@id":"https:\/\/galeriaseltriunfo.com\/dev2\/#website","url":"https:\/\/galeriaseltriunfo.com\/dev2\/","name":"Galer\u00edas el Triunfo","description":"Galer\u00edas el Triunfo es una de las tiendas online m\u00e1s grandes de accesorios y art\u00edculos de decoraci\u00f3n para el hogar, el jard\u00edn y la oficina. \u00a1Compra ahora!","publisher":{"@id":"https:\/\/galeriaseltriunfo.com\/dev2\/#organization"},"potentialAction":[{"@type":"SearchAction","target":{"@type":"EntryPoint","urlTemplate":"https:\/\/galeriaseltriunfo.com\/dev2\/?s={search_term_string}"},"query-input":{"@type":"PropertyValueSpecification","valueRequired":true,"valueName":"search_term_string"}}],"inLanguage":"es"},{"@type":"Organization","@id":"https:\/\/galeriaseltriunfo.com\/dev2\/#organization","name":"Galer\u00edas el Triunfo","url":"https:\/\/galeriaseltriunfo.com\/dev2\/","logo":{"@type":"ImageObject","inLanguage":"es","@id":"https:\/\/galeriaseltriunfo.com\/dev2\/#\/schema\/logo\/image\/","url":"https:\/\/galeriaseltriunfo.com\/wp-content\/uploads\/2023\/08\/logotipo-galerias-fondo-2x-min.webp","contentUrl":"https:\/\/galeriaseltriunfo.com\/wp-content\/uploads\/2023\/08\/logotipo-galerias-fondo-2x-min.webp","width":184,"height":264,"caption":"Galer\u00edas el Triunfo"},"image":{"@id":"https:\/\/galeriaseltriunfo.com\/dev2\/#\/schema\/logo\/image\/"},"sameAs":["https:\/\/www.facebook.com\/galeriaseltriunfo","https:\/\/x.com\/Gal_El_Triunfo","https:\/\/www.pinterest.com\/GaleriaselTriunfo","https:\/\/instagram.com\/galeriaseltriunfomx","https:\/\/www.youtube.com\/channel\/UChIaW2ZBBS4Pg8pkw0HuE7g","https:\/\/www.tiktok.com\/@galeriaseltriunfo"]}]}},"_links":{"self":[{"href":"https:\/\/galeriaseltriunfo.com\/dev2\/wp-json\/wp\/v2\/pages\/192204","targetHints":{"allow":["GET"]}}],"collection":[{"href":"https:\/\/galeriaseltriunfo.com\/dev2\/wp-json\/wp\/v2\/pages"}],"about":[{"href":"https:\/\/galeriaseltriunfo.com\/dev2\/wp-json\/wp\/v2\/types\/page"}],"author":[{"embeddable":true,"href":"https:\/\/galeriaseltriunfo.com\/dev2\/wp-json\/wp\/v2\/users\/1"}],"replies":[{"embeddable":true,"href":"https:\/\/galeriaseltriunfo.com\/dev2\/wp-json\/wp\/v2\/comments?post=192204"}],"version-history":[{"count":1,"href":"https:\/\/galeriaseltriunfo.com\/dev2\/wp-json\/wp\/v2\/pages\/192204\/revisions"}],"predecessor-version":[{"id":496303,"href":"https:\/\/galeriaseltriunfo.com\/dev2\/wp-json\/wp\/v2\/pages\/192204\/revisions\/496303"}],"wp:attachment":[{"href":"https:\/\/galeriaseltriunfo.com\/dev2\/wp-json\/wp\/v2\/media?parent=192204"}],"curies":[{"name":"wp","href":"https:\/\/api.w.org\/{rel}","templated":true}]}}