{"id":158492,"date":"2023-04-20T00:00:00","date_gmt":"2023-04-20T00:00:00","guid":{"rendered":"https:\/\/www.galeriaseltriunfo.com\/wptest\/producto\/vestido-diseno-cuadros-verdes-2\/"},"modified":"2026-03-10T06:37:56","modified_gmt":"2026-03-10T12:37:56","slug":"vestido-diseno-cuadros-verdes-2","status":"publish","type":"product","link":"https:\/\/galeriaseltriunfo.com\/dev2\/producto\/vestido-diseno-cuadros-verdes-2\/","title":{"rendered":"Vestido dise\u00f1o cuadros verdes"},"content":{"rendered":"<p>Vestido dise\u00f1o cuadros verdes con detalles amarillos talla S<\/p>\n","protected":false},"excerpt":{"rendered":"<p>Vestido dise\u00f1o cuadros verdes con detalles amarillos talla S<\/p>\n","protected":false},"featured_media":320501,"template":"","meta":[],"product_brand":[],"product_cat":[277],"product_tag":[469],"class_list":{"0":"post-158492","1":"product","2":"type-product","3":"status-publish","4":"has-post-thumbnail","6":"product_cat-vestidos-de-moda","7":"product_tag-vestidos-de-moda","9":"first","10":"instock","11":"sale","12":"purchasable","13":"product-type-simple"},"yoast_head":"<!-- This site is optimized with the Yoast SEO plugin v27.4 - https:\/\/yoast.com\/product\/yoast-seo-wordpress\/ -->\n<title>Vestido dise\u00f1o cuadros verdes - Galer\u00edas el Triunfo<\/title>\n<meta name=\"description\" content=\"%\" \/>\n<meta name=\"robots\" content=\"index, follow, max-snippet:-1, max-image-preview:large, max-video-preview:-1\" \/>\n<link rel=\"canonical\" href=\"https:\/\/galeriaseltriunfo.com\/dev2\/producto\/vestido-diseno-cuadros-verdes-2\/\" \/>\n<meta property=\"og:locale\" content=\"es_MX\" \/>\n<meta property=\"og:type\" content=\"article\" \/>\n<meta property=\"og:title\" content=\"Vestido dise\u00f1o cuadros verdes - Galer\u00edas el Triunfo\" \/>\n<meta property=\"og:description\" content=\"%\" \/>\n<meta property=\"og:url\" content=\"https:\/\/galeriaseltriunfo.com\/dev2\/producto\/vestido-diseno-cuadros-verdes-2\/\" \/>\n<meta property=\"og:site_name\" content=\"Galer\u00edas el Triunfo\" \/>\n<meta property=\"article:publisher\" content=\"https:\/\/www.facebook.com\/galeriaseltriunfo\" \/>\n<meta property=\"article:modified_time\" content=\"2026-03-10T12:37:56+00:00\" \/>\n<meta property=\"og:image\" content=\"https:\/\/galeriaseltriunfo.com\/dev2\/wp-content\/uploads\/2024\/08\/291001736820.webp\" \/>\n\t<meta property=\"og:image:width\" content=\"940\" \/>\n\t<meta property=\"og:image:height\" content=\"1215\" \/>\n\t<meta property=\"og:image:type\" content=\"image\/jpeg\" \/>\n<meta name=\"twitter:card\" content=\"summary_large_image\" \/>\n<meta name=\"twitter:site\" content=\"@Gal_El_Triunfo\" \/>\n<script type=\"application\/ld+json\" class=\"yoast-schema-graph\">{\"@context\":\"https:\\\/\\\/schema.org\",\"@graph\":[{\"@type\":[\"WebPage\",\"SearchResultsPage\"],\"@id\":\"https:\\\/\\\/galeriaseltriunfo.com\\\/dev2\\\/producto\\\/vestido-diseno-cuadros-verdes-2\\\/\",\"url\":\"https:\\\/\\\/galeriaseltriunfo.com\\\/dev2\\\/producto\\\/vestido-diseno-cuadros-verdes-2\\\/\",\"name\":\"Vestido dise\u00f1o cuadros verdes - Galer\u00edas el Triunfo\",\"isPartOf\":{\"@id\":\"https:\\\/\\\/galeriaseltriunfo.com\\\/dev2\\\/#website\"},\"primaryImageOfPage\":{\"@id\":\"https:\\\/\\\/galeriaseltriunfo.com\\\/dev2\\\/producto\\\/vestido-diseno-cuadros-verdes-2\\\/#primaryimage\"},\"image\":{\"@id\":\"https:\\\/\\\/galeriaseltriunfo.com\\\/dev2\\\/producto\\\/vestido-diseno-cuadros-verdes-2\\\/#primaryimage\"},\"thumbnailUrl\":\"https:\\\/\\\/galeriaseltriunfo.com\\\/dev2\\\/wp-content\\\/uploads\\\/2024\\\/08\\\/291001736820.webp\",\"datePublished\":\"2023-04-20T00:00:00+00:00\",\"dateModified\":\"2026-03-10T12:37:56+00:00\",\"description\":\"%\",\"breadcrumb\":{\"@id\":\"https:\\\/\\\/galeriaseltriunfo.com\\\/dev2\\\/producto\\\/vestido-diseno-cuadros-verdes-2\\\/#breadcrumb\"},\"inLanguage\":\"es\",\"potentialAction\":[{\"@type\":\"ReadAction\",\"target\":[\"https:\\\/\\\/galeriaseltriunfo.com\\\/dev2\\\/producto\\\/vestido-diseno-cuadros-verdes-2\\\/\"]}]},{\"@type\":\"ImageObject\",\"inLanguage\":\"es\",\"@id\":\"https:\\\/\\\/galeriaseltriunfo.com\\\/dev2\\\/producto\\\/vestido-diseno-cuadros-verdes-2\\\/#primaryimage\",\"url\":\"https:\\\/\\\/galeriaseltriunfo.com\\\/dev2\\\/wp-content\\\/uploads\\\/2024\\\/08\\\/291001736820.webp\",\"contentUrl\":\"https:\\\/\\\/galeriaseltriunfo.com\\\/dev2\\\/wp-content\\\/uploads\\\/2024\\\/08\\\/291001736820.webp\",\"width\":940,\"height\":1215,\"caption\":\"291001736820-galerias el triunfo\"},{\"@type\":\"BreadcrumbList\",\"@id\":\"https:\\\/\\\/galeriaseltriunfo.com\\\/dev2\\\/producto\\\/vestido-diseno-cuadros-verdes-2\\\/#breadcrumb\",\"itemListElement\":[{\"@type\":\"ListItem\",\"position\":1,\"name\":\"Inicio\",\"item\":\"https:\\\/\\\/galeriaseltriunfo.com\\\/dev2\\\/\"},{\"@type\":\"ListItem\",\"position\":2,\"name\":\"Tienda\",\"item\":\"https:\\\/\\\/galeriaseltriunfo.com\\\/dev2\\\/tienda\\\/\"},{\"@type\":\"ListItem\",\"position\":3,\"name\":\"Vestido dise\u00f1o cuadros verdes\"}]},{\"@type\":\"WebSite\",\"@id\":\"https:\\\/\\\/galeriaseltriunfo.com\\\/dev2\\\/#website\",\"url\":\"https:\\\/\\\/galeriaseltriunfo.com\\\/dev2\\\/\",\"name\":\"Galer\u00edas el Triunfo\",\"description\":\"Galer\u00edas el Triunfo es una de las tiendas online m\u00e1s grandes de accesorios y art\u00edculos de decoraci\u00f3n para el hogar, el jard\u00edn y la oficina. \u00a1Compra ahora!\",\"publisher\":{\"@id\":\"https:\\\/\\\/galeriaseltriunfo.com\\\/dev2\\\/#organization\"},\"potentialAction\":[{\"@type\":\"SearchAction\",\"target\":{\"@type\":\"EntryPoint\",\"urlTemplate\":\"https:\\\/\\\/galeriaseltriunfo.com\\\/dev2\\\/?s={search_term_string}\"},\"query-input\":{\"@type\":\"PropertyValueSpecification\",\"valueRequired\":true,\"valueName\":\"search_term_string\"}}],\"inLanguage\":\"es\"},{\"@type\":\"Organization\",\"@id\":\"https:\\\/\\\/galeriaseltriunfo.com\\\/dev2\\\/#organization\",\"name\":\"Galer\u00edas el Triunfo\",\"url\":\"https:\\\/\\\/galeriaseltriunfo.com\\\/dev2\\\/\",\"logo\":{\"@type\":\"ImageObject\",\"inLanguage\":\"es\",\"@id\":\"https:\\\/\\\/galeriaseltriunfo.com\\\/dev2\\\/#\\\/schema\\\/logo\\\/image\\\/\",\"url\":\"https:\\\/\\\/galeriaseltriunfo.com\\\/wp-content\\\/uploads\\\/2023\\\/08\\\/logotipo-galerias-fondo-2x-min.webp\",\"contentUrl\":\"https:\\\/\\\/galeriaseltriunfo.com\\\/wp-content\\\/uploads\\\/2023\\\/08\\\/logotipo-galerias-fondo-2x-min.webp\",\"width\":184,\"height\":264,\"caption\":\"Galer\u00edas el Triunfo\"},\"image\":{\"@id\":\"https:\\\/\\\/galeriaseltriunfo.com\\\/dev2\\\/#\\\/schema\\\/logo\\\/image\\\/\"},\"sameAs\":[\"https:\\\/\\\/www.facebook.com\\\/galeriaseltriunfo\",\"https:\\\/\\\/x.com\\\/Gal_El_Triunfo\",\"https:\\\/\\\/www.pinterest.com\\\/GaleriaselTriunfo\",\"https:\\\/\\\/instagram.com\\\/galeriaseltriunfomx\",\"https:\\\/\\\/www.youtube.com\\\/channel\\\/UChIaW2ZBBS4Pg8pkw0HuE7g\",\"https:\\\/\\\/www.tiktok.com\\\/@galeriaseltriunfo\"]}]}<\/script>\n<!-- \/ Yoast SEO plugin. -->","yoast_head_json":{"title":"Vestido dise\u00f1o cuadros verdes - Galer\u00edas el Triunfo","description":"%","robots":{"index":"index","follow":"follow","max-snippet":"max-snippet:-1","max-image-preview":"max-image-preview:large","max-video-preview":"max-video-preview:-1"},"canonical":"https:\/\/galeriaseltriunfo.com\/dev2\/producto\/vestido-diseno-cuadros-verdes-2\/","og_locale":"es_MX","og_type":"article","og_title":"Vestido dise\u00f1o cuadros verdes - Galer\u00edas el Triunfo","og_description":"%","og_url":"https:\/\/galeriaseltriunfo.com\/dev2\/producto\/vestido-diseno-cuadros-verdes-2\/","og_site_name":"Galer\u00edas el Triunfo","article_publisher":"https:\/\/www.facebook.com\/galeriaseltriunfo","article_modified_time":"2026-03-10T12:37:56+00:00","og_image":[{"width":940,"height":1215,"url":"https:\/\/galeriaseltriunfo.com\/dev2\/wp-content\/uploads\/2024\/08\/291001736820.webp","type":"image\/jpeg"}],"twitter_card":"summary_large_image","twitter_site":"@Gal_El_Triunfo","schema":{"@context":"https:\/\/schema.org","@graph":[{"@type":["WebPage","SearchResultsPage"],"@id":"https:\/\/galeriaseltriunfo.com\/dev2\/producto\/vestido-diseno-cuadros-verdes-2\/","url":"https:\/\/galeriaseltriunfo.com\/dev2\/producto\/vestido-diseno-cuadros-verdes-2\/","name":"Vestido dise\u00f1o cuadros verdes - Galer\u00edas el Triunfo","isPartOf":{"@id":"https:\/\/galeriaseltriunfo.com\/dev2\/#website"},"primaryImageOfPage":{"@id":"https:\/\/galeriaseltriunfo.com\/dev2\/producto\/vestido-diseno-cuadros-verdes-2\/#primaryimage"},"image":{"@id":"https:\/\/galeriaseltriunfo.com\/dev2\/producto\/vestido-diseno-cuadros-verdes-2\/#primaryimage"},"thumbnailUrl":"https:\/\/galeriaseltriunfo.com\/dev2\/wp-content\/uploads\/2024\/08\/291001736820.webp","datePublished":"2023-04-20T00:00:00+00:00","dateModified":"2026-03-10T12:37:56+00:00","description":"%","breadcrumb":{"@id":"https:\/\/galeriaseltriunfo.com\/dev2\/producto\/vestido-diseno-cuadros-verdes-2\/#breadcrumb"},"inLanguage":"es","potentialAction":[{"@type":"ReadAction","target":["https:\/\/galeriaseltriunfo.com\/dev2\/producto\/vestido-diseno-cuadros-verdes-2\/"]}]},{"@type":"ImageObject","inLanguage":"es","@id":"https:\/\/galeriaseltriunfo.com\/dev2\/producto\/vestido-diseno-cuadros-verdes-2\/#primaryimage","url":"https:\/\/galeriaseltriunfo.com\/dev2\/wp-content\/uploads\/2024\/08\/291001736820.webp","contentUrl":"https:\/\/galeriaseltriunfo.com\/dev2\/wp-content\/uploads\/2024\/08\/291001736820.webp","width":940,"height":1215,"caption":"291001736820-galerias el triunfo"},{"@type":"BreadcrumbList","@id":"https:\/\/galeriaseltriunfo.com\/dev2\/producto\/vestido-diseno-cuadros-verdes-2\/#breadcrumb","itemListElement":[{"@type":"ListItem","position":1,"name":"Inicio","item":"https:\/\/galeriaseltriunfo.com\/dev2\/"},{"@type":"ListItem","position":2,"name":"Tienda","item":"https:\/\/galeriaseltriunfo.com\/dev2\/tienda\/"},{"@type":"ListItem","position":3,"name":"Vestido dise\u00f1o cuadros verdes"}]},{"@type":"WebSite","@id":"https:\/\/galeriaseltriunfo.com\/dev2\/#website","url":"https:\/\/galeriaseltriunfo.com\/dev2\/","name":"Galer\u00edas el Triunfo","description":"Galer\u00edas el Triunfo es una de las tiendas online m\u00e1s grandes de accesorios y art\u00edculos de decoraci\u00f3n para el hogar, el jard\u00edn y la oficina. \u00a1Compra ahora!","publisher":{"@id":"https:\/\/galeriaseltriunfo.com\/dev2\/#organization"},"potentialAction":[{"@type":"SearchAction","target":{"@type":"EntryPoint","urlTemplate":"https:\/\/galeriaseltriunfo.com\/dev2\/?s={search_term_string}"},"query-input":{"@type":"PropertyValueSpecification","valueRequired":true,"valueName":"search_term_string"}}],"inLanguage":"es"},{"@type":"Organization","@id":"https:\/\/galeriaseltriunfo.com\/dev2\/#organization","name":"Galer\u00edas el Triunfo","url":"https:\/\/galeriaseltriunfo.com\/dev2\/","logo":{"@type":"ImageObject","inLanguage":"es","@id":"https:\/\/galeriaseltriunfo.com\/dev2\/#\/schema\/logo\/image\/","url":"https:\/\/galeriaseltriunfo.com\/wp-content\/uploads\/2023\/08\/logotipo-galerias-fondo-2x-min.webp","contentUrl":"https:\/\/galeriaseltriunfo.com\/wp-content\/uploads\/2023\/08\/logotipo-galerias-fondo-2x-min.webp","width":184,"height":264,"caption":"Galer\u00edas el Triunfo"},"image":{"@id":"https:\/\/galeriaseltriunfo.com\/dev2\/#\/schema\/logo\/image\/"},"sameAs":["https:\/\/www.facebook.com\/galeriaseltriunfo","https:\/\/x.com\/Gal_El_Triunfo","https:\/\/www.pinterest.com\/GaleriaselTriunfo","https:\/\/instagram.com\/galeriaseltriunfomx","https:\/\/www.youtube.com\/channel\/UChIaW2ZBBS4Pg8pkw0HuE7g","https:\/\/www.tiktok.com\/@galeriaseltriunfo"]}]}},"_links":{"self":[{"href":"https:\/\/galeriaseltriunfo.com\/dev2\/wp-json\/wp\/v2\/product\/158492","targetHints":{"allow":["GET"]}}],"collection":[{"href":"https:\/\/galeriaseltriunfo.com\/dev2\/wp-json\/wp\/v2\/product"}],"about":[{"href":"https:\/\/galeriaseltriunfo.com\/dev2\/wp-json\/wp\/v2\/types\/product"}],"wp:featuredmedia":[{"embeddable":true,"href":"https:\/\/galeriaseltriunfo.com\/dev2\/wp-json\/wp\/v2\/media\/320501"}],"wp:attachment":[{"href":"https:\/\/galeriaseltriunfo.com\/dev2\/wp-json\/wp\/v2\/media?parent=158492"}],"wp:term":[{"taxonomy":"product_brand","embeddable":true,"href":"https:\/\/galeriaseltriunfo.com\/dev2\/wp-json\/wp\/v2\/product_brand?post=158492"},{"taxonomy":"product_cat","embeddable":true,"href":"https:\/\/galeriaseltriunfo.com\/dev2\/wp-json\/wp\/v2\/product_cat?post=158492"},{"taxonomy":"product_tag","embeddable":true,"href":"https:\/\/galeriaseltriunfo.com\/dev2\/wp-json\/wp\/v2\/product_tag?post=158492"}],"curies":[{"name":"wp","href":"https:\/\/api.w.org\/{rel}","templated":true}]}}