{"id":161457,"date":"2023-04-06T00:00:00","date_gmt":"2023-04-06T00:00:00","guid":{"rendered":"https:\/\/www.galeriaseltriunfo.com\/wptest\/producto\/silla-de-metal-cromada-3\/"},"modified":"2026-03-27T06:40:19","modified_gmt":"2026-03-27T12:40:19","slug":"silla-de-metal-cromada-3","status":"publish","type":"product","link":"https:\/\/galeriaseltriunfo.com\/dev2\/producto\/silla-de-metal-cromada-3\/","title":{"rendered":"Silla de Gala Cromada con Charol Blanco"},"content":{"rendered":"<p>Un dise\u00f1o escultural que redefine la elegancia en cada evento. La <b>Silla de Gala Cromada con Charol Blanco<\/b> es la elecci\u00f3n perfecta para aquellos que buscan un mobiliario con una presencia imponente y un estilo vanguardista. Su estructura de metal con un deslumbrante acabado cromado y sus fluidas curvas en el respaldo y las patas, le otorgan un aire de sofisticaci\u00f3n inigualable. Forrada en un brillante <b>charol blanco<\/b>, esta silla ofrece un contraste moderno y lujoso que atraer\u00e1 todas las miradas. Con una altura de <b>110cm<\/b>, su presencia es majestuosa y su dise\u00f1o atemporal. Ideal para la mesa principal en bodas, banquetes o celebraciones de gala.<\/p>\n<div id=\"chat-history\" class=\"chat-history-scroll-container\">\n<div id=\"a82828b86f276d6a\" class=\"conversation-container message-actions-hover-boundary ng-star-inserted\">\n<div>\n<div class=\"response-container ng-tns-c3340935982-1112 response-container-with-gpi ng-star-inserted\" data-hveid=\"1\">\n<div class=\"presented-response-container ng-tns-c3340935982-1112\">\n<div class=\"response-container-content ng-tns-c3340935982-1112\">\n<div class=\"response-content ng-tns-c3340935982-1112\">\n<div id=\"model-response-message-contentr_a82828b86f276d6a\" class=\"markdown markdown-main-panel stronger enable-updated-hr-color\" dir=\"ltr\">\n<ul>\n<li><b>Cuidado y Limpieza:<\/b><\/li>\n<li>Limpiar la estructura met\u00e1lica con un pa\u00f1o suave y seco para remover el polvo.<\/li>\n<li>Para el asiento y el respaldo, usar un pa\u00f1o suave y h\u00famedo.<\/li>\n<li>Evitar el uso de productos qu\u00edmicos agresivos, limpiadores en aerosol o estropajos que puedan da\u00f1ar la superficie pulida.<\/li>\n<\/ul>\n<\/div>\n<div class=\"response-footer contains-extensions-response gap complete\"><\/div>\n<\/div>\n<\/div>\n<\/div>\n<\/div>\n<\/div>\n<\/div>\n<\/div>\n<div class=\"input-area-container ng-trigger ng-trigger-inputAreaAnimation\">\n<div class=\"contextual-actions-container\">\n<div class=\"container hidden\"><\/div>\n<\/div>\n<div class=\"input-area ng-tns-c2060450341-7 with-toolbox-drawer\" data-node-type=\"input-area\">\n<div class=\"text-input-field ng-tns-c2060450341-7 with-toolbox-drawer height-expanded-past-single-line\">\n<div class=\"text-input-field_textarea-wrapper ng-tns-c2060450341-7\">\n<div class=\"text-input-field-main-area ng-tns-c2060450341-7\">\n<div class=\"text-input-field_textarea-inner ng-tns-c2060450341-7\"><\/div>\n<\/div>\n<\/div>\n<\/div>\n<\/div>\n<\/div>\n","protected":false},"excerpt":{"rendered":"<p>Silla de metal cromada forrada de charol blanco de 110x57x54cm<\/p>\n","protected":false},"featured_media":161458,"template":"","meta":[],"product_brand":[],"product_cat":[228],"product_tag":[8586,5884,2931,8567,8564,2914,4725,2918,1752,8490,8585],"class_list":{"0":"post-161457","1":"product","2":"type-product","3":"status-publish","4":"has-post-thumbnail","6":"product_cat-sillas-para-comedor","7":"product_tag-charol-blanco","8":"product_tag-cromada","9":"product_tag-diseno","10":"product_tag-disenos-exclusivos","11":"product_tag-edicion-limitada","12":"product_tag-elegante","13":"product_tag-eventos","14":"product_tag-lujo","15":"product_tag-moderno","16":"product_tag-precio-irrepetible","17":"product_tag-silla-de-gala","19":"first","20":"instock","21":"sale","22":"purchasable","23":"product-type-simple"},"yoast_head":"<!-- This site is optimized with the Yoast SEO plugin v27.4 - https:\/\/yoast.com\/product\/yoast-seo-wordpress\/ -->\n<title>Silla de Gala Cromada con Charol Blanco - Galer\u00edas el Triunfo<\/title>\n<meta name=\"description\" content=\"Silla de metal cromada con charol blanco y dise\u00f1o curvo (110x57x54cm). Elegancia escultural para bodas y eventos de lujo. A\u00f1ade distinci\u00f3n a tu celebraci\u00f3n.\" \/>\n<meta name=\"robots\" content=\"index, follow, max-snippet:-1, max-image-preview:large, max-video-preview:-1\" \/>\n<link rel=\"canonical\" href=\"https:\/\/galeriaseltriunfo.com\/dev2\/producto\/silla-de-metal-cromada-3\/\" \/>\n<meta property=\"og:locale\" content=\"es_MX\" \/>\n<meta property=\"og:type\" content=\"article\" \/>\n<meta property=\"og:title\" content=\"Silla de Gala Cromada con Charol Blanco - Galer\u00edas el Triunfo\" \/>\n<meta property=\"og:description\" content=\"Silla de metal cromada con charol blanco y dise\u00f1o curvo (110x57x54cm). Elegancia escultural para bodas y eventos de lujo. A\u00f1ade distinci\u00f3n a tu celebraci\u00f3n.\" \/>\n<meta property=\"og:url\" content=\"https:\/\/galeriaseltriunfo.com\/dev2\/producto\/silla-de-metal-cromada-3\/\" \/>\n<meta property=\"og:site_name\" content=\"Galer\u00edas el Triunfo\" \/>\n<meta property=\"article:publisher\" content=\"https:\/\/www.facebook.com\/galeriaseltriunfo\" \/>\n<meta property=\"article:modified_time\" content=\"2026-03-27T12:40:19+00:00\" \/>\n<meta property=\"og:image\" content=\"https:\/\/galeriaseltriunfo.com\/dev2\/wp-content\/uploads\/2023\/08\/167072537003-Silla-de-metal-cromada-galerias-el-triunfo.jpg\" \/>\n\t<meta property=\"og:image:width\" content=\"300\" \/>\n\t<meta property=\"og:image:height\" content=\"300\" \/>\n\t<meta property=\"og:image:type\" content=\"image\/jpeg\" \/>\n<meta name=\"twitter:card\" content=\"summary_large_image\" \/>\n<meta name=\"twitter:site\" content=\"@Gal_El_Triunfo\" \/>\n<meta name=\"twitter:label1\" content=\"Tiempo de lectura\" \/>\n\t<meta name=\"twitter:data1\" content=\"1 minuto\" \/>\n<script type=\"application\/ld+json\" class=\"yoast-schema-graph\">{\"@context\":\"https:\\\/\\\/schema.org\",\"@graph\":[{\"@type\":[\"WebPage\",\"SearchResultsPage\"],\"@id\":\"https:\\\/\\\/galeriaseltriunfo.com\\\/dev2\\\/producto\\\/silla-de-metal-cromada-3\\\/\",\"url\":\"https:\\\/\\\/galeriaseltriunfo.com\\\/dev2\\\/producto\\\/silla-de-metal-cromada-3\\\/\",\"name\":\"Silla de Gala Cromada con Charol Blanco - Galer\u00edas el Triunfo\",\"isPartOf\":{\"@id\":\"https:\\\/\\\/galeriaseltriunfo.com\\\/dev2\\\/#website\"},\"primaryImageOfPage\":{\"@id\":\"https:\\\/\\\/galeriaseltriunfo.com\\\/dev2\\\/producto\\\/silla-de-metal-cromada-3\\\/#primaryimage\"},\"image\":{\"@id\":\"https:\\\/\\\/galeriaseltriunfo.com\\\/dev2\\\/producto\\\/silla-de-metal-cromada-3\\\/#primaryimage\"},\"thumbnailUrl\":\"https:\\\/\\\/galeriaseltriunfo.com\\\/dev2\\\/wp-content\\\/uploads\\\/2023\\\/08\\\/167072537003-Silla-de-metal-cromada-galerias-el-triunfo.jpg\",\"datePublished\":\"2023-04-06T00:00:00+00:00\",\"dateModified\":\"2026-03-27T12:40:19+00:00\",\"description\":\"Silla de metal cromada con charol blanco y dise\u00f1o curvo (110x57x54cm). Elegancia escultural para bodas y eventos de lujo. A\u00f1ade distinci\u00f3n a tu celebraci\u00f3n.\",\"breadcrumb\":{\"@id\":\"https:\\\/\\\/galeriaseltriunfo.com\\\/dev2\\\/producto\\\/silla-de-metal-cromada-3\\\/#breadcrumb\"},\"inLanguage\":\"es\",\"potentialAction\":[{\"@type\":\"ReadAction\",\"target\":[\"https:\\\/\\\/galeriaseltriunfo.com\\\/dev2\\\/producto\\\/silla-de-metal-cromada-3\\\/\"]}]},{\"@type\":\"ImageObject\",\"inLanguage\":\"es\",\"@id\":\"https:\\\/\\\/galeriaseltriunfo.com\\\/dev2\\\/producto\\\/silla-de-metal-cromada-3\\\/#primaryimage\",\"url\":\"https:\\\/\\\/galeriaseltriunfo.com\\\/dev2\\\/wp-content\\\/uploads\\\/2023\\\/08\\\/167072537003-Silla-de-metal-cromada-galerias-el-triunfo.jpg\",\"contentUrl\":\"https:\\\/\\\/galeriaseltriunfo.com\\\/dev2\\\/wp-content\\\/uploads\\\/2023\\\/08\\\/167072537003-Silla-de-metal-cromada-galerias-el-triunfo.jpg\",\"width\":300,\"height\":300,\"caption\":\"Silla de metal cromada - Galer\u00edas el Triunfo - 167072537003\"},{\"@type\":\"BreadcrumbList\",\"@id\":\"https:\\\/\\\/galeriaseltriunfo.com\\\/dev2\\\/producto\\\/silla-de-metal-cromada-3\\\/#breadcrumb\",\"itemListElement\":[{\"@type\":\"ListItem\",\"position\":1,\"name\":\"Inicio\",\"item\":\"https:\\\/\\\/galeriaseltriunfo.com\\\/dev2\\\/\"},{\"@type\":\"ListItem\",\"position\":2,\"name\":\"Tienda\",\"item\":\"https:\\\/\\\/galeriaseltriunfo.com\\\/dev2\\\/tienda\\\/\"},{\"@type\":\"ListItem\",\"position\":3,\"name\":\"Silla de Gala Cromada con Charol Blanco\"}]},{\"@type\":\"WebSite\",\"@id\":\"https:\\\/\\\/galeriaseltriunfo.com\\\/dev2\\\/#website\",\"url\":\"https:\\\/\\\/galeriaseltriunfo.com\\\/dev2\\\/\",\"name\":\"Galer\u00edas el Triunfo\",\"description\":\"Galer\u00edas el Triunfo es una de las tiendas online m\u00e1s grandes de accesorios y art\u00edculos de decoraci\u00f3n para el hogar, el jard\u00edn y la oficina. \u00a1Compra ahora!\",\"publisher\":{\"@id\":\"https:\\\/\\\/galeriaseltriunfo.com\\\/dev2\\\/#organization\"},\"potentialAction\":[{\"@type\":\"SearchAction\",\"target\":{\"@type\":\"EntryPoint\",\"urlTemplate\":\"https:\\\/\\\/galeriaseltriunfo.com\\\/dev2\\\/?s={search_term_string}\"},\"query-input\":{\"@type\":\"PropertyValueSpecification\",\"valueRequired\":true,\"valueName\":\"search_term_string\"}}],\"inLanguage\":\"es\"},{\"@type\":\"Organization\",\"@id\":\"https:\\\/\\\/galeriaseltriunfo.com\\\/dev2\\\/#organization\",\"name\":\"Galer\u00edas el Triunfo\",\"url\":\"https:\\\/\\\/galeriaseltriunfo.com\\\/dev2\\\/\",\"logo\":{\"@type\":\"ImageObject\",\"inLanguage\":\"es\",\"@id\":\"https:\\\/\\\/galeriaseltriunfo.com\\\/dev2\\\/#\\\/schema\\\/logo\\\/image\\\/\",\"url\":\"https:\\\/\\\/galeriaseltriunfo.com\\\/wp-content\\\/uploads\\\/2023\\\/08\\\/logotipo-galerias-fondo-2x-min.webp\",\"contentUrl\":\"https:\\\/\\\/galeriaseltriunfo.com\\\/wp-content\\\/uploads\\\/2023\\\/08\\\/logotipo-galerias-fondo-2x-min.webp\",\"width\":184,\"height\":264,\"caption\":\"Galer\u00edas el Triunfo\"},\"image\":{\"@id\":\"https:\\\/\\\/galeriaseltriunfo.com\\\/dev2\\\/#\\\/schema\\\/logo\\\/image\\\/\"},\"sameAs\":[\"https:\\\/\\\/www.facebook.com\\\/galeriaseltriunfo\",\"https:\\\/\\\/x.com\\\/Gal_El_Triunfo\",\"https:\\\/\\\/www.pinterest.com\\\/GaleriaselTriunfo\",\"https:\\\/\\\/instagram.com\\\/galeriaseltriunfomx\",\"https:\\\/\\\/www.youtube.com\\\/channel\\\/UChIaW2ZBBS4Pg8pkw0HuE7g\",\"https:\\\/\\\/www.tiktok.com\\\/@galeriaseltriunfo\"]}]}<\/script>\n<!-- \/ Yoast SEO plugin. -->","yoast_head_json":{"title":"Silla de Gala Cromada con Charol Blanco - Galer\u00edas el Triunfo","description":"Silla de metal cromada con charol blanco y dise\u00f1o curvo (110x57x54cm). Elegancia escultural para bodas y eventos de lujo. A\u00f1ade distinci\u00f3n a tu celebraci\u00f3n.","robots":{"index":"index","follow":"follow","max-snippet":"max-snippet:-1","max-image-preview":"max-image-preview:large","max-video-preview":"max-video-preview:-1"},"canonical":"https:\/\/galeriaseltriunfo.com\/dev2\/producto\/silla-de-metal-cromada-3\/","og_locale":"es_MX","og_type":"article","og_title":"Silla de Gala Cromada con Charol Blanco - Galer\u00edas el Triunfo","og_description":"Silla de metal cromada con charol blanco y dise\u00f1o curvo (110x57x54cm). Elegancia escultural para bodas y eventos de lujo. A\u00f1ade distinci\u00f3n a tu celebraci\u00f3n.","og_url":"https:\/\/galeriaseltriunfo.com\/dev2\/producto\/silla-de-metal-cromada-3\/","og_site_name":"Galer\u00edas el Triunfo","article_publisher":"https:\/\/www.facebook.com\/galeriaseltriunfo","article_modified_time":"2026-03-27T12:40:19+00:00","og_image":[{"width":300,"height":300,"url":"https:\/\/galeriaseltriunfo.com\/dev2\/wp-content\/uploads\/2023\/08\/167072537003-Silla-de-metal-cromada-galerias-el-triunfo.jpg","type":"image\/jpeg"}],"twitter_card":"summary_large_image","twitter_site":"@Gal_El_Triunfo","twitter_misc":{"Tiempo de lectura":"1 minuto"},"schema":{"@context":"https:\/\/schema.org","@graph":[{"@type":["WebPage","SearchResultsPage"],"@id":"https:\/\/galeriaseltriunfo.com\/dev2\/producto\/silla-de-metal-cromada-3\/","url":"https:\/\/galeriaseltriunfo.com\/dev2\/producto\/silla-de-metal-cromada-3\/","name":"Silla de Gala Cromada con Charol Blanco - Galer\u00edas el Triunfo","isPartOf":{"@id":"https:\/\/galeriaseltriunfo.com\/dev2\/#website"},"primaryImageOfPage":{"@id":"https:\/\/galeriaseltriunfo.com\/dev2\/producto\/silla-de-metal-cromada-3\/#primaryimage"},"image":{"@id":"https:\/\/galeriaseltriunfo.com\/dev2\/producto\/silla-de-metal-cromada-3\/#primaryimage"},"thumbnailUrl":"https:\/\/galeriaseltriunfo.com\/dev2\/wp-content\/uploads\/2023\/08\/167072537003-Silla-de-metal-cromada-galerias-el-triunfo.jpg","datePublished":"2023-04-06T00:00:00+00:00","dateModified":"2026-03-27T12:40:19+00:00","description":"Silla de metal cromada con charol blanco y dise\u00f1o curvo (110x57x54cm). Elegancia escultural para bodas y eventos de lujo. A\u00f1ade distinci\u00f3n a tu celebraci\u00f3n.","breadcrumb":{"@id":"https:\/\/galeriaseltriunfo.com\/dev2\/producto\/silla-de-metal-cromada-3\/#breadcrumb"},"inLanguage":"es","potentialAction":[{"@type":"ReadAction","target":["https:\/\/galeriaseltriunfo.com\/dev2\/producto\/silla-de-metal-cromada-3\/"]}]},{"@type":"ImageObject","inLanguage":"es","@id":"https:\/\/galeriaseltriunfo.com\/dev2\/producto\/silla-de-metal-cromada-3\/#primaryimage","url":"https:\/\/galeriaseltriunfo.com\/dev2\/wp-content\/uploads\/2023\/08\/167072537003-Silla-de-metal-cromada-galerias-el-triunfo.jpg","contentUrl":"https:\/\/galeriaseltriunfo.com\/dev2\/wp-content\/uploads\/2023\/08\/167072537003-Silla-de-metal-cromada-galerias-el-triunfo.jpg","width":300,"height":300,"caption":"Silla de metal cromada - Galer\u00edas el Triunfo - 167072537003"},{"@type":"BreadcrumbList","@id":"https:\/\/galeriaseltriunfo.com\/dev2\/producto\/silla-de-metal-cromada-3\/#breadcrumb","itemListElement":[{"@type":"ListItem","position":1,"name":"Inicio","item":"https:\/\/galeriaseltriunfo.com\/dev2\/"},{"@type":"ListItem","position":2,"name":"Tienda","item":"https:\/\/galeriaseltriunfo.com\/dev2\/tienda\/"},{"@type":"ListItem","position":3,"name":"Silla de Gala Cromada con Charol Blanco"}]},{"@type":"WebSite","@id":"https:\/\/galeriaseltriunfo.com\/dev2\/#website","url":"https:\/\/galeriaseltriunfo.com\/dev2\/","name":"Galer\u00edas el Triunfo","description":"Galer\u00edas el Triunfo es una de las tiendas online m\u00e1s grandes de accesorios y art\u00edculos de decoraci\u00f3n para el hogar, el jard\u00edn y la oficina. \u00a1Compra ahora!","publisher":{"@id":"https:\/\/galeriaseltriunfo.com\/dev2\/#organization"},"potentialAction":[{"@type":"SearchAction","target":{"@type":"EntryPoint","urlTemplate":"https:\/\/galeriaseltriunfo.com\/dev2\/?s={search_term_string}"},"query-input":{"@type":"PropertyValueSpecification","valueRequired":true,"valueName":"search_term_string"}}],"inLanguage":"es"},{"@type":"Organization","@id":"https:\/\/galeriaseltriunfo.com\/dev2\/#organization","name":"Galer\u00edas el Triunfo","url":"https:\/\/galeriaseltriunfo.com\/dev2\/","logo":{"@type":"ImageObject","inLanguage":"es","@id":"https:\/\/galeriaseltriunfo.com\/dev2\/#\/schema\/logo\/image\/","url":"https:\/\/galeriaseltriunfo.com\/wp-content\/uploads\/2023\/08\/logotipo-galerias-fondo-2x-min.webp","contentUrl":"https:\/\/galeriaseltriunfo.com\/wp-content\/uploads\/2023\/08\/logotipo-galerias-fondo-2x-min.webp","width":184,"height":264,"caption":"Galer\u00edas el Triunfo"},"image":{"@id":"https:\/\/galeriaseltriunfo.com\/dev2\/#\/schema\/logo\/image\/"},"sameAs":["https:\/\/www.facebook.com\/galeriaseltriunfo","https:\/\/x.com\/Gal_El_Triunfo","https:\/\/www.pinterest.com\/GaleriaselTriunfo","https:\/\/instagram.com\/galeriaseltriunfomx","https:\/\/www.youtube.com\/channel\/UChIaW2ZBBS4Pg8pkw0HuE7g","https:\/\/www.tiktok.com\/@galeriaseltriunfo"]}]}},"_links":{"self":[{"href":"https:\/\/galeriaseltriunfo.com\/dev2\/wp-json\/wp\/v2\/product\/161457","targetHints":{"allow":["GET"]}}],"collection":[{"href":"https:\/\/galeriaseltriunfo.com\/dev2\/wp-json\/wp\/v2\/product"}],"about":[{"href":"https:\/\/galeriaseltriunfo.com\/dev2\/wp-json\/wp\/v2\/types\/product"}],"wp:featuredmedia":[{"embeddable":true,"href":"https:\/\/galeriaseltriunfo.com\/dev2\/wp-json\/wp\/v2\/media\/161458"}],"wp:attachment":[{"href":"https:\/\/galeriaseltriunfo.com\/dev2\/wp-json\/wp\/v2\/media?parent=161457"}],"wp:term":[{"taxonomy":"product_brand","embeddable":true,"href":"https:\/\/galeriaseltriunfo.com\/dev2\/wp-json\/wp\/v2\/product_brand?post=161457"},{"taxonomy":"product_cat","embeddable":true,"href":"https:\/\/galeriaseltriunfo.com\/dev2\/wp-json\/wp\/v2\/product_cat?post=161457"},{"taxonomy":"product_tag","embeddable":true,"href":"https:\/\/galeriaseltriunfo.com\/dev2\/wp-json\/wp\/v2\/product_tag?post=161457"}],"curies":[{"name":"wp","href":"https:\/\/api.w.org\/{rel}","templated":true}]}}