{"id":163916,"date":"2022-03-18T00:00:00","date_gmt":"2022-03-18T00:00:00","guid":{"rendered":"https:\/\/www.galeriaseltriunfo.com\/wptest\/producto\/tazon-de-bambu-natural-3\/"},"modified":"2026-03-19T15:33:27","modified_gmt":"2026-03-19T21:33:27","slug":"tazon-ecologico-bambu-natural","status":"publish","type":"product","link":"https:\/\/galeriaseltriunfo.com\/dev2\/producto\/tazon-ecologico-bambu-natural\/","title":{"rendered":"Taz\u00f3n Ecol\u00f3gico de Bamb\u00fa"},"content":{"rendered":"<h3 class=\"\" data-path-to-node=\"6\"><b data-path-to-node=\"6\" data-index-in-node=\"0\">Est\u00e9tica Org\u00e1nica Y Calidez Natural En Tu Mesa<\/b><\/h3>\n<p data-path-to-node=\"7\"><span class=\"\">El <\/span><b class=\"\" data-path-to-node=\"7\" data-index-in-node=\"3\">Taz\u00f3n Ecol\u00f3gico de Bamb\u00fa<\/b><span class=\"\"> es la pieza maestra para quien busca una est\u00e9tica sostenible y acogedora,<\/span><span class=\"\"> combinando la belleza de las fibras naturales con una estructura funcional y una presencia visual impecable en cualquier ambiente.<\/span><span class=\"\"> Este objeto ofrece una <\/span><b class=\"\" data-path-to-node=\"7\" data-index-in-node=\"256\">sofisticaci\u00f3n r\u00fastica<\/b><span class=\"\"> incomparable para presentar tus ensaladas,<\/span><span class=\"\"> frutos secos o acompa\u00f1amientos con un toque de conciencia ambiental en <\/span><b class=\"\" data-path-to-node=\"7\" data-index-in-node=\"392\">tu espacio<\/b><span class=\"\"> de convivencia.<\/span><span class=\"\"> Su sola presencia ayuda a elevar la sensaci\u00f3n de frescura y armon\u00eda de tu ambientaci\u00f3n de manera inmediata.<\/span><span class=\"\"> Lo logra mediante su dise\u00f1o detallado de patr\u00f3n de mosaico,<\/span><span class=\"\"> donde secciones cuadradas de bamb\u00fa con vetas visibles se entrelazan para formar una superficie arm\u00f3nica y resistente en la categor\u00eda de <\/span><b class=\"\" data-path-to-node=\"7\" data-index-in-node=\"723\"><a target=\"_blank\" href=\"https:\/\/galeriaseltriunfo.com\/categoria\/liquidacion\/\" rel=\"noopener\" class=\"ng-star-inserted\" data-hveid=\"0\" data-ved=\"0CAAQ_4QMahgKEwjrg4jTzayTAxUAAAAAHQAAAAAQiRE\">Liquidaci\u00f3n<\/a><\/b><span class=\"\">.<\/span><\/p>\n<p data-path-to-node=\"8\"><span class=\"\">Tambi\u00e9n transmite una sensaci\u00f3n de pulcritud y ligereza a trav\u00e9s de su acabado satinado suave,<\/span><span class=\"\"> que captura la luz de forma tenue al aportar un toque de autoridad decorativa a cualquier estancia mediante una apariencia que celebra el dise\u00f1o eco-consciente.<\/span><span class=\"\"> Su apariencia refinada invita a la hospitalidad mientras disfrutas de una pieza de alto impacto visual y equilibrio entre su durabilidad natural y su ligereza estructural.<\/span><span class=\"\"> Funciona perfectamente en cualquier circunstancia de estilo Escandinavo,<\/span><span class=\"\"> Zen o R\u00fastico Moderno,<\/span><span class=\"\"> actuando como el escenario ideal para resaltar la viveza de tus alimentos sobre un fondo art\u00edstico y funcional.<\/span><span class=\"\"> De hecho,<\/span><span class=\"\"> este elemento permite que tu zona de servicio resalte con mucha fuerza hoy mismo de forma imponente.<\/span><span class=\"\"> Adem\u00e1s,<\/span><span class=\"\"> la est\u00e9tica de este <\/span><b class=\"\" data-path-to-node=\"8\" data-index-in-node=\"775\">taz\u00f3n ecol\u00f3gico de bamb\u00fa<\/b><span class=\"\"> simboliza la <\/span><b class=\"\" data-path-to-node=\"8\" data-index-in-node=\"813\">conexi\u00f3n con la tierra y el bienestar<\/b><span class=\"\"> en la armonizaci\u00f3n de accesorios para el hogar.<\/span><\/p>\n<h3 class=\"\" data-path-to-node=\"9\"><b data-path-to-node=\"9\" data-index-in-node=\"0\">Beneficios Visuales Y Calidad Del Material<\/b><\/h3>\n<p data-path-to-node=\"10\"><span class=\"\">En consecuencia,<\/span><span class=\"\"> es la pieza ideal para quien valora la <\/span><b class=\"\" data-path-to-node=\"10\" data-index-in-node=\"56\">ecolog\u00eda<\/b><span class=\"\"> y el dise\u00f1o de menaje con alma con un descuento excepcional.<\/span><span class=\"\"> Al observar este taz\u00f3n con su detalle de vetas entrelazadas,<\/span><span class=\"\"> se experimenta una sensaci\u00f3n de <\/span><b class=\"\" data-path-to-node=\"10\" data-index-in-node=\"219\">serenidad y equilibrio<\/b><span class=\"\"> por el \u00e9xito de su propuesta est\u00e9tica.<\/span><span class=\"\"> Por lo tanto,<\/span><span class=\"\"> usted sentir\u00e1 una atm\u00f3sfera de <\/span><b class=\"\" data-path-to-node=\"10\" data-index-in-node=\"326\">renovaci\u00f3n profesional<\/b><span class=\"\"> en su inventario de accesorios de mesa.<\/span><span class=\"\"> Integrar este elemento ofrece el beneficio de transformar una comida casual en un escenario de <\/span><b class=\"\" data-path-to-node=\"10\" data-index-in-node=\"484\">lujo visual<\/b><span class=\"\"> org\u00e1nico.<\/span><span class=\"\"> As\u00ed,<\/span><span class=\"\"> usted lograr\u00e1 un toque de <\/span><b class=\"\" data-path-to-node=\"10\" data-index-in-node=\"537\">vanguardia natural<\/b><span class=\"\"> con mucha facilidad.<\/span><\/p>\n<h3 class=\"\" data-path-to-node=\"11\"><b data-path-to-node=\"11\" data-index-in-node=\"0\">Gu\u00eda De Uso Y Cuidado Premium<\/b><\/h3>\n<p data-path-to-node=\"12\"><span class=\"\">Respecto a su uso,<\/span><span class=\"\"> combine el taz\u00f3n con la <\/span><b class=\"\" data-path-to-node=\"12\" data-index-in-node=\"43\">Canasta Tejida de Fibras<\/b><span class=\"\"> para crear un juego de mesa cohesivo y natural con total confianza.<\/span><span class=\"\"> Primero,<\/span><span class=\"\"> limpie la superficie peri\u00f3dicamente utilizando un pa\u00f1o h\u00famedo y jab\u00f3n neutro,<\/span><span class=\"\"> evitando el remojo prolongado para mantener la integridad de la madera sin afectar el dise\u00f1o de este <\/span><b class=\"\" data-path-to-node=\"12\" data-index-in-node=\"324\">taz\u00f3n ecol\u00f3gico de bamb\u00fa<\/b><span class=\"\">.<\/span><span class=\"\"> Gracias a su fabricaci\u00f3n en bamb\u00fa de alta densidad,<\/span> esta pieza es ideal para el uso gastron\u00f3mico diario, manteniendo su veta por m\u00e1s tiempo. Se recomienda aplicar una capa ligera de aceite mineral ocasionalmente para preservar el brillo y la hidrataci\u00f3n de la madera a largo plazo. As\u00ed garantizar\u00e1 una <b data-path-to-node=\"12\" data-index-in-node=\"652\">calidad excepcional<\/b> en la categor\u00eda de <b data-path-to-node=\"12\" data-index-in-node=\"691\"><a target=\"_blank\" href=\"https:\/\/galeriaseltriunfo.com\/categoria\/liquidacion\/\" rel=\"noopener\" class=\"ng-star-inserted\" data-hveid=\"0\" data-ved=\"0CAAQ_4QMahgKEwjrg4jTzayTAxUAAAAAHQAAAAAQihE\">Liquidaci\u00f3n<\/a><\/b> que representa la excelencia de nuestra tienda.<\/p>\n","protected":false},"excerpt":{"rendered":"<p>Taz\u00f3n de bamb\u00fa natural de 20cm<\/p>\n","protected":false},"featured_media":288231,"template":"","meta":[],"product_brand":[],"product_cat":[1129],"product_tag":[10972,6945,13219,5324,11552,8507,9917,12754,1013,12790,12791],"class_list":{"0":"post-163916","1":"product","2":"type-product","3":"status-publish","4":"has-post-thumbnail","6":"product_cat-liquidacion","7":"product_tag-accesorios-de-mesa","8":"product_tag-bambu","9":"product_tag-bol-de-madera","10":"product_tag-bowl","11":"product_tag-decoracion-organica","12":"product_tag-ecologico","13":"product_tag-galerias-el-triunfo","14":"product_tag-hot-sale","15":"product_tag-liquidacion","16":"product_tag-tazon-de-bambu","17":"product_tag-vajilla-ecologica","19":"first","20":"instock","21":"sale","22":"purchasable","23":"product-type-simple"},"yoast_head":"<!-- This site is optimized with the Yoast SEO plugin v27.4 - https:\/\/yoast.com\/product\/yoast-seo-wordpress\/ -->\n<title>Taz\u00f3n Ecol\u00f3gico de Bamb\u00fa | Galer\u00edas El Triunfo<\/title>\n<meta name=\"description\" content=\"Viste tu mesa con estilo sostenible. Exclusivo taz\u00f3n de bamb\u00fa con dise\u00f1o de veta natural en liquidaci\u00f3n para un hogar arm\u00f3nico hoy mismo.\" \/>\n<meta name=\"robots\" content=\"index, follow, max-snippet:-1, max-image-preview:large, max-video-preview:-1\" \/>\n<link rel=\"canonical\" href=\"https:\/\/galeriaseltriunfo.com\/dev2\/producto\/tazon-ecologico-bambu-natural\/\" \/>\n<meta property=\"og:locale\" content=\"es_MX\" \/>\n<meta property=\"og:type\" content=\"article\" \/>\n<meta property=\"og:title\" content=\"Taz\u00f3n Ecol\u00f3gico de Bamb\u00fa | Galer\u00edas El Triunfo\" \/>\n<meta property=\"og:description\" content=\"Viste tu mesa con estilo sostenible. Exclusivo taz\u00f3n de bamb\u00fa con dise\u00f1o de veta natural en liquidaci\u00f3n para un hogar arm\u00f3nico hoy mismo.\" \/>\n<meta property=\"og:url\" content=\"https:\/\/galeriaseltriunfo.com\/dev2\/producto\/tazon-ecologico-bambu-natural\/\" \/>\n<meta property=\"og:site_name\" content=\"Galer\u00edas el Triunfo\" \/>\n<meta property=\"article:publisher\" content=\"https:\/\/www.facebook.com\/galeriaseltriunfo\" \/>\n<meta property=\"article:modified_time\" content=\"2026-03-19T21:33:27+00:00\" \/>\n<meta property=\"og:image\" content=\"https:\/\/galeriaseltriunfo.com\/dev2\/wp-content\/uploads\/2024\/07\/151307870015.jpg\" \/>\n\t<meta property=\"og:image:width\" content=\"300\" \/>\n\t<meta property=\"og:image:height\" content=\"300\" \/>\n\t<meta property=\"og:image:type\" content=\"image\/jpeg\" \/>\n<meta name=\"twitter:card\" content=\"summary_large_image\" \/>\n<meta name=\"twitter:site\" content=\"@Gal_El_Triunfo\" \/>\n<meta name=\"twitter:label1\" content=\"Tiempo de lectura\" \/>\n\t<meta name=\"twitter:data1\" content=\"3 minutos\" \/>\n<script type=\"application\/ld+json\" class=\"yoast-schema-graph\">{\"@context\":\"https:\\\/\\\/schema.org\",\"@graph\":[{\"@type\":[\"WebPage\",\"SearchResultsPage\"],\"@id\":\"https:\\\/\\\/galeriaseltriunfo.com\\\/dev2\\\/producto\\\/tazon-ecologico-bambu-natural\\\/\",\"url\":\"https:\\\/\\\/galeriaseltriunfo.com\\\/dev2\\\/producto\\\/tazon-ecologico-bambu-natural\\\/\",\"name\":\"Taz\u00f3n Ecol\u00f3gico de Bamb\u00fa | Galer\u00edas El Triunfo\",\"isPartOf\":{\"@id\":\"https:\\\/\\\/galeriaseltriunfo.com\\\/dev2\\\/#website\"},\"primaryImageOfPage\":{\"@id\":\"https:\\\/\\\/galeriaseltriunfo.com\\\/dev2\\\/producto\\\/tazon-ecologico-bambu-natural\\\/#primaryimage\"},\"image\":{\"@id\":\"https:\\\/\\\/galeriaseltriunfo.com\\\/dev2\\\/producto\\\/tazon-ecologico-bambu-natural\\\/#primaryimage\"},\"thumbnailUrl\":\"https:\\\/\\\/galeriaseltriunfo.com\\\/dev2\\\/wp-content\\\/uploads\\\/2024\\\/07\\\/151307870015.jpg\",\"datePublished\":\"2022-03-18T00:00:00+00:00\",\"dateModified\":\"2026-03-19T21:33:27+00:00\",\"description\":\"Viste tu mesa con estilo sostenible. Exclusivo taz\u00f3n de bamb\u00fa con dise\u00f1o de veta natural en liquidaci\u00f3n para un hogar arm\u00f3nico hoy mismo.\",\"breadcrumb\":{\"@id\":\"https:\\\/\\\/galeriaseltriunfo.com\\\/dev2\\\/producto\\\/tazon-ecologico-bambu-natural\\\/#breadcrumb\"},\"inLanguage\":\"es\",\"potentialAction\":[{\"@type\":\"ReadAction\",\"target\":[\"https:\\\/\\\/galeriaseltriunfo.com\\\/dev2\\\/producto\\\/tazon-ecologico-bambu-natural\\\/\"]}]},{\"@type\":\"ImageObject\",\"inLanguage\":\"es\",\"@id\":\"https:\\\/\\\/galeriaseltriunfo.com\\\/dev2\\\/producto\\\/tazon-ecologico-bambu-natural\\\/#primaryimage\",\"url\":\"https:\\\/\\\/galeriaseltriunfo.com\\\/dev2\\\/wp-content\\\/uploads\\\/2024\\\/07\\\/151307870015.jpg\",\"contentUrl\":\"https:\\\/\\\/galeriaseltriunfo.com\\\/dev2\\\/wp-content\\\/uploads\\\/2024\\\/07\\\/151307870015.jpg\",\"width\":300,\"height\":300,\"caption\":\"151307870015-galerias el triunfo\"},{\"@type\":\"BreadcrumbList\",\"@id\":\"https:\\\/\\\/galeriaseltriunfo.com\\\/dev2\\\/producto\\\/tazon-ecologico-bambu-natural\\\/#breadcrumb\",\"itemListElement\":[{\"@type\":\"ListItem\",\"position\":1,\"name\":\"Inicio\",\"item\":\"https:\\\/\\\/galeriaseltriunfo.com\\\/dev2\\\/\"},{\"@type\":\"ListItem\",\"position\":2,\"name\":\"Tienda\",\"item\":\"https:\\\/\\\/galeriaseltriunfo.com\\\/dev2\\\/tienda\\\/\"},{\"@type\":\"ListItem\",\"position\":3,\"name\":\"Taz\u00f3n Ecol\u00f3gico de Bamb\u00fa\"}]},{\"@type\":\"WebSite\",\"@id\":\"https:\\\/\\\/galeriaseltriunfo.com\\\/dev2\\\/#website\",\"url\":\"https:\\\/\\\/galeriaseltriunfo.com\\\/dev2\\\/\",\"name\":\"Galer\u00edas el Triunfo\",\"description\":\"Galer\u00edas el Triunfo es una de las tiendas online m\u00e1s grandes de accesorios y art\u00edculos de decoraci\u00f3n para el hogar, el jard\u00edn y la oficina. \u00a1Compra ahora!\",\"publisher\":{\"@id\":\"https:\\\/\\\/galeriaseltriunfo.com\\\/dev2\\\/#organization\"},\"potentialAction\":[{\"@type\":\"SearchAction\",\"target\":{\"@type\":\"EntryPoint\",\"urlTemplate\":\"https:\\\/\\\/galeriaseltriunfo.com\\\/dev2\\\/?s={search_term_string}\"},\"query-input\":{\"@type\":\"PropertyValueSpecification\",\"valueRequired\":true,\"valueName\":\"search_term_string\"}}],\"inLanguage\":\"es\"},{\"@type\":\"Organization\",\"@id\":\"https:\\\/\\\/galeriaseltriunfo.com\\\/dev2\\\/#organization\",\"name\":\"Galer\u00edas el Triunfo\",\"url\":\"https:\\\/\\\/galeriaseltriunfo.com\\\/dev2\\\/\",\"logo\":{\"@type\":\"ImageObject\",\"inLanguage\":\"es\",\"@id\":\"https:\\\/\\\/galeriaseltriunfo.com\\\/dev2\\\/#\\\/schema\\\/logo\\\/image\\\/\",\"url\":\"https:\\\/\\\/galeriaseltriunfo.com\\\/wp-content\\\/uploads\\\/2023\\\/08\\\/logotipo-galerias-fondo-2x-min.webp\",\"contentUrl\":\"https:\\\/\\\/galeriaseltriunfo.com\\\/wp-content\\\/uploads\\\/2023\\\/08\\\/logotipo-galerias-fondo-2x-min.webp\",\"width\":184,\"height\":264,\"caption\":\"Galer\u00edas el Triunfo\"},\"image\":{\"@id\":\"https:\\\/\\\/galeriaseltriunfo.com\\\/dev2\\\/#\\\/schema\\\/logo\\\/image\\\/\"},\"sameAs\":[\"https:\\\/\\\/www.facebook.com\\\/galeriaseltriunfo\",\"https:\\\/\\\/x.com\\\/Gal_El_Triunfo\",\"https:\\\/\\\/www.pinterest.com\\\/GaleriaselTriunfo\",\"https:\\\/\\\/instagram.com\\\/galeriaseltriunfomx\",\"https:\\\/\\\/www.youtube.com\\\/channel\\\/UChIaW2ZBBS4Pg8pkw0HuE7g\",\"https:\\\/\\\/www.tiktok.com\\\/@galeriaseltriunfo\"]}]}<\/script>\n<!-- \/ Yoast SEO plugin. -->","yoast_head_json":{"title":"Taz\u00f3n Ecol\u00f3gico de Bamb\u00fa | Galer\u00edas El Triunfo","description":"Viste tu mesa con estilo sostenible. Exclusivo taz\u00f3n de bamb\u00fa con dise\u00f1o de veta natural en liquidaci\u00f3n para un hogar arm\u00f3nico hoy mismo.","robots":{"index":"index","follow":"follow","max-snippet":"max-snippet:-1","max-image-preview":"max-image-preview:large","max-video-preview":"max-video-preview:-1"},"canonical":"https:\/\/galeriaseltriunfo.com\/dev2\/producto\/tazon-ecologico-bambu-natural\/","og_locale":"es_MX","og_type":"article","og_title":"Taz\u00f3n Ecol\u00f3gico de Bamb\u00fa | Galer\u00edas El Triunfo","og_description":"Viste tu mesa con estilo sostenible. Exclusivo taz\u00f3n de bamb\u00fa con dise\u00f1o de veta natural en liquidaci\u00f3n para un hogar arm\u00f3nico hoy mismo.","og_url":"https:\/\/galeriaseltriunfo.com\/dev2\/producto\/tazon-ecologico-bambu-natural\/","og_site_name":"Galer\u00edas el Triunfo","article_publisher":"https:\/\/www.facebook.com\/galeriaseltriunfo","article_modified_time":"2026-03-19T21:33:27+00:00","og_image":[{"width":300,"height":300,"url":"https:\/\/galeriaseltriunfo.com\/dev2\/wp-content\/uploads\/2024\/07\/151307870015.jpg","type":"image\/jpeg"}],"twitter_card":"summary_large_image","twitter_site":"@Gal_El_Triunfo","twitter_misc":{"Tiempo de lectura":"3 minutos"},"schema":{"@context":"https:\/\/schema.org","@graph":[{"@type":["WebPage","SearchResultsPage"],"@id":"https:\/\/galeriaseltriunfo.com\/dev2\/producto\/tazon-ecologico-bambu-natural\/","url":"https:\/\/galeriaseltriunfo.com\/dev2\/producto\/tazon-ecologico-bambu-natural\/","name":"Taz\u00f3n Ecol\u00f3gico de Bamb\u00fa | Galer\u00edas El Triunfo","isPartOf":{"@id":"https:\/\/galeriaseltriunfo.com\/dev2\/#website"},"primaryImageOfPage":{"@id":"https:\/\/galeriaseltriunfo.com\/dev2\/producto\/tazon-ecologico-bambu-natural\/#primaryimage"},"image":{"@id":"https:\/\/galeriaseltriunfo.com\/dev2\/producto\/tazon-ecologico-bambu-natural\/#primaryimage"},"thumbnailUrl":"https:\/\/galeriaseltriunfo.com\/dev2\/wp-content\/uploads\/2024\/07\/151307870015.jpg","datePublished":"2022-03-18T00:00:00+00:00","dateModified":"2026-03-19T21:33:27+00:00","description":"Viste tu mesa con estilo sostenible. Exclusivo taz\u00f3n de bamb\u00fa con dise\u00f1o de veta natural en liquidaci\u00f3n para un hogar arm\u00f3nico hoy mismo.","breadcrumb":{"@id":"https:\/\/galeriaseltriunfo.com\/dev2\/producto\/tazon-ecologico-bambu-natural\/#breadcrumb"},"inLanguage":"es","potentialAction":[{"@type":"ReadAction","target":["https:\/\/galeriaseltriunfo.com\/dev2\/producto\/tazon-ecologico-bambu-natural\/"]}]},{"@type":"ImageObject","inLanguage":"es","@id":"https:\/\/galeriaseltriunfo.com\/dev2\/producto\/tazon-ecologico-bambu-natural\/#primaryimage","url":"https:\/\/galeriaseltriunfo.com\/dev2\/wp-content\/uploads\/2024\/07\/151307870015.jpg","contentUrl":"https:\/\/galeriaseltriunfo.com\/dev2\/wp-content\/uploads\/2024\/07\/151307870015.jpg","width":300,"height":300,"caption":"151307870015-galerias el triunfo"},{"@type":"BreadcrumbList","@id":"https:\/\/galeriaseltriunfo.com\/dev2\/producto\/tazon-ecologico-bambu-natural\/#breadcrumb","itemListElement":[{"@type":"ListItem","position":1,"name":"Inicio","item":"https:\/\/galeriaseltriunfo.com\/dev2\/"},{"@type":"ListItem","position":2,"name":"Tienda","item":"https:\/\/galeriaseltriunfo.com\/dev2\/tienda\/"},{"@type":"ListItem","position":3,"name":"Taz\u00f3n Ecol\u00f3gico de Bamb\u00fa"}]},{"@type":"WebSite","@id":"https:\/\/galeriaseltriunfo.com\/dev2\/#website","url":"https:\/\/galeriaseltriunfo.com\/dev2\/","name":"Galer\u00edas el Triunfo","description":"Galer\u00edas el Triunfo es una de las tiendas online m\u00e1s grandes de accesorios y art\u00edculos de decoraci\u00f3n para el hogar, el jard\u00edn y la oficina. \u00a1Compra ahora!","publisher":{"@id":"https:\/\/galeriaseltriunfo.com\/dev2\/#organization"},"potentialAction":[{"@type":"SearchAction","target":{"@type":"EntryPoint","urlTemplate":"https:\/\/galeriaseltriunfo.com\/dev2\/?s={search_term_string}"},"query-input":{"@type":"PropertyValueSpecification","valueRequired":true,"valueName":"search_term_string"}}],"inLanguage":"es"},{"@type":"Organization","@id":"https:\/\/galeriaseltriunfo.com\/dev2\/#organization","name":"Galer\u00edas el Triunfo","url":"https:\/\/galeriaseltriunfo.com\/dev2\/","logo":{"@type":"ImageObject","inLanguage":"es","@id":"https:\/\/galeriaseltriunfo.com\/dev2\/#\/schema\/logo\/image\/","url":"https:\/\/galeriaseltriunfo.com\/wp-content\/uploads\/2023\/08\/logotipo-galerias-fondo-2x-min.webp","contentUrl":"https:\/\/galeriaseltriunfo.com\/wp-content\/uploads\/2023\/08\/logotipo-galerias-fondo-2x-min.webp","width":184,"height":264,"caption":"Galer\u00edas el Triunfo"},"image":{"@id":"https:\/\/galeriaseltriunfo.com\/dev2\/#\/schema\/logo\/image\/"},"sameAs":["https:\/\/www.facebook.com\/galeriaseltriunfo","https:\/\/x.com\/Gal_El_Triunfo","https:\/\/www.pinterest.com\/GaleriaselTriunfo","https:\/\/instagram.com\/galeriaseltriunfomx","https:\/\/www.youtube.com\/channel\/UChIaW2ZBBS4Pg8pkw0HuE7g","https:\/\/www.tiktok.com\/@galeriaseltriunfo"]}]}},"_links":{"self":[{"href":"https:\/\/galeriaseltriunfo.com\/dev2\/wp-json\/wp\/v2\/product\/163916","targetHints":{"allow":["GET"]}}],"collection":[{"href":"https:\/\/galeriaseltriunfo.com\/dev2\/wp-json\/wp\/v2\/product"}],"about":[{"href":"https:\/\/galeriaseltriunfo.com\/dev2\/wp-json\/wp\/v2\/types\/product"}],"wp:featuredmedia":[{"embeddable":true,"href":"https:\/\/galeriaseltriunfo.com\/dev2\/wp-json\/wp\/v2\/media\/288231"}],"wp:attachment":[{"href":"https:\/\/galeriaseltriunfo.com\/dev2\/wp-json\/wp\/v2\/media?parent=163916"}],"wp:term":[{"taxonomy":"product_brand","embeddable":true,"href":"https:\/\/galeriaseltriunfo.com\/dev2\/wp-json\/wp\/v2\/product_brand?post=163916"},{"taxonomy":"product_cat","embeddable":true,"href":"https:\/\/galeriaseltriunfo.com\/dev2\/wp-json\/wp\/v2\/product_cat?post=163916"},{"taxonomy":"product_tag","embeddable":true,"href":"https:\/\/galeriaseltriunfo.com\/dev2\/wp-json\/wp\/v2\/product_tag?post=163916"}],"curies":[{"name":"wp","href":"https:\/\/api.w.org\/{rel}","templated":true}]}}