{"id":164512,"date":"2022-01-26T00:00:00","date_gmt":"2022-01-26T00:00:00","guid":{"rendered":"https:\/\/www.galeriaseltriunfo.com\/wptest\/producto\/plato-de-vidrio-azul\/"},"modified":"2026-03-10T06:34:47","modified_gmt":"2026-03-10T12:34:47","slug":"plato-vidrio-mandala-geometrico-azul-rebaja","status":"publish","type":"product","link":"https:\/\/galeriaseltriunfo.com\/dev2\/producto\/plato-vidrio-mandala-geometrico-azul-rebaja\/","title":{"rendered":"Plato Mandala Azul"},"content":{"rendered":"<p><b>Invoca la Inmutabilidad de la Naturaleza con nuestro Plato de Vidrio Dise\u00f1o Mandala Azul.<\/b> Este es un objeto de profundo <b>misticismo<\/b> y <b>funcionalidad<\/b> que aporta un <b>valor<\/b> atemporal de serenidad, enfoque y perfecci\u00f3n geom\u00e9trica a tu mesa. Su dise\u00f1o de <b>Mandala Azul<\/b> es un b\u00e1lsamo visual que recrea la pureza, la fuerza del orden c\u00f3smico y la tranquilidad del agua, promoviendo el <b>equilibrio<\/b> y la estabilidad.<\/p>\n<p><b>Por consiguiente<\/b>, su dise\u00f1o es excepcionalmente detallado y armonioso. El plato presenta un patr\u00f3n radial de estilo <b>Mandala<\/b>, compuesto por elementos <b>geom\u00e9tricos<\/b> y florales intrincados, con predominancia de tonos <b>Azules<\/b> y blanco. <b>Adem\u00e1s<\/b>, el dise\u00f1o de un mandala es un s\u00edmbolo espiritual de la armon\u00eda y la <b>conexi\u00f3n<\/b> universal, que invita a la meditaci\u00f3n y el enfoque. El color <b>Azul<\/b> potencia la sensaci\u00f3n de calma y profundidad. <b>De igual forma<\/b>, el patr\u00f3n cubre toda la superficie del plato, convirti\u00e9ndolo en una pieza de arte decorativo. El plato est\u00e1 fabricado en <b>Vidrio<\/b> de alta calidad con un acabado brillante y liso. <b>En consecuencia<\/b>, esta pieza es ideal como plato trinche, plato para frutas o como acento decorativo de pared, siendo el complemento perfecto para una decoraci\u00f3n Bohemia, Zen o Mediterr\u00e1nea.<\/p>\n<p><b>Afortunadamente<\/b>, su presencia recarga tu ambiente y te brinda el <b>empoderamiento<\/b> de un estilo decorativo que valora la paz interior y el orden est\u00e9tico. <b>Por lo tanto<\/b>, utilizarlo en tu mesa eleva la experiencia visual y establece un ambiente de contemplaci\u00f3n. <b>Finalmente<\/b>, este plato te ayuda a crear un <b>ambiente<\/b> de <b>equilibrio<\/b> y entusiasmo. <b>De igual forma<\/b>, utiliza esta pieza como un recordatorio diario de la perfecci\u00f3n de la vida y el centro personal. El <b>vidrio<\/b> le garantiza un <b>valor<\/b> est\u00e9tico duradero. <b>Aprovecha el descuento en esta pieza \u00fanica<\/b>.<\/p>\n<blockquote><p><b>Importante<\/b>: En mercanc\u00eda con descuentos del 50% al 75% los art\u00edculos pueden presentar <b>ligeras imperfecciones<\/b> est\u00e9ticas o <b>variaciones<\/b> en el <b>color<\/b> que <b>no<\/b> afectan su uso. Por lo cual este producto <b>no<\/b> admite cambios, reembolsos <b>ni<\/b> devoluciones.<\/p><\/blockquote>\n<p><b><i>Materiales<\/i><\/b>: Vidrio. <b>Descubre m\u00e1s piezas que transformar\u00e1n tu energ\u00eda y ambiente; te invitamos a visitar la categor\u00eda <a target=\"_blank\" href=\"https:\/\/galeriaseltriunfo.com\/categoria\/liquidacion\/\" rel=\"noopener\" class=\"ng-star-inserted\" data-hveid=\"0\" data-ved=\"0CAAQ_4QMahgKEwjO-fGDs-qQAxUAAAAAHQAAAAAQoxY\">Liquidaci\u00f3n<\/a>.<\/b><\/p>\n","protected":false},"excerpt":{"rendered":"<p>Plato de vidrio azul con centro rojo de 20x20cm<\/p>\n","protected":false},"featured_media":164513,"template":"","meta":[],"product_brand":[],"product_cat":[1129],"product_tag":[1666,7424,5988,1013,5406,1703,5404,7056,487,9365,7221,2920,1702],"class_list":{"0":"post-164512","1":"product","2":"type-product","3":"status-publish","4":"has-post-thumbnail","6":"product_cat-liquidacion","7":"product_tag-azul","8":"product_tag-descuento","9":"product_tag-geometrico","10":"product_tag-liquidacion","11":"product_tag-mandala","12":"product_tag-meditacion","13":"product_tag-mosaico","14":"product_tag-plato-decorativo","15":"product_tag-platos-decorativos","16":"product_tag-rebajas","17":"product_tag-vajilla","18":"product_tag-vidrio","19":"product_tag-zen","20":"pa_tonos-azul","22":"first","23":"instock","24":"sale","25":"purchasable","26":"product-type-simple"},"yoast_head":"<!-- This site is optimized with the Yoast SEO plugin v27.4 - https:\/\/yoast.com\/product\/yoast-seo-wordpress\/ -->\n<title>Plato de Vidrio | Dise\u00f1o Mandala Geom\u00e9trico Azul | Serenidad<\/title>\n<meta name=\"description\" content=\"Plato de Vidrio Dise\u00f1o Mandala Azul. Aporta serenidad, enfoque y valor a tu vajilla. Fomenta el estilo y la armon\u00eda geom\u00e9trica.\" \/>\n<meta name=\"robots\" content=\"index, follow, max-snippet:-1, max-image-preview:large, max-video-preview:-1\" \/>\n<link rel=\"canonical\" href=\"https:\/\/galeriaseltriunfo.com\/dev2\/producto\/plato-vidrio-mandala-geometrico-azul-rebaja\/\" \/>\n<meta property=\"og:locale\" content=\"es_MX\" \/>\n<meta property=\"og:type\" content=\"article\" \/>\n<meta property=\"og:title\" content=\"Plato de Vidrio | Dise\u00f1o Mandala Geom\u00e9trico Azul | Serenidad\" \/>\n<meta property=\"og:description\" content=\"Plato de Vidrio Dise\u00f1o Mandala Azul. Aporta serenidad, enfoque y valor a tu vajilla. Fomenta el estilo y la armon\u00eda geom\u00e9trica.\" \/>\n<meta property=\"og:url\" content=\"https:\/\/galeriaseltriunfo.com\/dev2\/producto\/plato-vidrio-mandala-geometrico-azul-rebaja\/\" \/>\n<meta property=\"og:site_name\" content=\"Galer\u00edas el Triunfo\" \/>\n<meta property=\"article:publisher\" content=\"https:\/\/www.facebook.com\/galeriaseltriunfo\" \/>\n<meta property=\"article:modified_time\" content=\"2026-03-10T12:34:47+00:00\" \/>\n<meta property=\"og:image\" content=\"https:\/\/galeriaseltriunfo.com\/dev2\/wp-content\/uploads\/2023\/08\/120071887132-Plato-de-vidrio-azul-galerias-el-triunfo.jpg\" \/>\n\t<meta property=\"og:image:width\" content=\"300\" \/>\n\t<meta property=\"og:image:height\" content=\"300\" \/>\n\t<meta property=\"og:image:type\" content=\"image\/jpeg\" \/>\n<meta name=\"twitter:card\" content=\"summary_large_image\" \/>\n<meta name=\"twitter:site\" content=\"@Gal_El_Triunfo\" \/>\n<meta name=\"twitter:label1\" content=\"Tiempo de lectura\" \/>\n\t<meta name=\"twitter:data1\" content=\"2 minutos\" \/>\n<script type=\"application\/ld+json\" class=\"yoast-schema-graph\">{\"@context\":\"https:\\\/\\\/schema.org\",\"@graph\":[{\"@type\":[\"WebPage\",\"SearchResultsPage\"],\"@id\":\"https:\\\/\\\/galeriaseltriunfo.com\\\/dev2\\\/producto\\\/plato-vidrio-mandala-geometrico-azul-rebaja\\\/\",\"url\":\"https:\\\/\\\/galeriaseltriunfo.com\\\/dev2\\\/producto\\\/plato-vidrio-mandala-geometrico-azul-rebaja\\\/\",\"name\":\"Plato de Vidrio | Dise\u00f1o Mandala Geom\u00e9trico Azul | Serenidad\",\"isPartOf\":{\"@id\":\"https:\\\/\\\/galeriaseltriunfo.com\\\/dev2\\\/#website\"},\"primaryImageOfPage\":{\"@id\":\"https:\\\/\\\/galeriaseltriunfo.com\\\/dev2\\\/producto\\\/plato-vidrio-mandala-geometrico-azul-rebaja\\\/#primaryimage\"},\"image\":{\"@id\":\"https:\\\/\\\/galeriaseltriunfo.com\\\/dev2\\\/producto\\\/plato-vidrio-mandala-geometrico-azul-rebaja\\\/#primaryimage\"},\"thumbnailUrl\":\"https:\\\/\\\/galeriaseltriunfo.com\\\/dev2\\\/wp-content\\\/uploads\\\/2023\\\/08\\\/120071887132-Plato-de-vidrio-azul-galerias-el-triunfo.jpg\",\"datePublished\":\"2022-01-26T00:00:00+00:00\",\"dateModified\":\"2026-03-10T12:34:47+00:00\",\"description\":\"Plato de Vidrio Dise\u00f1o Mandala Azul. Aporta serenidad, enfoque y valor a tu vajilla. Fomenta el estilo y la armon\u00eda geom\u00e9trica.\",\"breadcrumb\":{\"@id\":\"https:\\\/\\\/galeriaseltriunfo.com\\\/dev2\\\/producto\\\/plato-vidrio-mandala-geometrico-azul-rebaja\\\/#breadcrumb\"},\"inLanguage\":\"es\",\"potentialAction\":[{\"@type\":\"ReadAction\",\"target\":[\"https:\\\/\\\/galeriaseltriunfo.com\\\/dev2\\\/producto\\\/plato-vidrio-mandala-geometrico-azul-rebaja\\\/\"]}]},{\"@type\":\"ImageObject\",\"inLanguage\":\"es\",\"@id\":\"https:\\\/\\\/galeriaseltriunfo.com\\\/dev2\\\/producto\\\/plato-vidrio-mandala-geometrico-azul-rebaja\\\/#primaryimage\",\"url\":\"https:\\\/\\\/galeriaseltriunfo.com\\\/dev2\\\/wp-content\\\/uploads\\\/2023\\\/08\\\/120071887132-Plato-de-vidrio-azul-galerias-el-triunfo.jpg\",\"contentUrl\":\"https:\\\/\\\/galeriaseltriunfo.com\\\/dev2\\\/wp-content\\\/uploads\\\/2023\\\/08\\\/120071887132-Plato-de-vidrio-azul-galerias-el-triunfo.jpg\",\"width\":300,\"height\":300,\"caption\":\"Plato de vidrio azul - Galer\u00edas el Triunfo - 120071887132\"},{\"@type\":\"BreadcrumbList\",\"@id\":\"https:\\\/\\\/galeriaseltriunfo.com\\\/dev2\\\/producto\\\/plato-vidrio-mandala-geometrico-azul-rebaja\\\/#breadcrumb\",\"itemListElement\":[{\"@type\":\"ListItem\",\"position\":1,\"name\":\"Inicio\",\"item\":\"https:\\\/\\\/galeriaseltriunfo.com\\\/dev2\\\/\"},{\"@type\":\"ListItem\",\"position\":2,\"name\":\"Tienda\",\"item\":\"https:\\\/\\\/galeriaseltriunfo.com\\\/dev2\\\/tienda\\\/\"},{\"@type\":\"ListItem\",\"position\":3,\"name\":\"Plato Mandala Azul\"}]},{\"@type\":\"WebSite\",\"@id\":\"https:\\\/\\\/galeriaseltriunfo.com\\\/dev2\\\/#website\",\"url\":\"https:\\\/\\\/galeriaseltriunfo.com\\\/dev2\\\/\",\"name\":\"Galer\u00edas el Triunfo\",\"description\":\"Galer\u00edas el Triunfo es una de las tiendas online m\u00e1s grandes de accesorios y art\u00edculos de decoraci\u00f3n para el hogar, el jard\u00edn y la oficina. \u00a1Compra ahora!\",\"publisher\":{\"@id\":\"https:\\\/\\\/galeriaseltriunfo.com\\\/dev2\\\/#organization\"},\"potentialAction\":[{\"@type\":\"SearchAction\",\"target\":{\"@type\":\"EntryPoint\",\"urlTemplate\":\"https:\\\/\\\/galeriaseltriunfo.com\\\/dev2\\\/?s={search_term_string}\"},\"query-input\":{\"@type\":\"PropertyValueSpecification\",\"valueRequired\":true,\"valueName\":\"search_term_string\"}}],\"inLanguage\":\"es\"},{\"@type\":\"Organization\",\"@id\":\"https:\\\/\\\/galeriaseltriunfo.com\\\/dev2\\\/#organization\",\"name\":\"Galer\u00edas el Triunfo\",\"url\":\"https:\\\/\\\/galeriaseltriunfo.com\\\/dev2\\\/\",\"logo\":{\"@type\":\"ImageObject\",\"inLanguage\":\"es\",\"@id\":\"https:\\\/\\\/galeriaseltriunfo.com\\\/dev2\\\/#\\\/schema\\\/logo\\\/image\\\/\",\"url\":\"https:\\\/\\\/galeriaseltriunfo.com\\\/wp-content\\\/uploads\\\/2023\\\/08\\\/logotipo-galerias-fondo-2x-min.webp\",\"contentUrl\":\"https:\\\/\\\/galeriaseltriunfo.com\\\/wp-content\\\/uploads\\\/2023\\\/08\\\/logotipo-galerias-fondo-2x-min.webp\",\"width\":184,\"height\":264,\"caption\":\"Galer\u00edas el Triunfo\"},\"image\":{\"@id\":\"https:\\\/\\\/galeriaseltriunfo.com\\\/dev2\\\/#\\\/schema\\\/logo\\\/image\\\/\"},\"sameAs\":[\"https:\\\/\\\/www.facebook.com\\\/galeriaseltriunfo\",\"https:\\\/\\\/x.com\\\/Gal_El_Triunfo\",\"https:\\\/\\\/www.pinterest.com\\\/GaleriaselTriunfo\",\"https:\\\/\\\/instagram.com\\\/galeriaseltriunfomx\",\"https:\\\/\\\/www.youtube.com\\\/channel\\\/UChIaW2ZBBS4Pg8pkw0HuE7g\",\"https:\\\/\\\/www.tiktok.com\\\/@galeriaseltriunfo\"]}]}<\/script>\n<!-- \/ Yoast SEO plugin. -->","yoast_head_json":{"title":"Plato de Vidrio | Dise\u00f1o Mandala Geom\u00e9trico Azul | Serenidad","description":"Plato de Vidrio Dise\u00f1o Mandala Azul. Aporta serenidad, enfoque y valor a tu vajilla. Fomenta el estilo y la armon\u00eda geom\u00e9trica.","robots":{"index":"index","follow":"follow","max-snippet":"max-snippet:-1","max-image-preview":"max-image-preview:large","max-video-preview":"max-video-preview:-1"},"canonical":"https:\/\/galeriaseltriunfo.com\/dev2\/producto\/plato-vidrio-mandala-geometrico-azul-rebaja\/","og_locale":"es_MX","og_type":"article","og_title":"Plato de Vidrio | Dise\u00f1o Mandala Geom\u00e9trico Azul | Serenidad","og_description":"Plato de Vidrio Dise\u00f1o Mandala Azul. Aporta serenidad, enfoque y valor a tu vajilla. Fomenta el estilo y la armon\u00eda geom\u00e9trica.","og_url":"https:\/\/galeriaseltriunfo.com\/dev2\/producto\/plato-vidrio-mandala-geometrico-azul-rebaja\/","og_site_name":"Galer\u00edas el Triunfo","article_publisher":"https:\/\/www.facebook.com\/galeriaseltriunfo","article_modified_time":"2026-03-10T12:34:47+00:00","og_image":[{"width":300,"height":300,"url":"https:\/\/galeriaseltriunfo.com\/dev2\/wp-content\/uploads\/2023\/08\/120071887132-Plato-de-vidrio-azul-galerias-el-triunfo.jpg","type":"image\/jpeg"}],"twitter_card":"summary_large_image","twitter_site":"@Gal_El_Triunfo","twitter_misc":{"Tiempo de lectura":"2 minutos"},"schema":{"@context":"https:\/\/schema.org","@graph":[{"@type":["WebPage","SearchResultsPage"],"@id":"https:\/\/galeriaseltriunfo.com\/dev2\/producto\/plato-vidrio-mandala-geometrico-azul-rebaja\/","url":"https:\/\/galeriaseltriunfo.com\/dev2\/producto\/plato-vidrio-mandala-geometrico-azul-rebaja\/","name":"Plato de Vidrio | Dise\u00f1o Mandala Geom\u00e9trico Azul | Serenidad","isPartOf":{"@id":"https:\/\/galeriaseltriunfo.com\/dev2\/#website"},"primaryImageOfPage":{"@id":"https:\/\/galeriaseltriunfo.com\/dev2\/producto\/plato-vidrio-mandala-geometrico-azul-rebaja\/#primaryimage"},"image":{"@id":"https:\/\/galeriaseltriunfo.com\/dev2\/producto\/plato-vidrio-mandala-geometrico-azul-rebaja\/#primaryimage"},"thumbnailUrl":"https:\/\/galeriaseltriunfo.com\/dev2\/wp-content\/uploads\/2023\/08\/120071887132-Plato-de-vidrio-azul-galerias-el-triunfo.jpg","datePublished":"2022-01-26T00:00:00+00:00","dateModified":"2026-03-10T12:34:47+00:00","description":"Plato de Vidrio Dise\u00f1o Mandala Azul. Aporta serenidad, enfoque y valor a tu vajilla. Fomenta el estilo y la armon\u00eda geom\u00e9trica.","breadcrumb":{"@id":"https:\/\/galeriaseltriunfo.com\/dev2\/producto\/plato-vidrio-mandala-geometrico-azul-rebaja\/#breadcrumb"},"inLanguage":"es","potentialAction":[{"@type":"ReadAction","target":["https:\/\/galeriaseltriunfo.com\/dev2\/producto\/plato-vidrio-mandala-geometrico-azul-rebaja\/"]}]},{"@type":"ImageObject","inLanguage":"es","@id":"https:\/\/galeriaseltriunfo.com\/dev2\/producto\/plato-vidrio-mandala-geometrico-azul-rebaja\/#primaryimage","url":"https:\/\/galeriaseltriunfo.com\/dev2\/wp-content\/uploads\/2023\/08\/120071887132-Plato-de-vidrio-azul-galerias-el-triunfo.jpg","contentUrl":"https:\/\/galeriaseltriunfo.com\/dev2\/wp-content\/uploads\/2023\/08\/120071887132-Plato-de-vidrio-azul-galerias-el-triunfo.jpg","width":300,"height":300,"caption":"Plato de vidrio azul - Galer\u00edas el Triunfo - 120071887132"},{"@type":"BreadcrumbList","@id":"https:\/\/galeriaseltriunfo.com\/dev2\/producto\/plato-vidrio-mandala-geometrico-azul-rebaja\/#breadcrumb","itemListElement":[{"@type":"ListItem","position":1,"name":"Inicio","item":"https:\/\/galeriaseltriunfo.com\/dev2\/"},{"@type":"ListItem","position":2,"name":"Tienda","item":"https:\/\/galeriaseltriunfo.com\/dev2\/tienda\/"},{"@type":"ListItem","position":3,"name":"Plato Mandala Azul"}]},{"@type":"WebSite","@id":"https:\/\/galeriaseltriunfo.com\/dev2\/#website","url":"https:\/\/galeriaseltriunfo.com\/dev2\/","name":"Galer\u00edas el Triunfo","description":"Galer\u00edas el Triunfo es una de las tiendas online m\u00e1s grandes de accesorios y art\u00edculos de decoraci\u00f3n para el hogar, el jard\u00edn y la oficina. \u00a1Compra ahora!","publisher":{"@id":"https:\/\/galeriaseltriunfo.com\/dev2\/#organization"},"potentialAction":[{"@type":"SearchAction","target":{"@type":"EntryPoint","urlTemplate":"https:\/\/galeriaseltriunfo.com\/dev2\/?s={search_term_string}"},"query-input":{"@type":"PropertyValueSpecification","valueRequired":true,"valueName":"search_term_string"}}],"inLanguage":"es"},{"@type":"Organization","@id":"https:\/\/galeriaseltriunfo.com\/dev2\/#organization","name":"Galer\u00edas el Triunfo","url":"https:\/\/galeriaseltriunfo.com\/dev2\/","logo":{"@type":"ImageObject","inLanguage":"es","@id":"https:\/\/galeriaseltriunfo.com\/dev2\/#\/schema\/logo\/image\/","url":"https:\/\/galeriaseltriunfo.com\/wp-content\/uploads\/2023\/08\/logotipo-galerias-fondo-2x-min.webp","contentUrl":"https:\/\/galeriaseltriunfo.com\/wp-content\/uploads\/2023\/08\/logotipo-galerias-fondo-2x-min.webp","width":184,"height":264,"caption":"Galer\u00edas el Triunfo"},"image":{"@id":"https:\/\/galeriaseltriunfo.com\/dev2\/#\/schema\/logo\/image\/"},"sameAs":["https:\/\/www.facebook.com\/galeriaseltriunfo","https:\/\/x.com\/Gal_El_Triunfo","https:\/\/www.pinterest.com\/GaleriaselTriunfo","https:\/\/instagram.com\/galeriaseltriunfomx","https:\/\/www.youtube.com\/channel\/UChIaW2ZBBS4Pg8pkw0HuE7g","https:\/\/www.tiktok.com\/@galeriaseltriunfo"]}]}},"_links":{"self":[{"href":"https:\/\/galeriaseltriunfo.com\/dev2\/wp-json\/wp\/v2\/product\/164512","targetHints":{"allow":["GET"]}}],"collection":[{"href":"https:\/\/galeriaseltriunfo.com\/dev2\/wp-json\/wp\/v2\/product"}],"about":[{"href":"https:\/\/galeriaseltriunfo.com\/dev2\/wp-json\/wp\/v2\/types\/product"}],"wp:featuredmedia":[{"embeddable":true,"href":"https:\/\/galeriaseltriunfo.com\/dev2\/wp-json\/wp\/v2\/media\/164513"}],"wp:attachment":[{"href":"https:\/\/galeriaseltriunfo.com\/dev2\/wp-json\/wp\/v2\/media?parent=164512"}],"wp:term":[{"taxonomy":"product_brand","embeddable":true,"href":"https:\/\/galeriaseltriunfo.com\/dev2\/wp-json\/wp\/v2\/product_brand?post=164512"},{"taxonomy":"product_cat","embeddable":true,"href":"https:\/\/galeriaseltriunfo.com\/dev2\/wp-json\/wp\/v2\/product_cat?post=164512"},{"taxonomy":"product_tag","embeddable":true,"href":"https:\/\/galeriaseltriunfo.com\/dev2\/wp-json\/wp\/v2\/product_tag?post=164512"}],"curies":[{"name":"wp","href":"https:\/\/api.w.org\/{rel}","templated":true}]}}