{"id":164645,"date":"2022-10-15T00:00:00","date_gmt":"2022-10-15T00:00:00","guid":{"rendered":"https:\/\/www.galeriaseltriunfo.com\/wptest\/producto\/florero-de-vidrio-verde-3\/"},"modified":"2026-03-24T10:12:43","modified_gmt":"2026-03-24T16:12:43","slug":"florero-de-vidrio-verde-3","status":"publish","type":"product","link":"https:\/\/galeriaseltriunfo.com\/dev2\/producto\/florero-de-vidrio-verde-3\/","title":{"rendered":"Florero de Vidrio Verde con Relieve de Hojas"},"content":{"rendered":"<h3 data-path-to-node=\"6\"><b data-path-to-node=\"6\" data-index-in-node=\"0\">Naturaleza Esculpida Y Frescura En Tu Hogar<\/b><\/h3>\n<p data-path-to-node=\"7\">El <b data-path-to-node=\"7\" data-index-in-node=\"3\">Florero de vidrio verde<\/b> es la pieza maestra para quien busca una est\u00e9tica org\u00e1nica, un dise\u00f1o que celebre la flora y una presencia visual refrescante en su decoraci\u00f3n de interiores. Este objeto ofrece una <b data-path-to-node=\"7\" data-index-in-node=\"208\">sofisticaci\u00f3n bot\u00e1nica<\/b> incomparable para exhibir ramos frondosos, flores silvestres o como una pieza decorativa central en <b data-path-to-node=\"7\" data-index-in-node=\"331\">tu espacio<\/b> de convivencia. Su sola presencia ayuda a elevar la vitalidad de cualquier ambiente de manera inmediata. Lo logra mediante su dise\u00f1o detallado de silueta tipo &#8220;hurac\u00e1n&#8221; con un intrincado relieve de hojas de palma que envuelve todo el cuerpo, todo en un suave tono verde esmeralda trasl\u00facido, lo que evoca la exuberancia de la naturaleza en la categor\u00eda de <b data-path-to-node=\"7\" data-index-in-node=\"698\"><a target=\"_blank\" href=\"https:\/\/galeriaseltriunfo.com\/categoria\/liquidacion\/\" rel=\"noopener\" class=\"ng-star-inserted\" data-hveid=\"0\" data-ved=\"0CAAQ_4QMahgKEwjdoLfWq6eTAxUAAAAAHQAAAAAQzxk\">Liquidaci\u00f3n<\/a><\/b>.<\/p>\n<p data-path-to-node=\"8\">Tambi\u00e9n transmite una sensaci\u00f3n de paz y lujo eco-chic a trav\u00e9s de su transparencia coloreada, que captura la esencia de la exclusividad al aportar un toque de autoridad decorativa a cualquier estancia. Su apariencia refinada invita a la relajaci\u00f3n mientras disfrutas de una pieza de alto impacto visual y equilibrio entre la forma acampanada de la boca y la solidez de su base circular. Funciona perfectamente en cualquier circunstancia, desde una terraza sofisticada hasta un sal\u00f3n de estilo contempor\u00e1neo, actuando como el escenario ideal para resaltar la belleza de tus arreglos sobre un fondo art\u00edstico y funcional. De hecho, este elemento permite que tu zona de estancia resalte con mucha fuerza hoy mismo de forma imponente. Adem\u00e1s, la est\u00e9tica de este <b data-path-to-node=\"8\" data-index-in-node=\"760\">florero de vidrio verde<\/b> simboliza la <b data-path-to-node=\"8\" data-index-in-node=\"797\">renovaci\u00f3n<\/b> y el \u00e9xito en la armonizaci\u00f3n de espacios con alma natural.<\/p>\n<h3 data-path-to-node=\"9\"><b data-path-to-node=\"9\" data-index-in-node=\"0\">Beneficios Visuales Y Calidad Del Vidrio<\/b><\/h3>\n<p data-path-to-node=\"10\">En consecuencia, es la pieza ideal para quien valora la <b data-path-to-node=\"10\" data-index-in-node=\"56\">exclusividad<\/b> y el dise\u00f1o con motivos naturales con un descuento excepcional. Al observar este jarr\u00f3n con textura de palma, se experimenta una sensaci\u00f3n de <b data-path-to-node=\"10\" data-index-in-node=\"211\">bienestar y frescura<\/b> por el \u00e9xito de su propuesta est\u00e9tica. Por lo tanto, usted sentir\u00e1 una atm\u00f3sfera de <b data-path-to-node=\"10\" data-index-in-node=\"316\">renovaci\u00f3n elegante<\/b> en su inventario de accesorios para el hogar. Integrar este elemento ofrece el beneficio de transformar un rinc\u00f3n neutro en un escenario de <b data-path-to-node=\"10\" data-index-in-node=\"476\">lujo visual<\/b> deslumbrante. As\u00ed, usted lograr\u00e1 un toque de <b data-path-to-node=\"10\" data-index-in-node=\"533\">vanguardia ejecutiva<\/b> con mucha facilidad.<\/p>\n<h3 data-path-to-node=\"11\"><b data-path-to-node=\"11\" data-index-in-node=\"0\">Gu\u00eda De Uso Y Cuidado Premium<\/b><\/h3>\n<p data-path-to-node=\"12\">Respecto a su uso, coloque el florero cerca de fuentes de luz para que el relieve de las hojas proyecte sombras art\u00edsticas y sea la protagonista absoluta con total confianza. Primero, limpie la superficie peri\u00f3dicamente utilizando pa\u00f1os de microfibra y agua tibia para mantener la nitidez del color verde sin afectar los detalles del relieve de este <b data-path-to-node=\"12\" data-index-in-node=\"350\">florero de vidrio verde<\/b>. Gracias a su boca ancha y base estable, es una pieza vers\u00e1til dise\u00f1ada para soportar arreglos densos manteniendo la elegancia. Se recomienda el lavado a mano para preservar el brillo y la integridad del cristal a largo plazo. As\u00ed garantizar\u00e1 una <b data-path-to-node=\"12\" data-index-in-node=\"621\">calidad excepcional<\/b> en la categor\u00eda de <b data-path-to-node=\"12\" data-index-in-node=\"660\"><a target=\"_blank\" href=\"https:\/\/galeriaseltriunfo.com\/categoria\/liquidacion\/\" rel=\"noopener\" class=\"ng-star-inserted\" data-hveid=\"0\" data-ved=\"0CAAQ_4QMahgKEwjdoLfWq6eTAxUAAAAAHQAAAAAQ0Bk\">Liquidaci\u00f3n<\/a><\/b> que representa la excelencia de nuestra tienda.<\/p>\n","protected":false},"excerpt":{"rendered":"<p>Florero de vidrio verde dise\u00f1o copa grabado hojas de 19x13x35cm<\/p>\n","protected":false},"featured_media":164646,"template":"","meta":[],"product_brand":[],"product_cat":[1129],"product_tag":[12943,11552,13005,12658,529,9917,12754,13004,1013],"class_list":{"0":"post-164645","1":"product","2":"type-product","3":"status-publish","4":"has-post-thumbnail","6":"product_cat-liquidacion","7":"product_tag-accesorios-de-interior","8":"product_tag-decoracion-organica","9":"product_tag-diseno-tropical","10":"product_tag-florero-de-vidrio","11":"product_tag-floreros-decorativos","12":"product_tag-galerias-el-triunfo","13":"product_tag-hot-sale","14":"product_tag-jarron-verde","15":"product_tag-liquidacion","17":"first","18":"instock","19":"sale","20":"purchasable","21":"product-type-simple"},"yoast_head":"<!-- This site is optimized with the Yoast SEO plugin v27.4 - https:\/\/yoast.com\/product\/yoast-seo-wordpress\/ -->\n<title>Florero de Vidrio Verde con Relieve de Hojas | Galer\u00edas El Triunfo<\/title>\n<meta name=\"description\" content=\"Dale un toque tropical a tu hogar con el exclusivo florero de vidrio verde. Dise\u00f1o labrado con hojas de palma en liquidaci\u00f3n para un estilo fresco.\" \/>\n<meta name=\"robots\" content=\"index, follow, max-snippet:-1, max-image-preview:large, max-video-preview:-1\" \/>\n<link rel=\"canonical\" href=\"https:\/\/galeriaseltriunfo.com\/dev2\/producto\/florero-de-vidrio-verde-3\/\" \/>\n<meta property=\"og:locale\" content=\"es_MX\" \/>\n<meta property=\"og:type\" content=\"article\" \/>\n<meta property=\"og:title\" content=\"Florero de Vidrio Verde con Relieve de Hojas | Galer\u00edas El Triunfo\" \/>\n<meta property=\"og:description\" content=\"Dale un toque tropical a tu hogar con el exclusivo florero de vidrio verde. Dise\u00f1o labrado con hojas de palma en liquidaci\u00f3n para un estilo fresco.\" \/>\n<meta property=\"og:url\" content=\"https:\/\/galeriaseltriunfo.com\/dev2\/producto\/florero-de-vidrio-verde-3\/\" \/>\n<meta property=\"og:site_name\" content=\"Galer\u00edas el Triunfo\" \/>\n<meta property=\"article:publisher\" content=\"https:\/\/www.facebook.com\/galeriaseltriunfo\" \/>\n<meta property=\"article:modified_time\" content=\"2026-03-24T16:12:43+00:00\" \/>\n<meta property=\"og:image\" content=\"https:\/\/galeriaseltriunfo.com\/dev2\/wp-content\/uploads\/2023\/08\/120007913297-Florero-de-vidrio-verde-galerias-el-triunfo.jpg\" \/>\n\t<meta property=\"og:image:width\" content=\"1000\" \/>\n\t<meta property=\"og:image:height\" content=\"1000\" \/>\n\t<meta property=\"og:image:type\" content=\"image\/jpeg\" \/>\n<meta name=\"twitter:card\" content=\"summary_large_image\" \/>\n<meta name=\"twitter:site\" content=\"@Gal_El_Triunfo\" \/>\n<meta name=\"twitter:label1\" content=\"Tiempo de lectura\" \/>\n\t<meta name=\"twitter:data1\" content=\"3 minutos\" \/>\n<script type=\"application\/ld+json\" class=\"yoast-schema-graph\">{\"@context\":\"https:\\\/\\\/schema.org\",\"@graph\":[{\"@type\":[\"WebPage\",\"SearchResultsPage\"],\"@id\":\"https:\\\/\\\/galeriaseltriunfo.com\\\/dev2\\\/producto\\\/florero-de-vidrio-verde-3\\\/\",\"url\":\"https:\\\/\\\/galeriaseltriunfo.com\\\/dev2\\\/producto\\\/florero-de-vidrio-verde-3\\\/\",\"name\":\"Florero de Vidrio Verde con Relieve de Hojas | Galer\u00edas El Triunfo\",\"isPartOf\":{\"@id\":\"https:\\\/\\\/galeriaseltriunfo.com\\\/dev2\\\/#website\"},\"primaryImageOfPage\":{\"@id\":\"https:\\\/\\\/galeriaseltriunfo.com\\\/dev2\\\/producto\\\/florero-de-vidrio-verde-3\\\/#primaryimage\"},\"image\":{\"@id\":\"https:\\\/\\\/galeriaseltriunfo.com\\\/dev2\\\/producto\\\/florero-de-vidrio-verde-3\\\/#primaryimage\"},\"thumbnailUrl\":\"https:\\\/\\\/galeriaseltriunfo.com\\\/dev2\\\/wp-content\\\/uploads\\\/2023\\\/08\\\/120007913297-Florero-de-vidrio-verde-galerias-el-triunfo.jpg\",\"datePublished\":\"2022-10-15T00:00:00+00:00\",\"dateModified\":\"2026-03-24T16:12:43+00:00\",\"description\":\"Dale un toque tropical a tu hogar con el exclusivo florero de vidrio verde. Dise\u00f1o labrado con hojas de palma en liquidaci\u00f3n para un estilo fresco.\",\"breadcrumb\":{\"@id\":\"https:\\\/\\\/galeriaseltriunfo.com\\\/dev2\\\/producto\\\/florero-de-vidrio-verde-3\\\/#breadcrumb\"},\"inLanguage\":\"es\",\"potentialAction\":[{\"@type\":\"ReadAction\",\"target\":[\"https:\\\/\\\/galeriaseltriunfo.com\\\/dev2\\\/producto\\\/florero-de-vidrio-verde-3\\\/\"]}]},{\"@type\":\"ImageObject\",\"inLanguage\":\"es\",\"@id\":\"https:\\\/\\\/galeriaseltriunfo.com\\\/dev2\\\/producto\\\/florero-de-vidrio-verde-3\\\/#primaryimage\",\"url\":\"https:\\\/\\\/galeriaseltriunfo.com\\\/dev2\\\/wp-content\\\/uploads\\\/2023\\\/08\\\/120007913297-Florero-de-vidrio-verde-galerias-el-triunfo.jpg\",\"contentUrl\":\"https:\\\/\\\/galeriaseltriunfo.com\\\/dev2\\\/wp-content\\\/uploads\\\/2023\\\/08\\\/120007913297-Florero-de-vidrio-verde-galerias-el-triunfo.jpg\",\"width\":1000,\"height\":1000,\"caption\":\"Florero de vidrio verde - Galer\u00edas el Triunfo - 120007913297\"},{\"@type\":\"BreadcrumbList\",\"@id\":\"https:\\\/\\\/galeriaseltriunfo.com\\\/dev2\\\/producto\\\/florero-de-vidrio-verde-3\\\/#breadcrumb\",\"itemListElement\":[{\"@type\":\"ListItem\",\"position\":1,\"name\":\"Inicio\",\"item\":\"https:\\\/\\\/galeriaseltriunfo.com\\\/dev2\\\/\"},{\"@type\":\"ListItem\",\"position\":2,\"name\":\"Tienda\",\"item\":\"https:\\\/\\\/galeriaseltriunfo.com\\\/dev2\\\/tienda\\\/\"},{\"@type\":\"ListItem\",\"position\":3,\"name\":\"Florero de Vidrio Verde con Relieve de Hojas\"}]},{\"@type\":\"WebSite\",\"@id\":\"https:\\\/\\\/galeriaseltriunfo.com\\\/dev2\\\/#website\",\"url\":\"https:\\\/\\\/galeriaseltriunfo.com\\\/dev2\\\/\",\"name\":\"Galer\u00edas el Triunfo\",\"description\":\"Galer\u00edas el Triunfo es una de las tiendas online m\u00e1s grandes de accesorios y art\u00edculos de decoraci\u00f3n para el hogar, el jard\u00edn y la oficina. \u00a1Compra ahora!\",\"publisher\":{\"@id\":\"https:\\\/\\\/galeriaseltriunfo.com\\\/dev2\\\/#organization\"},\"potentialAction\":[{\"@type\":\"SearchAction\",\"target\":{\"@type\":\"EntryPoint\",\"urlTemplate\":\"https:\\\/\\\/galeriaseltriunfo.com\\\/dev2\\\/?s={search_term_string}\"},\"query-input\":{\"@type\":\"PropertyValueSpecification\",\"valueRequired\":true,\"valueName\":\"search_term_string\"}}],\"inLanguage\":\"es\"},{\"@type\":\"Organization\",\"@id\":\"https:\\\/\\\/galeriaseltriunfo.com\\\/dev2\\\/#organization\",\"name\":\"Galer\u00edas el Triunfo\",\"url\":\"https:\\\/\\\/galeriaseltriunfo.com\\\/dev2\\\/\",\"logo\":{\"@type\":\"ImageObject\",\"inLanguage\":\"es\",\"@id\":\"https:\\\/\\\/galeriaseltriunfo.com\\\/dev2\\\/#\\\/schema\\\/logo\\\/image\\\/\",\"url\":\"https:\\\/\\\/galeriaseltriunfo.com\\\/wp-content\\\/uploads\\\/2023\\\/08\\\/logotipo-galerias-fondo-2x-min.webp\",\"contentUrl\":\"https:\\\/\\\/galeriaseltriunfo.com\\\/wp-content\\\/uploads\\\/2023\\\/08\\\/logotipo-galerias-fondo-2x-min.webp\",\"width\":184,\"height\":264,\"caption\":\"Galer\u00edas el Triunfo\"},\"image\":{\"@id\":\"https:\\\/\\\/galeriaseltriunfo.com\\\/dev2\\\/#\\\/schema\\\/logo\\\/image\\\/\"},\"sameAs\":[\"https:\\\/\\\/www.facebook.com\\\/galeriaseltriunfo\",\"https:\\\/\\\/x.com\\\/Gal_El_Triunfo\",\"https:\\\/\\\/www.pinterest.com\\\/GaleriaselTriunfo\",\"https:\\\/\\\/instagram.com\\\/galeriaseltriunfomx\",\"https:\\\/\\\/www.youtube.com\\\/channel\\\/UChIaW2ZBBS4Pg8pkw0HuE7g\",\"https:\\\/\\\/www.tiktok.com\\\/@galeriaseltriunfo\"]}]}<\/script>\n<!-- \/ Yoast SEO plugin. -->","yoast_head_json":{"title":"Florero de Vidrio Verde con Relieve de Hojas | Galer\u00edas El Triunfo","description":"Dale un toque tropical a tu hogar con el exclusivo florero de vidrio verde. Dise\u00f1o labrado con hojas de palma en liquidaci\u00f3n para un estilo fresco.","robots":{"index":"index","follow":"follow","max-snippet":"max-snippet:-1","max-image-preview":"max-image-preview:large","max-video-preview":"max-video-preview:-1"},"canonical":"https:\/\/galeriaseltriunfo.com\/dev2\/producto\/florero-de-vidrio-verde-3\/","og_locale":"es_MX","og_type":"article","og_title":"Florero de Vidrio Verde con Relieve de Hojas | Galer\u00edas El Triunfo","og_description":"Dale un toque tropical a tu hogar con el exclusivo florero de vidrio verde. Dise\u00f1o labrado con hojas de palma en liquidaci\u00f3n para un estilo fresco.","og_url":"https:\/\/galeriaseltriunfo.com\/dev2\/producto\/florero-de-vidrio-verde-3\/","og_site_name":"Galer\u00edas el Triunfo","article_publisher":"https:\/\/www.facebook.com\/galeriaseltriunfo","article_modified_time":"2026-03-24T16:12:43+00:00","og_image":[{"width":1000,"height":1000,"url":"https:\/\/galeriaseltriunfo.com\/dev2\/wp-content\/uploads\/2023\/08\/120007913297-Florero-de-vidrio-verde-galerias-el-triunfo.jpg","type":"image\/jpeg"}],"twitter_card":"summary_large_image","twitter_site":"@Gal_El_Triunfo","twitter_misc":{"Tiempo de lectura":"3 minutos"},"schema":{"@context":"https:\/\/schema.org","@graph":[{"@type":["WebPage","SearchResultsPage"],"@id":"https:\/\/galeriaseltriunfo.com\/dev2\/producto\/florero-de-vidrio-verde-3\/","url":"https:\/\/galeriaseltriunfo.com\/dev2\/producto\/florero-de-vidrio-verde-3\/","name":"Florero de Vidrio Verde con Relieve de Hojas | Galer\u00edas El Triunfo","isPartOf":{"@id":"https:\/\/galeriaseltriunfo.com\/dev2\/#website"},"primaryImageOfPage":{"@id":"https:\/\/galeriaseltriunfo.com\/dev2\/producto\/florero-de-vidrio-verde-3\/#primaryimage"},"image":{"@id":"https:\/\/galeriaseltriunfo.com\/dev2\/producto\/florero-de-vidrio-verde-3\/#primaryimage"},"thumbnailUrl":"https:\/\/galeriaseltriunfo.com\/dev2\/wp-content\/uploads\/2023\/08\/120007913297-Florero-de-vidrio-verde-galerias-el-triunfo.jpg","datePublished":"2022-10-15T00:00:00+00:00","dateModified":"2026-03-24T16:12:43+00:00","description":"Dale un toque tropical a tu hogar con el exclusivo florero de vidrio verde. Dise\u00f1o labrado con hojas de palma en liquidaci\u00f3n para un estilo fresco.","breadcrumb":{"@id":"https:\/\/galeriaseltriunfo.com\/dev2\/producto\/florero-de-vidrio-verde-3\/#breadcrumb"},"inLanguage":"es","potentialAction":[{"@type":"ReadAction","target":["https:\/\/galeriaseltriunfo.com\/dev2\/producto\/florero-de-vidrio-verde-3\/"]}]},{"@type":"ImageObject","inLanguage":"es","@id":"https:\/\/galeriaseltriunfo.com\/dev2\/producto\/florero-de-vidrio-verde-3\/#primaryimage","url":"https:\/\/galeriaseltriunfo.com\/dev2\/wp-content\/uploads\/2023\/08\/120007913297-Florero-de-vidrio-verde-galerias-el-triunfo.jpg","contentUrl":"https:\/\/galeriaseltriunfo.com\/dev2\/wp-content\/uploads\/2023\/08\/120007913297-Florero-de-vidrio-verde-galerias-el-triunfo.jpg","width":1000,"height":1000,"caption":"Florero de vidrio verde - Galer\u00edas el Triunfo - 120007913297"},{"@type":"BreadcrumbList","@id":"https:\/\/galeriaseltriunfo.com\/dev2\/producto\/florero-de-vidrio-verde-3\/#breadcrumb","itemListElement":[{"@type":"ListItem","position":1,"name":"Inicio","item":"https:\/\/galeriaseltriunfo.com\/dev2\/"},{"@type":"ListItem","position":2,"name":"Tienda","item":"https:\/\/galeriaseltriunfo.com\/dev2\/tienda\/"},{"@type":"ListItem","position":3,"name":"Florero de Vidrio Verde con Relieve de Hojas"}]},{"@type":"WebSite","@id":"https:\/\/galeriaseltriunfo.com\/dev2\/#website","url":"https:\/\/galeriaseltriunfo.com\/dev2\/","name":"Galer\u00edas el Triunfo","description":"Galer\u00edas el Triunfo es una de las tiendas online m\u00e1s grandes de accesorios y art\u00edculos de decoraci\u00f3n para el hogar, el jard\u00edn y la oficina. \u00a1Compra ahora!","publisher":{"@id":"https:\/\/galeriaseltriunfo.com\/dev2\/#organization"},"potentialAction":[{"@type":"SearchAction","target":{"@type":"EntryPoint","urlTemplate":"https:\/\/galeriaseltriunfo.com\/dev2\/?s={search_term_string}"},"query-input":{"@type":"PropertyValueSpecification","valueRequired":true,"valueName":"search_term_string"}}],"inLanguage":"es"},{"@type":"Organization","@id":"https:\/\/galeriaseltriunfo.com\/dev2\/#organization","name":"Galer\u00edas el Triunfo","url":"https:\/\/galeriaseltriunfo.com\/dev2\/","logo":{"@type":"ImageObject","inLanguage":"es","@id":"https:\/\/galeriaseltriunfo.com\/dev2\/#\/schema\/logo\/image\/","url":"https:\/\/galeriaseltriunfo.com\/wp-content\/uploads\/2023\/08\/logotipo-galerias-fondo-2x-min.webp","contentUrl":"https:\/\/galeriaseltriunfo.com\/wp-content\/uploads\/2023\/08\/logotipo-galerias-fondo-2x-min.webp","width":184,"height":264,"caption":"Galer\u00edas el Triunfo"},"image":{"@id":"https:\/\/galeriaseltriunfo.com\/dev2\/#\/schema\/logo\/image\/"},"sameAs":["https:\/\/www.facebook.com\/galeriaseltriunfo","https:\/\/x.com\/Gal_El_Triunfo","https:\/\/www.pinterest.com\/GaleriaselTriunfo","https:\/\/instagram.com\/galeriaseltriunfomx","https:\/\/www.youtube.com\/channel\/UChIaW2ZBBS4Pg8pkw0HuE7g","https:\/\/www.tiktok.com\/@galeriaseltriunfo"]}]}},"_links":{"self":[{"href":"https:\/\/galeriaseltriunfo.com\/dev2\/wp-json\/wp\/v2\/product\/164645","targetHints":{"allow":["GET"]}}],"collection":[{"href":"https:\/\/galeriaseltriunfo.com\/dev2\/wp-json\/wp\/v2\/product"}],"about":[{"href":"https:\/\/galeriaseltriunfo.com\/dev2\/wp-json\/wp\/v2\/types\/product"}],"wp:featuredmedia":[{"embeddable":true,"href":"https:\/\/galeriaseltriunfo.com\/dev2\/wp-json\/wp\/v2\/media\/164646"}],"wp:attachment":[{"href":"https:\/\/galeriaseltriunfo.com\/dev2\/wp-json\/wp\/v2\/media?parent=164645"}],"wp:term":[{"taxonomy":"product_brand","embeddable":true,"href":"https:\/\/galeriaseltriunfo.com\/dev2\/wp-json\/wp\/v2\/product_brand?post=164645"},{"taxonomy":"product_cat","embeddable":true,"href":"https:\/\/galeriaseltriunfo.com\/dev2\/wp-json\/wp\/v2\/product_cat?post=164645"},{"taxonomy":"product_tag","embeddable":true,"href":"https:\/\/galeriaseltriunfo.com\/dev2\/wp-json\/wp\/v2\/product_tag?post=164645"}],"curies":[{"name":"wp","href":"https:\/\/api.w.org\/{rel}","templated":true}]}}