{"id":166210,"date":"2023-02-14T00:00:00","date_gmt":"2023-02-14T00:00:00","guid":{"rendered":"https:\/\/www.galeriaseltriunfo.com\/wptest\/producto\/bowl-de-porcelana-blanca-3\/"},"modified":"2026-03-17T11:28:53","modified_gmt":"2026-03-17T17:28:53","slug":"bowl-de-porcelana-blanca-3","status":"publish","type":"product","link":"https:\/\/galeriaseltriunfo.com\/dev2\/producto\/bowl-de-porcelana-blanca-3\/","title":{"rendered":"Bowl Hondo Silueta de Pez"},"content":{"rendered":"<h3 data-path-to-node=\"6\"><b data-path-to-node=\"6\" data-index-in-node=\"0\">Frescura Marina Y Pureza En Tu Mesa<\/b><\/h3>\n<p data-path-to-node=\"7\">El <b data-path-to-node=\"7\" data-index-in-node=\"3\">Bowl de porcelana blanca<\/b> es la pieza maestra para quien busca una est\u00e9tica l\u00fadica pero refinada, un dise\u00f1o de l\u00edneas fluidas y una presencia visual refrescante en su servicio de mesa o decoraci\u00f3n de exteriores. Este objeto ofrece una <b data-path-to-node=\"7\" data-index-in-node=\"237\">sofisticaci\u00f3n n\u00e1utica<\/b> incomparable para cualquier servicio de sopas, cereales o como acento decorativo en <b data-path-to-node=\"7\" data-index-in-node=\"343\">tu espacio<\/b> de convivencia. Su sola presencia ayuda a elevar la originalidad de tu vajilla de manera inmediata. Lo logra mediante su dise\u00f1o detallado que replica la silueta de un pez con bordes elevados y texturas en relieve que simulan las aletas y la cola, todo en un blanco puro impecable, lo que evoca la libertad del oc\u00e9ano en la categor\u00eda de <b data-path-to-node=\"7\" data-index-in-node=\"690\"><a target=\"_blank\" href=\"https:\/\/galeriaseltriunfo.com\/categoria\/liquidacion\/\" rel=\"noopener\" class=\"ng-star-inserted\" data-hveid=\"0\" data-ved=\"0CAAQ_4QMahgKEwjdoLfWq6eTAxUAAAAAHQAAAAAQ4QQ\">Liquidaci\u00f3n<\/a><\/b>.<\/p>\n<p data-path-to-node=\"8\">Tambi\u00e9n transmite una sensaci\u00f3n de paz y modernidad a trav\u00e9s de su acabado v\u00edtreo de alto brillo, que captura la esencia de la exclusividad al aportar un toque de autoridad decorativa a cualquier estancia. Su apariencia refinada invita al disfrute sensorial mientras cuentas con una pieza de alto impacto visual y equilibrio entre la forma org\u00e1nica y la funcionalidad diaria. Funciona perfectamente en cualquier circunstancia, actuando como el escenario ideal para resaltar platillos gourmet sobre un fondo art\u00edstico y funcional. De hecho, este elemento permite que tu servicio de mesa resalte con mucha fuerza hoy mismo de forma imponente. Adem\u00e1s, la est\u00e9tica de este <b data-path-to-node=\"8\" data-index-in-node=\"669\">bowl de porcelana blanca<\/b> simboliza la <b data-path-to-node=\"8\" data-index-in-node=\"707\">abundancia<\/b> y el \u00e9xito en la armonizaci\u00f3n de interiores con alma mediterr\u00e1nea.<\/p>\n<h3 data-path-to-node=\"9\"><b data-path-to-node=\"9\" data-index-in-node=\"0\">Beneficios Visuales Y Calidad Del Material<\/b><\/h3>\n<p data-path-to-node=\"10\">En consecuencia, es la pieza ideal para quien valora la <b data-path-to-node=\"10\" data-index-in-node=\"56\">exclusividad<\/b> y el menaje tem\u00e1tico en porcelana fina con un descuento excepcional. Al observar este bowl con forma marina, se experimenta una sensaci\u00f3n de <b data-path-to-node=\"10\" data-index-in-node=\"210\">bienestar y limpieza<\/b> por el \u00e9xito de su propuesta est\u00e9tica. Por lo tanto, usted sentir\u00e1 una atm\u00f3sfera de <b data-path-to-node=\"10\" data-index-in-node=\"315\">renovaci\u00f3n moderna<\/b> en su inventario de accesorios para el hogar. Integrar este elemento ofrece el beneficio de transformar una mesa simple en un escenario de <b data-path-to-node=\"10\" data-index-in-node=\"473\">lujo visual<\/b> deslumbrante. As\u00ed, usted lograr\u00e1 un toque de <b data-path-to-node=\"10\" data-index-in-node=\"530\">vanguardia ejecutiva<\/b> con mucha facilidad.<\/p>\n<h3 data-path-to-node=\"11\"><b data-path-to-node=\"11\" data-index-in-node=\"0\">Gu\u00eda De Uso Y Cuidado Premium<\/b><\/h3>\n<p data-path-to-node=\"12\">Respecto a su uso, combine el bowl con manteler\u00eda de lino o superficies de madera para que la silueta blanca del pez sea la protagonista absoluta con total confianza. Primero, limpie la superficie peri\u00f3dicamente utilizando esponjas suaves para mantener el brillo del esmalte sin afectar los relieves de este <b data-path-to-node=\"12\" data-index-in-node=\"308\">bowl de porcelana blanca<\/b>. Gracias a su di\u00e1metro de 24 cm y su profundidad ergon\u00f3mica, esta pieza es ideal tanto para el uso cotidiano como para ocasiones especiales frente al mar. As\u00ed garantizar\u00e1 una <b data-path-to-node=\"12\" data-index-in-node=\"508\">calidad excepcional<\/b> en la categor\u00eda de <b data-path-to-node=\"12\" data-index-in-node=\"547\"><a target=\"_blank\" href=\"https:\/\/galeriaseltriunfo.com\/categoria\/liquidacion\/\" rel=\"noopener\" class=\"ng-star-inserted\" data-hveid=\"0\" data-ved=\"0CAAQ_4QMahgKEwjdoLfWq6eTAxUAAAAAHQAAAAAQ4gQ\">Liquidaci\u00f3n<\/a><\/b> que representa la excelencia de nuestra tienda.<\/p>\n","protected":false},"excerpt":{"rendered":"<p>Bowl de porcelana blanca dise\u00f1o pez de 24cm<\/p>\n","protected":false},"featured_media":287037,"template":"","meta":[],"product_brand":[],"product_cat":[1129,1150],"product_tag":[10972,12889,8849,9917,12754,1013,10266,12228],"class_list":{"0":"post-166210","1":"product","2":"type-product","3":"status-publish","4":"has-post-thumbnail","6":"product_cat-liquidacion","7":"product_cat-marino","8":"product_tag-accesorios-de-mesa","9":"product_tag-bowl-de-pez","10":"product_tag-decoracion-nautica","11":"product_tag-galerias-el-triunfo","12":"product_tag-hot-sale","13":"product_tag-liquidacion","14":"product_tag-porcelana-blanca","15":"product_tag-vajilla-de-lujo","17":"first","18":"instock","19":"sale","20":"purchasable","21":"product-type-simple"},"yoast_head":"<!-- This site is optimized with the Yoast SEO plugin v27.4 - https:\/\/yoast.com\/product\/yoast-seo-wordpress\/ -->\n<title>Bowl Hondo Silueta de Pez | Galer\u00edas El Triunfo<\/title>\n<meta name=\"description\" content=\"Eleva tu mesa con el exclusivo bowl de porcelana blanca. Dise\u00f1o de pez con relieves marinos en liquidaci\u00f3n para un hogar fresco y \u00fanico hoy mismo.\" \/>\n<meta name=\"robots\" content=\"index, follow, max-snippet:-1, max-image-preview:large, max-video-preview:-1\" \/>\n<link rel=\"canonical\" href=\"https:\/\/galeriaseltriunfo.com\/dev2\/producto\/bowl-de-porcelana-blanca-3\/\" \/>\n<meta property=\"og:locale\" content=\"es_MX\" \/>\n<meta property=\"og:type\" content=\"article\" \/>\n<meta property=\"og:title\" content=\"Bowl Hondo Silueta de Pez | Galer\u00edas El Triunfo\" \/>\n<meta property=\"og:description\" content=\"Eleva tu mesa con el exclusivo bowl de porcelana blanca. Dise\u00f1o de pez con relieves marinos en liquidaci\u00f3n para un hogar fresco y \u00fanico hoy mismo.\" \/>\n<meta property=\"og:url\" content=\"https:\/\/galeriaseltriunfo.com\/dev2\/producto\/bowl-de-porcelana-blanca-3\/\" \/>\n<meta property=\"og:site_name\" content=\"Galer\u00edas el Triunfo\" \/>\n<meta property=\"article:publisher\" content=\"https:\/\/www.facebook.com\/galeriaseltriunfo\" \/>\n<meta property=\"article:modified_time\" content=\"2026-03-17T17:28:53+00:00\" \/>\n<meta property=\"og:image\" content=\"https:\/\/galeriaseltriunfo.com\/dev2\/wp-content\/uploads\/2024\/07\/090307370409.jpg\" \/>\n\t<meta property=\"og:image:width\" content=\"300\" \/>\n\t<meta property=\"og:image:height\" content=\"300\" \/>\n\t<meta property=\"og:image:type\" content=\"image\/jpeg\" \/>\n<meta name=\"twitter:card\" content=\"summary_large_image\" \/>\n<meta name=\"twitter:site\" content=\"@Gal_El_Triunfo\" \/>\n<meta name=\"twitter:label1\" content=\"Tiempo de lectura\" \/>\n\t<meta name=\"twitter:data1\" content=\"3 minutos\" \/>\n<script type=\"application\/ld+json\" class=\"yoast-schema-graph\">{\"@context\":\"https:\\\/\\\/schema.org\",\"@graph\":[{\"@type\":[\"WebPage\",\"SearchResultsPage\"],\"@id\":\"https:\\\/\\\/galeriaseltriunfo.com\\\/dev2\\\/producto\\\/bowl-de-porcelana-blanca-3\\\/\",\"url\":\"https:\\\/\\\/galeriaseltriunfo.com\\\/dev2\\\/producto\\\/bowl-de-porcelana-blanca-3\\\/\",\"name\":\"Bowl Hondo Silueta de Pez | Galer\u00edas El Triunfo\",\"isPartOf\":{\"@id\":\"https:\\\/\\\/galeriaseltriunfo.com\\\/dev2\\\/#website\"},\"primaryImageOfPage\":{\"@id\":\"https:\\\/\\\/galeriaseltriunfo.com\\\/dev2\\\/producto\\\/bowl-de-porcelana-blanca-3\\\/#primaryimage\"},\"image\":{\"@id\":\"https:\\\/\\\/galeriaseltriunfo.com\\\/dev2\\\/producto\\\/bowl-de-porcelana-blanca-3\\\/#primaryimage\"},\"thumbnailUrl\":\"https:\\\/\\\/galeriaseltriunfo.com\\\/dev2\\\/wp-content\\\/uploads\\\/2024\\\/07\\\/090307370409.jpg\",\"datePublished\":\"2023-02-14T00:00:00+00:00\",\"dateModified\":\"2026-03-17T17:28:53+00:00\",\"description\":\"Eleva tu mesa con el exclusivo bowl de porcelana blanca. Dise\u00f1o de pez con relieves marinos en liquidaci\u00f3n para un hogar fresco y \u00fanico hoy mismo.\",\"breadcrumb\":{\"@id\":\"https:\\\/\\\/galeriaseltriunfo.com\\\/dev2\\\/producto\\\/bowl-de-porcelana-blanca-3\\\/#breadcrumb\"},\"inLanguage\":\"es\",\"potentialAction\":[{\"@type\":\"ReadAction\",\"target\":[\"https:\\\/\\\/galeriaseltriunfo.com\\\/dev2\\\/producto\\\/bowl-de-porcelana-blanca-3\\\/\"]}]},{\"@type\":\"ImageObject\",\"inLanguage\":\"es\",\"@id\":\"https:\\\/\\\/galeriaseltriunfo.com\\\/dev2\\\/producto\\\/bowl-de-porcelana-blanca-3\\\/#primaryimage\",\"url\":\"https:\\\/\\\/galeriaseltriunfo.com\\\/dev2\\\/wp-content\\\/uploads\\\/2024\\\/07\\\/090307370409.jpg\",\"contentUrl\":\"https:\\\/\\\/galeriaseltriunfo.com\\\/dev2\\\/wp-content\\\/uploads\\\/2024\\\/07\\\/090307370409.jpg\",\"width\":300,\"height\":300,\"caption\":\"090307370409-galerias el triunfo\"},{\"@type\":\"BreadcrumbList\",\"@id\":\"https:\\\/\\\/galeriaseltriunfo.com\\\/dev2\\\/producto\\\/bowl-de-porcelana-blanca-3\\\/#breadcrumb\",\"itemListElement\":[{\"@type\":\"ListItem\",\"position\":1,\"name\":\"Inicio\",\"item\":\"https:\\\/\\\/galeriaseltriunfo.com\\\/dev2\\\/\"},{\"@type\":\"ListItem\",\"position\":2,\"name\":\"Tienda\",\"item\":\"https:\\\/\\\/galeriaseltriunfo.com\\\/dev2\\\/tienda\\\/\"},{\"@type\":\"ListItem\",\"position\":3,\"name\":\"Bowl Hondo Silueta de Pez\"}]},{\"@type\":\"WebSite\",\"@id\":\"https:\\\/\\\/galeriaseltriunfo.com\\\/dev2\\\/#website\",\"url\":\"https:\\\/\\\/galeriaseltriunfo.com\\\/dev2\\\/\",\"name\":\"Galer\u00edas el Triunfo\",\"description\":\"Galer\u00edas el Triunfo es una de las tiendas online m\u00e1s grandes de accesorios y art\u00edculos de decoraci\u00f3n para el hogar, el jard\u00edn y la oficina. \u00a1Compra ahora!\",\"publisher\":{\"@id\":\"https:\\\/\\\/galeriaseltriunfo.com\\\/dev2\\\/#organization\"},\"potentialAction\":[{\"@type\":\"SearchAction\",\"target\":{\"@type\":\"EntryPoint\",\"urlTemplate\":\"https:\\\/\\\/galeriaseltriunfo.com\\\/dev2\\\/?s={search_term_string}\"},\"query-input\":{\"@type\":\"PropertyValueSpecification\",\"valueRequired\":true,\"valueName\":\"search_term_string\"}}],\"inLanguage\":\"es\"},{\"@type\":\"Organization\",\"@id\":\"https:\\\/\\\/galeriaseltriunfo.com\\\/dev2\\\/#organization\",\"name\":\"Galer\u00edas el Triunfo\",\"url\":\"https:\\\/\\\/galeriaseltriunfo.com\\\/dev2\\\/\",\"logo\":{\"@type\":\"ImageObject\",\"inLanguage\":\"es\",\"@id\":\"https:\\\/\\\/galeriaseltriunfo.com\\\/dev2\\\/#\\\/schema\\\/logo\\\/image\\\/\",\"url\":\"https:\\\/\\\/galeriaseltriunfo.com\\\/wp-content\\\/uploads\\\/2023\\\/08\\\/logotipo-galerias-fondo-2x-min.webp\",\"contentUrl\":\"https:\\\/\\\/galeriaseltriunfo.com\\\/wp-content\\\/uploads\\\/2023\\\/08\\\/logotipo-galerias-fondo-2x-min.webp\",\"width\":184,\"height\":264,\"caption\":\"Galer\u00edas el Triunfo\"},\"image\":{\"@id\":\"https:\\\/\\\/galeriaseltriunfo.com\\\/dev2\\\/#\\\/schema\\\/logo\\\/image\\\/\"},\"sameAs\":[\"https:\\\/\\\/www.facebook.com\\\/galeriaseltriunfo\",\"https:\\\/\\\/x.com\\\/Gal_El_Triunfo\",\"https:\\\/\\\/www.pinterest.com\\\/GaleriaselTriunfo\",\"https:\\\/\\\/instagram.com\\\/galeriaseltriunfomx\",\"https:\\\/\\\/www.youtube.com\\\/channel\\\/UChIaW2ZBBS4Pg8pkw0HuE7g\",\"https:\\\/\\\/www.tiktok.com\\\/@galeriaseltriunfo\"]}]}<\/script>\n<!-- \/ Yoast SEO plugin. -->","yoast_head_json":{"title":"Bowl Hondo Silueta de Pez | Galer\u00edas El Triunfo","description":"Eleva tu mesa con el exclusivo bowl de porcelana blanca. Dise\u00f1o de pez con relieves marinos en liquidaci\u00f3n para un hogar fresco y \u00fanico hoy mismo.","robots":{"index":"index","follow":"follow","max-snippet":"max-snippet:-1","max-image-preview":"max-image-preview:large","max-video-preview":"max-video-preview:-1"},"canonical":"https:\/\/galeriaseltriunfo.com\/dev2\/producto\/bowl-de-porcelana-blanca-3\/","og_locale":"es_MX","og_type":"article","og_title":"Bowl Hondo Silueta de Pez | Galer\u00edas El Triunfo","og_description":"Eleva tu mesa con el exclusivo bowl de porcelana blanca. Dise\u00f1o de pez con relieves marinos en liquidaci\u00f3n para un hogar fresco y \u00fanico hoy mismo.","og_url":"https:\/\/galeriaseltriunfo.com\/dev2\/producto\/bowl-de-porcelana-blanca-3\/","og_site_name":"Galer\u00edas el Triunfo","article_publisher":"https:\/\/www.facebook.com\/galeriaseltriunfo","article_modified_time":"2026-03-17T17:28:53+00:00","og_image":[{"width":300,"height":300,"url":"https:\/\/galeriaseltriunfo.com\/dev2\/wp-content\/uploads\/2024\/07\/090307370409.jpg","type":"image\/jpeg"}],"twitter_card":"summary_large_image","twitter_site":"@Gal_El_Triunfo","twitter_misc":{"Tiempo de lectura":"3 minutos"},"schema":{"@context":"https:\/\/schema.org","@graph":[{"@type":["WebPage","SearchResultsPage"],"@id":"https:\/\/galeriaseltriunfo.com\/dev2\/producto\/bowl-de-porcelana-blanca-3\/","url":"https:\/\/galeriaseltriunfo.com\/dev2\/producto\/bowl-de-porcelana-blanca-3\/","name":"Bowl Hondo Silueta de Pez | Galer\u00edas El Triunfo","isPartOf":{"@id":"https:\/\/galeriaseltriunfo.com\/dev2\/#website"},"primaryImageOfPage":{"@id":"https:\/\/galeriaseltriunfo.com\/dev2\/producto\/bowl-de-porcelana-blanca-3\/#primaryimage"},"image":{"@id":"https:\/\/galeriaseltriunfo.com\/dev2\/producto\/bowl-de-porcelana-blanca-3\/#primaryimage"},"thumbnailUrl":"https:\/\/galeriaseltriunfo.com\/dev2\/wp-content\/uploads\/2024\/07\/090307370409.jpg","datePublished":"2023-02-14T00:00:00+00:00","dateModified":"2026-03-17T17:28:53+00:00","description":"Eleva tu mesa con el exclusivo bowl de porcelana blanca. Dise\u00f1o de pez con relieves marinos en liquidaci\u00f3n para un hogar fresco y \u00fanico hoy mismo.","breadcrumb":{"@id":"https:\/\/galeriaseltriunfo.com\/dev2\/producto\/bowl-de-porcelana-blanca-3\/#breadcrumb"},"inLanguage":"es","potentialAction":[{"@type":"ReadAction","target":["https:\/\/galeriaseltriunfo.com\/dev2\/producto\/bowl-de-porcelana-blanca-3\/"]}]},{"@type":"ImageObject","inLanguage":"es","@id":"https:\/\/galeriaseltriunfo.com\/dev2\/producto\/bowl-de-porcelana-blanca-3\/#primaryimage","url":"https:\/\/galeriaseltriunfo.com\/dev2\/wp-content\/uploads\/2024\/07\/090307370409.jpg","contentUrl":"https:\/\/galeriaseltriunfo.com\/dev2\/wp-content\/uploads\/2024\/07\/090307370409.jpg","width":300,"height":300,"caption":"090307370409-galerias el triunfo"},{"@type":"BreadcrumbList","@id":"https:\/\/galeriaseltriunfo.com\/dev2\/producto\/bowl-de-porcelana-blanca-3\/#breadcrumb","itemListElement":[{"@type":"ListItem","position":1,"name":"Inicio","item":"https:\/\/galeriaseltriunfo.com\/dev2\/"},{"@type":"ListItem","position":2,"name":"Tienda","item":"https:\/\/galeriaseltriunfo.com\/dev2\/tienda\/"},{"@type":"ListItem","position":3,"name":"Bowl Hondo Silueta de Pez"}]},{"@type":"WebSite","@id":"https:\/\/galeriaseltriunfo.com\/dev2\/#website","url":"https:\/\/galeriaseltriunfo.com\/dev2\/","name":"Galer\u00edas el Triunfo","description":"Galer\u00edas el Triunfo es una de las tiendas online m\u00e1s grandes de accesorios y art\u00edculos de decoraci\u00f3n para el hogar, el jard\u00edn y la oficina. \u00a1Compra ahora!","publisher":{"@id":"https:\/\/galeriaseltriunfo.com\/dev2\/#organization"},"potentialAction":[{"@type":"SearchAction","target":{"@type":"EntryPoint","urlTemplate":"https:\/\/galeriaseltriunfo.com\/dev2\/?s={search_term_string}"},"query-input":{"@type":"PropertyValueSpecification","valueRequired":true,"valueName":"search_term_string"}}],"inLanguage":"es"},{"@type":"Organization","@id":"https:\/\/galeriaseltriunfo.com\/dev2\/#organization","name":"Galer\u00edas el Triunfo","url":"https:\/\/galeriaseltriunfo.com\/dev2\/","logo":{"@type":"ImageObject","inLanguage":"es","@id":"https:\/\/galeriaseltriunfo.com\/dev2\/#\/schema\/logo\/image\/","url":"https:\/\/galeriaseltriunfo.com\/wp-content\/uploads\/2023\/08\/logotipo-galerias-fondo-2x-min.webp","contentUrl":"https:\/\/galeriaseltriunfo.com\/wp-content\/uploads\/2023\/08\/logotipo-galerias-fondo-2x-min.webp","width":184,"height":264,"caption":"Galer\u00edas el Triunfo"},"image":{"@id":"https:\/\/galeriaseltriunfo.com\/dev2\/#\/schema\/logo\/image\/"},"sameAs":["https:\/\/www.facebook.com\/galeriaseltriunfo","https:\/\/x.com\/Gal_El_Triunfo","https:\/\/www.pinterest.com\/GaleriaselTriunfo","https:\/\/instagram.com\/galeriaseltriunfomx","https:\/\/www.youtube.com\/channel\/UChIaW2ZBBS4Pg8pkw0HuE7g","https:\/\/www.tiktok.com\/@galeriaseltriunfo"]}]}},"_links":{"self":[{"href":"https:\/\/galeriaseltriunfo.com\/dev2\/wp-json\/wp\/v2\/product\/166210","targetHints":{"allow":["GET"]}}],"collection":[{"href":"https:\/\/galeriaseltriunfo.com\/dev2\/wp-json\/wp\/v2\/product"}],"about":[{"href":"https:\/\/galeriaseltriunfo.com\/dev2\/wp-json\/wp\/v2\/types\/product"}],"wp:featuredmedia":[{"embeddable":true,"href":"https:\/\/galeriaseltriunfo.com\/dev2\/wp-json\/wp\/v2\/media\/287037"}],"wp:attachment":[{"href":"https:\/\/galeriaseltriunfo.com\/dev2\/wp-json\/wp\/v2\/media?parent=166210"}],"wp:term":[{"taxonomy":"product_brand","embeddable":true,"href":"https:\/\/galeriaseltriunfo.com\/dev2\/wp-json\/wp\/v2\/product_brand?post=166210"},{"taxonomy":"product_cat","embeddable":true,"href":"https:\/\/galeriaseltriunfo.com\/dev2\/wp-json\/wp\/v2\/product_cat?post=166210"},{"taxonomy":"product_tag","embeddable":true,"href":"https:\/\/galeriaseltriunfo.com\/dev2\/wp-json\/wp\/v2\/product_tag?post=166210"}],"curies":[{"name":"wp","href":"https:\/\/api.w.org\/{rel}","templated":true}]}}