{"id":167618,"date":"2022-08-02T00:00:00","date_gmt":"2022-08-02T00:00:00","guid":{"rendered":"https:\/\/www.galeriaseltriunfo.com\/wptest\/producto\/lentes-de-graduaccion-200\/"},"modified":"2026-03-18T13:40:03","modified_gmt":"2026-03-18T19:40:03","slug":"lentes-de-graduaccion-200","status":"publish","type":"product","link":"https:\/\/galeriaseltriunfo.com\/dev2\/producto\/lentes-de-graduaccion-200\/","title":{"rendered":"Lentes con Graduaci\u00f3n +2.00"},"content":{"rendered":"<h3 data-path-to-node=\"6\"><b data-path-to-node=\"6\" data-index-in-node=\"0\">Claridad Visual Y Dise\u00f1o Contempor\u00e1neo Para Tu D\u00eda<\/b><\/h3>\n<p data-path-to-node=\"7\">Los <b data-path-to-node=\"7\" data-index-in-node=\"4\">Lentes de graduaci\u00f3n +2.00<\/b> son la pieza maestra para quien busca una est\u00e9tica intelectual moderna, la m\u00e1xima comodidad \u00f3ptica y una presencia visual equilibrada en sus actividades de lectura o uso de dispositivos digitales. Este accesorio ofrece una <b data-path-to-node=\"7\" data-index-in-node=\"254\">sofisticaci\u00f3n funcional<\/b> incomparable para disfrutar de tus libros, documentos o pantallas en <b data-path-to-node=\"7\" data-index-in-node=\"347\">tu espacio<\/b> personal con total nitidez. Su sola presencia ayuda a elevar la calidad de tu visi\u00f3n de manera inmediata. Lo logra mediante su dise\u00f1o detallado de armaz\u00f3n circular de l\u00edneas finas, disponible en una paleta de colores sobrios con varillas que presentan patrones geom\u00e9tricos y texturizados (azul cobalto, rojo carmes\u00ed, gris oxford y caf\u00e9 tabaco), lo que evoca la elegancia urbana en la categor\u00eda de <b data-path-to-node=\"7\" data-index-in-node=\"755\"><a target=\"_blank\" href=\"https:\/\/galeriaseltriunfo.com\/categoria\/liquidacion\/\" rel=\"noopener\" class=\"ng-star-inserted\" data-hveid=\"0\" data-ved=\"0CAAQ_4QMahgKEwi4rYbygKqTAxUAAAAAHQAAAAAQ7Qk\">Liquidaci\u00f3n<\/a><\/b>.<\/p>\n<p data-path-to-node=\"8\">Tambi\u00e9n transmite una sensaci\u00f3n de confianza y lujo cotidiano a trav\u00e9s de su ligereza estructural, que captura la esencia de la exclusividad al aportar un toque de autoridad en tu look diario sin comprometer el bienestar facial. Su apariencia refinada invita al uso prolongado mientras disfrutas de una pieza de alto impacto visual y equilibrio entre la moda minimalista y la salud visual moderna. Funciona perfectamente en cualquier circunstancia, desde una oficina ejecutiva hasta la tranquilidad de tu hogar, actuando como el aliado ideal para resaltar tu personalidad sobre un fondo art\u00edstico y funcional. De hecho, este elemento permite que tu presencia resalte con mucha fuerza hoy mismo de forma imponente. Adem\u00e1s, la est\u00e9tica de estos <b data-path-to-node=\"8\" data-index-in-node=\"743\">lentes de graduaci\u00f3n +2.00<\/b> simboliza la <b data-path-to-node=\"8\" data-index-in-node=\"783\">precisi\u00f3n<\/b> y el \u00e9xito en la armonizaci\u00f3n de tu estilo de vida.<\/p>\n<h3 data-path-to-node=\"9\"><b data-path-to-node=\"9\" data-index-in-node=\"0\">Beneficios Visuales Y Calidad De Los Materiales<\/b><\/h3>\n<p data-path-to-node=\"10\">En consecuencia, es la pieza ideal para quien valora la <b data-path-to-node=\"10\" data-index-in-node=\"56\">exclusividad<\/b> y el dise\u00f1o de accesorios oft\u00e1lmicos con materiales de alta resistencia con un descuento excepcional. Al observar estos lentes de dise\u00f1o ergon\u00f3mico, se experimenta una sensaci\u00f3n de <b data-path-to-node=\"10\" data-index-in-node=\"250\">bienestar y enfoque<\/b> por el \u00e9xito de su propuesta t\u00e9cnica. Por lo tanto, usted sentir\u00e1 una atm\u00f3sfera de <b data-path-to-node=\"10\" data-index-in-node=\"353\">renovaci\u00f3n profesional<\/b> en su inventario de accesorios personales. Integrar este elemento ofrece el beneficio de transformar una necesidad b\u00e1sica en un escenario de <b data-path-to-node=\"10\" data-index-in-node=\"517\">lujo visual<\/b> contempor\u00e1neo. As\u00ed, usted lograr\u00e1 un toque de <b data-path-to-node=\"10\" data-index-in-node=\"575\">vanguardia ejecutiva<\/b> con mucha facilidad.<\/p>\n<h3 data-path-to-node=\"11\"><b data-path-to-node=\"11\" data-index-in-node=\"0\">Gu\u00eda De Uso Y Cuidado Premium<\/b><\/h3>\n<p data-path-to-node=\"12\">Respecto a su uso, combine los lentes con su atuendo preferido; cada par incluye un estuche r\u00edgido con cierre de broche a presi\u00f3n y detalles de color coordinados para que la protecci\u00f3n y el estilo sean los protagonistas absolutos con total confianza. Primero, limpie las micas peri\u00f3dicamente utilizando pa\u00f1os de microfibra y soluciones especiales para mantener la transparencia cristalina sin afectar el recubrimiento de estos <b data-path-to-node=\"12\" data-index-in-node=\"427\">lentes de graduaci\u00f3n +2.00<\/b>. Gracias a su fabricaci\u00f3n en pol\u00edmeros inyectados de alta densidad, esta pieza es ideal para el uso diario, manteniendo su ajuste y elegancia por m\u00e1s tiempo. Se recomienda guardarlos siempre en su estuche para preservar la integridad de las varillas y la superficie \u00f3ptica a largo plazo. As\u00ed garantizar\u00e1 una <b data-path-to-node=\"12\" data-index-in-node=\"762\">calidad excepcional<\/b> en la categor\u00eda de <b data-path-to-node=\"12\" data-index-in-node=\"801\"><a target=\"_blank\" href=\"https:\/\/galeriaseltriunfo.com\/categoria\/liquidacion\/\" rel=\"noopener\" class=\"ng-star-inserted\" data-hveid=\"0\" data-ved=\"0CAAQ_4QMahgKEwi4rYbygKqTAxUAAAAAHQAAAAAQ7gk\">Liquidaci\u00f3n<\/a><\/b> que representa la excelencia de nuestra tienda.<\/p>\n","protected":false},"excerpt":{"rendered":"<p>Lentes de graduaccion +2.00 con estuche de polipiel y broche en varios colores<\/p>\n","protected":false},"featured_media":167619,"template":"","meta":[],"product_brand":[],"product_cat":[1129],"product_tag":[475,13008,9917,12754,13010,835,13007,1013,13009],"class_list":{"0":"post-167618","1":"product","2":"type-product","3":"status-publish","4":"has-post-thumbnail","6":"product_cat-liquidacion","7":"product_tag-accesorios-de-moda","8":"product_tag-gafas-2-00","9":"product_tag-galerias-el-triunfo","10":"product_tag-hot-sale","11":"product_tag-lentes-con-estuche","12":"product_tag-lentes-con-graduacion","13":"product_tag-lentes-de-lectura","14":"product_tag-liquidacion","15":"product_tag-salud-visual","17":"first","18":"instock","19":"sale","20":"purchasable","21":"product-type-simple"},"yoast_head":"<!-- This site is optimized with the Yoast SEO plugin v27.4 - https:\/\/yoast.com\/product\/yoast-seo-wordpress\/ -->\n<title>Lentes con Graduaci\u00f3n +2.00 | Galer\u00edas El Triunfo<\/title>\n<meta name=\"description\" content=\"Mejora tu enfoque con los exclusivos lentes de graduaci\u00f3n +2.00. Dise\u00f1o redondo moderno y estuche r\u00edgido incluidos en liquidaci\u00f3n.\" \/>\n<meta name=\"robots\" content=\"index, follow, max-snippet:-1, max-image-preview:large, max-video-preview:-1\" \/>\n<link rel=\"canonical\" href=\"https:\/\/galeriaseltriunfo.com\/dev2\/producto\/lentes-de-graduaccion-200\/\" \/>\n<meta property=\"og:locale\" content=\"es_MX\" \/>\n<meta property=\"og:type\" content=\"article\" \/>\n<meta property=\"og:title\" content=\"Lentes con Graduaci\u00f3n +2.00 | Galer\u00edas El Triunfo\" \/>\n<meta property=\"og:description\" content=\"Mejora tu enfoque con los exclusivos lentes de graduaci\u00f3n +2.00. Dise\u00f1o redondo moderno y estuche r\u00edgido incluidos en liquidaci\u00f3n.\" \/>\n<meta property=\"og:url\" content=\"https:\/\/galeriaseltriunfo.com\/dev2\/producto\/lentes-de-graduaccion-200\/\" \/>\n<meta property=\"og:site_name\" content=\"Galer\u00edas el Triunfo\" \/>\n<meta property=\"article:publisher\" content=\"https:\/\/www.facebook.com\/galeriaseltriunfo\" \/>\n<meta property=\"article:modified_time\" content=\"2026-03-18T19:40:03+00:00\" \/>\n<meta property=\"og:image\" content=\"https:\/\/galeriaseltriunfo.com\/dev2\/wp-content\/uploads\/2023\/08\/061072749044-Lentes-de-graduaccion-200-galerias-el-triunfo.jpg\" \/>\n\t<meta property=\"og:image:width\" content=\"900\" \/>\n\t<meta property=\"og:image:height\" content=\"900\" \/>\n\t<meta property=\"og:image:type\" content=\"image\/jpeg\" \/>\n<meta name=\"twitter:card\" content=\"summary_large_image\" \/>\n<meta name=\"twitter:site\" content=\"@Gal_El_Triunfo\" \/>\n<meta name=\"twitter:label1\" content=\"Tiempo de lectura\" \/>\n\t<meta name=\"twitter:data1\" content=\"3 minutos\" \/>\n<script type=\"application\/ld+json\" class=\"yoast-schema-graph\">{\"@context\":\"https:\\\/\\\/schema.org\",\"@graph\":[{\"@type\":[\"WebPage\",\"SearchResultsPage\"],\"@id\":\"https:\\\/\\\/galeriaseltriunfo.com\\\/dev2\\\/producto\\\/lentes-de-graduaccion-200\\\/\",\"url\":\"https:\\\/\\\/galeriaseltriunfo.com\\\/dev2\\\/producto\\\/lentes-de-graduaccion-200\\\/\",\"name\":\"Lentes con Graduaci\u00f3n +2.00 | Galer\u00edas El Triunfo\",\"isPartOf\":{\"@id\":\"https:\\\/\\\/galeriaseltriunfo.com\\\/dev2\\\/#website\"},\"primaryImageOfPage\":{\"@id\":\"https:\\\/\\\/galeriaseltriunfo.com\\\/dev2\\\/producto\\\/lentes-de-graduaccion-200\\\/#primaryimage\"},\"image\":{\"@id\":\"https:\\\/\\\/galeriaseltriunfo.com\\\/dev2\\\/producto\\\/lentes-de-graduaccion-200\\\/#primaryimage\"},\"thumbnailUrl\":\"https:\\\/\\\/galeriaseltriunfo.com\\\/dev2\\\/wp-content\\\/uploads\\\/2023\\\/08\\\/061072749044-Lentes-de-graduaccion-200-galerias-el-triunfo.jpg\",\"datePublished\":\"2022-08-02T00:00:00+00:00\",\"dateModified\":\"2026-03-18T19:40:03+00:00\",\"description\":\"Mejora tu enfoque con los exclusivos lentes de graduaci\u00f3n +2.00. Dise\u00f1o redondo moderno y estuche r\u00edgido incluidos en liquidaci\u00f3n.\",\"breadcrumb\":{\"@id\":\"https:\\\/\\\/galeriaseltriunfo.com\\\/dev2\\\/producto\\\/lentes-de-graduaccion-200\\\/#breadcrumb\"},\"inLanguage\":\"es\",\"potentialAction\":[{\"@type\":\"ReadAction\",\"target\":[\"https:\\\/\\\/galeriaseltriunfo.com\\\/dev2\\\/producto\\\/lentes-de-graduaccion-200\\\/\"]}]},{\"@type\":\"ImageObject\",\"inLanguage\":\"es\",\"@id\":\"https:\\\/\\\/galeriaseltriunfo.com\\\/dev2\\\/producto\\\/lentes-de-graduaccion-200\\\/#primaryimage\",\"url\":\"https:\\\/\\\/galeriaseltriunfo.com\\\/dev2\\\/wp-content\\\/uploads\\\/2023\\\/08\\\/061072749044-Lentes-de-graduaccion-200-galerias-el-triunfo.jpg\",\"contentUrl\":\"https:\\\/\\\/galeriaseltriunfo.com\\\/dev2\\\/wp-content\\\/uploads\\\/2023\\\/08\\\/061072749044-Lentes-de-graduaccion-200-galerias-el-triunfo.jpg\",\"width\":900,\"height\":900,\"caption\":\"Lentes de graduaccion +200 - Galer\u00edas el Triunfo - 061072749044\"},{\"@type\":\"BreadcrumbList\",\"@id\":\"https:\\\/\\\/galeriaseltriunfo.com\\\/dev2\\\/producto\\\/lentes-de-graduaccion-200\\\/#breadcrumb\",\"itemListElement\":[{\"@type\":\"ListItem\",\"position\":1,\"name\":\"Inicio\",\"item\":\"https:\\\/\\\/galeriaseltriunfo.com\\\/dev2\\\/\"},{\"@type\":\"ListItem\",\"position\":2,\"name\":\"Tienda\",\"item\":\"https:\\\/\\\/galeriaseltriunfo.com\\\/dev2\\\/tienda\\\/\"},{\"@type\":\"ListItem\",\"position\":3,\"name\":\"Lentes con Graduaci\u00f3n +2.00\"}]},{\"@type\":\"WebSite\",\"@id\":\"https:\\\/\\\/galeriaseltriunfo.com\\\/dev2\\\/#website\",\"url\":\"https:\\\/\\\/galeriaseltriunfo.com\\\/dev2\\\/\",\"name\":\"Galer\u00edas el Triunfo\",\"description\":\"Galer\u00edas el Triunfo es una de las tiendas online m\u00e1s grandes de accesorios y art\u00edculos de decoraci\u00f3n para el hogar, el jard\u00edn y la oficina. \u00a1Compra ahora!\",\"publisher\":{\"@id\":\"https:\\\/\\\/galeriaseltriunfo.com\\\/dev2\\\/#organization\"},\"potentialAction\":[{\"@type\":\"SearchAction\",\"target\":{\"@type\":\"EntryPoint\",\"urlTemplate\":\"https:\\\/\\\/galeriaseltriunfo.com\\\/dev2\\\/?s={search_term_string}\"},\"query-input\":{\"@type\":\"PropertyValueSpecification\",\"valueRequired\":true,\"valueName\":\"search_term_string\"}}],\"inLanguage\":\"es\"},{\"@type\":\"Organization\",\"@id\":\"https:\\\/\\\/galeriaseltriunfo.com\\\/dev2\\\/#organization\",\"name\":\"Galer\u00edas el Triunfo\",\"url\":\"https:\\\/\\\/galeriaseltriunfo.com\\\/dev2\\\/\",\"logo\":{\"@type\":\"ImageObject\",\"inLanguage\":\"es\",\"@id\":\"https:\\\/\\\/galeriaseltriunfo.com\\\/dev2\\\/#\\\/schema\\\/logo\\\/image\\\/\",\"url\":\"https:\\\/\\\/galeriaseltriunfo.com\\\/wp-content\\\/uploads\\\/2023\\\/08\\\/logotipo-galerias-fondo-2x-min.webp\",\"contentUrl\":\"https:\\\/\\\/galeriaseltriunfo.com\\\/wp-content\\\/uploads\\\/2023\\\/08\\\/logotipo-galerias-fondo-2x-min.webp\",\"width\":184,\"height\":264,\"caption\":\"Galer\u00edas el Triunfo\"},\"image\":{\"@id\":\"https:\\\/\\\/galeriaseltriunfo.com\\\/dev2\\\/#\\\/schema\\\/logo\\\/image\\\/\"},\"sameAs\":[\"https:\\\/\\\/www.facebook.com\\\/galeriaseltriunfo\",\"https:\\\/\\\/x.com\\\/Gal_El_Triunfo\",\"https:\\\/\\\/www.pinterest.com\\\/GaleriaselTriunfo\",\"https:\\\/\\\/instagram.com\\\/galeriaseltriunfomx\",\"https:\\\/\\\/www.youtube.com\\\/channel\\\/UChIaW2ZBBS4Pg8pkw0HuE7g\",\"https:\\\/\\\/www.tiktok.com\\\/@galeriaseltriunfo\"]}]}<\/script>\n<!-- \/ Yoast SEO plugin. -->","yoast_head_json":{"title":"Lentes con Graduaci\u00f3n +2.00 | Galer\u00edas El Triunfo","description":"Mejora tu enfoque con los exclusivos lentes de graduaci\u00f3n +2.00. Dise\u00f1o redondo moderno y estuche r\u00edgido incluidos en liquidaci\u00f3n.","robots":{"index":"index","follow":"follow","max-snippet":"max-snippet:-1","max-image-preview":"max-image-preview:large","max-video-preview":"max-video-preview:-1"},"canonical":"https:\/\/galeriaseltriunfo.com\/dev2\/producto\/lentes-de-graduaccion-200\/","og_locale":"es_MX","og_type":"article","og_title":"Lentes con Graduaci\u00f3n +2.00 | Galer\u00edas El Triunfo","og_description":"Mejora tu enfoque con los exclusivos lentes de graduaci\u00f3n +2.00. Dise\u00f1o redondo moderno y estuche r\u00edgido incluidos en liquidaci\u00f3n.","og_url":"https:\/\/galeriaseltriunfo.com\/dev2\/producto\/lentes-de-graduaccion-200\/","og_site_name":"Galer\u00edas el Triunfo","article_publisher":"https:\/\/www.facebook.com\/galeriaseltriunfo","article_modified_time":"2026-03-18T19:40:03+00:00","og_image":[{"width":900,"height":900,"url":"https:\/\/galeriaseltriunfo.com\/dev2\/wp-content\/uploads\/2023\/08\/061072749044-Lentes-de-graduaccion-200-galerias-el-triunfo.jpg","type":"image\/jpeg"}],"twitter_card":"summary_large_image","twitter_site":"@Gal_El_Triunfo","twitter_misc":{"Tiempo de lectura":"3 minutos"},"schema":{"@context":"https:\/\/schema.org","@graph":[{"@type":["WebPage","SearchResultsPage"],"@id":"https:\/\/galeriaseltriunfo.com\/dev2\/producto\/lentes-de-graduaccion-200\/","url":"https:\/\/galeriaseltriunfo.com\/dev2\/producto\/lentes-de-graduaccion-200\/","name":"Lentes con Graduaci\u00f3n +2.00 | Galer\u00edas El Triunfo","isPartOf":{"@id":"https:\/\/galeriaseltriunfo.com\/dev2\/#website"},"primaryImageOfPage":{"@id":"https:\/\/galeriaseltriunfo.com\/dev2\/producto\/lentes-de-graduaccion-200\/#primaryimage"},"image":{"@id":"https:\/\/galeriaseltriunfo.com\/dev2\/producto\/lentes-de-graduaccion-200\/#primaryimage"},"thumbnailUrl":"https:\/\/galeriaseltriunfo.com\/dev2\/wp-content\/uploads\/2023\/08\/061072749044-Lentes-de-graduaccion-200-galerias-el-triunfo.jpg","datePublished":"2022-08-02T00:00:00+00:00","dateModified":"2026-03-18T19:40:03+00:00","description":"Mejora tu enfoque con los exclusivos lentes de graduaci\u00f3n +2.00. Dise\u00f1o redondo moderno y estuche r\u00edgido incluidos en liquidaci\u00f3n.","breadcrumb":{"@id":"https:\/\/galeriaseltriunfo.com\/dev2\/producto\/lentes-de-graduaccion-200\/#breadcrumb"},"inLanguage":"es","potentialAction":[{"@type":"ReadAction","target":["https:\/\/galeriaseltriunfo.com\/dev2\/producto\/lentes-de-graduaccion-200\/"]}]},{"@type":"ImageObject","inLanguage":"es","@id":"https:\/\/galeriaseltriunfo.com\/dev2\/producto\/lentes-de-graduaccion-200\/#primaryimage","url":"https:\/\/galeriaseltriunfo.com\/dev2\/wp-content\/uploads\/2023\/08\/061072749044-Lentes-de-graduaccion-200-galerias-el-triunfo.jpg","contentUrl":"https:\/\/galeriaseltriunfo.com\/dev2\/wp-content\/uploads\/2023\/08\/061072749044-Lentes-de-graduaccion-200-galerias-el-triunfo.jpg","width":900,"height":900,"caption":"Lentes de graduaccion +200 - Galer\u00edas el Triunfo - 061072749044"},{"@type":"BreadcrumbList","@id":"https:\/\/galeriaseltriunfo.com\/dev2\/producto\/lentes-de-graduaccion-200\/#breadcrumb","itemListElement":[{"@type":"ListItem","position":1,"name":"Inicio","item":"https:\/\/galeriaseltriunfo.com\/dev2\/"},{"@type":"ListItem","position":2,"name":"Tienda","item":"https:\/\/galeriaseltriunfo.com\/dev2\/tienda\/"},{"@type":"ListItem","position":3,"name":"Lentes con Graduaci\u00f3n +2.00"}]},{"@type":"WebSite","@id":"https:\/\/galeriaseltriunfo.com\/dev2\/#website","url":"https:\/\/galeriaseltriunfo.com\/dev2\/","name":"Galer\u00edas el Triunfo","description":"Galer\u00edas el Triunfo es una de las tiendas online m\u00e1s grandes de accesorios y art\u00edculos de decoraci\u00f3n para el hogar, el jard\u00edn y la oficina. \u00a1Compra ahora!","publisher":{"@id":"https:\/\/galeriaseltriunfo.com\/dev2\/#organization"},"potentialAction":[{"@type":"SearchAction","target":{"@type":"EntryPoint","urlTemplate":"https:\/\/galeriaseltriunfo.com\/dev2\/?s={search_term_string}"},"query-input":{"@type":"PropertyValueSpecification","valueRequired":true,"valueName":"search_term_string"}}],"inLanguage":"es"},{"@type":"Organization","@id":"https:\/\/galeriaseltriunfo.com\/dev2\/#organization","name":"Galer\u00edas el Triunfo","url":"https:\/\/galeriaseltriunfo.com\/dev2\/","logo":{"@type":"ImageObject","inLanguage":"es","@id":"https:\/\/galeriaseltriunfo.com\/dev2\/#\/schema\/logo\/image\/","url":"https:\/\/galeriaseltriunfo.com\/wp-content\/uploads\/2023\/08\/logotipo-galerias-fondo-2x-min.webp","contentUrl":"https:\/\/galeriaseltriunfo.com\/wp-content\/uploads\/2023\/08\/logotipo-galerias-fondo-2x-min.webp","width":184,"height":264,"caption":"Galer\u00edas el Triunfo"},"image":{"@id":"https:\/\/galeriaseltriunfo.com\/dev2\/#\/schema\/logo\/image\/"},"sameAs":["https:\/\/www.facebook.com\/galeriaseltriunfo","https:\/\/x.com\/Gal_El_Triunfo","https:\/\/www.pinterest.com\/GaleriaselTriunfo","https:\/\/instagram.com\/galeriaseltriunfomx","https:\/\/www.youtube.com\/channel\/UChIaW2ZBBS4Pg8pkw0HuE7g","https:\/\/www.tiktok.com\/@galeriaseltriunfo"]}]}},"_links":{"self":[{"href":"https:\/\/galeriaseltriunfo.com\/dev2\/wp-json\/wp\/v2\/product\/167618","targetHints":{"allow":["GET"]}}],"collection":[{"href":"https:\/\/galeriaseltriunfo.com\/dev2\/wp-json\/wp\/v2\/product"}],"about":[{"href":"https:\/\/galeriaseltriunfo.com\/dev2\/wp-json\/wp\/v2\/types\/product"}],"wp:featuredmedia":[{"embeddable":true,"href":"https:\/\/galeriaseltriunfo.com\/dev2\/wp-json\/wp\/v2\/media\/167619"}],"wp:attachment":[{"href":"https:\/\/galeriaseltriunfo.com\/dev2\/wp-json\/wp\/v2\/media?parent=167618"}],"wp:term":[{"taxonomy":"product_brand","embeddable":true,"href":"https:\/\/galeriaseltriunfo.com\/dev2\/wp-json\/wp\/v2\/product_brand?post=167618"},{"taxonomy":"product_cat","embeddable":true,"href":"https:\/\/galeriaseltriunfo.com\/dev2\/wp-json\/wp\/v2\/product_cat?post=167618"},{"taxonomy":"product_tag","embeddable":true,"href":"https:\/\/galeriaseltriunfo.com\/dev2\/wp-json\/wp\/v2\/product_tag?post=167618"}],"curies":[{"name":"wp","href":"https:\/\/api.w.org\/{rel}","templated":true}]}}