{"id":168747,"date":"2023-07-17T18:00:00","date_gmt":"2023-07-18T00:00:00","guid":{"rendered":"https:\/\/www.galeriaseltriunfo.com\/wptest\/producto\/conejo-de-ceramica-2\/"},"modified":"2026-03-27T06:30:02","modified_gmt":"2026-03-27T12:30:02","slug":"conejo-de-ceramica-2","status":"publish","type":"product","link":"https:\/\/galeriaseltriunfo.com\/dev2\/producto\/conejo-de-ceramica-2\/","title":{"rendered":"Conejo de Cer\u00e1mica con Cuenco de Cascar\u00f3n"},"content":{"rendered":"<h3 data-path-to-node=\"6\"><b data-path-to-node=\"6\" data-index-in-node=\"0\">Elegancia Y Minimalismo En Tu Decoraci\u00f3n<\/b><\/h3>\n<p data-path-to-node=\"7\">El <b data-path-to-node=\"7\" data-index-in-node=\"3\">Conejo de cer\u00e1mica<\/b> es la pieza maestra para quien busca distinci\u00f3n y un estilo audaz. Este objeto ofrece una <b data-path-to-node=\"7\" data-index-in-node=\"112\">sofisticaci\u00f3n minimalista<\/b> incomparable para cualquier celebraci\u00f3n de temporada en <b data-path-to-node=\"7\" data-index-in-node=\"194\">tu hogar<\/b> o espacio creativo. Su sola presencia ayuda a elevar la ambientaci\u00f3n de tu estancia de manera inmediata. Lo logra mediante su dise\u00f1o detallado que presenta a un conejo en una postura relajada y recostada, fabricado en cer\u00e1mica de alta calidad con un acabado blanco inmaculado y brillante, lo que evoca la elegancia y la fuerza del lujo decorativo atemporal.<\/p>\n<p data-path-to-node=\"8\">Tambi\u00e9n transmite una vitalidad \u00fanica a trav\u00e9s de su dise\u00f1o funcional que captura la esencia de la Pascua moderna. Su apariencia refinada, resaltada por un cuenco integrado con forma de cascar\u00f3n de huevo roto sobre su espalda, invita a la admiraci\u00f3n constante en cada momento del d\u00eda. Funciona perfectamente en cualquier circunstancia decorativa de alto nivel durante la festividad. De hecho, este elemento permite que tu rinc\u00f3n festivo resalte con mucha fuerza hoy mismo de forma imponente. Adem\u00e1s, su est\u00e9tica simboliza la <b data-path-to-node=\"8\" data-index-in-node=\"525\">pureza<\/b> y la renovaci\u00f3n de la vida. Representa la <b data-path-to-node=\"8\" data-index-in-node=\"574\">vitalidad<\/b> de una decoraci\u00f3n organizada con los m\u00e1s altos est\u00e1ndares.<\/p>\n<h3 data-path-to-node=\"9\"><b data-path-to-node=\"9\" data-index-in-node=\"0\">Beneficios Visuales Y Calidad Premium<\/b><\/h3>\n<p data-path-to-node=\"10\">En consecuencia, es la opci\u00f3n ideal para quien valora la <b data-path-to-node=\"10\" data-index-in-node=\"57\">exclusividad<\/b> y el dise\u00f1o de alta gama para festividades. Al observar esta pieza, se experimenta una sensaci\u00f3n de <b data-path-to-node=\"10\" data-index-in-node=\"170\">serenidad y seguridad<\/b> por el \u00e9xito de su propuesta est\u00e9tica. Por lo tanto, usted sentir\u00e1 una atm\u00f3sfera de <b data-path-to-node=\"10\" data-index-in-node=\"276\">renovaci\u00f3n est\u00e9tica<\/b>. Integrar este elemento ofrece el beneficio de transformar un espacio com\u00fan en un escenario de <b data-path-to-node=\"10\" data-index-in-node=\"391\">lujo visual<\/b>. As\u00ed, usted lograr\u00e1 un toque de <b data-path-to-node=\"10\" data-index-in-node=\"435\">creatividad tem\u00e1tica<\/b> con mucha facilidad.<\/p>\n<p data-path-to-node=\"11\">El <b data-path-to-node=\"11\" data-index-in-node=\"3\">Conejo de cer\u00e1mica<\/b> destaca por su alta calidad y su acabado artesanal de primera clase. De igual forma, esta pieza juega con la funcionalidad gracias a su estructura s\u00f3lida y el cuenco superior que puede utilizarse para colocar peque\u00f1os huevos de dulce, joyas o mini arreglos florales. Incluye detalles minuciosos como las l\u00edneas suaves de sus orejas ca\u00eddas y la silueta estilizada de su cuerpo, lo que maximiza su realismo visual y encanto aristocr\u00e1tico. Su dise\u00f1o detallado garantiza una <b data-path-to-node=\"11\" data-index-in-node=\"493\">armon\u00eda est\u00e9tica<\/b> perfecta en todo momento hoy mismo. La fabricaci\u00f3n con materiales seleccionados asegura una <b data-path-to-node=\"11\" data-index-in-node=\"602\">durabilidad superior<\/b> para el usuario m\u00e1s exigente. Por lo tanto, el material mantiene su brillo.<\/p>\n<h3 data-path-to-node=\"12\"><b data-path-to-node=\"12\" data-index-in-node=\"0\">Gu\u00eda De Uso Y Mantenimiento Premium<\/b><\/h3>\n<p data-path-to-node=\"13\">Respecto a su uso, coloque la figura decorativa en el centro de su mesa de desayuno, sobre una consola de entrada o como un elegante organizador en su tocador con total confianza. Busque un lugar donde su dise\u00f1o se pueda lucir bajo luz directa para resaltar el brillo de la cer\u00e1mica blanca y los contornos de la escultura. Esto maximiza su impacto visual bajo la iluminaci\u00f3n de tu estancia de forma constante. Primero, limpie la superficie utilizando un pa\u00f1o de microfibra ligeramente h\u00famedo o seco. H\u00e1galo con suavidad para mantener el lustre impecable de la cer\u00e1mica. Retire cualquier residuo de polvo sin afectar el dise\u00f1o art\u00edstico.<\/p>\n<p data-path-to-node=\"14\">De este modo, mantendr\u00e1 al conejo en estado impecable por muchos a\u00f1os de uso decorativo. Como resultado, evitar\u00e1 que la suciedad opaque su belleza intr\u00ednseca y su valor est\u00e9tico profesional. Es fundamental evitar golpes fuertes para prevenir fracturas en el material cer\u00e1mico. Guarde estas piezas con cuidado, preferiblemente envueltas en material acolchado, para mantener su estructura art\u00edstica. As\u00ed garantizar\u00e1 una <b data-path-to-node=\"14\" data-index-in-node=\"418\">calidad excepcional<\/b> en la categor\u00eda de <b data-path-to-node=\"14\" data-index-in-node=\"457\"><a target=\"_blank\" href=\"https:\/\/galeriaseltriunfo.com\/categoria\/pascua\/\" rel=\"noopener\" class=\"ng-star-inserted\" data-hveid=\"0\" data-ved=\"0CAAQ_4QMahgKEwivpujimYSTAxUAAAAAHQAAAAAQqgw\">Pascua<\/a><\/b> que representa la excelencia de nuestra tienda. Este producto refleja el compromiso de <b data-path-to-node=\"14\" data-index-in-node=\"551\">Galer\u00edas El Triunfo<\/b>.<\/p>\n","protected":false},"excerpt":{"rendered":"<p>Conejo de ceramica con bowl de 13.2x19x12.5cm<\/p>\n","protected":false},"featured_media":168748,"template":"","meta":[],"product_brand":[],"product_cat":[1283],"product_tag":[9601,12145,7232,8595,10533,12127,9917,1285,12126],"class_list":{"0":"post-168747","1":"product","2":"type-product","3":"status-publish","4":"has-post-thumbnail","6":"product_cat-pascua","7":"product_tag-arte-decorativo","8":"product_tag-conejo-de-ceramica","9":"product_tag-decoracion-tematica","10":"product_tag-diseno-exclusivo","11":"product_tag-estilo-minimalista","12":"product_tag-figura-de-lujo","13":"product_tag-galerias-el-triunfo","14":"product_tag-pascua","15":"product_tag-temporada","17":"first","18":"outofstock","19":"sale","20":"purchasable","21":"product-type-simple"},"yoast_head":"<!-- This site is optimized with the Yoast SEO plugin v27.4 - https:\/\/yoast.com\/product\/yoast-seo-wordpress\/ -->\n<title>Conejo de Cer\u00e1mica con Cuenco de Cascar\u00f3n | Galer\u00edas El Triunfo<\/title>\n<meta name=\"description\" content=\"Dale un toque minimalista a tu hogar con este exclusivo Conejo de Cer\u00e1mica con Cuenco de Cascar\u00f3n. Una pieza artesanal y funcional.\" \/>\n<meta name=\"robots\" content=\"index, follow, max-snippet:-1, max-image-preview:large, max-video-preview:-1\" \/>\n<link rel=\"canonical\" href=\"https:\/\/galeriaseltriunfo.com\/dev2\/producto\/conejo-de-ceramica-2\/\" \/>\n<meta property=\"og:locale\" content=\"es_MX\" \/>\n<meta property=\"og:type\" content=\"article\" \/>\n<meta property=\"og:title\" content=\"Conejo de Cer\u00e1mica con Cuenco de Cascar\u00f3n | Galer\u00edas El Triunfo\" \/>\n<meta property=\"og:description\" content=\"Dale un toque minimalista a tu hogar con este exclusivo Conejo de Cer\u00e1mica con Cuenco de Cascar\u00f3n. Una pieza artesanal y funcional.\" \/>\n<meta property=\"og:url\" content=\"https:\/\/galeriaseltriunfo.com\/dev2\/producto\/conejo-de-ceramica-2\/\" \/>\n<meta property=\"og:site_name\" content=\"Galer\u00edas el Triunfo\" \/>\n<meta property=\"article:publisher\" content=\"https:\/\/www.facebook.com\/galeriaseltriunfo\" \/>\n<meta property=\"article:modified_time\" content=\"2026-03-27T12:30:02+00:00\" \/>\n<meta property=\"og:image\" content=\"https:\/\/galeriaseltriunfo.com\/dev2\/wp-content\/uploads\/2023\/08\/049072651198-Conejo-de-ceramica-galerias-el-triunfo.jpg\" \/>\n\t<meta property=\"og:image:width\" content=\"900\" \/>\n\t<meta property=\"og:image:height\" content=\"900\" \/>\n\t<meta property=\"og:image:type\" content=\"image\/jpeg\" \/>\n<meta name=\"twitter:card\" content=\"summary_large_image\" \/>\n<meta name=\"twitter:site\" content=\"@Gal_El_Triunfo\" \/>\n<meta name=\"twitter:label1\" content=\"Tiempo de lectura\" \/>\n\t<meta name=\"twitter:data1\" content=\"3 minutos\" \/>\n<script type=\"application\/ld+json\" class=\"yoast-schema-graph\">{\"@context\":\"https:\\\/\\\/schema.org\",\"@graph\":[{\"@type\":[\"WebPage\",\"SearchResultsPage\"],\"@id\":\"https:\\\/\\\/galeriaseltriunfo.com\\\/dev2\\\/producto\\\/conejo-de-ceramica-2\\\/\",\"url\":\"https:\\\/\\\/galeriaseltriunfo.com\\\/dev2\\\/producto\\\/conejo-de-ceramica-2\\\/\",\"name\":\"Conejo de Cer\u00e1mica con Cuenco de Cascar\u00f3n | Galer\u00edas El Triunfo\",\"isPartOf\":{\"@id\":\"https:\\\/\\\/galeriaseltriunfo.com\\\/dev2\\\/#website\"},\"primaryImageOfPage\":{\"@id\":\"https:\\\/\\\/galeriaseltriunfo.com\\\/dev2\\\/producto\\\/conejo-de-ceramica-2\\\/#primaryimage\"},\"image\":{\"@id\":\"https:\\\/\\\/galeriaseltriunfo.com\\\/dev2\\\/producto\\\/conejo-de-ceramica-2\\\/#primaryimage\"},\"thumbnailUrl\":\"https:\\\/\\\/galeriaseltriunfo.com\\\/dev2\\\/wp-content\\\/uploads\\\/2023\\\/08\\\/049072651198-Conejo-de-ceramica-galerias-el-triunfo.jpg\",\"datePublished\":\"2023-07-18T00:00:00+00:00\",\"dateModified\":\"2026-03-27T12:30:02+00:00\",\"description\":\"Dale un toque minimalista a tu hogar con este exclusivo Conejo de Cer\u00e1mica con Cuenco de Cascar\u00f3n. Una pieza artesanal y funcional.\",\"breadcrumb\":{\"@id\":\"https:\\\/\\\/galeriaseltriunfo.com\\\/dev2\\\/producto\\\/conejo-de-ceramica-2\\\/#breadcrumb\"},\"inLanguage\":\"es\",\"potentialAction\":[{\"@type\":\"ReadAction\",\"target\":[\"https:\\\/\\\/galeriaseltriunfo.com\\\/dev2\\\/producto\\\/conejo-de-ceramica-2\\\/\"]}]},{\"@type\":\"ImageObject\",\"inLanguage\":\"es\",\"@id\":\"https:\\\/\\\/galeriaseltriunfo.com\\\/dev2\\\/producto\\\/conejo-de-ceramica-2\\\/#primaryimage\",\"url\":\"https:\\\/\\\/galeriaseltriunfo.com\\\/dev2\\\/wp-content\\\/uploads\\\/2023\\\/08\\\/049072651198-Conejo-de-ceramica-galerias-el-triunfo.jpg\",\"contentUrl\":\"https:\\\/\\\/galeriaseltriunfo.com\\\/dev2\\\/wp-content\\\/uploads\\\/2023\\\/08\\\/049072651198-Conejo-de-ceramica-galerias-el-triunfo.jpg\",\"width\":900,\"height\":900,\"caption\":\"Conejo de ceramica - Galer\u00edas el Triunfo - 049072651198\"},{\"@type\":\"BreadcrumbList\",\"@id\":\"https:\\\/\\\/galeriaseltriunfo.com\\\/dev2\\\/producto\\\/conejo-de-ceramica-2\\\/#breadcrumb\",\"itemListElement\":[{\"@type\":\"ListItem\",\"position\":1,\"name\":\"Inicio\",\"item\":\"https:\\\/\\\/galeriaseltriunfo.com\\\/dev2\\\/\"},{\"@type\":\"ListItem\",\"position\":2,\"name\":\"Tienda\",\"item\":\"https:\\\/\\\/galeriaseltriunfo.com\\\/dev2\\\/tienda\\\/\"},{\"@type\":\"ListItem\",\"position\":3,\"name\":\"Conejo de Cer\u00e1mica con Cuenco de Cascar\u00f3n\"}]},{\"@type\":\"WebSite\",\"@id\":\"https:\\\/\\\/galeriaseltriunfo.com\\\/dev2\\\/#website\",\"url\":\"https:\\\/\\\/galeriaseltriunfo.com\\\/dev2\\\/\",\"name\":\"Galer\u00edas el Triunfo\",\"description\":\"Galer\u00edas el Triunfo es una de las tiendas online m\u00e1s grandes de accesorios y art\u00edculos de decoraci\u00f3n para el hogar, el jard\u00edn y la oficina. \u00a1Compra ahora!\",\"publisher\":{\"@id\":\"https:\\\/\\\/galeriaseltriunfo.com\\\/dev2\\\/#organization\"},\"potentialAction\":[{\"@type\":\"SearchAction\",\"target\":{\"@type\":\"EntryPoint\",\"urlTemplate\":\"https:\\\/\\\/galeriaseltriunfo.com\\\/dev2\\\/?s={search_term_string}\"},\"query-input\":{\"@type\":\"PropertyValueSpecification\",\"valueRequired\":true,\"valueName\":\"search_term_string\"}}],\"inLanguage\":\"es\"},{\"@type\":\"Organization\",\"@id\":\"https:\\\/\\\/galeriaseltriunfo.com\\\/dev2\\\/#organization\",\"name\":\"Galer\u00edas el Triunfo\",\"url\":\"https:\\\/\\\/galeriaseltriunfo.com\\\/dev2\\\/\",\"logo\":{\"@type\":\"ImageObject\",\"inLanguage\":\"es\",\"@id\":\"https:\\\/\\\/galeriaseltriunfo.com\\\/dev2\\\/#\\\/schema\\\/logo\\\/image\\\/\",\"url\":\"https:\\\/\\\/galeriaseltriunfo.com\\\/wp-content\\\/uploads\\\/2023\\\/08\\\/logotipo-galerias-fondo-2x-min.webp\",\"contentUrl\":\"https:\\\/\\\/galeriaseltriunfo.com\\\/wp-content\\\/uploads\\\/2023\\\/08\\\/logotipo-galerias-fondo-2x-min.webp\",\"width\":184,\"height\":264,\"caption\":\"Galer\u00edas el Triunfo\"},\"image\":{\"@id\":\"https:\\\/\\\/galeriaseltriunfo.com\\\/dev2\\\/#\\\/schema\\\/logo\\\/image\\\/\"},\"sameAs\":[\"https:\\\/\\\/www.facebook.com\\\/galeriaseltriunfo\",\"https:\\\/\\\/x.com\\\/Gal_El_Triunfo\",\"https:\\\/\\\/www.pinterest.com\\\/GaleriaselTriunfo\",\"https:\\\/\\\/instagram.com\\\/galeriaseltriunfomx\",\"https:\\\/\\\/www.youtube.com\\\/channel\\\/UChIaW2ZBBS4Pg8pkw0HuE7g\",\"https:\\\/\\\/www.tiktok.com\\\/@galeriaseltriunfo\"]}]}<\/script>\n<!-- \/ Yoast SEO plugin. -->","yoast_head_json":{"title":"Conejo de Cer\u00e1mica con Cuenco de Cascar\u00f3n | Galer\u00edas El Triunfo","description":"Dale un toque minimalista a tu hogar con este exclusivo Conejo de Cer\u00e1mica con Cuenco de Cascar\u00f3n. Una pieza artesanal y funcional.","robots":{"index":"index","follow":"follow","max-snippet":"max-snippet:-1","max-image-preview":"max-image-preview:large","max-video-preview":"max-video-preview:-1"},"canonical":"https:\/\/galeriaseltriunfo.com\/dev2\/producto\/conejo-de-ceramica-2\/","og_locale":"es_MX","og_type":"article","og_title":"Conejo de Cer\u00e1mica con Cuenco de Cascar\u00f3n | Galer\u00edas El Triunfo","og_description":"Dale un toque minimalista a tu hogar con este exclusivo Conejo de Cer\u00e1mica con Cuenco de Cascar\u00f3n. Una pieza artesanal y funcional.","og_url":"https:\/\/galeriaseltriunfo.com\/dev2\/producto\/conejo-de-ceramica-2\/","og_site_name":"Galer\u00edas el Triunfo","article_publisher":"https:\/\/www.facebook.com\/galeriaseltriunfo","article_modified_time":"2026-03-27T12:30:02+00:00","og_image":[{"width":900,"height":900,"url":"https:\/\/galeriaseltriunfo.com\/dev2\/wp-content\/uploads\/2023\/08\/049072651198-Conejo-de-ceramica-galerias-el-triunfo.jpg","type":"image\/jpeg"}],"twitter_card":"summary_large_image","twitter_site":"@Gal_El_Triunfo","twitter_misc":{"Tiempo de lectura":"3 minutos"},"schema":{"@context":"https:\/\/schema.org","@graph":[{"@type":["WebPage","SearchResultsPage"],"@id":"https:\/\/galeriaseltriunfo.com\/dev2\/producto\/conejo-de-ceramica-2\/","url":"https:\/\/galeriaseltriunfo.com\/dev2\/producto\/conejo-de-ceramica-2\/","name":"Conejo de Cer\u00e1mica con Cuenco de Cascar\u00f3n | Galer\u00edas El Triunfo","isPartOf":{"@id":"https:\/\/galeriaseltriunfo.com\/dev2\/#website"},"primaryImageOfPage":{"@id":"https:\/\/galeriaseltriunfo.com\/dev2\/producto\/conejo-de-ceramica-2\/#primaryimage"},"image":{"@id":"https:\/\/galeriaseltriunfo.com\/dev2\/producto\/conejo-de-ceramica-2\/#primaryimage"},"thumbnailUrl":"https:\/\/galeriaseltriunfo.com\/dev2\/wp-content\/uploads\/2023\/08\/049072651198-Conejo-de-ceramica-galerias-el-triunfo.jpg","datePublished":"2023-07-18T00:00:00+00:00","dateModified":"2026-03-27T12:30:02+00:00","description":"Dale un toque minimalista a tu hogar con este exclusivo Conejo de Cer\u00e1mica con Cuenco de Cascar\u00f3n. Una pieza artesanal y funcional.","breadcrumb":{"@id":"https:\/\/galeriaseltriunfo.com\/dev2\/producto\/conejo-de-ceramica-2\/#breadcrumb"},"inLanguage":"es","potentialAction":[{"@type":"ReadAction","target":["https:\/\/galeriaseltriunfo.com\/dev2\/producto\/conejo-de-ceramica-2\/"]}]},{"@type":"ImageObject","inLanguage":"es","@id":"https:\/\/galeriaseltriunfo.com\/dev2\/producto\/conejo-de-ceramica-2\/#primaryimage","url":"https:\/\/galeriaseltriunfo.com\/dev2\/wp-content\/uploads\/2023\/08\/049072651198-Conejo-de-ceramica-galerias-el-triunfo.jpg","contentUrl":"https:\/\/galeriaseltriunfo.com\/dev2\/wp-content\/uploads\/2023\/08\/049072651198-Conejo-de-ceramica-galerias-el-triunfo.jpg","width":900,"height":900,"caption":"Conejo de ceramica - Galer\u00edas el Triunfo - 049072651198"},{"@type":"BreadcrumbList","@id":"https:\/\/galeriaseltriunfo.com\/dev2\/producto\/conejo-de-ceramica-2\/#breadcrumb","itemListElement":[{"@type":"ListItem","position":1,"name":"Inicio","item":"https:\/\/galeriaseltriunfo.com\/dev2\/"},{"@type":"ListItem","position":2,"name":"Tienda","item":"https:\/\/galeriaseltriunfo.com\/dev2\/tienda\/"},{"@type":"ListItem","position":3,"name":"Conejo de Cer\u00e1mica con Cuenco de Cascar\u00f3n"}]},{"@type":"WebSite","@id":"https:\/\/galeriaseltriunfo.com\/dev2\/#website","url":"https:\/\/galeriaseltriunfo.com\/dev2\/","name":"Galer\u00edas el Triunfo","description":"Galer\u00edas el Triunfo es una de las tiendas online m\u00e1s grandes de accesorios y art\u00edculos de decoraci\u00f3n para el hogar, el jard\u00edn y la oficina. \u00a1Compra ahora!","publisher":{"@id":"https:\/\/galeriaseltriunfo.com\/dev2\/#organization"},"potentialAction":[{"@type":"SearchAction","target":{"@type":"EntryPoint","urlTemplate":"https:\/\/galeriaseltriunfo.com\/dev2\/?s={search_term_string}"},"query-input":{"@type":"PropertyValueSpecification","valueRequired":true,"valueName":"search_term_string"}}],"inLanguage":"es"},{"@type":"Organization","@id":"https:\/\/galeriaseltriunfo.com\/dev2\/#organization","name":"Galer\u00edas el Triunfo","url":"https:\/\/galeriaseltriunfo.com\/dev2\/","logo":{"@type":"ImageObject","inLanguage":"es","@id":"https:\/\/galeriaseltriunfo.com\/dev2\/#\/schema\/logo\/image\/","url":"https:\/\/galeriaseltriunfo.com\/wp-content\/uploads\/2023\/08\/logotipo-galerias-fondo-2x-min.webp","contentUrl":"https:\/\/galeriaseltriunfo.com\/wp-content\/uploads\/2023\/08\/logotipo-galerias-fondo-2x-min.webp","width":184,"height":264,"caption":"Galer\u00edas el Triunfo"},"image":{"@id":"https:\/\/galeriaseltriunfo.com\/dev2\/#\/schema\/logo\/image\/"},"sameAs":["https:\/\/www.facebook.com\/galeriaseltriunfo","https:\/\/x.com\/Gal_El_Triunfo","https:\/\/www.pinterest.com\/GaleriaselTriunfo","https:\/\/instagram.com\/galeriaseltriunfomx","https:\/\/www.youtube.com\/channel\/UChIaW2ZBBS4Pg8pkw0HuE7g","https:\/\/www.tiktok.com\/@galeriaseltriunfo"]}]}},"_links":{"self":[{"href":"https:\/\/galeriaseltriunfo.com\/dev2\/wp-json\/wp\/v2\/product\/168747","targetHints":{"allow":["GET"]}}],"collection":[{"href":"https:\/\/galeriaseltriunfo.com\/dev2\/wp-json\/wp\/v2\/product"}],"about":[{"href":"https:\/\/galeriaseltriunfo.com\/dev2\/wp-json\/wp\/v2\/types\/product"}],"wp:featuredmedia":[{"embeddable":true,"href":"https:\/\/galeriaseltriunfo.com\/dev2\/wp-json\/wp\/v2\/media\/168748"}],"wp:attachment":[{"href":"https:\/\/galeriaseltriunfo.com\/dev2\/wp-json\/wp\/v2\/media?parent=168747"}],"wp:term":[{"taxonomy":"product_brand","embeddable":true,"href":"https:\/\/galeriaseltriunfo.com\/dev2\/wp-json\/wp\/v2\/product_brand?post=168747"},{"taxonomy":"product_cat","embeddable":true,"href":"https:\/\/galeriaseltriunfo.com\/dev2\/wp-json\/wp\/v2\/product_cat?post=168747"},{"taxonomy":"product_tag","embeddable":true,"href":"https:\/\/galeriaseltriunfo.com\/dev2\/wp-json\/wp\/v2\/product_tag?post=168747"}],"curies":[{"name":"wp","href":"https:\/\/api.w.org\/{rel}","templated":true}]}}