{"id":170475,"date":"2022-06-08T00:00:00","date_gmt":"2022-06-08T00:00:00","guid":{"rendered":"https:\/\/www.galeriaseltriunfo.com\/wptest\/producto\/pan-decorativo-de-15x7x45\/"},"modified":"2026-03-18T17:32:35","modified_gmt":"2026-03-18T23:32:35","slug":"pan-decorativo-de-15x7x45","status":"publish","type":"product","link":"https:\/\/galeriaseltriunfo.com\/dev2\/producto\/pan-decorativo-de-15x7x45\/","title":{"rendered":"Pan R\u00fastico Artificial"},"content":{"rendered":"<h3 data-path-to-node=\"6\"><b data-path-to-node=\"6\" data-index-in-node=\"0\">Calidez Artesanal Y Realismo Gastron\u00f3mico En Tu Cocina<\/b><\/h3>\n<p data-path-to-node=\"7\">El <strong>Pan R\u00fastico Artificial<\/strong> \u00a0en su formato r\u00fastico es la pieza maestra para quien busca una est\u00e9tica de panader\u00eda tradicional, la calidez de los elementos horneados y una presencia visual impecable sin fecha de caducidad en su hogar o exhibidor comercial. Este objeto ofrece una <b data-path-to-node=\"7\" data-index-in-node=\"268\">sofisticaci\u00f3n tem\u00e1tica<\/b> incomparable para complementar cestas de mimbre, tablas de servicio de madera o como un acento de realismo r\u00fastico en <b data-path-to-node=\"7\" data-index-in-node=\"409\">tu espacio<\/b> de convivencia. Su sola presencia ayuda a elevar la sensaci\u00f3n de hospitalidad de tu ambientaci\u00f3n de manera inmediata. Lo logra mediante su dise\u00f1o detallado de silueta cil\u00edndrica con relieves transversales pronunciados, presentando un degradado vibrante que va del amarillo brillante al naranja tostado, lo que evoca la textura de una corteza perfectamente dorada en la categor\u00eda de <b data-path-to-node=\"7\" data-index-in-node=\"802\"><a target=\"_blank\" href=\"https:\/\/galeriaseltriunfo.com\/categoria\/liquidacion\/\" rel=\"noopener\" class=\"ng-star-inserted\" data-hveid=\"0\" data-ved=\"0CAAQ_4QMahgKEwi4rYbygKqTAxUAAAAAHQAAAAAQ3Rg\">Liquidaci\u00f3n<\/a><\/b>.<\/p>\n<p data-path-to-node=\"8\">Tambi\u00e9n transmite una sensaci\u00f3n de orden y lujo cotidiano a trav\u00e9s de su material flexible de alta calidad, que captura la esencia de la exclusividad al aportar un toque de autoridad decorativa a cualquier estancia mediante una apariencia que imita el brillo satinado del pan artesanal. Su apariencia refinada invita a la calidez mientras disfrutas de una pieza de alto impacto visual y equilibrio entre la ligereza de su material y el realismo de su pigmentaci\u00f3n. Funciona perfectamente en cualquier circunstancia de estilo <i data-path-to-node=\"8\" data-index-in-node=\"525\">farmhouse<\/i>, r\u00fastico o cl\u00e1sico, actuando como el escenario ideal para resaltar la calidez de tus ambientes sobre un fondo art\u00edstico y funcional. De hecho, este elemento permite que tu zona de cocina resalte con mucha fuerza hoy mismo de forma imponente. Adem\u00e1s, la est\u00e9tica de este <b data-path-to-node=\"8\" data-index-in-node=\"805\">pan decorativo<\/b> simboliza la <b data-path-to-node=\"8\" data-index-in-node=\"833\">abundancia<\/b> y el \u00e9xito en la armonizaci\u00f3n de espacios con alma.<\/p>\n<h3 data-path-to-node=\"9\"><b data-path-to-node=\"9\" data-index-in-node=\"0\">Beneficios Visuales Y Calidad De Fabricaci\u00f3n<\/b><\/h3>\n<p data-path-to-node=\"10\">En consecuencia, es la pieza ideal para quien valora la <b data-path-to-node=\"10\" data-index-in-node=\"56\">exclusividad<\/b> y el dise\u00f1o de utiler\u00eda gastron\u00f3mica de alta gama con un descuento excepcional. Al observar esta pieza con su detalle de volumen y sombra, se experimenta una sensaci\u00f3n de <b data-path-to-node=\"10\" data-index-in-node=\"240\">bienestar y familiaridad<\/b> por el \u00e9xito de su propuesta est\u00e9tica. Por lo tanto, usted sentir\u00e1 una atm\u00f3sfera de <b data-path-to-node=\"10\" data-index-in-node=\"349\">renovaci\u00f3n profesional<\/b> en su inventario de accesorios decorativos. Integrar este elemento ofrece el beneficio de transformar una canasta neutra en un escenario de <b data-path-to-node=\"10\" data-index-in-node=\"512\">lujo visual<\/b> deslumbrante. As\u00ed, usted lograr\u00e1 un toque de <b data-path-to-node=\"10\" data-index-in-node=\"569\">vanguardia ejecutiva<\/b> con mucha facilidad.<\/p>\n<h3 data-path-to-node=\"11\"><b data-path-to-node=\"11\" data-index-in-node=\"0\">Gu\u00eda De Uso Y Cuidado Premium<\/b><\/h3>\n<p data-path-to-node=\"12\">Respecto a su uso, combine el pan artesanal con otros elementos como la <b data-path-to-node=\"12\" data-index-in-node=\"72\">Rama de Aceitunas<\/b> o el <b data-path-to-node=\"12\" data-index-in-node=\"95\">Durazno Artificial<\/b> para crear bodegones de inspiraci\u00f3n europea con total confianza. Primero, limpie la superficie peri\u00f3dicamente utilizando un plumero suave para mantener la intensidad del color sin afectar el material de este <b data-path-to-node=\"12\" data-index-in-node=\"322\">pan decorativo<\/b>. Gracias a su fabricaci\u00f3n en pol\u00edmeros el\u00e1sticos de alta densidad, esta pieza es ideal para el uso decorativo prolongado, manteniendo su forma y color por m\u00e1s tiempo. Se recomienda evitar la humedad directa para preservar la integridad de los pigmentos dorados a largo plazo. As\u00ed garantizar\u00e1 una <b data-path-to-node=\"12\" data-index-in-node=\"633\">calidad excepcional<\/b> en la categor\u00eda de <b data-path-to-node=\"12\" data-index-in-node=\"672\"><a target=\"_blank\" href=\"https:\/\/galeriaseltriunfo.com\/categoria\/liquidacion\/\" rel=\"noopener\" class=\"ng-star-inserted\" data-hveid=\"0\" data-ved=\"0CAAQ_4QMahgKEwi4rYbygKqTAxUAAAAAHQAAAAAQ3hg\">Liquidaci\u00f3n<\/a><\/b> que representa la excelencia de nuestra tienda.<\/p>\n","protected":false},"excerpt":{"rendered":"<p>Pan decorativo de 15x7x4.5cm<\/p>\n","protected":false},"featured_media":170476,"template":"","meta":[],"product_brand":[],"product_cat":[1129],"product_tag":[521,13117,9917,12754,1013,13114,13125,13035,13115],"class_list":{"0":"post-170475","1":"product","2":"type-product","3":"status-publish","4":"has-post-thumbnail","6":"product_cat-liquidacion","7":"product_tag-alimentos-artificiales","8":"product_tag-comida-falsa","9":"product_tag-galerias-el-triunfo","10":"product_tag-hot-sale","11":"product_tag-liquidacion","12":"product_tag-pan-artificial","13":"product_tag-pan-rustico-decorativo","14":"product_tag-replica-gastronomica","15":"product_tag-utileria-de-cocina","17":"first","18":"instock","19":"sale","20":"purchasable","21":"product-type-simple"},"yoast_head":"<!-- This site is optimized with the Yoast SEO plugin v27.4 - https:\/\/yoast.com\/product\/yoast-seo-wordpress\/ -->\n<title>Pan R\u00fastico Artificial | Galer\u00edas El Triunfo<\/title>\n<meta name=\"description\" content=\"Decora tu cocina con realismo artesanal. Exclusivo pan decorativo artificial con acabado dorado en liquidaci\u00f3n para un hogar con estilo.\" \/>\n<meta name=\"robots\" content=\"index, follow, max-snippet:-1, max-image-preview:large, max-video-preview:-1\" \/>\n<link rel=\"canonical\" href=\"https:\/\/galeriaseltriunfo.com\/dev2\/producto\/pan-decorativo-de-15x7x45\/\" \/>\n<meta property=\"og:locale\" content=\"es_MX\" \/>\n<meta property=\"og:type\" content=\"article\" \/>\n<meta property=\"og:title\" content=\"Pan R\u00fastico Artificial | Galer\u00edas El Triunfo\" \/>\n<meta property=\"og:description\" content=\"Decora tu cocina con realismo artesanal. Exclusivo pan decorativo artificial con acabado dorado en liquidaci\u00f3n para un hogar con estilo.\" \/>\n<meta property=\"og:url\" content=\"https:\/\/galeriaseltriunfo.com\/dev2\/producto\/pan-decorativo-de-15x7x45\/\" \/>\n<meta property=\"og:site_name\" content=\"Galer\u00edas el Triunfo\" \/>\n<meta property=\"article:publisher\" content=\"https:\/\/www.facebook.com\/galeriaseltriunfo\" \/>\n<meta property=\"article:modified_time\" content=\"2026-03-18T23:32:35+00:00\" \/>\n<meta property=\"og:image\" content=\"https:\/\/galeriaseltriunfo.com\/dev2\/wp-content\/uploads\/2023\/08\/028071005167-Pan-decorativo-de-15x7x45-galerias-el-triunfo.jpg\" \/>\n\t<meta property=\"og:image:width\" content=\"300\" \/>\n\t<meta property=\"og:image:height\" content=\"300\" \/>\n\t<meta property=\"og:image:type\" content=\"image\/jpeg\" \/>\n<meta name=\"twitter:card\" content=\"summary_large_image\" \/>\n<meta name=\"twitter:site\" content=\"@Gal_El_Triunfo\" \/>\n<meta name=\"twitter:label1\" content=\"Tiempo de lectura\" \/>\n\t<meta name=\"twitter:data1\" content=\"3 minutos\" \/>\n<script type=\"application\/ld+json\" class=\"yoast-schema-graph\">{\"@context\":\"https:\\\/\\\/schema.org\",\"@graph\":[{\"@type\":[\"WebPage\",\"SearchResultsPage\"],\"@id\":\"https:\\\/\\\/galeriaseltriunfo.com\\\/dev2\\\/producto\\\/pan-decorativo-de-15x7x45\\\/\",\"url\":\"https:\\\/\\\/galeriaseltriunfo.com\\\/dev2\\\/producto\\\/pan-decorativo-de-15x7x45\\\/\",\"name\":\"Pan R\u00fastico Artificial | Galer\u00edas El Triunfo\",\"isPartOf\":{\"@id\":\"https:\\\/\\\/galeriaseltriunfo.com\\\/dev2\\\/#website\"},\"primaryImageOfPage\":{\"@id\":\"https:\\\/\\\/galeriaseltriunfo.com\\\/dev2\\\/producto\\\/pan-decorativo-de-15x7x45\\\/#primaryimage\"},\"image\":{\"@id\":\"https:\\\/\\\/galeriaseltriunfo.com\\\/dev2\\\/producto\\\/pan-decorativo-de-15x7x45\\\/#primaryimage\"},\"thumbnailUrl\":\"https:\\\/\\\/galeriaseltriunfo.com\\\/dev2\\\/wp-content\\\/uploads\\\/2023\\\/08\\\/028071005167-Pan-decorativo-de-15x7x45-galerias-el-triunfo.jpg\",\"datePublished\":\"2022-06-08T00:00:00+00:00\",\"dateModified\":\"2026-03-18T23:32:35+00:00\",\"description\":\"Decora tu cocina con realismo artesanal. Exclusivo pan decorativo artificial con acabado dorado en liquidaci\u00f3n para un hogar con estilo.\",\"breadcrumb\":{\"@id\":\"https:\\\/\\\/galeriaseltriunfo.com\\\/dev2\\\/producto\\\/pan-decorativo-de-15x7x45\\\/#breadcrumb\"},\"inLanguage\":\"es\",\"potentialAction\":[{\"@type\":\"ReadAction\",\"target\":[\"https:\\\/\\\/galeriaseltriunfo.com\\\/dev2\\\/producto\\\/pan-decorativo-de-15x7x45\\\/\"]}]},{\"@type\":\"ImageObject\",\"inLanguage\":\"es\",\"@id\":\"https:\\\/\\\/galeriaseltriunfo.com\\\/dev2\\\/producto\\\/pan-decorativo-de-15x7x45\\\/#primaryimage\",\"url\":\"https:\\\/\\\/galeriaseltriunfo.com\\\/dev2\\\/wp-content\\\/uploads\\\/2023\\\/08\\\/028071005167-Pan-decorativo-de-15x7x45-galerias-el-triunfo.jpg\",\"contentUrl\":\"https:\\\/\\\/galeriaseltriunfo.com\\\/dev2\\\/wp-content\\\/uploads\\\/2023\\\/08\\\/028071005167-Pan-decorativo-de-15x7x45-galerias-el-triunfo.jpg\",\"width\":300,\"height\":300,\"caption\":\"Pan decorativo de 15x7x45 - Galer\u00edas el Triunfo - 028071005167\"},{\"@type\":\"BreadcrumbList\",\"@id\":\"https:\\\/\\\/galeriaseltriunfo.com\\\/dev2\\\/producto\\\/pan-decorativo-de-15x7x45\\\/#breadcrumb\",\"itemListElement\":[{\"@type\":\"ListItem\",\"position\":1,\"name\":\"Inicio\",\"item\":\"https:\\\/\\\/galeriaseltriunfo.com\\\/dev2\\\/\"},{\"@type\":\"ListItem\",\"position\":2,\"name\":\"Tienda\",\"item\":\"https:\\\/\\\/galeriaseltriunfo.com\\\/dev2\\\/tienda\\\/\"},{\"@type\":\"ListItem\",\"position\":3,\"name\":\"Pan R\u00fastico Artificial\"}]},{\"@type\":\"WebSite\",\"@id\":\"https:\\\/\\\/galeriaseltriunfo.com\\\/dev2\\\/#website\",\"url\":\"https:\\\/\\\/galeriaseltriunfo.com\\\/dev2\\\/\",\"name\":\"Galer\u00edas el Triunfo\",\"description\":\"Galer\u00edas el Triunfo es una de las tiendas online m\u00e1s grandes de accesorios y art\u00edculos de decoraci\u00f3n para el hogar, el jard\u00edn y la oficina. \u00a1Compra ahora!\",\"publisher\":{\"@id\":\"https:\\\/\\\/galeriaseltriunfo.com\\\/dev2\\\/#organization\"},\"potentialAction\":[{\"@type\":\"SearchAction\",\"target\":{\"@type\":\"EntryPoint\",\"urlTemplate\":\"https:\\\/\\\/galeriaseltriunfo.com\\\/dev2\\\/?s={search_term_string}\"},\"query-input\":{\"@type\":\"PropertyValueSpecification\",\"valueRequired\":true,\"valueName\":\"search_term_string\"}}],\"inLanguage\":\"es\"},{\"@type\":\"Organization\",\"@id\":\"https:\\\/\\\/galeriaseltriunfo.com\\\/dev2\\\/#organization\",\"name\":\"Galer\u00edas el Triunfo\",\"url\":\"https:\\\/\\\/galeriaseltriunfo.com\\\/dev2\\\/\",\"logo\":{\"@type\":\"ImageObject\",\"inLanguage\":\"es\",\"@id\":\"https:\\\/\\\/galeriaseltriunfo.com\\\/dev2\\\/#\\\/schema\\\/logo\\\/image\\\/\",\"url\":\"https:\\\/\\\/galeriaseltriunfo.com\\\/wp-content\\\/uploads\\\/2023\\\/08\\\/logotipo-galerias-fondo-2x-min.webp\",\"contentUrl\":\"https:\\\/\\\/galeriaseltriunfo.com\\\/wp-content\\\/uploads\\\/2023\\\/08\\\/logotipo-galerias-fondo-2x-min.webp\",\"width\":184,\"height\":264,\"caption\":\"Galer\u00edas el Triunfo\"},\"image\":{\"@id\":\"https:\\\/\\\/galeriaseltriunfo.com\\\/dev2\\\/#\\\/schema\\\/logo\\\/image\\\/\"},\"sameAs\":[\"https:\\\/\\\/www.facebook.com\\\/galeriaseltriunfo\",\"https:\\\/\\\/x.com\\\/Gal_El_Triunfo\",\"https:\\\/\\\/www.pinterest.com\\\/GaleriaselTriunfo\",\"https:\\\/\\\/instagram.com\\\/galeriaseltriunfomx\",\"https:\\\/\\\/www.youtube.com\\\/channel\\\/UChIaW2ZBBS4Pg8pkw0HuE7g\",\"https:\\\/\\\/www.tiktok.com\\\/@galeriaseltriunfo\"]}]}<\/script>\n<!-- \/ Yoast SEO plugin. -->","yoast_head_json":{"title":"Pan R\u00fastico Artificial | Galer\u00edas El Triunfo","description":"Decora tu cocina con realismo artesanal. Exclusivo pan decorativo artificial con acabado dorado en liquidaci\u00f3n para un hogar con estilo.","robots":{"index":"index","follow":"follow","max-snippet":"max-snippet:-1","max-image-preview":"max-image-preview:large","max-video-preview":"max-video-preview:-1"},"canonical":"https:\/\/galeriaseltriunfo.com\/dev2\/producto\/pan-decorativo-de-15x7x45\/","og_locale":"es_MX","og_type":"article","og_title":"Pan R\u00fastico Artificial | Galer\u00edas El Triunfo","og_description":"Decora tu cocina con realismo artesanal. Exclusivo pan decorativo artificial con acabado dorado en liquidaci\u00f3n para un hogar con estilo.","og_url":"https:\/\/galeriaseltriunfo.com\/dev2\/producto\/pan-decorativo-de-15x7x45\/","og_site_name":"Galer\u00edas el Triunfo","article_publisher":"https:\/\/www.facebook.com\/galeriaseltriunfo","article_modified_time":"2026-03-18T23:32:35+00:00","og_image":[{"width":300,"height":300,"url":"https:\/\/galeriaseltriunfo.com\/dev2\/wp-content\/uploads\/2023\/08\/028071005167-Pan-decorativo-de-15x7x45-galerias-el-triunfo.jpg","type":"image\/jpeg"}],"twitter_card":"summary_large_image","twitter_site":"@Gal_El_Triunfo","twitter_misc":{"Tiempo de lectura":"3 minutos"},"schema":{"@context":"https:\/\/schema.org","@graph":[{"@type":["WebPage","SearchResultsPage"],"@id":"https:\/\/galeriaseltriunfo.com\/dev2\/producto\/pan-decorativo-de-15x7x45\/","url":"https:\/\/galeriaseltriunfo.com\/dev2\/producto\/pan-decorativo-de-15x7x45\/","name":"Pan R\u00fastico Artificial | Galer\u00edas El Triunfo","isPartOf":{"@id":"https:\/\/galeriaseltriunfo.com\/dev2\/#website"},"primaryImageOfPage":{"@id":"https:\/\/galeriaseltriunfo.com\/dev2\/producto\/pan-decorativo-de-15x7x45\/#primaryimage"},"image":{"@id":"https:\/\/galeriaseltriunfo.com\/dev2\/producto\/pan-decorativo-de-15x7x45\/#primaryimage"},"thumbnailUrl":"https:\/\/galeriaseltriunfo.com\/dev2\/wp-content\/uploads\/2023\/08\/028071005167-Pan-decorativo-de-15x7x45-galerias-el-triunfo.jpg","datePublished":"2022-06-08T00:00:00+00:00","dateModified":"2026-03-18T23:32:35+00:00","description":"Decora tu cocina con realismo artesanal. Exclusivo pan decorativo artificial con acabado dorado en liquidaci\u00f3n para un hogar con estilo.","breadcrumb":{"@id":"https:\/\/galeriaseltriunfo.com\/dev2\/producto\/pan-decorativo-de-15x7x45\/#breadcrumb"},"inLanguage":"es","potentialAction":[{"@type":"ReadAction","target":["https:\/\/galeriaseltriunfo.com\/dev2\/producto\/pan-decorativo-de-15x7x45\/"]}]},{"@type":"ImageObject","inLanguage":"es","@id":"https:\/\/galeriaseltriunfo.com\/dev2\/producto\/pan-decorativo-de-15x7x45\/#primaryimage","url":"https:\/\/galeriaseltriunfo.com\/dev2\/wp-content\/uploads\/2023\/08\/028071005167-Pan-decorativo-de-15x7x45-galerias-el-triunfo.jpg","contentUrl":"https:\/\/galeriaseltriunfo.com\/dev2\/wp-content\/uploads\/2023\/08\/028071005167-Pan-decorativo-de-15x7x45-galerias-el-triunfo.jpg","width":300,"height":300,"caption":"Pan decorativo de 15x7x45 - Galer\u00edas el Triunfo - 028071005167"},{"@type":"BreadcrumbList","@id":"https:\/\/galeriaseltriunfo.com\/dev2\/producto\/pan-decorativo-de-15x7x45\/#breadcrumb","itemListElement":[{"@type":"ListItem","position":1,"name":"Inicio","item":"https:\/\/galeriaseltriunfo.com\/dev2\/"},{"@type":"ListItem","position":2,"name":"Tienda","item":"https:\/\/galeriaseltriunfo.com\/dev2\/tienda\/"},{"@type":"ListItem","position":3,"name":"Pan R\u00fastico Artificial"}]},{"@type":"WebSite","@id":"https:\/\/galeriaseltriunfo.com\/dev2\/#website","url":"https:\/\/galeriaseltriunfo.com\/dev2\/","name":"Galer\u00edas el Triunfo","description":"Galer\u00edas el Triunfo es una de las tiendas online m\u00e1s grandes de accesorios y art\u00edculos de decoraci\u00f3n para el hogar, el jard\u00edn y la oficina. \u00a1Compra ahora!","publisher":{"@id":"https:\/\/galeriaseltriunfo.com\/dev2\/#organization"},"potentialAction":[{"@type":"SearchAction","target":{"@type":"EntryPoint","urlTemplate":"https:\/\/galeriaseltriunfo.com\/dev2\/?s={search_term_string}"},"query-input":{"@type":"PropertyValueSpecification","valueRequired":true,"valueName":"search_term_string"}}],"inLanguage":"es"},{"@type":"Organization","@id":"https:\/\/galeriaseltriunfo.com\/dev2\/#organization","name":"Galer\u00edas el Triunfo","url":"https:\/\/galeriaseltriunfo.com\/dev2\/","logo":{"@type":"ImageObject","inLanguage":"es","@id":"https:\/\/galeriaseltriunfo.com\/dev2\/#\/schema\/logo\/image\/","url":"https:\/\/galeriaseltriunfo.com\/wp-content\/uploads\/2023\/08\/logotipo-galerias-fondo-2x-min.webp","contentUrl":"https:\/\/galeriaseltriunfo.com\/wp-content\/uploads\/2023\/08\/logotipo-galerias-fondo-2x-min.webp","width":184,"height":264,"caption":"Galer\u00edas el Triunfo"},"image":{"@id":"https:\/\/galeriaseltriunfo.com\/dev2\/#\/schema\/logo\/image\/"},"sameAs":["https:\/\/www.facebook.com\/galeriaseltriunfo","https:\/\/x.com\/Gal_El_Triunfo","https:\/\/www.pinterest.com\/GaleriaselTriunfo","https:\/\/instagram.com\/galeriaseltriunfomx","https:\/\/www.youtube.com\/channel\/UChIaW2ZBBS4Pg8pkw0HuE7g","https:\/\/www.tiktok.com\/@galeriaseltriunfo"]}]}},"_links":{"self":[{"href":"https:\/\/galeriaseltriunfo.com\/dev2\/wp-json\/wp\/v2\/product\/170475","targetHints":{"allow":["GET"]}}],"collection":[{"href":"https:\/\/galeriaseltriunfo.com\/dev2\/wp-json\/wp\/v2\/product"}],"about":[{"href":"https:\/\/galeriaseltriunfo.com\/dev2\/wp-json\/wp\/v2\/types\/product"}],"wp:featuredmedia":[{"embeddable":true,"href":"https:\/\/galeriaseltriunfo.com\/dev2\/wp-json\/wp\/v2\/media\/170476"}],"wp:attachment":[{"href":"https:\/\/galeriaseltriunfo.com\/dev2\/wp-json\/wp\/v2\/media?parent=170475"}],"wp:term":[{"taxonomy":"product_brand","embeddable":true,"href":"https:\/\/galeriaseltriunfo.com\/dev2\/wp-json\/wp\/v2\/product_brand?post=170475"},{"taxonomy":"product_cat","embeddable":true,"href":"https:\/\/galeriaseltriunfo.com\/dev2\/wp-json\/wp\/v2\/product_cat?post=170475"},{"taxonomy":"product_tag","embeddable":true,"href":"https:\/\/galeriaseltriunfo.com\/dev2\/wp-json\/wp\/v2\/product_tag?post=170475"}],"curies":[{"name":"wp","href":"https:\/\/api.w.org\/{rel}","templated":true}]}}