{"id":172395,"date":"2022-01-26T00:00:00","date_gmt":"2022-01-26T00:00:00","guid":{"rendered":"https:\/\/www.galeriaseltriunfo.com\/wptest\/producto\/plato-de-vidrio-diseno-35\/"},"modified":"2026-03-10T06:34:47","modified_gmt":"2026-03-10T12:34:47","slug":"plato-de-vidrio-diseno-35","status":"publish","type":"product","link":"https:\/\/galeriaseltriunfo.com\/dev2\/producto\/plato-de-vidrio-diseno-35\/","title":{"rendered":"Plato Frutas y Girasoles"},"content":{"rendered":"<p><b>Invoca la Inmutabilidad de la Naturaleza con nuestro Plato Cargador de Vidrio.<\/b> Este es un objeto de profundo <b>misticismo<\/b> y <b>funcionalidad<\/b> que aporta un <b>valor<\/b> atemporal de abundancia, alegr\u00eda y riqueza de la cosecha a tu mesa. Su dise\u00f1o de frutas y girasoles es un estallido visual que recrea la fuerza de la tierra y la energ\u00eda solar, promoviendo la vitalidad y la prosperidad.<\/p>\n<p><b>Por consiguiente<\/b>, su dise\u00f1o es excepcionalmente opulento y cl\u00e1sico, evocando el estilo barroco o mediterr\u00e1neo. El plato presenta un borde ricamente decorado con racimos de <b>frutas<\/b> (limones, uvas, manzanas) y grandes <b>girasoles<\/b> amarillos. <b>Adem\u00e1s<\/b>, este dise\u00f1o es un poderoso s\u00edmbolo de la <b>Abundancia<\/b>, la alegr\u00eda de la vida (<i>dolce vita<\/i>) y el optimismo, ya que el girasol sigue al sol. <b>De igual forma<\/b>, el centro oscuro (negro\/azul marino) ofrece un contraste dram\u00e1tico que hace resaltar los colores vivos de las frutas y las flores. Al ser un plato cargador, eleva instant\u00e1neamente la est\u00e9tica de tu mesa. El plato est\u00e1 fabricado en <b>Vidrio<\/b> de alta calidad con un acabado brillante. <b>En consecuencia<\/b>, esta pieza es ideal como centro de mesa, como plato cargador para vajillas neutras o como una bandeja decorativa que celebra la generosidad de la naturaleza.<\/p>\n<p><b>Afortunadamente<\/b>, su presencia recarga tu ambiente y te brinda el <b>empoderamiento<\/b> de un estilo decorativo que irradia calidez y celebraci\u00f3n. <b>Por lo tanto<\/b>, ubicarlo en un lugar visible act\u00faa como un punto focal de <b>energ\u00eda<\/b> positiva y <b>equilibrio<\/b>. <b>Finalmente<\/b>, este plato te ayuda a crear un <b>ambiente<\/b> de <b>equilibrio<\/b> y riqueza visual. <b>De igual forma<\/b>, utiliza esta pieza como un recordatorio diario de la importancia de apreciar la cosecha. El <b>vidrio<\/b> le garantiza un <b>valor<\/b> est\u00e9tico duradero. <b>Aprovecha el descuento en esta pieza \u00fanica<\/b>.<\/p>\n<blockquote><p><b>Importante<\/b>: En mercanc\u00eda con descuentos del 50% al 75% los art\u00edculos pueden presentar <b>ligeras imperfecciones<\/b> est\u00e9ticas o <b>variaciones<\/b> en el <b>color<\/b> que <b>no<\/b> afectan su uso. Por lo cual este producto <b>no<\/b> admite cambios, reembolsos <b>ni<\/b> devoluciones.<\/p><\/blockquote>\n<p><b><i>Materiales<\/i><\/b>: Vidrio.<b>Descubre m\u00e1s piezas que transformar\u00e1n tu energ\u00eda y ambiente; te invitamos a visitar la categor\u00eda <a target=\"_blank\" href=\"https:\/\/galeriaseltriunfo.com\/categoria\/liquidacion\/\" rel=\"noopener\" class=\"ng-star-inserted\" data-hveid=\"0\" data-ved=\"0CAAQ_4QMahgKEwjO-fGDs-qQAxUAAAAAHQAAAAAQqQo\">Liquidaci\u00f3n<\/a>.<\/b><\/p>\n","protected":false},"excerpt":{"rendered":"<p>Plato de vidrio dise\u00f1o girasoles de 20x20cm<\/p>\n","protected":false},"featured_media":172396,"template":"","meta":[],"product_brand":[],"product_cat":[1129],"product_tag":[8940,9378,9386,7424,7423,1603,1013,8364,7056,9365,2920],"class_list":{"0":"post-172395","1":"product","2":"type-product","3":"status-publish","4":"has-post-thumbnail","6":"product_cat-liquidacion","7":"product_tag-abundancia","8":"product_tag-cargador","9":"product_tag-cosecha","10":"product_tag-descuento","11":"product_tag-frutas","12":"product_tag-girasoles","13":"product_tag-liquidacion","14":"product_tag-mediterraneo","15":"product_tag-plato-decorativo","16":"product_tag-rebajas","17":"product_tag-vidrio","19":"first","20":"instock","21":"sale","22":"purchasable","23":"product-type-simple"},"yoast_head":"<!-- This site is optimized with the Yoast SEO plugin v27.4 - https:\/\/yoast.com\/product\/yoast-seo-wordpress\/ -->\n<title>Plato de Vidrio | Frutas y Girasoles | Abundancia<\/title>\n<meta name=\"description\" content=\"Plato Cargador de Vidrio Frutas y Girasoles. Aporta abundancia, alegr\u00eda y valor a tu hogar. Fomenta la vitalidad y la prosperidad.\" \/>\n<meta name=\"robots\" content=\"index, follow, max-snippet:-1, max-image-preview:large, max-video-preview:-1\" \/>\n<link rel=\"canonical\" href=\"https:\/\/galeriaseltriunfo.com\/dev2\/producto\/plato-de-vidrio-diseno-35\/\" \/>\n<meta property=\"og:locale\" content=\"es_MX\" \/>\n<meta property=\"og:type\" content=\"article\" \/>\n<meta property=\"og:title\" content=\"Plato de Vidrio | Frutas y Girasoles | Abundancia\" \/>\n<meta property=\"og:description\" content=\"Plato Cargador de Vidrio Frutas y Girasoles. Aporta abundancia, alegr\u00eda y valor a tu hogar. Fomenta la vitalidad y la prosperidad.\" \/>\n<meta property=\"og:url\" content=\"https:\/\/galeriaseltriunfo.com\/dev2\/producto\/plato-de-vidrio-diseno-35\/\" \/>\n<meta property=\"og:site_name\" content=\"Galer\u00edas el Triunfo\" \/>\n<meta property=\"article:publisher\" content=\"https:\/\/www.facebook.com\/galeriaseltriunfo\" \/>\n<meta property=\"article:modified_time\" content=\"2026-03-10T12:34:47+00:00\" \/>\n<meta property=\"og:image\" content=\"https:\/\/galeriaseltriunfo.com\/dev2\/wp-content\/uploads\/2023\/08\/120071887153-Plato-de-vidrio-diseno-galerias-el-triunfo.jpg\" \/>\n\t<meta property=\"og:image:width\" content=\"300\" \/>\n\t<meta property=\"og:image:height\" content=\"300\" \/>\n\t<meta property=\"og:image:type\" content=\"image\/jpeg\" \/>\n<meta name=\"twitter:card\" content=\"summary_large_image\" \/>\n<meta name=\"twitter:site\" content=\"@Gal_El_Triunfo\" \/>\n<meta name=\"twitter:label1\" content=\"Tiempo de lectura\" \/>\n\t<meta name=\"twitter:data1\" content=\"2 minutos\" \/>\n<script type=\"application\/ld+json\" class=\"yoast-schema-graph\">{\"@context\":\"https:\\\/\\\/schema.org\",\"@graph\":[{\"@type\":[\"WebPage\",\"SearchResultsPage\"],\"@id\":\"https:\\\/\\\/galeriaseltriunfo.com\\\/dev2\\\/producto\\\/plato-de-vidrio-diseno-35\\\/\",\"url\":\"https:\\\/\\\/galeriaseltriunfo.com\\\/dev2\\\/producto\\\/plato-de-vidrio-diseno-35\\\/\",\"name\":\"Plato de Vidrio | Frutas y Girasoles | Abundancia\",\"isPartOf\":{\"@id\":\"https:\\\/\\\/galeriaseltriunfo.com\\\/dev2\\\/#website\"},\"primaryImageOfPage\":{\"@id\":\"https:\\\/\\\/galeriaseltriunfo.com\\\/dev2\\\/producto\\\/plato-de-vidrio-diseno-35\\\/#primaryimage\"},\"image\":{\"@id\":\"https:\\\/\\\/galeriaseltriunfo.com\\\/dev2\\\/producto\\\/plato-de-vidrio-diseno-35\\\/#primaryimage\"},\"thumbnailUrl\":\"https:\\\/\\\/galeriaseltriunfo.com\\\/dev2\\\/wp-content\\\/uploads\\\/2023\\\/08\\\/120071887153-Plato-de-vidrio-diseno-galerias-el-triunfo.jpg\",\"datePublished\":\"2022-01-26T00:00:00+00:00\",\"dateModified\":\"2026-03-10T12:34:47+00:00\",\"description\":\"Plato Cargador de Vidrio Frutas y Girasoles. Aporta abundancia, alegr\u00eda y valor a tu hogar. Fomenta la vitalidad y la prosperidad.\",\"breadcrumb\":{\"@id\":\"https:\\\/\\\/galeriaseltriunfo.com\\\/dev2\\\/producto\\\/plato-de-vidrio-diseno-35\\\/#breadcrumb\"},\"inLanguage\":\"es\",\"potentialAction\":[{\"@type\":\"ReadAction\",\"target\":[\"https:\\\/\\\/galeriaseltriunfo.com\\\/dev2\\\/producto\\\/plato-de-vidrio-diseno-35\\\/\"]}]},{\"@type\":\"ImageObject\",\"inLanguage\":\"es\",\"@id\":\"https:\\\/\\\/galeriaseltriunfo.com\\\/dev2\\\/producto\\\/plato-de-vidrio-diseno-35\\\/#primaryimage\",\"url\":\"https:\\\/\\\/galeriaseltriunfo.com\\\/dev2\\\/wp-content\\\/uploads\\\/2023\\\/08\\\/120071887153-Plato-de-vidrio-diseno-galerias-el-triunfo.jpg\",\"contentUrl\":\"https:\\\/\\\/galeriaseltriunfo.com\\\/dev2\\\/wp-content\\\/uploads\\\/2023\\\/08\\\/120071887153-Plato-de-vidrio-diseno-galerias-el-triunfo.jpg\",\"width\":300,\"height\":300,\"caption\":\"Plato de vidrio dise\u00f1o - Galer\u00edas el Triunfo - 120071887153\"},{\"@type\":\"BreadcrumbList\",\"@id\":\"https:\\\/\\\/galeriaseltriunfo.com\\\/dev2\\\/producto\\\/plato-de-vidrio-diseno-35\\\/#breadcrumb\",\"itemListElement\":[{\"@type\":\"ListItem\",\"position\":1,\"name\":\"Inicio\",\"item\":\"https:\\\/\\\/galeriaseltriunfo.com\\\/dev2\\\/\"},{\"@type\":\"ListItem\",\"position\":2,\"name\":\"Tienda\",\"item\":\"https:\\\/\\\/galeriaseltriunfo.com\\\/dev2\\\/tienda\\\/\"},{\"@type\":\"ListItem\",\"position\":3,\"name\":\"Plato Frutas y Girasoles\"}]},{\"@type\":\"WebSite\",\"@id\":\"https:\\\/\\\/galeriaseltriunfo.com\\\/dev2\\\/#website\",\"url\":\"https:\\\/\\\/galeriaseltriunfo.com\\\/dev2\\\/\",\"name\":\"Galer\u00edas el Triunfo\",\"description\":\"Galer\u00edas el Triunfo es una de las tiendas online m\u00e1s grandes de accesorios y art\u00edculos de decoraci\u00f3n para el hogar, el jard\u00edn y la oficina. \u00a1Compra ahora!\",\"publisher\":{\"@id\":\"https:\\\/\\\/galeriaseltriunfo.com\\\/dev2\\\/#organization\"},\"potentialAction\":[{\"@type\":\"SearchAction\",\"target\":{\"@type\":\"EntryPoint\",\"urlTemplate\":\"https:\\\/\\\/galeriaseltriunfo.com\\\/dev2\\\/?s={search_term_string}\"},\"query-input\":{\"@type\":\"PropertyValueSpecification\",\"valueRequired\":true,\"valueName\":\"search_term_string\"}}],\"inLanguage\":\"es\"},{\"@type\":\"Organization\",\"@id\":\"https:\\\/\\\/galeriaseltriunfo.com\\\/dev2\\\/#organization\",\"name\":\"Galer\u00edas el Triunfo\",\"url\":\"https:\\\/\\\/galeriaseltriunfo.com\\\/dev2\\\/\",\"logo\":{\"@type\":\"ImageObject\",\"inLanguage\":\"es\",\"@id\":\"https:\\\/\\\/galeriaseltriunfo.com\\\/dev2\\\/#\\\/schema\\\/logo\\\/image\\\/\",\"url\":\"https:\\\/\\\/galeriaseltriunfo.com\\\/wp-content\\\/uploads\\\/2023\\\/08\\\/logotipo-galerias-fondo-2x-min.webp\",\"contentUrl\":\"https:\\\/\\\/galeriaseltriunfo.com\\\/wp-content\\\/uploads\\\/2023\\\/08\\\/logotipo-galerias-fondo-2x-min.webp\",\"width\":184,\"height\":264,\"caption\":\"Galer\u00edas el Triunfo\"},\"image\":{\"@id\":\"https:\\\/\\\/galeriaseltriunfo.com\\\/dev2\\\/#\\\/schema\\\/logo\\\/image\\\/\"},\"sameAs\":[\"https:\\\/\\\/www.facebook.com\\\/galeriaseltriunfo\",\"https:\\\/\\\/x.com\\\/Gal_El_Triunfo\",\"https:\\\/\\\/www.pinterest.com\\\/GaleriaselTriunfo\",\"https:\\\/\\\/instagram.com\\\/galeriaseltriunfomx\",\"https:\\\/\\\/www.youtube.com\\\/channel\\\/UChIaW2ZBBS4Pg8pkw0HuE7g\",\"https:\\\/\\\/www.tiktok.com\\\/@galeriaseltriunfo\"]}]}<\/script>\n<!-- \/ Yoast SEO plugin. -->","yoast_head_json":{"title":"Plato de Vidrio | Frutas y Girasoles | Abundancia","description":"Plato Cargador de Vidrio Frutas y Girasoles. Aporta abundancia, alegr\u00eda y valor a tu hogar. Fomenta la vitalidad y la prosperidad.","robots":{"index":"index","follow":"follow","max-snippet":"max-snippet:-1","max-image-preview":"max-image-preview:large","max-video-preview":"max-video-preview:-1"},"canonical":"https:\/\/galeriaseltriunfo.com\/dev2\/producto\/plato-de-vidrio-diseno-35\/","og_locale":"es_MX","og_type":"article","og_title":"Plato de Vidrio | Frutas y Girasoles | Abundancia","og_description":"Plato Cargador de Vidrio Frutas y Girasoles. Aporta abundancia, alegr\u00eda y valor a tu hogar. Fomenta la vitalidad y la prosperidad.","og_url":"https:\/\/galeriaseltriunfo.com\/dev2\/producto\/plato-de-vidrio-diseno-35\/","og_site_name":"Galer\u00edas el Triunfo","article_publisher":"https:\/\/www.facebook.com\/galeriaseltriunfo","article_modified_time":"2026-03-10T12:34:47+00:00","og_image":[{"width":300,"height":300,"url":"https:\/\/galeriaseltriunfo.com\/dev2\/wp-content\/uploads\/2023\/08\/120071887153-Plato-de-vidrio-diseno-galerias-el-triunfo.jpg","type":"image\/jpeg"}],"twitter_card":"summary_large_image","twitter_site":"@Gal_El_Triunfo","twitter_misc":{"Tiempo de lectura":"2 minutos"},"schema":{"@context":"https:\/\/schema.org","@graph":[{"@type":["WebPage","SearchResultsPage"],"@id":"https:\/\/galeriaseltriunfo.com\/dev2\/producto\/plato-de-vidrio-diseno-35\/","url":"https:\/\/galeriaseltriunfo.com\/dev2\/producto\/plato-de-vidrio-diseno-35\/","name":"Plato de Vidrio | Frutas y Girasoles | Abundancia","isPartOf":{"@id":"https:\/\/galeriaseltriunfo.com\/dev2\/#website"},"primaryImageOfPage":{"@id":"https:\/\/galeriaseltriunfo.com\/dev2\/producto\/plato-de-vidrio-diseno-35\/#primaryimage"},"image":{"@id":"https:\/\/galeriaseltriunfo.com\/dev2\/producto\/plato-de-vidrio-diseno-35\/#primaryimage"},"thumbnailUrl":"https:\/\/galeriaseltriunfo.com\/dev2\/wp-content\/uploads\/2023\/08\/120071887153-Plato-de-vidrio-diseno-galerias-el-triunfo.jpg","datePublished":"2022-01-26T00:00:00+00:00","dateModified":"2026-03-10T12:34:47+00:00","description":"Plato Cargador de Vidrio Frutas y Girasoles. Aporta abundancia, alegr\u00eda y valor a tu hogar. Fomenta la vitalidad y la prosperidad.","breadcrumb":{"@id":"https:\/\/galeriaseltriunfo.com\/dev2\/producto\/plato-de-vidrio-diseno-35\/#breadcrumb"},"inLanguage":"es","potentialAction":[{"@type":"ReadAction","target":["https:\/\/galeriaseltriunfo.com\/dev2\/producto\/plato-de-vidrio-diseno-35\/"]}]},{"@type":"ImageObject","inLanguage":"es","@id":"https:\/\/galeriaseltriunfo.com\/dev2\/producto\/plato-de-vidrio-diseno-35\/#primaryimage","url":"https:\/\/galeriaseltriunfo.com\/dev2\/wp-content\/uploads\/2023\/08\/120071887153-Plato-de-vidrio-diseno-galerias-el-triunfo.jpg","contentUrl":"https:\/\/galeriaseltriunfo.com\/dev2\/wp-content\/uploads\/2023\/08\/120071887153-Plato-de-vidrio-diseno-galerias-el-triunfo.jpg","width":300,"height":300,"caption":"Plato de vidrio dise\u00f1o - Galer\u00edas el Triunfo - 120071887153"},{"@type":"BreadcrumbList","@id":"https:\/\/galeriaseltriunfo.com\/dev2\/producto\/plato-de-vidrio-diseno-35\/#breadcrumb","itemListElement":[{"@type":"ListItem","position":1,"name":"Inicio","item":"https:\/\/galeriaseltriunfo.com\/dev2\/"},{"@type":"ListItem","position":2,"name":"Tienda","item":"https:\/\/galeriaseltriunfo.com\/dev2\/tienda\/"},{"@type":"ListItem","position":3,"name":"Plato Frutas y Girasoles"}]},{"@type":"WebSite","@id":"https:\/\/galeriaseltriunfo.com\/dev2\/#website","url":"https:\/\/galeriaseltriunfo.com\/dev2\/","name":"Galer\u00edas el Triunfo","description":"Galer\u00edas el Triunfo es una de las tiendas online m\u00e1s grandes de accesorios y art\u00edculos de decoraci\u00f3n para el hogar, el jard\u00edn y la oficina. \u00a1Compra ahora!","publisher":{"@id":"https:\/\/galeriaseltriunfo.com\/dev2\/#organization"},"potentialAction":[{"@type":"SearchAction","target":{"@type":"EntryPoint","urlTemplate":"https:\/\/galeriaseltriunfo.com\/dev2\/?s={search_term_string}"},"query-input":{"@type":"PropertyValueSpecification","valueRequired":true,"valueName":"search_term_string"}}],"inLanguage":"es"},{"@type":"Organization","@id":"https:\/\/galeriaseltriunfo.com\/dev2\/#organization","name":"Galer\u00edas el Triunfo","url":"https:\/\/galeriaseltriunfo.com\/dev2\/","logo":{"@type":"ImageObject","inLanguage":"es","@id":"https:\/\/galeriaseltriunfo.com\/dev2\/#\/schema\/logo\/image\/","url":"https:\/\/galeriaseltriunfo.com\/wp-content\/uploads\/2023\/08\/logotipo-galerias-fondo-2x-min.webp","contentUrl":"https:\/\/galeriaseltriunfo.com\/wp-content\/uploads\/2023\/08\/logotipo-galerias-fondo-2x-min.webp","width":184,"height":264,"caption":"Galer\u00edas el Triunfo"},"image":{"@id":"https:\/\/galeriaseltriunfo.com\/dev2\/#\/schema\/logo\/image\/"},"sameAs":["https:\/\/www.facebook.com\/galeriaseltriunfo","https:\/\/x.com\/Gal_El_Triunfo","https:\/\/www.pinterest.com\/GaleriaselTriunfo","https:\/\/instagram.com\/galeriaseltriunfomx","https:\/\/www.youtube.com\/channel\/UChIaW2ZBBS4Pg8pkw0HuE7g","https:\/\/www.tiktok.com\/@galeriaseltriunfo"]}]}},"_links":{"self":[{"href":"https:\/\/galeriaseltriunfo.com\/dev2\/wp-json\/wp\/v2\/product\/172395","targetHints":{"allow":["GET"]}}],"collection":[{"href":"https:\/\/galeriaseltriunfo.com\/dev2\/wp-json\/wp\/v2\/product"}],"about":[{"href":"https:\/\/galeriaseltriunfo.com\/dev2\/wp-json\/wp\/v2\/types\/product"}],"wp:featuredmedia":[{"embeddable":true,"href":"https:\/\/galeriaseltriunfo.com\/dev2\/wp-json\/wp\/v2\/media\/172396"}],"wp:attachment":[{"href":"https:\/\/galeriaseltriunfo.com\/dev2\/wp-json\/wp\/v2\/media?parent=172395"}],"wp:term":[{"taxonomy":"product_brand","embeddable":true,"href":"https:\/\/galeriaseltriunfo.com\/dev2\/wp-json\/wp\/v2\/product_brand?post=172395"},{"taxonomy":"product_cat","embeddable":true,"href":"https:\/\/galeriaseltriunfo.com\/dev2\/wp-json\/wp\/v2\/product_cat?post=172395"},{"taxonomy":"product_tag","embeddable":true,"href":"https:\/\/galeriaseltriunfo.com\/dev2\/wp-json\/wp\/v2\/product_tag?post=172395"}],"curies":[{"name":"wp","href":"https:\/\/api.w.org\/{rel}","templated":true}]}}