{"id":173191,"date":"2023-01-03T00:00:00","date_gmt":"2023-01-03T00:00:00","guid":{"rendered":"https:\/\/www.galeriaseltriunfo.com\/wptest\/producto\/juego-de-sake\/"},"modified":"2026-03-27T18:37:58","modified_gmt":"2026-03-28T00:37:58","slug":"juego-de-sake","status":"publish","type":"product","link":"https:\/\/galeriaseltriunfo.com\/dev2\/producto\/juego-de-sake\/","title":{"rendered":"Juego de Sake Cl\u00e1sico"},"content":{"rendered":"<h3 data-path-to-node=\"6\"><b data-path-to-node=\"6\" data-index-in-node=\"0\">Elegancia Y Tradici\u00f3n En Tu Mesa De Sushi<\/b><\/h3>\n<p data-path-to-node=\"7\">El <b data-path-to-node=\"7\" data-index-in-node=\"3\">Juego de Sake Cl\u00e1sico<\/b> es la pieza maestra para quien busca distinci\u00f3n y autenticidad en su servicio de bebidas. Este conjunto ofrece una <b data-path-to-node=\"7\" data-index-in-node=\"140\">sofisticaci\u00f3n atemporal<\/b> incomparable para cualquier restaurante, cena de gala o barra de especialidades en <b data-path-to-node=\"7\" data-index-in-node=\"247\">tu espacio<\/b> de hospitalidad. Su sola presencia ayuda a elevar la ambientaci\u00f3n de tu mesa de manera inmediata. Lo logra mediante su dise\u00f1o detallado que presenta una silueta minimalista y limpia, lo que evoca la <strong>elegancia<\/strong> y la fuerza del <strong>lujo<\/strong> decorativo oriental en la categor\u00eda de <a target=\"_blank\" href=\"https:\/\/galeriaseltriunfo.com\/categoria\/horeca\/sushi\/\" rel=\"noopener\" class=\"ng-star-inserted\" data-hveid=\"0\" data-ved=\"0CAAQ_4QMahgKEwjg_KGllYmTAxUAAAAAHQAAAAAQ_xk\">Sushi<\/a>.<\/p>\n<p data-path-to-node=\"8\">Tambi\u00e9n transmite una vitalidad \u00fanica a trav\u00e9s de su acabado en blanco inmaculado y mate que captura la esencia de la exclusividad culinaria. Su apariencia refinada, resaltada por una textura suave al tacto, invita a la admiraci\u00f3n constante de sus invitados mientras disfrutan de un ritual tradicional. Funciona perfectamente en cualquier circunstancia de alto impacto, actuando como el escenario ideal para servir sake caliente o fr\u00edo sobre una bandeja coordinada y art\u00edstica. De hecho, este elemento permite que tu presentaci\u00f3n gastron\u00f3mica resalte con mucha fuerza hoy mismo de forma imponente. Adem\u00e1s, la est\u00e9tica de este <b data-path-to-node=\"8\" data-index-in-node=\"626\">juego de sake cl\u00e1sico<\/b> simboliza la <b data-path-to-node=\"8\" data-index-in-node=\"661\">serenidad<\/b> y el \u00e9xito festivo.<\/p>\n<h3 data-path-to-node=\"9\"><b data-path-to-node=\"9\" data-index-in-node=\"0\">Beneficios Visuales Y Calidad Premium<\/b><\/h3>\n<p data-path-to-node=\"10\">En consecuencia, es la pieza ideal para quien valora la <b data-path-to-node=\"10\" data-index-in-node=\"56\">exclusividad<\/b> y el dise\u00f1o de alta gama para sus producciones. Al observar este set, se experimenta una sensaci\u00f3n de <b data-path-to-node=\"10\" data-index-in-node=\"171\">equilibrio y seguridad<\/b> por el \u00e9xito de su propuesta est\u00e9tica. Por lo tanto, usted sentir\u00e1 una atm\u00f3sfera de <b data-path-to-node=\"10\" data-index-in-node=\"278\">renovaci\u00f3n est\u00e9tica<\/b> en su inventario de servicio. Integrar este elemento ofrece el beneficio de transformar un servicio com\u00fan en un escenario de <b data-path-to-node=\"10\" data-index-in-node=\"423\">lujo visual<\/b> deslumbrante. As\u00ed, usted lograr\u00e1 un toque de <b data-path-to-node=\"10\" data-index-in-node=\"480\">minimalismo contempor\u00e1neo<\/b> con mucha facilidad.<\/p>\n<p data-path-to-node=\"11\">Este <b data-path-to-node=\"11\" data-index-in-node=\"5\">Juego de Sake Cl\u00e1sico<\/b> destaca por su alta calidad y su acabado de primera clase. De igual forma, esta pieza juega con la funcionalidad gracias a su composici\u00f3n completa que incluye una jarra <i data-path-to-node=\"11\" data-index-in-node=\"196\">tokkuri<\/i> de cuello estilizado, cuatro copas <i data-path-to-node=\"11\" data-index-in-node=\"239\">ochoko<\/i> y una bandeja rectangular, permitiendo un servicio organizado profesional y aut\u00e9ntico. Incluye detalles minuciosos como el vertedor preciso de la jarra y la ergonom\u00eda de las copas, lo que maximiza su encanto aristocr\u00e1tico y versatilidad en la mesa. Su dise\u00f1o detallado garantiza una <b data-path-to-node=\"11\" data-index-in-node=\"529\">armon\u00eda est\u00e9tica<\/b> perfecta en todo momento hoy mismo. La fabricaci\u00f3n con cer\u00e1mica seleccionada de alta resistencia asegura una <b data-path-to-node=\"11\" data-index-in-node=\"655\">durabilidad superior<\/b> frente al manejo constante en entornos comerciales.<\/p>\n<h3 data-path-to-node=\"12\"><b data-path-to-node=\"12\" data-index-in-node=\"0\">Gu\u00eda De Uso Y Mantenimiento Premium<\/b><\/h3>\n<p data-path-to-node=\"13\">Respecto a su uso, coloque el juego sobre superficies de madera oscura o piedra pulida para resaltar su acabado blanco puro con total confianza. Busque un lugar donde su dise\u00f1o se pueda lucir bajo iluminaci\u00f3n cenital para apreciar la limpieza de sus l\u00edneas. Esto maximiza su impacto visual bajo la iluminaci\u00f3n de tu estancia de forma constante. Primero, limpie cada pieza despu\u00e9s de cada uso utilizando agua tibia y un detergente suave no abrasivo. H\u00e1galo con mucha delicadeza para mantener la integridad del acabado de este <b data-path-to-node=\"13\" data-index-in-node=\"525\">juego de sake cl\u00e1sico<\/b>.<\/p>\n<p data-path-to-node=\"14\">De este modo, mantendr\u00e1 la pieza en estado impecable por muchos a\u00f1os de uso profesional. Como resultado, evitar\u00e1 que los residuos o manchas de agua opaquen su belleza intr\u00ednseca y su valor est\u00e9tico. Es fundamental evitar el uso de fibras met\u00e1licas que puedan rayar la superficie o desgastar el acabado art\u00edstico. Al almacenarlos, se recomienda colocar las copas de forma organizada sobre la bandeja para proteger la estructura detallada del dise\u00f1o. As\u00ed garantizar\u00e1 una <b data-path-to-node=\"14\" data-index-in-node=\"469\">calidad excepcional<\/b> en la categor\u00eda de <b data-path-to-node=\"14\" data-index-in-node=\"508\"><a target=\"_blank\" href=\"https:\/\/galeriaseltriunfo.com\/categoria\/horeca\/sushi\/\" rel=\"noopener\" class=\"ng-star-inserted\" data-hveid=\"0\" data-ved=\"0CAAQ_4QMahgKEwjg_KGllYmTAxUAAAAAHQAAAAAQgBo\">Sushi<\/a><\/b> que representa la excelencia de nuestra tienda.<\/p>\n","protected":false},"excerpt":{"rendered":"<p>Juego de sake de porcelana para 4 color blanco de 23x23x16x6x5x5cm<\/p>\n","protected":false},"featured_media":173192,"template":"","meta":[],"product_brand":[],"product_cat":[1203],"product_tag":[6756,12238,1594,12280,9917,555,12754,2655,12295,6968,1210,2960,1204,3207,12228],"class_list":{"0":"post-173191","1":"product","2":"type-product","3":"status-publish","4":"has-post-thumbnail","6":"product_cat-sushi","7":"product_tag-bebida","8":"product_tag-ceramica-blanca","9":"product_tag-clasico","10":"product_tag-diseno-zen","11":"product_tag-galerias-el-triunfo","12":"product_tag-horeca","13":"product_tag-hot-sale","14":"product_tag-juego","15":"product_tag-juego-de-sake","16":"product_tag-oriental","17":"product_tag-sake","18":"product_tag-set","19":"product_tag-sushi","20":"product_tag-tradicional","21":"product_tag-vajilla-de-lujo","23":"first","24":"instock","25":"sale","26":"purchasable","27":"product-type-simple"},"yoast_head":"<!-- This site is optimized with the Yoast SEO plugin v27.4 - https:\/\/yoast.com\/product\/yoast-seo-wordpress\/ -->\n<title>Juego de Sake Cl\u00e1sico | Galer\u00edas El Triunfo<\/title>\n<meta name=\"description\" content=\"Eleva tu ritual con el exclusivo juego de sake cl\u00e1sico de dise\u00f1o zen en blanco. Est\u00e9tica de lujo en cer\u00e1mica para un servicio impecable.\" \/>\n<meta name=\"robots\" content=\"index, follow, max-snippet:-1, max-image-preview:large, max-video-preview:-1\" \/>\n<link rel=\"canonical\" href=\"https:\/\/galeriaseltriunfo.com\/dev2\/producto\/juego-de-sake\/\" \/>\n<meta property=\"og:locale\" content=\"es_MX\" \/>\n<meta property=\"og:type\" content=\"article\" \/>\n<meta property=\"og:title\" content=\"Juego de Sake Cl\u00e1sico | Galer\u00edas El Triunfo\" \/>\n<meta property=\"og:description\" content=\"Eleva tu ritual con el exclusivo juego de sake cl\u00e1sico de dise\u00f1o zen en blanco. Est\u00e9tica de lujo en cer\u00e1mica para un servicio impecable.\" \/>\n<meta property=\"og:url\" content=\"https:\/\/galeriaseltriunfo.com\/dev2\/producto\/juego-de-sake\/\" \/>\n<meta property=\"og:site_name\" content=\"Galer\u00edas el Triunfo\" \/>\n<meta property=\"article:publisher\" content=\"https:\/\/www.facebook.com\/galeriaseltriunfo\" \/>\n<meta property=\"article:modified_time\" content=\"2026-03-28T00:37:58+00:00\" \/>\n<meta property=\"og:image\" content=\"https:\/\/galeriaseltriunfo.com\/dev2\/wp-content\/uploads\/2023\/08\/090107419115-Juego-de-sake-galerias-el-triunfo.jpg\" \/>\n\t<meta property=\"og:image:width\" content=\"300\" \/>\n\t<meta property=\"og:image:height\" content=\"300\" \/>\n\t<meta property=\"og:image:type\" content=\"image\/jpeg\" \/>\n<meta name=\"twitter:card\" content=\"summary_large_image\" \/>\n<meta name=\"twitter:site\" content=\"@Gal_El_Triunfo\" \/>\n<meta name=\"twitter:label1\" content=\"Tiempo de lectura\" \/>\n\t<meta name=\"twitter:data1\" content=\"3 minutos\" \/>\n<script type=\"application\/ld+json\" class=\"yoast-schema-graph\">{\"@context\":\"https:\\\/\\\/schema.org\",\"@graph\":[{\"@type\":[\"WebPage\",\"SearchResultsPage\"],\"@id\":\"https:\\\/\\\/galeriaseltriunfo.com\\\/dev2\\\/producto\\\/juego-de-sake\\\/\",\"url\":\"https:\\\/\\\/galeriaseltriunfo.com\\\/dev2\\\/producto\\\/juego-de-sake\\\/\",\"name\":\"Juego de Sake Cl\u00e1sico | Galer\u00edas El Triunfo\",\"isPartOf\":{\"@id\":\"https:\\\/\\\/galeriaseltriunfo.com\\\/dev2\\\/#website\"},\"primaryImageOfPage\":{\"@id\":\"https:\\\/\\\/galeriaseltriunfo.com\\\/dev2\\\/producto\\\/juego-de-sake\\\/#primaryimage\"},\"image\":{\"@id\":\"https:\\\/\\\/galeriaseltriunfo.com\\\/dev2\\\/producto\\\/juego-de-sake\\\/#primaryimage\"},\"thumbnailUrl\":\"https:\\\/\\\/galeriaseltriunfo.com\\\/dev2\\\/wp-content\\\/uploads\\\/2023\\\/08\\\/090107419115-Juego-de-sake-galerias-el-triunfo.jpg\",\"datePublished\":\"2023-01-03T00:00:00+00:00\",\"dateModified\":\"2026-03-28T00:37:58+00:00\",\"description\":\"Eleva tu ritual con el exclusivo juego de sake cl\u00e1sico de dise\u00f1o zen en blanco. Est\u00e9tica de lujo en cer\u00e1mica para un servicio impecable.\",\"breadcrumb\":{\"@id\":\"https:\\\/\\\/galeriaseltriunfo.com\\\/dev2\\\/producto\\\/juego-de-sake\\\/#breadcrumb\"},\"inLanguage\":\"es\",\"potentialAction\":[{\"@type\":\"ReadAction\",\"target\":[\"https:\\\/\\\/galeriaseltriunfo.com\\\/dev2\\\/producto\\\/juego-de-sake\\\/\"]}]},{\"@type\":\"ImageObject\",\"inLanguage\":\"es\",\"@id\":\"https:\\\/\\\/galeriaseltriunfo.com\\\/dev2\\\/producto\\\/juego-de-sake\\\/#primaryimage\",\"url\":\"https:\\\/\\\/galeriaseltriunfo.com\\\/dev2\\\/wp-content\\\/uploads\\\/2023\\\/08\\\/090107419115-Juego-de-sake-galerias-el-triunfo.jpg\",\"contentUrl\":\"https:\\\/\\\/galeriaseltriunfo.com\\\/dev2\\\/wp-content\\\/uploads\\\/2023\\\/08\\\/090107419115-Juego-de-sake-galerias-el-triunfo.jpg\",\"width\":300,\"height\":300,\"caption\":\"Juego de sake - Galer\u00edas el Triunfo - 090107419115\"},{\"@type\":\"BreadcrumbList\",\"@id\":\"https:\\\/\\\/galeriaseltriunfo.com\\\/dev2\\\/producto\\\/juego-de-sake\\\/#breadcrumb\",\"itemListElement\":[{\"@type\":\"ListItem\",\"position\":1,\"name\":\"Inicio\",\"item\":\"https:\\\/\\\/galeriaseltriunfo.com\\\/dev2\\\/\"},{\"@type\":\"ListItem\",\"position\":2,\"name\":\"Tienda\",\"item\":\"https:\\\/\\\/galeriaseltriunfo.com\\\/dev2\\\/tienda\\\/\"},{\"@type\":\"ListItem\",\"position\":3,\"name\":\"Juego de Sake Cl\u00e1sico\"}]},{\"@type\":\"WebSite\",\"@id\":\"https:\\\/\\\/galeriaseltriunfo.com\\\/dev2\\\/#website\",\"url\":\"https:\\\/\\\/galeriaseltriunfo.com\\\/dev2\\\/\",\"name\":\"Galer\u00edas el Triunfo\",\"description\":\"Galer\u00edas el Triunfo es una de las tiendas online m\u00e1s grandes de accesorios y art\u00edculos de decoraci\u00f3n para el hogar, el jard\u00edn y la oficina. \u00a1Compra ahora!\",\"publisher\":{\"@id\":\"https:\\\/\\\/galeriaseltriunfo.com\\\/dev2\\\/#organization\"},\"potentialAction\":[{\"@type\":\"SearchAction\",\"target\":{\"@type\":\"EntryPoint\",\"urlTemplate\":\"https:\\\/\\\/galeriaseltriunfo.com\\\/dev2\\\/?s={search_term_string}\"},\"query-input\":{\"@type\":\"PropertyValueSpecification\",\"valueRequired\":true,\"valueName\":\"search_term_string\"}}],\"inLanguage\":\"es\"},{\"@type\":\"Organization\",\"@id\":\"https:\\\/\\\/galeriaseltriunfo.com\\\/dev2\\\/#organization\",\"name\":\"Galer\u00edas el Triunfo\",\"url\":\"https:\\\/\\\/galeriaseltriunfo.com\\\/dev2\\\/\",\"logo\":{\"@type\":\"ImageObject\",\"inLanguage\":\"es\",\"@id\":\"https:\\\/\\\/galeriaseltriunfo.com\\\/dev2\\\/#\\\/schema\\\/logo\\\/image\\\/\",\"url\":\"https:\\\/\\\/galeriaseltriunfo.com\\\/wp-content\\\/uploads\\\/2023\\\/08\\\/logotipo-galerias-fondo-2x-min.webp\",\"contentUrl\":\"https:\\\/\\\/galeriaseltriunfo.com\\\/wp-content\\\/uploads\\\/2023\\\/08\\\/logotipo-galerias-fondo-2x-min.webp\",\"width\":184,\"height\":264,\"caption\":\"Galer\u00edas el Triunfo\"},\"image\":{\"@id\":\"https:\\\/\\\/galeriaseltriunfo.com\\\/dev2\\\/#\\\/schema\\\/logo\\\/image\\\/\"},\"sameAs\":[\"https:\\\/\\\/www.facebook.com\\\/galeriaseltriunfo\",\"https:\\\/\\\/x.com\\\/Gal_El_Triunfo\",\"https:\\\/\\\/www.pinterest.com\\\/GaleriaselTriunfo\",\"https:\\\/\\\/instagram.com\\\/galeriaseltriunfomx\",\"https:\\\/\\\/www.youtube.com\\\/channel\\\/UChIaW2ZBBS4Pg8pkw0HuE7g\",\"https:\\\/\\\/www.tiktok.com\\\/@galeriaseltriunfo\"]}]}<\/script>\n<!-- \/ Yoast SEO plugin. -->","yoast_head_json":{"title":"Juego de Sake Cl\u00e1sico | Galer\u00edas El Triunfo","description":"Eleva tu ritual con el exclusivo juego de sake cl\u00e1sico de dise\u00f1o zen en blanco. Est\u00e9tica de lujo en cer\u00e1mica para un servicio impecable.","robots":{"index":"index","follow":"follow","max-snippet":"max-snippet:-1","max-image-preview":"max-image-preview:large","max-video-preview":"max-video-preview:-1"},"canonical":"https:\/\/galeriaseltriunfo.com\/dev2\/producto\/juego-de-sake\/","og_locale":"es_MX","og_type":"article","og_title":"Juego de Sake Cl\u00e1sico | Galer\u00edas El Triunfo","og_description":"Eleva tu ritual con el exclusivo juego de sake cl\u00e1sico de dise\u00f1o zen en blanco. Est\u00e9tica de lujo en cer\u00e1mica para un servicio impecable.","og_url":"https:\/\/galeriaseltriunfo.com\/dev2\/producto\/juego-de-sake\/","og_site_name":"Galer\u00edas el Triunfo","article_publisher":"https:\/\/www.facebook.com\/galeriaseltriunfo","article_modified_time":"2026-03-28T00:37:58+00:00","og_image":[{"width":300,"height":300,"url":"https:\/\/galeriaseltriunfo.com\/dev2\/wp-content\/uploads\/2023\/08\/090107419115-Juego-de-sake-galerias-el-triunfo.jpg","type":"image\/jpeg"}],"twitter_card":"summary_large_image","twitter_site":"@Gal_El_Triunfo","twitter_misc":{"Tiempo de lectura":"3 minutos"},"schema":{"@context":"https:\/\/schema.org","@graph":[{"@type":["WebPage","SearchResultsPage"],"@id":"https:\/\/galeriaseltriunfo.com\/dev2\/producto\/juego-de-sake\/","url":"https:\/\/galeriaseltriunfo.com\/dev2\/producto\/juego-de-sake\/","name":"Juego de Sake Cl\u00e1sico | Galer\u00edas El Triunfo","isPartOf":{"@id":"https:\/\/galeriaseltriunfo.com\/dev2\/#website"},"primaryImageOfPage":{"@id":"https:\/\/galeriaseltriunfo.com\/dev2\/producto\/juego-de-sake\/#primaryimage"},"image":{"@id":"https:\/\/galeriaseltriunfo.com\/dev2\/producto\/juego-de-sake\/#primaryimage"},"thumbnailUrl":"https:\/\/galeriaseltriunfo.com\/dev2\/wp-content\/uploads\/2023\/08\/090107419115-Juego-de-sake-galerias-el-triunfo.jpg","datePublished":"2023-01-03T00:00:00+00:00","dateModified":"2026-03-28T00:37:58+00:00","description":"Eleva tu ritual con el exclusivo juego de sake cl\u00e1sico de dise\u00f1o zen en blanco. Est\u00e9tica de lujo en cer\u00e1mica para un servicio impecable.","breadcrumb":{"@id":"https:\/\/galeriaseltriunfo.com\/dev2\/producto\/juego-de-sake\/#breadcrumb"},"inLanguage":"es","potentialAction":[{"@type":"ReadAction","target":["https:\/\/galeriaseltriunfo.com\/dev2\/producto\/juego-de-sake\/"]}]},{"@type":"ImageObject","inLanguage":"es","@id":"https:\/\/galeriaseltriunfo.com\/dev2\/producto\/juego-de-sake\/#primaryimage","url":"https:\/\/galeriaseltriunfo.com\/dev2\/wp-content\/uploads\/2023\/08\/090107419115-Juego-de-sake-galerias-el-triunfo.jpg","contentUrl":"https:\/\/galeriaseltriunfo.com\/dev2\/wp-content\/uploads\/2023\/08\/090107419115-Juego-de-sake-galerias-el-triunfo.jpg","width":300,"height":300,"caption":"Juego de sake - Galer\u00edas el Triunfo - 090107419115"},{"@type":"BreadcrumbList","@id":"https:\/\/galeriaseltriunfo.com\/dev2\/producto\/juego-de-sake\/#breadcrumb","itemListElement":[{"@type":"ListItem","position":1,"name":"Inicio","item":"https:\/\/galeriaseltriunfo.com\/dev2\/"},{"@type":"ListItem","position":2,"name":"Tienda","item":"https:\/\/galeriaseltriunfo.com\/dev2\/tienda\/"},{"@type":"ListItem","position":3,"name":"Juego de Sake Cl\u00e1sico"}]},{"@type":"WebSite","@id":"https:\/\/galeriaseltriunfo.com\/dev2\/#website","url":"https:\/\/galeriaseltriunfo.com\/dev2\/","name":"Galer\u00edas el Triunfo","description":"Galer\u00edas el Triunfo es una de las tiendas online m\u00e1s grandes de accesorios y art\u00edculos de decoraci\u00f3n para el hogar, el jard\u00edn y la oficina. \u00a1Compra ahora!","publisher":{"@id":"https:\/\/galeriaseltriunfo.com\/dev2\/#organization"},"potentialAction":[{"@type":"SearchAction","target":{"@type":"EntryPoint","urlTemplate":"https:\/\/galeriaseltriunfo.com\/dev2\/?s={search_term_string}"},"query-input":{"@type":"PropertyValueSpecification","valueRequired":true,"valueName":"search_term_string"}}],"inLanguage":"es"},{"@type":"Organization","@id":"https:\/\/galeriaseltriunfo.com\/dev2\/#organization","name":"Galer\u00edas el Triunfo","url":"https:\/\/galeriaseltriunfo.com\/dev2\/","logo":{"@type":"ImageObject","inLanguage":"es","@id":"https:\/\/galeriaseltriunfo.com\/dev2\/#\/schema\/logo\/image\/","url":"https:\/\/galeriaseltriunfo.com\/wp-content\/uploads\/2023\/08\/logotipo-galerias-fondo-2x-min.webp","contentUrl":"https:\/\/galeriaseltriunfo.com\/wp-content\/uploads\/2023\/08\/logotipo-galerias-fondo-2x-min.webp","width":184,"height":264,"caption":"Galer\u00edas el Triunfo"},"image":{"@id":"https:\/\/galeriaseltriunfo.com\/dev2\/#\/schema\/logo\/image\/"},"sameAs":["https:\/\/www.facebook.com\/galeriaseltriunfo","https:\/\/x.com\/Gal_El_Triunfo","https:\/\/www.pinterest.com\/GaleriaselTriunfo","https:\/\/instagram.com\/galeriaseltriunfomx","https:\/\/www.youtube.com\/channel\/UChIaW2ZBBS4Pg8pkw0HuE7g","https:\/\/www.tiktok.com\/@galeriaseltriunfo"]}]}},"_links":{"self":[{"href":"https:\/\/galeriaseltriunfo.com\/dev2\/wp-json\/wp\/v2\/product\/173191","targetHints":{"allow":["GET"]}}],"collection":[{"href":"https:\/\/galeriaseltriunfo.com\/dev2\/wp-json\/wp\/v2\/product"}],"about":[{"href":"https:\/\/galeriaseltriunfo.com\/dev2\/wp-json\/wp\/v2\/types\/product"}],"wp:featuredmedia":[{"embeddable":true,"href":"https:\/\/galeriaseltriunfo.com\/dev2\/wp-json\/wp\/v2\/media\/173192"}],"wp:attachment":[{"href":"https:\/\/galeriaseltriunfo.com\/dev2\/wp-json\/wp\/v2\/media?parent=173191"}],"wp:term":[{"taxonomy":"product_brand","embeddable":true,"href":"https:\/\/galeriaseltriunfo.com\/dev2\/wp-json\/wp\/v2\/product_brand?post=173191"},{"taxonomy":"product_cat","embeddable":true,"href":"https:\/\/galeriaseltriunfo.com\/dev2\/wp-json\/wp\/v2\/product_cat?post=173191"},{"taxonomy":"product_tag","embeddable":true,"href":"https:\/\/galeriaseltriunfo.com\/dev2\/wp-json\/wp\/v2\/product_tag?post=173191"}],"curies":[{"name":"wp","href":"https:\/\/api.w.org\/{rel}","templated":true}]}}