{"id":174179,"date":"2022-08-02T00:00:00","date_gmt":"2022-08-02T00:00:00","guid":{"rendered":"https:\/\/www.galeriaseltriunfo.com\/wptest\/producto\/bowl-de-acrilico-naranja-2\/"},"modified":"2026-03-30T10:21:48","modified_gmt":"2026-03-30T16:21:48","slug":"bowl-acrilico-naranja-burbujas-rebaja","status":"publish","type":"product","link":"https:\/\/galeriaseltriunfo.com\/dev2\/producto\/bowl-acrilico-naranja-burbujas-rebaja\/","title":{"rendered":"Bowl Burbujas Naranja Vibrante"},"content":{"rendered":"<p><b>Despierta la Vitalidad y la Alegr\u00eda con nuestro Bowl de Acr\u00edlico Naranja Dise\u00f1o Burbujas.<\/b> Este es un objeto de profunda <b>funcionalidad<\/b> y <b>estilo<\/b> que aporta un <b>valor<\/b> atemporal de energ\u00eda, diversi\u00f3n y resistencia a tu mesa. Su color <b>Naranja<\/b> y los detalles de <b>Burbujas<\/b> son un b\u00e1lsamo visual que recrea la efervescencia de la vida, promoviendo la <b>renovaci\u00f3n<\/b> y la estabilidad.<\/p>\n<p><b>Por consiguiente<\/b>, el valor est\u00e9tico y la funcionalidad de este <b>Bowl de Acr\u00edlico<\/b> se concentran en su color y textura. El dise\u00f1o presenta una forma cl\u00e1sica de taz\u00f3n con un vibrante color <b>Naranja<\/b>, que simboliza la <b>energ\u00eda<\/b>, la <b>alegr\u00eda<\/b> y la creatividad. El detalle de las <b>burbujas<\/b> en la superficie del acr\u00edlico le da una textura visual \u00fanica, que recuerda al agua y al movimiento, a\u00f1adiendo un toque l\u00fadico al dise\u00f1o. <b>Adem\u00e1s<\/b>, el acabado brillante del <b>Acr\u00edlico<\/b> lo hace ligero, resistente y perfecto para el uso en exteriores o en mesas con ni\u00f1os. <b>De igual forma<\/b>, su material lo hace menos propenso a romperse que el vidrio o la cer\u00e1mica, lo que lo convierte en una opci\u00f3n pr\u00e1ctica y duradera. <b>En consecuencia<\/b>, esta pieza es perfecta para servir ensaladas, <i>snacks<\/i>, frutas o como un alegre centro de mesa.<\/p>\n<p><b>Afortunadamente<\/b>, su presencia recarga tu ambiente y te brinda el <b>empoderamiento<\/b> de un estilo decorativo que valora la vitalidad y la funcionalidad. <b>Por lo tanto<\/b>, utilizarlo en tu mesa establece un punto focal de <b>equilibrio<\/b> y entusiasmo veraniego. <b>Finalmente<\/b>, este bowl te ayuda a crear un <b>ambiente<\/b> de <b>energ\u00eda<\/b> y alegr\u00eda. <b>De igual forma<\/b>, utiliza esta pieza como un recordatorio diario de la diversi\u00f3n y el optimismo. El <b>acr\u00edlico<\/b> le garantiza un <b>valor<\/b> est\u00e9tico duradero. <b>Aprovecha el descuento en esta pieza \u00fanica<\/b>.<\/p>\n<blockquote><p><b>Importante<\/b>: En mercanc\u00eda con descuentos del 50% al 75% los art\u00edculos pueden presentar <b>ligeras imperfecciones<\/b> est\u00e9ticas o <b>variaciones<\/b> en el <b>color<\/b> que <b>no<\/b> afectan su uso. Por lo cual este producto <b>no<\/b> admite cambios, reembolsos <b>ni<\/b> devoluciones.<\/p><\/blockquote>\n<p><b><i>Materiales<\/i><\/b>: Acr\u00edlico. <b>Descubre m\u00e1s piezas que transformar\u00e1n tu energ\u00eda y ambiente; te invitamos a visitar la categor\u00eda <a target=\"_blank\" href=\"https:\/\/galeriaseltriunfo.com\/categoria\/liquidacion\/\" rel=\"noopener\" class=\"ng-star-inserted\" data-hveid=\"0\" data-ved=\"0CAAQ_4QMahgKEwjO-fGDs-qQAxUAAAAAHQAAAAAQwRg\">Liquidaci\u00f3n<\/a>.<\/b><\/p>\n","protected":false},"excerpt":{"rendered":"<p>Bowl de acrilico naranja con burbujas de 25.4cm<\/p>\n","protected":false},"featured_media":174180,"template":"","meta":[],"product_brand":[],"product_cat":[1129],"product_tag":[5430,5324,7365,1755,7424,12754,1013,1752,1563,4162,9365,7220,5573,5323],"class_list":{"0":"post-174179","1":"product","2":"type-product","3":"status-publish","4":"has-post-thumbnail","6":"product_cat-liquidacion","7":"product_tag-acrilico","8":"product_tag-bowl","9":"product_tag-burbujas","10":"product_tag-cocina","11":"product_tag-descuento","12":"product_tag-hot-sale","13":"product_tag-liquidacion","14":"product_tag-moderno","15":"product_tag-naranja","16":"product_tag-plastico","17":"product_tag-rebajas","18":"product_tag-servir","19":"product_tag-tazon","20":"product_tag-verano","21":"pa_tonos-anaranjado","23":"first","24":"instock","25":"sale","26":"purchasable","27":"product-type-simple"},"yoast_head":"<!-- This site is optimized with the Yoast SEO plugin v27.4 - https:\/\/yoast.com\/product\/yoast-seo-wordpress\/ -->\n<title>Bowl de Acr\u00edlico | Naranja Burbujas | Energ\u00eda y Verano<\/title>\n<meta name=\"description\" content=\"Bowl de Acr\u00edlico Naranja Burbujas. Aporta alegr\u00eda, vitalidad y valor a tu cocina. Fomenta el estilo y la funcionalidad veraniega. Es muy resistente.\" \/>\n<meta name=\"robots\" content=\"index, follow, max-snippet:-1, max-image-preview:large, max-video-preview:-1\" \/>\n<link rel=\"canonical\" href=\"https:\/\/galeriaseltriunfo.com\/dev2\/producto\/bowl-acrilico-naranja-burbujas-rebaja\/\" \/>\n<meta property=\"og:locale\" content=\"es_MX\" \/>\n<meta property=\"og:type\" content=\"article\" \/>\n<meta property=\"og:title\" content=\"Bowl de Acr\u00edlico | Naranja Burbujas | Energ\u00eda y Verano\" \/>\n<meta property=\"og:description\" content=\"Bowl de Acr\u00edlico Naranja Burbujas. Aporta alegr\u00eda, vitalidad y valor a tu cocina. Fomenta el estilo y la funcionalidad veraniega. Es muy resistente.\" \/>\n<meta property=\"og:url\" content=\"https:\/\/galeriaseltriunfo.com\/dev2\/producto\/bowl-acrilico-naranja-burbujas-rebaja\/\" \/>\n<meta property=\"og:site_name\" content=\"Galer\u00edas el Triunfo\" \/>\n<meta property=\"article:publisher\" content=\"https:\/\/www.facebook.com\/galeriaseltriunfo\" \/>\n<meta property=\"article:modified_time\" content=\"2026-03-30T16:21:48+00:00\" \/>\n<meta property=\"og:image\" content=\"https:\/\/galeriaseltriunfo.com\/dev2\/wp-content\/uploads\/2023\/08\/093072584181-Bowl-de-acrilico-naranja-galerias-el-triunfo.jpg.webp\" \/>\n\t<meta property=\"og:image:width\" content=\"900\" \/>\n\t<meta property=\"og:image:height\" content=\"900\" \/>\n\t<meta property=\"og:image:type\" content=\"image\/webp\" \/>\n<meta name=\"twitter:card\" content=\"summary_large_image\" \/>\n<meta name=\"twitter:site\" content=\"@Gal_El_Triunfo\" \/>\n<meta name=\"twitter:label1\" content=\"Tiempo de lectura\" \/>\n\t<meta name=\"twitter:data1\" content=\"2 minutos\" \/>\n<script type=\"application\/ld+json\" class=\"yoast-schema-graph\">{\"@context\":\"https:\\\/\\\/schema.org\",\"@graph\":[{\"@type\":[\"WebPage\",\"SearchResultsPage\"],\"@id\":\"https:\\\/\\\/galeriaseltriunfo.com\\\/dev2\\\/producto\\\/bowl-acrilico-naranja-burbujas-rebaja\\\/\",\"url\":\"https:\\\/\\\/galeriaseltriunfo.com\\\/dev2\\\/producto\\\/bowl-acrilico-naranja-burbujas-rebaja\\\/\",\"name\":\"Bowl de Acr\u00edlico | Naranja Burbujas | Energ\u00eda y Verano\",\"isPartOf\":{\"@id\":\"https:\\\/\\\/galeriaseltriunfo.com\\\/dev2\\\/#website\"},\"primaryImageOfPage\":{\"@id\":\"https:\\\/\\\/galeriaseltriunfo.com\\\/dev2\\\/producto\\\/bowl-acrilico-naranja-burbujas-rebaja\\\/#primaryimage\"},\"image\":{\"@id\":\"https:\\\/\\\/galeriaseltriunfo.com\\\/dev2\\\/producto\\\/bowl-acrilico-naranja-burbujas-rebaja\\\/#primaryimage\"},\"thumbnailUrl\":\"https:\\\/\\\/galeriaseltriunfo.com\\\/dev2\\\/wp-content\\\/uploads\\\/2023\\\/08\\\/093072584181-Bowl-de-acrilico-naranja-galerias-el-triunfo.jpg.webp\",\"datePublished\":\"2022-08-02T00:00:00+00:00\",\"dateModified\":\"2026-03-30T16:21:48+00:00\",\"description\":\"Bowl de Acr\u00edlico Naranja Burbujas. Aporta alegr\u00eda, vitalidad y valor a tu cocina. Fomenta el estilo y la funcionalidad veraniega. Es muy resistente.\",\"breadcrumb\":{\"@id\":\"https:\\\/\\\/galeriaseltriunfo.com\\\/dev2\\\/producto\\\/bowl-acrilico-naranja-burbujas-rebaja\\\/#breadcrumb\"},\"inLanguage\":\"es\",\"potentialAction\":[{\"@type\":\"ReadAction\",\"target\":[\"https:\\\/\\\/galeriaseltriunfo.com\\\/dev2\\\/producto\\\/bowl-acrilico-naranja-burbujas-rebaja\\\/\"]}]},{\"@type\":\"ImageObject\",\"inLanguage\":\"es\",\"@id\":\"https:\\\/\\\/galeriaseltriunfo.com\\\/dev2\\\/producto\\\/bowl-acrilico-naranja-burbujas-rebaja\\\/#primaryimage\",\"url\":\"https:\\\/\\\/galeriaseltriunfo.com\\\/dev2\\\/wp-content\\\/uploads\\\/2023\\\/08\\\/093072584181-Bowl-de-acrilico-naranja-galerias-el-triunfo.jpg.webp\",\"contentUrl\":\"https:\\\/\\\/galeriaseltriunfo.com\\\/dev2\\\/wp-content\\\/uploads\\\/2023\\\/08\\\/093072584181-Bowl-de-acrilico-naranja-galerias-el-triunfo.jpg.webp\",\"width\":900,\"height\":900,\"caption\":\"Bowl de acrilico naranja - Galer\u00edas el Triunfo - 093072584181\"},{\"@type\":\"BreadcrumbList\",\"@id\":\"https:\\\/\\\/galeriaseltriunfo.com\\\/dev2\\\/producto\\\/bowl-acrilico-naranja-burbujas-rebaja\\\/#breadcrumb\",\"itemListElement\":[{\"@type\":\"ListItem\",\"position\":1,\"name\":\"Inicio\",\"item\":\"https:\\\/\\\/galeriaseltriunfo.com\\\/dev2\\\/\"},{\"@type\":\"ListItem\",\"position\":2,\"name\":\"Tienda\",\"item\":\"https:\\\/\\\/galeriaseltriunfo.com\\\/dev2\\\/tienda\\\/\"},{\"@type\":\"ListItem\",\"position\":3,\"name\":\"Bowl Burbujas Naranja Vibrante\"}]},{\"@type\":\"WebSite\",\"@id\":\"https:\\\/\\\/galeriaseltriunfo.com\\\/dev2\\\/#website\",\"url\":\"https:\\\/\\\/galeriaseltriunfo.com\\\/dev2\\\/\",\"name\":\"Galer\u00edas el Triunfo\",\"description\":\"Galer\u00edas el Triunfo es una de las tiendas online m\u00e1s grandes de accesorios y art\u00edculos de decoraci\u00f3n para el hogar, el jard\u00edn y la oficina. \u00a1Compra ahora!\",\"publisher\":{\"@id\":\"https:\\\/\\\/galeriaseltriunfo.com\\\/dev2\\\/#organization\"},\"potentialAction\":[{\"@type\":\"SearchAction\",\"target\":{\"@type\":\"EntryPoint\",\"urlTemplate\":\"https:\\\/\\\/galeriaseltriunfo.com\\\/dev2\\\/?s={search_term_string}\"},\"query-input\":{\"@type\":\"PropertyValueSpecification\",\"valueRequired\":true,\"valueName\":\"search_term_string\"}}],\"inLanguage\":\"es\"},{\"@type\":\"Organization\",\"@id\":\"https:\\\/\\\/galeriaseltriunfo.com\\\/dev2\\\/#organization\",\"name\":\"Galer\u00edas el Triunfo\",\"url\":\"https:\\\/\\\/galeriaseltriunfo.com\\\/dev2\\\/\",\"logo\":{\"@type\":\"ImageObject\",\"inLanguage\":\"es\",\"@id\":\"https:\\\/\\\/galeriaseltriunfo.com\\\/dev2\\\/#\\\/schema\\\/logo\\\/image\\\/\",\"url\":\"https:\\\/\\\/galeriaseltriunfo.com\\\/wp-content\\\/uploads\\\/2023\\\/08\\\/logotipo-galerias-fondo-2x-min.webp\",\"contentUrl\":\"https:\\\/\\\/galeriaseltriunfo.com\\\/wp-content\\\/uploads\\\/2023\\\/08\\\/logotipo-galerias-fondo-2x-min.webp\",\"width\":184,\"height\":264,\"caption\":\"Galer\u00edas el Triunfo\"},\"image\":{\"@id\":\"https:\\\/\\\/galeriaseltriunfo.com\\\/dev2\\\/#\\\/schema\\\/logo\\\/image\\\/\"},\"sameAs\":[\"https:\\\/\\\/www.facebook.com\\\/galeriaseltriunfo\",\"https:\\\/\\\/x.com\\\/Gal_El_Triunfo\",\"https:\\\/\\\/www.pinterest.com\\\/GaleriaselTriunfo\",\"https:\\\/\\\/instagram.com\\\/galeriaseltriunfomx\",\"https:\\\/\\\/www.youtube.com\\\/channel\\\/UChIaW2ZBBS4Pg8pkw0HuE7g\",\"https:\\\/\\\/www.tiktok.com\\\/@galeriaseltriunfo\"]}]}<\/script>\n<!-- \/ Yoast SEO plugin. -->","yoast_head_json":{"title":"Bowl de Acr\u00edlico | Naranja Burbujas | Energ\u00eda y Verano","description":"Bowl de Acr\u00edlico Naranja Burbujas. Aporta alegr\u00eda, vitalidad y valor a tu cocina. Fomenta el estilo y la funcionalidad veraniega. Es muy resistente.","robots":{"index":"index","follow":"follow","max-snippet":"max-snippet:-1","max-image-preview":"max-image-preview:large","max-video-preview":"max-video-preview:-1"},"canonical":"https:\/\/galeriaseltriunfo.com\/dev2\/producto\/bowl-acrilico-naranja-burbujas-rebaja\/","og_locale":"es_MX","og_type":"article","og_title":"Bowl de Acr\u00edlico | Naranja Burbujas | Energ\u00eda y Verano","og_description":"Bowl de Acr\u00edlico Naranja Burbujas. Aporta alegr\u00eda, vitalidad y valor a tu cocina. Fomenta el estilo y la funcionalidad veraniega. Es muy resistente.","og_url":"https:\/\/galeriaseltriunfo.com\/dev2\/producto\/bowl-acrilico-naranja-burbujas-rebaja\/","og_site_name":"Galer\u00edas el Triunfo","article_publisher":"https:\/\/www.facebook.com\/galeriaseltriunfo","article_modified_time":"2026-03-30T16:21:48+00:00","og_image":[{"width":900,"height":900,"url":"https:\/\/galeriaseltriunfo.com\/dev2\/wp-content\/uploads\/2023\/08\/093072584181-Bowl-de-acrilico-naranja-galerias-el-triunfo.jpg.webp","type":"image\/webp"}],"twitter_card":"summary_large_image","twitter_site":"@Gal_El_Triunfo","twitter_misc":{"Tiempo de lectura":"2 minutos"},"schema":{"@context":"https:\/\/schema.org","@graph":[{"@type":["WebPage","SearchResultsPage"],"@id":"https:\/\/galeriaseltriunfo.com\/dev2\/producto\/bowl-acrilico-naranja-burbujas-rebaja\/","url":"https:\/\/galeriaseltriunfo.com\/dev2\/producto\/bowl-acrilico-naranja-burbujas-rebaja\/","name":"Bowl de Acr\u00edlico | Naranja Burbujas | Energ\u00eda y Verano","isPartOf":{"@id":"https:\/\/galeriaseltriunfo.com\/dev2\/#website"},"primaryImageOfPage":{"@id":"https:\/\/galeriaseltriunfo.com\/dev2\/producto\/bowl-acrilico-naranja-burbujas-rebaja\/#primaryimage"},"image":{"@id":"https:\/\/galeriaseltriunfo.com\/dev2\/producto\/bowl-acrilico-naranja-burbujas-rebaja\/#primaryimage"},"thumbnailUrl":"https:\/\/galeriaseltriunfo.com\/dev2\/wp-content\/uploads\/2023\/08\/093072584181-Bowl-de-acrilico-naranja-galerias-el-triunfo.jpg.webp","datePublished":"2022-08-02T00:00:00+00:00","dateModified":"2026-03-30T16:21:48+00:00","description":"Bowl de Acr\u00edlico Naranja Burbujas. Aporta alegr\u00eda, vitalidad y valor a tu cocina. Fomenta el estilo y la funcionalidad veraniega. Es muy resistente.","breadcrumb":{"@id":"https:\/\/galeriaseltriunfo.com\/dev2\/producto\/bowl-acrilico-naranja-burbujas-rebaja\/#breadcrumb"},"inLanguage":"es","potentialAction":[{"@type":"ReadAction","target":["https:\/\/galeriaseltriunfo.com\/dev2\/producto\/bowl-acrilico-naranja-burbujas-rebaja\/"]}]},{"@type":"ImageObject","inLanguage":"es","@id":"https:\/\/galeriaseltriunfo.com\/dev2\/producto\/bowl-acrilico-naranja-burbujas-rebaja\/#primaryimage","url":"https:\/\/galeriaseltriunfo.com\/dev2\/wp-content\/uploads\/2023\/08\/093072584181-Bowl-de-acrilico-naranja-galerias-el-triunfo.jpg.webp","contentUrl":"https:\/\/galeriaseltriunfo.com\/dev2\/wp-content\/uploads\/2023\/08\/093072584181-Bowl-de-acrilico-naranja-galerias-el-triunfo.jpg.webp","width":900,"height":900,"caption":"Bowl de acrilico naranja - Galer\u00edas el Triunfo - 093072584181"},{"@type":"BreadcrumbList","@id":"https:\/\/galeriaseltriunfo.com\/dev2\/producto\/bowl-acrilico-naranja-burbujas-rebaja\/#breadcrumb","itemListElement":[{"@type":"ListItem","position":1,"name":"Inicio","item":"https:\/\/galeriaseltriunfo.com\/dev2\/"},{"@type":"ListItem","position":2,"name":"Tienda","item":"https:\/\/galeriaseltriunfo.com\/dev2\/tienda\/"},{"@type":"ListItem","position":3,"name":"Bowl Burbujas Naranja Vibrante"}]},{"@type":"WebSite","@id":"https:\/\/galeriaseltriunfo.com\/dev2\/#website","url":"https:\/\/galeriaseltriunfo.com\/dev2\/","name":"Galer\u00edas el Triunfo","description":"Galer\u00edas el Triunfo es una de las tiendas online m\u00e1s grandes de accesorios y art\u00edculos de decoraci\u00f3n para el hogar, el jard\u00edn y la oficina. \u00a1Compra ahora!","publisher":{"@id":"https:\/\/galeriaseltriunfo.com\/dev2\/#organization"},"potentialAction":[{"@type":"SearchAction","target":{"@type":"EntryPoint","urlTemplate":"https:\/\/galeriaseltriunfo.com\/dev2\/?s={search_term_string}"},"query-input":{"@type":"PropertyValueSpecification","valueRequired":true,"valueName":"search_term_string"}}],"inLanguage":"es"},{"@type":"Organization","@id":"https:\/\/galeriaseltriunfo.com\/dev2\/#organization","name":"Galer\u00edas el Triunfo","url":"https:\/\/galeriaseltriunfo.com\/dev2\/","logo":{"@type":"ImageObject","inLanguage":"es","@id":"https:\/\/galeriaseltriunfo.com\/dev2\/#\/schema\/logo\/image\/","url":"https:\/\/galeriaseltriunfo.com\/wp-content\/uploads\/2023\/08\/logotipo-galerias-fondo-2x-min.webp","contentUrl":"https:\/\/galeriaseltriunfo.com\/wp-content\/uploads\/2023\/08\/logotipo-galerias-fondo-2x-min.webp","width":184,"height":264,"caption":"Galer\u00edas el Triunfo"},"image":{"@id":"https:\/\/galeriaseltriunfo.com\/dev2\/#\/schema\/logo\/image\/"},"sameAs":["https:\/\/www.facebook.com\/galeriaseltriunfo","https:\/\/x.com\/Gal_El_Triunfo","https:\/\/www.pinterest.com\/GaleriaselTriunfo","https:\/\/instagram.com\/galeriaseltriunfomx","https:\/\/www.youtube.com\/channel\/UChIaW2ZBBS4Pg8pkw0HuE7g","https:\/\/www.tiktok.com\/@galeriaseltriunfo"]}]}},"_links":{"self":[{"href":"https:\/\/galeriaseltriunfo.com\/dev2\/wp-json\/wp\/v2\/product\/174179","targetHints":{"allow":["GET"]}}],"collection":[{"href":"https:\/\/galeriaseltriunfo.com\/dev2\/wp-json\/wp\/v2\/product"}],"about":[{"href":"https:\/\/galeriaseltriunfo.com\/dev2\/wp-json\/wp\/v2\/types\/product"}],"wp:featuredmedia":[{"embeddable":true,"href":"https:\/\/galeriaseltriunfo.com\/dev2\/wp-json\/wp\/v2\/media\/174180"}],"wp:attachment":[{"href":"https:\/\/galeriaseltriunfo.com\/dev2\/wp-json\/wp\/v2\/media?parent=174179"}],"wp:term":[{"taxonomy":"product_brand","embeddable":true,"href":"https:\/\/galeriaseltriunfo.com\/dev2\/wp-json\/wp\/v2\/product_brand?post=174179"},{"taxonomy":"product_cat","embeddable":true,"href":"https:\/\/galeriaseltriunfo.com\/dev2\/wp-json\/wp\/v2\/product_cat?post=174179"},{"taxonomy":"product_tag","embeddable":true,"href":"https:\/\/galeriaseltriunfo.com\/dev2\/wp-json\/wp\/v2\/product_tag?post=174179"}],"curies":[{"name":"wp","href":"https:\/\/api.w.org\/{rel}","templated":true}]}}