{"id":174185,"date":"2022-05-31T00:00:00","date_gmt":"2022-05-31T00:00:00","guid":{"rendered":"https:\/\/www.galeriaseltriunfo.com\/wptest\/producto\/vaso-de-acrilico-azul-2\/"},"modified":"2026-03-19T13:02:01","modified_gmt":"2026-03-19T19:02:01","slug":"vaso-de-acrilico-azul-2","status":"publish","type":"product","link":"https:\/\/galeriaseltriunfo.com\/dev2\/producto\/vaso-de-acrilico-azul-2\/","title":{"rendered":"Vaso Azul Turquesa con Relieve de Cuentas"},"content":{"rendered":"<h3 data-path-to-node=\"6\"><b data-path-to-node=\"6\" data-index-in-node=\"0\">Estilo Refrescante Y Dise\u00f1o Contempor\u00e1neo En Tu Mesa<\/b><\/h3>\n<p data-path-to-node=\"7\">El <b data-path-to-node=\"7\" data-index-in-node=\"3\">Vaso de acrilico azul<\/b> turquesa es la pieza maestra para quien busca una est\u00e9tica vibrante, la claridad del cristal con la durabilidad de los pol\u00edmeros modernos y una presencia visual impecable en su terraza, jard\u00edn o zona de alberca. Este objeto ofrece una <b data-path-to-node=\"7\" data-index-in-node=\"260\">sofisticaci\u00f3n pr\u00e1ctica<\/b> incomparable para servir bebidas refrescantes con un toque de color en <b data-path-to-node=\"7\" data-index-in-node=\"354\">tu espacio<\/b> de convivencia. Su sola presencia ayuda a elevar la frescura de tu ambientaci\u00f3n de manera inmediata. Lo logra mediante su dise\u00f1o detallado de silueta c\u00f3nica, presentando una serie de anillos en relieve con textura de cuentas que envuelven el cuerpo del vaso, lo que aporta un dinamismo t\u00e1ctil \u00fanico en la categor\u00eda de <b data-path-to-node=\"7\" data-index-in-node=\"683\"><a target=\"_blank\" href=\"https:\/\/galeriaseltriunfo.com\/categoria\/liquidacion\/\" rel=\"noopener\" class=\"ng-star-inserted\" data-hveid=\"0\" data-ved=\"0CAAQ_4QMahgKEwjrg4jTzayTAxUAAAAAHQAAAAAQiwI\">Liquidaci\u00f3n<\/a><\/b>.<\/p>\n<p data-path-to-node=\"8\">Tambi\u00e9n transmite una sensaci\u00f3n de lujo accesible y modernidad a trav\u00e9s de su tono azul trasl\u00facido, que captura la esencia de la exclusividad al aportar un toque de autoridad decorativa a cualquier estancia mediante una apariencia que imita el vidrio artesanal. Su apariencia refinada invita a la funcionalidad mientras disfrutas de una pieza de alto impacto visual y equilibrio entre su ligereza y su agarre ergon\u00f3mico antideslizante gracias al relieve texturizado. Funciona perfectamente en cualquier circunstancia de estilo veraniego, n\u00e1utico o contempor\u00e1neo, actuando como el escenario ideal para resaltar tus bebidas sobre un fondo art\u00edstico y funcional. De hecho, este elemento permite que tu zona de servicio resalte con mucha fuerza hoy mismo de forma imponente. Adem\u00e1s, la est\u00e9tica de este <b data-path-to-node=\"8\" data-index-in-node=\"799\">vaso de acrilico azul<\/b> simboliza la <b data-path-to-node=\"8\" data-index-in-node=\"834\">vitalidad<\/b> y el \u00e9xito en la armonizaci\u00f3n de menaje con car\u00e1cter.<\/p>\n<h3 data-path-to-node=\"9\"><b data-path-to-node=\"9\" data-index-in-node=\"0\">Beneficios Visuales Y Calidad Del Material<\/b><\/h3>\n<p data-path-to-node=\"10\">En consecuencia, es la pieza ideal para quien valora la <b data-path-to-node=\"10\" data-index-in-node=\"56\">resistencia<\/b> y el dise\u00f1o de cristaler\u00eda de pol\u00edmero de alta gama con un descuento excepcional. Al observar este vaso con su detalle de espiral de cuentas, se experimenta una sensaci\u00f3n de <b data-path-to-node=\"10\" data-index-in-node=\"242\">bienestar y dinamismo<\/b> por el \u00e9xito de su propuesta est\u00e9tica. Por lo tanto, usted sentir\u00e1 una atm\u00f3sfera de <b data-path-to-node=\"10\" data-index-in-node=\"348\">renovaci\u00f3n profesional<\/b> en su inventario de accesorios para el hogar. Integrar este elemento ofrece el beneficio de transformar una mesa neutra en un escenario de <b data-path-to-node=\"10\" data-index-in-node=\"510\">lujo visual<\/b> deslumbrante. As\u00ed, usted lograr\u00e1 un toque de <b data-path-to-node=\"10\" data-index-in-node=\"567\">vanguardia funcional<\/b> con mucha facilidad.<\/p>\n<h3 data-path-to-node=\"11\"><b data-path-to-node=\"11\" data-index-in-node=\"0\">Gu\u00eda De Uso Y Cuidado Premium<\/b><\/h3>\n<p data-path-to-node=\"12\">Respecto a su uso, combine el vaso con el <b data-path-to-node=\"12\" data-index-in-node=\"42\">modelo alto de la misma colecci\u00f3n<\/b> para crear un juego de alturas elegante con total confianza. Primero, limpie la superficie peri\u00f3dicamente utilizando esponjas suaves y jab\u00f3n neutro para mantener la transparencia sin rayar el material de este <b data-path-to-node=\"12\" data-index-in-node=\"285\">vaso de acrilico azul<\/b>. Gracias a su fabricaci\u00f3n en acr\u00edlico de alta densidad libre de BPA, esta pieza es ideal para el uso constante en exteriores, manteniendo su brillo por m\u00e1s tiempo. Se recomienda evitar el lavado con fibras abrasivas para preservar la integridad de los relieves a largo plazo. As\u00ed garantizar\u00e1 una <b data-path-to-node=\"12\" data-index-in-node=\"603\">calidad excepcional<\/b> en la categor\u00eda de <b data-path-to-node=\"12\" data-index-in-node=\"642\"><a target=\"_blank\" href=\"https:\/\/galeriaseltriunfo.com\/categoria\/liquidacion\/\" rel=\"noopener\" class=\"ng-star-inserted\" data-hveid=\"0\" data-ved=\"0CAAQ_4QMahgKEwjrg4jTzayTAxUAAAAAHQAAAAAQjAI\">Liquidaci\u00f3n<\/a><\/b> que representa la excelencia de nuestra tienda.<\/p>\n","protected":false},"excerpt":{"rendered":"<p>Vaso de acrilico azul dise\u00f1o espirales de 10x9cm y 444ml<\/p>\n","protected":false},"featured_media":174186,"template":"","meta":[],"product_brand":[],"product_cat":[1129],"product_tag":[13155,9917,1013,13154,12844,12798,13105],"class_list":{"0":"post-174185","1":"product","2":"type-product","3":"status-publish","4":"has-post-thumbnail","6":"product_cat-liquidacion","7":"product_tag-diseno-de-relieve","8":"product_tag-galerias-el-triunfo","9":"product_tag-liquidacion","10":"product_tag-menaje-azul","11":"product_tag-vajilla-de-verano","12":"product_tag-vaso-de-acrilico","13":"product_tag-vaso-resistente","14":"pa_tonos-azul","16":"first","17":"instock","18":"sale","19":"purchasable","20":"product-type-simple"},"yoast_head":"<!-- This site is optimized with the Yoast SEO plugin v27.4 - https:\/\/yoast.com\/product\/yoast-seo-wordpress\/ -->\n<title>Vaso Azul Turquesa con Relieve de Cuentas | Galer\u00edas El Triunfo<\/title>\n<meta name=\"description\" content=\"Dale frescura a tu mesa. Exclusivo Vaso Azul Turquesa con Relieve de Cuentas en liquidaci\u00f3n para un hogar con estilo hoy mismo.\" \/>\n<meta name=\"robots\" content=\"index, follow, max-snippet:-1, max-image-preview:large, max-video-preview:-1\" \/>\n<link rel=\"canonical\" href=\"https:\/\/galeriaseltriunfo.com\/dev2\/producto\/vaso-de-acrilico-azul-2\/\" \/>\n<meta property=\"og:locale\" content=\"es_MX\" \/>\n<meta property=\"og:type\" content=\"article\" \/>\n<meta property=\"og:title\" content=\"Vaso Azul Turquesa con Relieve de Cuentas | Galer\u00edas El Triunfo\" \/>\n<meta property=\"og:description\" content=\"Dale frescura a tu mesa. Exclusivo Vaso Azul Turquesa con Relieve de Cuentas en liquidaci\u00f3n para un hogar con estilo hoy mismo.\" \/>\n<meta property=\"og:url\" content=\"https:\/\/galeriaseltriunfo.com\/dev2\/producto\/vaso-de-acrilico-azul-2\/\" \/>\n<meta property=\"og:site_name\" content=\"Galer\u00edas el Triunfo\" \/>\n<meta property=\"article:publisher\" content=\"https:\/\/www.facebook.com\/galeriaseltriunfo\" \/>\n<meta property=\"article:modified_time\" content=\"2026-03-19T19:02:01+00:00\" \/>\n<meta property=\"og:image\" content=\"https:\/\/galeriaseltriunfo.com\/dev2\/wp-content\/uploads\/2023\/08\/093072584197-Vaso-de-acrilico-azul-galerias-el-triunfo.jpg\" \/>\n\t<meta property=\"og:image:width\" content=\"900\" \/>\n\t<meta property=\"og:image:height\" content=\"900\" \/>\n\t<meta property=\"og:image:type\" content=\"image\/jpeg\" \/>\n<meta name=\"twitter:card\" content=\"summary_large_image\" \/>\n<meta name=\"twitter:site\" content=\"@Gal_El_Triunfo\" \/>\n<meta name=\"twitter:label1\" content=\"Tiempo de lectura\" \/>\n\t<meta name=\"twitter:data1\" content=\"3 minutos\" \/>\n<script type=\"application\/ld+json\" class=\"yoast-schema-graph\">{\"@context\":\"https:\\\/\\\/schema.org\",\"@graph\":[{\"@type\":[\"WebPage\",\"SearchResultsPage\"],\"@id\":\"https:\\\/\\\/galeriaseltriunfo.com\\\/dev2\\\/producto\\\/vaso-de-acrilico-azul-2\\\/\",\"url\":\"https:\\\/\\\/galeriaseltriunfo.com\\\/dev2\\\/producto\\\/vaso-de-acrilico-azul-2\\\/\",\"name\":\"Vaso Azul Turquesa con Relieve de Cuentas | Galer\u00edas El Triunfo\",\"isPartOf\":{\"@id\":\"https:\\\/\\\/galeriaseltriunfo.com\\\/dev2\\\/#website\"},\"primaryImageOfPage\":{\"@id\":\"https:\\\/\\\/galeriaseltriunfo.com\\\/dev2\\\/producto\\\/vaso-de-acrilico-azul-2\\\/#primaryimage\"},\"image\":{\"@id\":\"https:\\\/\\\/galeriaseltriunfo.com\\\/dev2\\\/producto\\\/vaso-de-acrilico-azul-2\\\/#primaryimage\"},\"thumbnailUrl\":\"https:\\\/\\\/galeriaseltriunfo.com\\\/dev2\\\/wp-content\\\/uploads\\\/2023\\\/08\\\/093072584197-Vaso-de-acrilico-azul-galerias-el-triunfo.jpg\",\"datePublished\":\"2022-05-31T00:00:00+00:00\",\"dateModified\":\"2026-03-19T19:02:01+00:00\",\"description\":\"Dale frescura a tu mesa. Exclusivo Vaso Azul Turquesa con Relieve de Cuentas en liquidaci\u00f3n para un hogar con estilo hoy mismo.\",\"breadcrumb\":{\"@id\":\"https:\\\/\\\/galeriaseltriunfo.com\\\/dev2\\\/producto\\\/vaso-de-acrilico-azul-2\\\/#breadcrumb\"},\"inLanguage\":\"es\",\"potentialAction\":[{\"@type\":\"ReadAction\",\"target\":[\"https:\\\/\\\/galeriaseltriunfo.com\\\/dev2\\\/producto\\\/vaso-de-acrilico-azul-2\\\/\"]}]},{\"@type\":\"ImageObject\",\"inLanguage\":\"es\",\"@id\":\"https:\\\/\\\/galeriaseltriunfo.com\\\/dev2\\\/producto\\\/vaso-de-acrilico-azul-2\\\/#primaryimage\",\"url\":\"https:\\\/\\\/galeriaseltriunfo.com\\\/dev2\\\/wp-content\\\/uploads\\\/2023\\\/08\\\/093072584197-Vaso-de-acrilico-azul-galerias-el-triunfo.jpg\",\"contentUrl\":\"https:\\\/\\\/galeriaseltriunfo.com\\\/dev2\\\/wp-content\\\/uploads\\\/2023\\\/08\\\/093072584197-Vaso-de-acrilico-azul-galerias-el-triunfo.jpg\",\"width\":900,\"height\":900,\"caption\":\"Vaso de acrilico azul - Galer\u00edas el Triunfo - 093072584197\"},{\"@type\":\"BreadcrumbList\",\"@id\":\"https:\\\/\\\/galeriaseltriunfo.com\\\/dev2\\\/producto\\\/vaso-de-acrilico-azul-2\\\/#breadcrumb\",\"itemListElement\":[{\"@type\":\"ListItem\",\"position\":1,\"name\":\"Inicio\",\"item\":\"https:\\\/\\\/galeriaseltriunfo.com\\\/dev2\\\/\"},{\"@type\":\"ListItem\",\"position\":2,\"name\":\"Tienda\",\"item\":\"https:\\\/\\\/galeriaseltriunfo.com\\\/dev2\\\/tienda\\\/\"},{\"@type\":\"ListItem\",\"position\":3,\"name\":\"Vaso Azul Turquesa con Relieve de Cuentas\"}]},{\"@type\":\"WebSite\",\"@id\":\"https:\\\/\\\/galeriaseltriunfo.com\\\/dev2\\\/#website\",\"url\":\"https:\\\/\\\/galeriaseltriunfo.com\\\/dev2\\\/\",\"name\":\"Galer\u00edas el Triunfo\",\"description\":\"Galer\u00edas el Triunfo es una de las tiendas online m\u00e1s grandes de accesorios y art\u00edculos de decoraci\u00f3n para el hogar, el jard\u00edn y la oficina. \u00a1Compra ahora!\",\"publisher\":{\"@id\":\"https:\\\/\\\/galeriaseltriunfo.com\\\/dev2\\\/#organization\"},\"potentialAction\":[{\"@type\":\"SearchAction\",\"target\":{\"@type\":\"EntryPoint\",\"urlTemplate\":\"https:\\\/\\\/galeriaseltriunfo.com\\\/dev2\\\/?s={search_term_string}\"},\"query-input\":{\"@type\":\"PropertyValueSpecification\",\"valueRequired\":true,\"valueName\":\"search_term_string\"}}],\"inLanguage\":\"es\"},{\"@type\":\"Organization\",\"@id\":\"https:\\\/\\\/galeriaseltriunfo.com\\\/dev2\\\/#organization\",\"name\":\"Galer\u00edas el Triunfo\",\"url\":\"https:\\\/\\\/galeriaseltriunfo.com\\\/dev2\\\/\",\"logo\":{\"@type\":\"ImageObject\",\"inLanguage\":\"es\",\"@id\":\"https:\\\/\\\/galeriaseltriunfo.com\\\/dev2\\\/#\\\/schema\\\/logo\\\/image\\\/\",\"url\":\"https:\\\/\\\/galeriaseltriunfo.com\\\/wp-content\\\/uploads\\\/2023\\\/08\\\/logotipo-galerias-fondo-2x-min.webp\",\"contentUrl\":\"https:\\\/\\\/galeriaseltriunfo.com\\\/wp-content\\\/uploads\\\/2023\\\/08\\\/logotipo-galerias-fondo-2x-min.webp\",\"width\":184,\"height\":264,\"caption\":\"Galer\u00edas el Triunfo\"},\"image\":{\"@id\":\"https:\\\/\\\/galeriaseltriunfo.com\\\/dev2\\\/#\\\/schema\\\/logo\\\/image\\\/\"},\"sameAs\":[\"https:\\\/\\\/www.facebook.com\\\/galeriaseltriunfo\",\"https:\\\/\\\/x.com\\\/Gal_El_Triunfo\",\"https:\\\/\\\/www.pinterest.com\\\/GaleriaselTriunfo\",\"https:\\\/\\\/instagram.com\\\/galeriaseltriunfomx\",\"https:\\\/\\\/www.youtube.com\\\/channel\\\/UChIaW2ZBBS4Pg8pkw0HuE7g\",\"https:\\\/\\\/www.tiktok.com\\\/@galeriaseltriunfo\"]}]}<\/script>\n<!-- \/ Yoast SEO plugin. -->","yoast_head_json":{"title":"Vaso Azul Turquesa con Relieve de Cuentas | Galer\u00edas El Triunfo","description":"Dale frescura a tu mesa. Exclusivo Vaso Azul Turquesa con Relieve de Cuentas en liquidaci\u00f3n para un hogar con estilo hoy mismo.","robots":{"index":"index","follow":"follow","max-snippet":"max-snippet:-1","max-image-preview":"max-image-preview:large","max-video-preview":"max-video-preview:-1"},"canonical":"https:\/\/galeriaseltriunfo.com\/dev2\/producto\/vaso-de-acrilico-azul-2\/","og_locale":"es_MX","og_type":"article","og_title":"Vaso Azul Turquesa con Relieve de Cuentas | Galer\u00edas El Triunfo","og_description":"Dale frescura a tu mesa. Exclusivo Vaso Azul Turquesa con Relieve de Cuentas en liquidaci\u00f3n para un hogar con estilo hoy mismo.","og_url":"https:\/\/galeriaseltriunfo.com\/dev2\/producto\/vaso-de-acrilico-azul-2\/","og_site_name":"Galer\u00edas el Triunfo","article_publisher":"https:\/\/www.facebook.com\/galeriaseltriunfo","article_modified_time":"2026-03-19T19:02:01+00:00","og_image":[{"width":900,"height":900,"url":"https:\/\/galeriaseltriunfo.com\/dev2\/wp-content\/uploads\/2023\/08\/093072584197-Vaso-de-acrilico-azul-galerias-el-triunfo.jpg","type":"image\/jpeg"}],"twitter_card":"summary_large_image","twitter_site":"@Gal_El_Triunfo","twitter_misc":{"Tiempo de lectura":"3 minutos"},"schema":{"@context":"https:\/\/schema.org","@graph":[{"@type":["WebPage","SearchResultsPage"],"@id":"https:\/\/galeriaseltriunfo.com\/dev2\/producto\/vaso-de-acrilico-azul-2\/","url":"https:\/\/galeriaseltriunfo.com\/dev2\/producto\/vaso-de-acrilico-azul-2\/","name":"Vaso Azul Turquesa con Relieve de Cuentas | Galer\u00edas El Triunfo","isPartOf":{"@id":"https:\/\/galeriaseltriunfo.com\/dev2\/#website"},"primaryImageOfPage":{"@id":"https:\/\/galeriaseltriunfo.com\/dev2\/producto\/vaso-de-acrilico-azul-2\/#primaryimage"},"image":{"@id":"https:\/\/galeriaseltriunfo.com\/dev2\/producto\/vaso-de-acrilico-azul-2\/#primaryimage"},"thumbnailUrl":"https:\/\/galeriaseltriunfo.com\/dev2\/wp-content\/uploads\/2023\/08\/093072584197-Vaso-de-acrilico-azul-galerias-el-triunfo.jpg","datePublished":"2022-05-31T00:00:00+00:00","dateModified":"2026-03-19T19:02:01+00:00","description":"Dale frescura a tu mesa. Exclusivo Vaso Azul Turquesa con Relieve de Cuentas en liquidaci\u00f3n para un hogar con estilo hoy mismo.","breadcrumb":{"@id":"https:\/\/galeriaseltriunfo.com\/dev2\/producto\/vaso-de-acrilico-azul-2\/#breadcrumb"},"inLanguage":"es","potentialAction":[{"@type":"ReadAction","target":["https:\/\/galeriaseltriunfo.com\/dev2\/producto\/vaso-de-acrilico-azul-2\/"]}]},{"@type":"ImageObject","inLanguage":"es","@id":"https:\/\/galeriaseltriunfo.com\/dev2\/producto\/vaso-de-acrilico-azul-2\/#primaryimage","url":"https:\/\/galeriaseltriunfo.com\/dev2\/wp-content\/uploads\/2023\/08\/093072584197-Vaso-de-acrilico-azul-galerias-el-triunfo.jpg","contentUrl":"https:\/\/galeriaseltriunfo.com\/dev2\/wp-content\/uploads\/2023\/08\/093072584197-Vaso-de-acrilico-azul-galerias-el-triunfo.jpg","width":900,"height":900,"caption":"Vaso de acrilico azul - Galer\u00edas el Triunfo - 093072584197"},{"@type":"BreadcrumbList","@id":"https:\/\/galeriaseltriunfo.com\/dev2\/producto\/vaso-de-acrilico-azul-2\/#breadcrumb","itemListElement":[{"@type":"ListItem","position":1,"name":"Inicio","item":"https:\/\/galeriaseltriunfo.com\/dev2\/"},{"@type":"ListItem","position":2,"name":"Tienda","item":"https:\/\/galeriaseltriunfo.com\/dev2\/tienda\/"},{"@type":"ListItem","position":3,"name":"Vaso Azul Turquesa con Relieve de Cuentas"}]},{"@type":"WebSite","@id":"https:\/\/galeriaseltriunfo.com\/dev2\/#website","url":"https:\/\/galeriaseltriunfo.com\/dev2\/","name":"Galer\u00edas el Triunfo","description":"Galer\u00edas el Triunfo es una de las tiendas online m\u00e1s grandes de accesorios y art\u00edculos de decoraci\u00f3n para el hogar, el jard\u00edn y la oficina. \u00a1Compra ahora!","publisher":{"@id":"https:\/\/galeriaseltriunfo.com\/dev2\/#organization"},"potentialAction":[{"@type":"SearchAction","target":{"@type":"EntryPoint","urlTemplate":"https:\/\/galeriaseltriunfo.com\/dev2\/?s={search_term_string}"},"query-input":{"@type":"PropertyValueSpecification","valueRequired":true,"valueName":"search_term_string"}}],"inLanguage":"es"},{"@type":"Organization","@id":"https:\/\/galeriaseltriunfo.com\/dev2\/#organization","name":"Galer\u00edas el Triunfo","url":"https:\/\/galeriaseltriunfo.com\/dev2\/","logo":{"@type":"ImageObject","inLanguage":"es","@id":"https:\/\/galeriaseltriunfo.com\/dev2\/#\/schema\/logo\/image\/","url":"https:\/\/galeriaseltriunfo.com\/wp-content\/uploads\/2023\/08\/logotipo-galerias-fondo-2x-min.webp","contentUrl":"https:\/\/galeriaseltriunfo.com\/wp-content\/uploads\/2023\/08\/logotipo-galerias-fondo-2x-min.webp","width":184,"height":264,"caption":"Galer\u00edas el Triunfo"},"image":{"@id":"https:\/\/galeriaseltriunfo.com\/dev2\/#\/schema\/logo\/image\/"},"sameAs":["https:\/\/www.facebook.com\/galeriaseltriunfo","https:\/\/x.com\/Gal_El_Triunfo","https:\/\/www.pinterest.com\/GaleriaselTriunfo","https:\/\/instagram.com\/galeriaseltriunfomx","https:\/\/www.youtube.com\/channel\/UChIaW2ZBBS4Pg8pkw0HuE7g","https:\/\/www.tiktok.com\/@galeriaseltriunfo"]}]}},"_links":{"self":[{"href":"https:\/\/galeriaseltriunfo.com\/dev2\/wp-json\/wp\/v2\/product\/174185","targetHints":{"allow":["GET"]}}],"collection":[{"href":"https:\/\/galeriaseltriunfo.com\/dev2\/wp-json\/wp\/v2\/product"}],"about":[{"href":"https:\/\/galeriaseltriunfo.com\/dev2\/wp-json\/wp\/v2\/types\/product"}],"wp:featuredmedia":[{"embeddable":true,"href":"https:\/\/galeriaseltriunfo.com\/dev2\/wp-json\/wp\/v2\/media\/174186"}],"wp:attachment":[{"href":"https:\/\/galeriaseltriunfo.com\/dev2\/wp-json\/wp\/v2\/media?parent=174185"}],"wp:term":[{"taxonomy":"product_brand","embeddable":true,"href":"https:\/\/galeriaseltriunfo.com\/dev2\/wp-json\/wp\/v2\/product_brand?post=174185"},{"taxonomy":"product_cat","embeddable":true,"href":"https:\/\/galeriaseltriunfo.com\/dev2\/wp-json\/wp\/v2\/product_cat?post=174185"},{"taxonomy":"product_tag","embeddable":true,"href":"https:\/\/galeriaseltriunfo.com\/dev2\/wp-json\/wp\/v2\/product_tag?post=174185"}],"curies":[{"name":"wp","href":"https:\/\/api.w.org\/{rel}","templated":true}]}}