{"id":174773,"date":"2023-06-08T00:00:00","date_gmt":"2023-06-08T00:00:00","guid":{"rendered":"https:\/\/www.galeriaseltriunfo.com\/wptest\/producto\/plato-de-ceramica-rectangular\/"},"modified":"2026-03-27T06:38:49","modified_gmt":"2026-03-27T12:38:49","slug":"plato-de-ceramica-rectangular","status":"publish","type":"product","link":"https:\/\/galeriaseltriunfo.com\/dev2\/producto\/plato-de-ceramica-rectangular\/","title":{"rendered":"Plato Rectangular Estampado Hongos"},"content":{"rendered":"<p><b>Plato rectangular<\/b> que combina <b>funcionalidad y un dise\u00f1o m\u00edstico<\/b>. Su forma alargada es perfecta para servir aperitivos o sushi, mientras que el cautivador <b>estampado de hongos<\/b> le da un aire \u00fanico e inolvidable. Fabricado en <b>cer\u00e1mica<\/b>, es una pieza vers\u00e1til y elegante. Medidas: <b>30.5 cm<\/b> (largo).<\/p>\n","protected":false},"excerpt":{"rendered":"<p>Plato de cer\u00e1mica rectangular estampado hongos de 30.5cm<\/p>\n","protected":false},"featured_media":174774,"template":"","meta":[],"product_brand":[],"product_cat":[427],"product_tag":[2958,2931,4630,4176,1746,5306,696,4145,7220],"class_list":{"0":"post-174773","1":"product","2":"type-product","3":"status-publish","4":"has-post-thumbnail","6":"product_cat-platos-de-ceramica","7":"product_tag-ceramica","8":"product_tag-diseno","9":"product_tag-funcional","10":"product_tag-hongos","11":"product_tag-mistico","12":"product_tag-plato","13":"product_tag-platos-de-ceramica","14":"product_tag-rectangular","15":"product_tag-servir","17":"first","18":"instock","19":"sale","20":"purchasable","21":"product-type-simple"},"yoast_head":"<!-- This site is optimized with the Yoast SEO plugin v27.4 - https:\/\/yoast.com\/product\/yoast-seo-wordpress\/ -->\n<title>Plato Rectangular Estampado Hongos - Galer\u00edas el Triunfo<\/title>\n<meta name=\"description\" content=\"Un plato que irradia misterio. El rectangular es perfecto para un toque \u00fanico y muy pr\u00e1ctico. \u00a1El dise\u00f1o que sirve con sofisticaci\u00f3n!\" \/>\n<meta name=\"robots\" content=\"index, follow, max-snippet:-1, max-image-preview:large, max-video-preview:-1\" \/>\n<link rel=\"canonical\" href=\"https:\/\/galeriaseltriunfo.com\/dev2\/producto\/plato-de-ceramica-rectangular\/\" \/>\n<meta property=\"og:locale\" content=\"es_MX\" \/>\n<meta property=\"og:type\" content=\"article\" \/>\n<meta property=\"og:title\" content=\"Plato Rectangular Estampado Hongos - Galer\u00edas el Triunfo\" \/>\n<meta property=\"og:description\" content=\"Un plato que irradia misterio. El rectangular es perfecto para un toque \u00fanico y muy pr\u00e1ctico. \u00a1El dise\u00f1o que sirve con sofisticaci\u00f3n!\" \/>\n<meta property=\"og:url\" content=\"https:\/\/galeriaseltriunfo.com\/dev2\/producto\/plato-de-ceramica-rectangular\/\" \/>\n<meta property=\"og:site_name\" content=\"Galer\u00edas el Triunfo\" \/>\n<meta property=\"article:publisher\" content=\"https:\/\/www.facebook.com\/galeriaseltriunfo\" \/>\n<meta property=\"article:modified_time\" content=\"2026-03-27T12:38:49+00:00\" \/>\n<meta property=\"og:image\" content=\"https:\/\/galeriaseltriunfo.com\/dev2\/wp-content\/uploads\/2023\/08\/156072791123-Plato-de-ceramica-rectangular-galerias-el-triunfo.jpg\" \/>\n\t<meta property=\"og:image:width\" content=\"1000\" \/>\n\t<meta property=\"og:image:height\" content=\"1000\" \/>\n\t<meta property=\"og:image:type\" content=\"image\/jpeg\" \/>\n<meta name=\"twitter:card\" content=\"summary_large_image\" \/>\n<meta name=\"twitter:site\" content=\"@Gal_El_Triunfo\" \/>\n<meta name=\"twitter:label1\" content=\"Tiempo de lectura\" \/>\n\t<meta name=\"twitter:data1\" content=\"1 minuto\" \/>\n<script type=\"application\/ld+json\" class=\"yoast-schema-graph\">{\"@context\":\"https:\\\/\\\/schema.org\",\"@graph\":[{\"@type\":[\"WebPage\",\"SearchResultsPage\"],\"@id\":\"https:\\\/\\\/galeriaseltriunfo.com\\\/dev2\\\/producto\\\/plato-de-ceramica-rectangular\\\/\",\"url\":\"https:\\\/\\\/galeriaseltriunfo.com\\\/dev2\\\/producto\\\/plato-de-ceramica-rectangular\\\/\",\"name\":\"Plato Rectangular Estampado Hongos - Galer\u00edas el Triunfo\",\"isPartOf\":{\"@id\":\"https:\\\/\\\/galeriaseltriunfo.com\\\/dev2\\\/#website\"},\"primaryImageOfPage\":{\"@id\":\"https:\\\/\\\/galeriaseltriunfo.com\\\/dev2\\\/producto\\\/plato-de-ceramica-rectangular\\\/#primaryimage\"},\"image\":{\"@id\":\"https:\\\/\\\/galeriaseltriunfo.com\\\/dev2\\\/producto\\\/plato-de-ceramica-rectangular\\\/#primaryimage\"},\"thumbnailUrl\":\"https:\\\/\\\/galeriaseltriunfo.com\\\/dev2\\\/wp-content\\\/uploads\\\/2023\\\/08\\\/156072791123-Plato-de-ceramica-rectangular-galerias-el-triunfo.jpg\",\"datePublished\":\"2023-06-08T00:00:00+00:00\",\"dateModified\":\"2026-03-27T12:38:49+00:00\",\"description\":\"Un plato que irradia misterio. El rectangular es perfecto para un toque \u00fanico y muy pr\u00e1ctico. \u00a1El dise\u00f1o que sirve con sofisticaci\u00f3n!\",\"breadcrumb\":{\"@id\":\"https:\\\/\\\/galeriaseltriunfo.com\\\/dev2\\\/producto\\\/plato-de-ceramica-rectangular\\\/#breadcrumb\"},\"inLanguage\":\"es\",\"potentialAction\":[{\"@type\":\"ReadAction\",\"target\":[\"https:\\\/\\\/galeriaseltriunfo.com\\\/dev2\\\/producto\\\/plato-de-ceramica-rectangular\\\/\"]}]},{\"@type\":\"ImageObject\",\"inLanguage\":\"es\",\"@id\":\"https:\\\/\\\/galeriaseltriunfo.com\\\/dev2\\\/producto\\\/plato-de-ceramica-rectangular\\\/#primaryimage\",\"url\":\"https:\\\/\\\/galeriaseltriunfo.com\\\/dev2\\\/wp-content\\\/uploads\\\/2023\\\/08\\\/156072791123-Plato-de-ceramica-rectangular-galerias-el-triunfo.jpg\",\"contentUrl\":\"https:\\\/\\\/galeriaseltriunfo.com\\\/dev2\\\/wp-content\\\/uploads\\\/2023\\\/08\\\/156072791123-Plato-de-ceramica-rectangular-galerias-el-triunfo.jpg\",\"width\":1000,\"height\":1000,\"caption\":\"Plato de cer\u00e1mica rectangular - Galer\u00edas el Triunfo - 156072791123\"},{\"@type\":\"BreadcrumbList\",\"@id\":\"https:\\\/\\\/galeriaseltriunfo.com\\\/dev2\\\/producto\\\/plato-de-ceramica-rectangular\\\/#breadcrumb\",\"itemListElement\":[{\"@type\":\"ListItem\",\"position\":1,\"name\":\"Inicio\",\"item\":\"https:\\\/\\\/galeriaseltriunfo.com\\\/dev2\\\/\"},{\"@type\":\"ListItem\",\"position\":2,\"name\":\"Tienda\",\"item\":\"https:\\\/\\\/galeriaseltriunfo.com\\\/dev2\\\/tienda\\\/\"},{\"@type\":\"ListItem\",\"position\":3,\"name\":\"Plato Rectangular Estampado Hongos\"}]},{\"@type\":\"WebSite\",\"@id\":\"https:\\\/\\\/galeriaseltriunfo.com\\\/dev2\\\/#website\",\"url\":\"https:\\\/\\\/galeriaseltriunfo.com\\\/dev2\\\/\",\"name\":\"Galer\u00edas el Triunfo\",\"description\":\"Galer\u00edas el Triunfo es una de las tiendas online m\u00e1s grandes de accesorios y art\u00edculos de decoraci\u00f3n para el hogar, el jard\u00edn y la oficina. \u00a1Compra ahora!\",\"publisher\":{\"@id\":\"https:\\\/\\\/galeriaseltriunfo.com\\\/dev2\\\/#organization\"},\"potentialAction\":[{\"@type\":\"SearchAction\",\"target\":{\"@type\":\"EntryPoint\",\"urlTemplate\":\"https:\\\/\\\/galeriaseltriunfo.com\\\/dev2\\\/?s={search_term_string}\"},\"query-input\":{\"@type\":\"PropertyValueSpecification\",\"valueRequired\":true,\"valueName\":\"search_term_string\"}}],\"inLanguage\":\"es\"},{\"@type\":\"Organization\",\"@id\":\"https:\\\/\\\/galeriaseltriunfo.com\\\/dev2\\\/#organization\",\"name\":\"Galer\u00edas el Triunfo\",\"url\":\"https:\\\/\\\/galeriaseltriunfo.com\\\/dev2\\\/\",\"logo\":{\"@type\":\"ImageObject\",\"inLanguage\":\"es\",\"@id\":\"https:\\\/\\\/galeriaseltriunfo.com\\\/dev2\\\/#\\\/schema\\\/logo\\\/image\\\/\",\"url\":\"https:\\\/\\\/galeriaseltriunfo.com\\\/wp-content\\\/uploads\\\/2023\\\/08\\\/logotipo-galerias-fondo-2x-min.webp\",\"contentUrl\":\"https:\\\/\\\/galeriaseltriunfo.com\\\/wp-content\\\/uploads\\\/2023\\\/08\\\/logotipo-galerias-fondo-2x-min.webp\",\"width\":184,\"height\":264,\"caption\":\"Galer\u00edas el Triunfo\"},\"image\":{\"@id\":\"https:\\\/\\\/galeriaseltriunfo.com\\\/dev2\\\/#\\\/schema\\\/logo\\\/image\\\/\"},\"sameAs\":[\"https:\\\/\\\/www.facebook.com\\\/galeriaseltriunfo\",\"https:\\\/\\\/x.com\\\/Gal_El_Triunfo\",\"https:\\\/\\\/www.pinterest.com\\\/GaleriaselTriunfo\",\"https:\\\/\\\/instagram.com\\\/galeriaseltriunfomx\",\"https:\\\/\\\/www.youtube.com\\\/channel\\\/UChIaW2ZBBS4Pg8pkw0HuE7g\",\"https:\\\/\\\/www.tiktok.com\\\/@galeriaseltriunfo\"]}]}<\/script>\n<!-- \/ Yoast SEO plugin. -->","yoast_head_json":{"title":"Plato Rectangular Estampado Hongos - Galer\u00edas el Triunfo","description":"Un plato que irradia misterio. El rectangular es perfecto para un toque \u00fanico y muy pr\u00e1ctico. \u00a1El dise\u00f1o que sirve con sofisticaci\u00f3n!","robots":{"index":"index","follow":"follow","max-snippet":"max-snippet:-1","max-image-preview":"max-image-preview:large","max-video-preview":"max-video-preview:-1"},"canonical":"https:\/\/galeriaseltriunfo.com\/dev2\/producto\/plato-de-ceramica-rectangular\/","og_locale":"es_MX","og_type":"article","og_title":"Plato Rectangular Estampado Hongos - Galer\u00edas el Triunfo","og_description":"Un plato que irradia misterio. El rectangular es perfecto para un toque \u00fanico y muy pr\u00e1ctico. \u00a1El dise\u00f1o que sirve con sofisticaci\u00f3n!","og_url":"https:\/\/galeriaseltriunfo.com\/dev2\/producto\/plato-de-ceramica-rectangular\/","og_site_name":"Galer\u00edas el Triunfo","article_publisher":"https:\/\/www.facebook.com\/galeriaseltriunfo","article_modified_time":"2026-03-27T12:38:49+00:00","og_image":[{"width":1000,"height":1000,"url":"https:\/\/galeriaseltriunfo.com\/dev2\/wp-content\/uploads\/2023\/08\/156072791123-Plato-de-ceramica-rectangular-galerias-el-triunfo.jpg","type":"image\/jpeg"}],"twitter_card":"summary_large_image","twitter_site":"@Gal_El_Triunfo","twitter_misc":{"Tiempo de lectura":"1 minuto"},"schema":{"@context":"https:\/\/schema.org","@graph":[{"@type":["WebPage","SearchResultsPage"],"@id":"https:\/\/galeriaseltriunfo.com\/dev2\/producto\/plato-de-ceramica-rectangular\/","url":"https:\/\/galeriaseltriunfo.com\/dev2\/producto\/plato-de-ceramica-rectangular\/","name":"Plato Rectangular Estampado Hongos - Galer\u00edas el Triunfo","isPartOf":{"@id":"https:\/\/galeriaseltriunfo.com\/dev2\/#website"},"primaryImageOfPage":{"@id":"https:\/\/galeriaseltriunfo.com\/dev2\/producto\/plato-de-ceramica-rectangular\/#primaryimage"},"image":{"@id":"https:\/\/galeriaseltriunfo.com\/dev2\/producto\/plato-de-ceramica-rectangular\/#primaryimage"},"thumbnailUrl":"https:\/\/galeriaseltriunfo.com\/dev2\/wp-content\/uploads\/2023\/08\/156072791123-Plato-de-ceramica-rectangular-galerias-el-triunfo.jpg","datePublished":"2023-06-08T00:00:00+00:00","dateModified":"2026-03-27T12:38:49+00:00","description":"Un plato que irradia misterio. El rectangular es perfecto para un toque \u00fanico y muy pr\u00e1ctico. \u00a1El dise\u00f1o que sirve con sofisticaci\u00f3n!","breadcrumb":{"@id":"https:\/\/galeriaseltriunfo.com\/dev2\/producto\/plato-de-ceramica-rectangular\/#breadcrumb"},"inLanguage":"es","potentialAction":[{"@type":"ReadAction","target":["https:\/\/galeriaseltriunfo.com\/dev2\/producto\/plato-de-ceramica-rectangular\/"]}]},{"@type":"ImageObject","inLanguage":"es","@id":"https:\/\/galeriaseltriunfo.com\/dev2\/producto\/plato-de-ceramica-rectangular\/#primaryimage","url":"https:\/\/galeriaseltriunfo.com\/dev2\/wp-content\/uploads\/2023\/08\/156072791123-Plato-de-ceramica-rectangular-galerias-el-triunfo.jpg","contentUrl":"https:\/\/galeriaseltriunfo.com\/dev2\/wp-content\/uploads\/2023\/08\/156072791123-Plato-de-ceramica-rectangular-galerias-el-triunfo.jpg","width":1000,"height":1000,"caption":"Plato de cer\u00e1mica rectangular - Galer\u00edas el Triunfo - 156072791123"},{"@type":"BreadcrumbList","@id":"https:\/\/galeriaseltriunfo.com\/dev2\/producto\/plato-de-ceramica-rectangular\/#breadcrumb","itemListElement":[{"@type":"ListItem","position":1,"name":"Inicio","item":"https:\/\/galeriaseltriunfo.com\/dev2\/"},{"@type":"ListItem","position":2,"name":"Tienda","item":"https:\/\/galeriaseltriunfo.com\/dev2\/tienda\/"},{"@type":"ListItem","position":3,"name":"Plato Rectangular Estampado Hongos"}]},{"@type":"WebSite","@id":"https:\/\/galeriaseltriunfo.com\/dev2\/#website","url":"https:\/\/galeriaseltriunfo.com\/dev2\/","name":"Galer\u00edas el Triunfo","description":"Galer\u00edas el Triunfo es una de las tiendas online m\u00e1s grandes de accesorios y art\u00edculos de decoraci\u00f3n para el hogar, el jard\u00edn y la oficina. \u00a1Compra ahora!","publisher":{"@id":"https:\/\/galeriaseltriunfo.com\/dev2\/#organization"},"potentialAction":[{"@type":"SearchAction","target":{"@type":"EntryPoint","urlTemplate":"https:\/\/galeriaseltriunfo.com\/dev2\/?s={search_term_string}"},"query-input":{"@type":"PropertyValueSpecification","valueRequired":true,"valueName":"search_term_string"}}],"inLanguage":"es"},{"@type":"Organization","@id":"https:\/\/galeriaseltriunfo.com\/dev2\/#organization","name":"Galer\u00edas el Triunfo","url":"https:\/\/galeriaseltriunfo.com\/dev2\/","logo":{"@type":"ImageObject","inLanguage":"es","@id":"https:\/\/galeriaseltriunfo.com\/dev2\/#\/schema\/logo\/image\/","url":"https:\/\/galeriaseltriunfo.com\/wp-content\/uploads\/2023\/08\/logotipo-galerias-fondo-2x-min.webp","contentUrl":"https:\/\/galeriaseltriunfo.com\/wp-content\/uploads\/2023\/08\/logotipo-galerias-fondo-2x-min.webp","width":184,"height":264,"caption":"Galer\u00edas el Triunfo"},"image":{"@id":"https:\/\/galeriaseltriunfo.com\/dev2\/#\/schema\/logo\/image\/"},"sameAs":["https:\/\/www.facebook.com\/galeriaseltriunfo","https:\/\/x.com\/Gal_El_Triunfo","https:\/\/www.pinterest.com\/GaleriaselTriunfo","https:\/\/instagram.com\/galeriaseltriunfomx","https:\/\/www.youtube.com\/channel\/UChIaW2ZBBS4Pg8pkw0HuE7g","https:\/\/www.tiktok.com\/@galeriaseltriunfo"]}]}},"_links":{"self":[{"href":"https:\/\/galeriaseltriunfo.com\/dev2\/wp-json\/wp\/v2\/product\/174773","targetHints":{"allow":["GET"]}}],"collection":[{"href":"https:\/\/galeriaseltriunfo.com\/dev2\/wp-json\/wp\/v2\/product"}],"about":[{"href":"https:\/\/galeriaseltriunfo.com\/dev2\/wp-json\/wp\/v2\/types\/product"}],"wp:featuredmedia":[{"embeddable":true,"href":"https:\/\/galeriaseltriunfo.com\/dev2\/wp-json\/wp\/v2\/media\/174774"}],"wp:attachment":[{"href":"https:\/\/galeriaseltriunfo.com\/dev2\/wp-json\/wp\/v2\/media?parent=174773"}],"wp:term":[{"taxonomy":"product_brand","embeddable":true,"href":"https:\/\/galeriaseltriunfo.com\/dev2\/wp-json\/wp\/v2\/product_brand?post=174773"},{"taxonomy":"product_cat","embeddable":true,"href":"https:\/\/galeriaseltriunfo.com\/dev2\/wp-json\/wp\/v2\/product_cat?post=174773"},{"taxonomy":"product_tag","embeddable":true,"href":"https:\/\/galeriaseltriunfo.com\/dev2\/wp-json\/wp\/v2\/product_tag?post=174773"}],"curies":[{"name":"wp","href":"https:\/\/api.w.org\/{rel}","templated":true}]}}