{"id":178151,"date":"2023-03-23T00:00:00","date_gmt":"2023-03-23T00:00:00","guid":{"rendered":"http:\/\/44.201.11.212\/~galeriaseltriunf\/producto\/silla-de-plastico-cafe\/"},"modified":"2026-03-27T06:39:52","modified_gmt":"2026-03-27T12:39:52","slug":"silla-de-plastico-cafe","status":"publish","type":"product","link":"https:\/\/galeriaseltriunfo.com\/dev2\/producto\/silla-de-plastico-cafe\/","title":{"rendered":"Silla Tipo Eames Caf\u00e9"},"content":{"rendered":"<p>Esta <b>silla<\/b> es un \u00edcono de <b>dise\u00f1o atemporal y minimalista<\/b>, que ofrece una <b>comodidad superior<\/b> gracias a sus <b>pr\u00e1cticos descansabrazos<\/b>. Su <b>silueta ergon\u00f3mica<\/b> y la <b>mezcla de materiales<\/b> \u2014el <b>pl\u00e1stico resistente<\/b> y la <b>calidez de las patas de imitaci\u00f3n madera<\/b>\u2014 la convierten en una <b>pieza vers\u00e1til<\/b> y <b>funcional<\/b>. Su color caf\u00e9 le da una <b>elegancia sutil<\/b> que se integra perfectamente en cualquier espacio, <b>creando un ambiente<\/b> de <b>estilo moderno y personalidad<\/b>. <b>Cuidado y Limpieza:<\/b><\/p>\n<ul>\n<li>Limpiar la superficie de pl\u00e1stico con un pa\u00f1o suave y h\u00famedo.<\/li>\n<li>Para las patas, usar un pa\u00f1o seco para eliminar el polvo.<\/li>\n<li>Evitar productos qu\u00edmicos agresivos o abrasivos que puedan da\u00f1ar los materiales.<\/li>\n<\/ul>\n","protected":false},"excerpt":{"rendered":"<p>Silla de pl\u00e1stico caf\u00e9 imitaci\u00f3n patas de madera de 61x63x81cm<\/p>\n","protected":false},"featured_media":178152,"template":"","meta":[],"product_brand":[],"product_cat":[234],"product_tag":[1574,1201,2931,8567,8564,4632,2581,1752,8490,1556,8625,8023],"class_list":{"0":"post-178151","1":"product","2":"type-product","3":"status-publish","4":"has-post-thumbnail","6":"product_cat-sillas-tipo-eames","7":"product_tag-cafe","8":"product_tag-comedor","9":"product_tag-diseno","10":"product_tag-disenos-exclusivos","11":"product_tag-edicion-limitada","12":"product_tag-hogar","13":"product_tag-minimalista","14":"product_tag-moderno","15":"product_tag-precio-irrepetible","16":"product_tag-silla","17":"product_tag-silla-eames","18":"product_tag-vanguardia","20":"first","21":"instock","22":"sale","23":"purchasable","24":"product-type-simple"},"yoast_head":"<!-- This site is optimized with the Yoast SEO plugin v27.4 - https:\/\/yoast.com\/product\/yoast-seo-wordpress\/ -->\n<title>Silla Tipo Eames Caf\u00e9 - Galer\u00edas el Triunfo<\/title>\n<meta name=\"description\" content=\"Sill\u00f3n de pl\u00e1stico caf\u00e9 con patas de madera. Aporta un toque elegante y de protecci\u00f3n, ideal para tu comedor. Una pieza \u00fanica para tu hogar.\" \/>\n<meta name=\"robots\" content=\"index, follow, max-snippet:-1, max-image-preview:large, max-video-preview:-1\" \/>\n<link rel=\"canonical\" href=\"https:\/\/galeriaseltriunfo.com\/dev2\/producto\/silla-de-plastico-cafe\/\" \/>\n<meta property=\"og:locale\" content=\"es_MX\" \/>\n<meta property=\"og:type\" content=\"article\" \/>\n<meta property=\"og:title\" content=\"Silla Tipo Eames Caf\u00e9 - Galer\u00edas el Triunfo\" \/>\n<meta property=\"og:description\" content=\"Sill\u00f3n de pl\u00e1stico caf\u00e9 con patas de madera. Aporta un toque elegante y de protecci\u00f3n, ideal para tu comedor. Una pieza \u00fanica para tu hogar.\" \/>\n<meta property=\"og:url\" content=\"https:\/\/galeriaseltriunfo.com\/dev2\/producto\/silla-de-plastico-cafe\/\" \/>\n<meta property=\"og:site_name\" content=\"Galer\u00edas el Triunfo\" \/>\n<meta property=\"article:publisher\" content=\"https:\/\/www.facebook.com\/galeriaseltriunfo\" \/>\n<meta property=\"article:modified_time\" content=\"2026-03-27T12:39:52+00:00\" \/>\n<meta property=\"og:image\" content=\"https:\/\/galeriaseltriunfo.com\/dev2\/wp-content\/uploads\/2023\/08\/162072001042-Silla-de-plastico-cafe-galerias-el-triunfo.jpg\" \/>\n\t<meta property=\"og:image:width\" content=\"900\" \/>\n\t<meta property=\"og:image:height\" content=\"900\" \/>\n\t<meta property=\"og:image:type\" content=\"image\/jpeg\" \/>\n<meta name=\"twitter:card\" content=\"summary_large_image\" \/>\n<meta name=\"twitter:site\" content=\"@Gal_El_Triunfo\" \/>\n<meta name=\"twitter:label1\" content=\"Tiempo de lectura\" \/>\n\t<meta name=\"twitter:data1\" content=\"1 minuto\" \/>\n<script type=\"application\/ld+json\" class=\"yoast-schema-graph\">{\"@context\":\"https:\\\/\\\/schema.org\",\"@graph\":[{\"@type\":[\"WebPage\",\"SearchResultsPage\"],\"@id\":\"https:\\\/\\\/galeriaseltriunfo.com\\\/dev2\\\/producto\\\/silla-de-plastico-cafe\\\/\",\"url\":\"https:\\\/\\\/galeriaseltriunfo.com\\\/dev2\\\/producto\\\/silla-de-plastico-cafe\\\/\",\"name\":\"Silla Tipo Eames Caf\u00e9 - Galer\u00edas el Triunfo\",\"isPartOf\":{\"@id\":\"https:\\\/\\\/galeriaseltriunfo.com\\\/dev2\\\/#website\"},\"primaryImageOfPage\":{\"@id\":\"https:\\\/\\\/galeriaseltriunfo.com\\\/dev2\\\/producto\\\/silla-de-plastico-cafe\\\/#primaryimage\"},\"image\":{\"@id\":\"https:\\\/\\\/galeriaseltriunfo.com\\\/dev2\\\/producto\\\/silla-de-plastico-cafe\\\/#primaryimage\"},\"thumbnailUrl\":\"https:\\\/\\\/galeriaseltriunfo.com\\\/dev2\\\/wp-content\\\/uploads\\\/2023\\\/08\\\/162072001042-Silla-de-plastico-cafe-galerias-el-triunfo.jpg\",\"datePublished\":\"2023-03-23T00:00:00+00:00\",\"dateModified\":\"2026-03-27T12:39:52+00:00\",\"description\":\"Sill\u00f3n de pl\u00e1stico caf\u00e9 con patas de madera. Aporta un toque elegante y de protecci\u00f3n, ideal para tu comedor. Una pieza \u00fanica para tu hogar.\",\"breadcrumb\":{\"@id\":\"https:\\\/\\\/galeriaseltriunfo.com\\\/dev2\\\/producto\\\/silla-de-plastico-cafe\\\/#breadcrumb\"},\"inLanguage\":\"es\",\"potentialAction\":[{\"@type\":\"ReadAction\",\"target\":[\"https:\\\/\\\/galeriaseltriunfo.com\\\/dev2\\\/producto\\\/silla-de-plastico-cafe\\\/\"]}]},{\"@type\":\"ImageObject\",\"inLanguage\":\"es\",\"@id\":\"https:\\\/\\\/galeriaseltriunfo.com\\\/dev2\\\/producto\\\/silla-de-plastico-cafe\\\/#primaryimage\",\"url\":\"https:\\\/\\\/galeriaseltriunfo.com\\\/dev2\\\/wp-content\\\/uploads\\\/2023\\\/08\\\/162072001042-Silla-de-plastico-cafe-galerias-el-triunfo.jpg\",\"contentUrl\":\"https:\\\/\\\/galeriaseltriunfo.com\\\/dev2\\\/wp-content\\\/uploads\\\/2023\\\/08\\\/162072001042-Silla-de-plastico-cafe-galerias-el-triunfo.jpg\",\"width\":900,\"height\":900,\"caption\":\"Silla de pl\u00e1stico caf\u00e9 - Galer\u00edas el Triunfo - 162072001042\"},{\"@type\":\"BreadcrumbList\",\"@id\":\"https:\\\/\\\/galeriaseltriunfo.com\\\/dev2\\\/producto\\\/silla-de-plastico-cafe\\\/#breadcrumb\",\"itemListElement\":[{\"@type\":\"ListItem\",\"position\":1,\"name\":\"Inicio\",\"item\":\"https:\\\/\\\/galeriaseltriunfo.com\\\/dev2\\\/\"},{\"@type\":\"ListItem\",\"position\":2,\"name\":\"Tienda\",\"item\":\"https:\\\/\\\/galeriaseltriunfo.com\\\/dev2\\\/tienda\\\/\"},{\"@type\":\"ListItem\",\"position\":3,\"name\":\"Silla Tipo Eames Caf\u00e9\"}]},{\"@type\":\"WebSite\",\"@id\":\"https:\\\/\\\/galeriaseltriunfo.com\\\/dev2\\\/#website\",\"url\":\"https:\\\/\\\/galeriaseltriunfo.com\\\/dev2\\\/\",\"name\":\"Galer\u00edas el Triunfo\",\"description\":\"Galer\u00edas el Triunfo es una de las tiendas online m\u00e1s grandes de accesorios y art\u00edculos de decoraci\u00f3n para el hogar, el jard\u00edn y la oficina. \u00a1Compra ahora!\",\"publisher\":{\"@id\":\"https:\\\/\\\/galeriaseltriunfo.com\\\/dev2\\\/#organization\"},\"potentialAction\":[{\"@type\":\"SearchAction\",\"target\":{\"@type\":\"EntryPoint\",\"urlTemplate\":\"https:\\\/\\\/galeriaseltriunfo.com\\\/dev2\\\/?s={search_term_string}\"},\"query-input\":{\"@type\":\"PropertyValueSpecification\",\"valueRequired\":true,\"valueName\":\"search_term_string\"}}],\"inLanguage\":\"es\"},{\"@type\":\"Organization\",\"@id\":\"https:\\\/\\\/galeriaseltriunfo.com\\\/dev2\\\/#organization\",\"name\":\"Galer\u00edas el Triunfo\",\"url\":\"https:\\\/\\\/galeriaseltriunfo.com\\\/dev2\\\/\",\"logo\":{\"@type\":\"ImageObject\",\"inLanguage\":\"es\",\"@id\":\"https:\\\/\\\/galeriaseltriunfo.com\\\/dev2\\\/#\\\/schema\\\/logo\\\/image\\\/\",\"url\":\"https:\\\/\\\/galeriaseltriunfo.com\\\/wp-content\\\/uploads\\\/2023\\\/08\\\/logotipo-galerias-fondo-2x-min.webp\",\"contentUrl\":\"https:\\\/\\\/galeriaseltriunfo.com\\\/wp-content\\\/uploads\\\/2023\\\/08\\\/logotipo-galerias-fondo-2x-min.webp\",\"width\":184,\"height\":264,\"caption\":\"Galer\u00edas el Triunfo\"},\"image\":{\"@id\":\"https:\\\/\\\/galeriaseltriunfo.com\\\/dev2\\\/#\\\/schema\\\/logo\\\/image\\\/\"},\"sameAs\":[\"https:\\\/\\\/www.facebook.com\\\/galeriaseltriunfo\",\"https:\\\/\\\/x.com\\\/Gal_El_Triunfo\",\"https:\\\/\\\/www.pinterest.com\\\/GaleriaselTriunfo\",\"https:\\\/\\\/instagram.com\\\/galeriaseltriunfomx\",\"https:\\\/\\\/www.youtube.com\\\/channel\\\/UChIaW2ZBBS4Pg8pkw0HuE7g\",\"https:\\\/\\\/www.tiktok.com\\\/@galeriaseltriunfo\"]}]}<\/script>\n<!-- \/ Yoast SEO plugin. -->","yoast_head_json":{"title":"Silla Tipo Eames Caf\u00e9 - Galer\u00edas el Triunfo","description":"Sill\u00f3n de pl\u00e1stico caf\u00e9 con patas de madera. Aporta un toque elegante y de protecci\u00f3n, ideal para tu comedor. Una pieza \u00fanica para tu hogar.","robots":{"index":"index","follow":"follow","max-snippet":"max-snippet:-1","max-image-preview":"max-image-preview:large","max-video-preview":"max-video-preview:-1"},"canonical":"https:\/\/galeriaseltriunfo.com\/dev2\/producto\/silla-de-plastico-cafe\/","og_locale":"es_MX","og_type":"article","og_title":"Silla Tipo Eames Caf\u00e9 - Galer\u00edas el Triunfo","og_description":"Sill\u00f3n de pl\u00e1stico caf\u00e9 con patas de madera. Aporta un toque elegante y de protecci\u00f3n, ideal para tu comedor. Una pieza \u00fanica para tu hogar.","og_url":"https:\/\/galeriaseltriunfo.com\/dev2\/producto\/silla-de-plastico-cafe\/","og_site_name":"Galer\u00edas el Triunfo","article_publisher":"https:\/\/www.facebook.com\/galeriaseltriunfo","article_modified_time":"2026-03-27T12:39:52+00:00","og_image":[{"width":900,"height":900,"url":"https:\/\/galeriaseltriunfo.com\/dev2\/wp-content\/uploads\/2023\/08\/162072001042-Silla-de-plastico-cafe-galerias-el-triunfo.jpg","type":"image\/jpeg"}],"twitter_card":"summary_large_image","twitter_site":"@Gal_El_Triunfo","twitter_misc":{"Tiempo de lectura":"1 minuto"},"schema":{"@context":"https:\/\/schema.org","@graph":[{"@type":["WebPage","SearchResultsPage"],"@id":"https:\/\/galeriaseltriunfo.com\/dev2\/producto\/silla-de-plastico-cafe\/","url":"https:\/\/galeriaseltriunfo.com\/dev2\/producto\/silla-de-plastico-cafe\/","name":"Silla Tipo Eames Caf\u00e9 - Galer\u00edas el Triunfo","isPartOf":{"@id":"https:\/\/galeriaseltriunfo.com\/dev2\/#website"},"primaryImageOfPage":{"@id":"https:\/\/galeriaseltriunfo.com\/dev2\/producto\/silla-de-plastico-cafe\/#primaryimage"},"image":{"@id":"https:\/\/galeriaseltriunfo.com\/dev2\/producto\/silla-de-plastico-cafe\/#primaryimage"},"thumbnailUrl":"https:\/\/galeriaseltriunfo.com\/dev2\/wp-content\/uploads\/2023\/08\/162072001042-Silla-de-plastico-cafe-galerias-el-triunfo.jpg","datePublished":"2023-03-23T00:00:00+00:00","dateModified":"2026-03-27T12:39:52+00:00","description":"Sill\u00f3n de pl\u00e1stico caf\u00e9 con patas de madera. Aporta un toque elegante y de protecci\u00f3n, ideal para tu comedor. Una pieza \u00fanica para tu hogar.","breadcrumb":{"@id":"https:\/\/galeriaseltriunfo.com\/dev2\/producto\/silla-de-plastico-cafe\/#breadcrumb"},"inLanguage":"es","potentialAction":[{"@type":"ReadAction","target":["https:\/\/galeriaseltriunfo.com\/dev2\/producto\/silla-de-plastico-cafe\/"]}]},{"@type":"ImageObject","inLanguage":"es","@id":"https:\/\/galeriaseltriunfo.com\/dev2\/producto\/silla-de-plastico-cafe\/#primaryimage","url":"https:\/\/galeriaseltriunfo.com\/dev2\/wp-content\/uploads\/2023\/08\/162072001042-Silla-de-plastico-cafe-galerias-el-triunfo.jpg","contentUrl":"https:\/\/galeriaseltriunfo.com\/dev2\/wp-content\/uploads\/2023\/08\/162072001042-Silla-de-plastico-cafe-galerias-el-triunfo.jpg","width":900,"height":900,"caption":"Silla de pl\u00e1stico caf\u00e9 - Galer\u00edas el Triunfo - 162072001042"},{"@type":"BreadcrumbList","@id":"https:\/\/galeriaseltriunfo.com\/dev2\/producto\/silla-de-plastico-cafe\/#breadcrumb","itemListElement":[{"@type":"ListItem","position":1,"name":"Inicio","item":"https:\/\/galeriaseltriunfo.com\/dev2\/"},{"@type":"ListItem","position":2,"name":"Tienda","item":"https:\/\/galeriaseltriunfo.com\/dev2\/tienda\/"},{"@type":"ListItem","position":3,"name":"Silla Tipo Eames Caf\u00e9"}]},{"@type":"WebSite","@id":"https:\/\/galeriaseltriunfo.com\/dev2\/#website","url":"https:\/\/galeriaseltriunfo.com\/dev2\/","name":"Galer\u00edas el Triunfo","description":"Galer\u00edas el Triunfo es una de las tiendas online m\u00e1s grandes de accesorios y art\u00edculos de decoraci\u00f3n para el hogar, el jard\u00edn y la oficina. \u00a1Compra ahora!","publisher":{"@id":"https:\/\/galeriaseltriunfo.com\/dev2\/#organization"},"potentialAction":[{"@type":"SearchAction","target":{"@type":"EntryPoint","urlTemplate":"https:\/\/galeriaseltriunfo.com\/dev2\/?s={search_term_string}"},"query-input":{"@type":"PropertyValueSpecification","valueRequired":true,"valueName":"search_term_string"}}],"inLanguage":"es"},{"@type":"Organization","@id":"https:\/\/galeriaseltriunfo.com\/dev2\/#organization","name":"Galer\u00edas el Triunfo","url":"https:\/\/galeriaseltriunfo.com\/dev2\/","logo":{"@type":"ImageObject","inLanguage":"es","@id":"https:\/\/galeriaseltriunfo.com\/dev2\/#\/schema\/logo\/image\/","url":"https:\/\/galeriaseltriunfo.com\/wp-content\/uploads\/2023\/08\/logotipo-galerias-fondo-2x-min.webp","contentUrl":"https:\/\/galeriaseltriunfo.com\/wp-content\/uploads\/2023\/08\/logotipo-galerias-fondo-2x-min.webp","width":184,"height":264,"caption":"Galer\u00edas el Triunfo"},"image":{"@id":"https:\/\/galeriaseltriunfo.com\/dev2\/#\/schema\/logo\/image\/"},"sameAs":["https:\/\/www.facebook.com\/galeriaseltriunfo","https:\/\/x.com\/Gal_El_Triunfo","https:\/\/www.pinterest.com\/GaleriaselTriunfo","https:\/\/instagram.com\/galeriaseltriunfomx","https:\/\/www.youtube.com\/channel\/UChIaW2ZBBS4Pg8pkw0HuE7g","https:\/\/www.tiktok.com\/@galeriaseltriunfo"]}]}},"_links":{"self":[{"href":"https:\/\/galeriaseltriunfo.com\/dev2\/wp-json\/wp\/v2\/product\/178151","targetHints":{"allow":["GET"]}}],"collection":[{"href":"https:\/\/galeriaseltriunfo.com\/dev2\/wp-json\/wp\/v2\/product"}],"about":[{"href":"https:\/\/galeriaseltriunfo.com\/dev2\/wp-json\/wp\/v2\/types\/product"}],"wp:featuredmedia":[{"embeddable":true,"href":"https:\/\/galeriaseltriunfo.com\/dev2\/wp-json\/wp\/v2\/media\/178152"}],"wp:attachment":[{"href":"https:\/\/galeriaseltriunfo.com\/dev2\/wp-json\/wp\/v2\/media?parent=178151"}],"wp:term":[{"taxonomy":"product_brand","embeddable":true,"href":"https:\/\/galeriaseltriunfo.com\/dev2\/wp-json\/wp\/v2\/product_brand?post=178151"},{"taxonomy":"product_cat","embeddable":true,"href":"https:\/\/galeriaseltriunfo.com\/dev2\/wp-json\/wp\/v2\/product_cat?post=178151"},{"taxonomy":"product_tag","embeddable":true,"href":"https:\/\/galeriaseltriunfo.com\/dev2\/wp-json\/wp\/v2\/product_tag?post=178151"}],"curies":[{"name":"wp","href":"https:\/\/api.w.org\/{rel}","templated":true}]}}