{"id":180366,"date":"2022-12-26T00:00:00","date_gmt":"2022-12-26T00:00:00","guid":{"rendered":"http:\/\/44.201.11.212\/~galeriaseltriunf\/producto\/bowl-de-cristal-iridiscente\/"},"modified":"2026-03-17T14:36:38","modified_gmt":"2026-03-17T20:36:38","slug":"bowl-de-cristal-iridiscente","status":"publish","type":"product","link":"https:\/\/galeriaseltriunfo.com\/dev2\/producto\/bowl-de-cristal-iridiscente\/","title":{"rendered":"Bowl Iridiscente con Borde de Perlas"},"content":{"rendered":"<h3 data-path-to-node=\"6\"><b data-path-to-node=\"6\" data-index-in-node=\"0\">Destellos Boreales Y Detalle Cl\u00e1sico En Tu Mesa<\/b><\/h3>\n<p data-path-to-node=\"7\">El <b data-path-to-node=\"7\" data-index-in-node=\"3\">Bowl de cristal iridiscente<\/b> es la pieza maestra para quien busca una est\u00e9tica et\u00e9rea, un dise\u00f1o que juegue con la luz y una presencia m\u00e1gica en su servicio de mesa. Este objeto ofrece una <b data-path-to-node=\"7\" data-index-in-node=\"191\">sofisticaci\u00f3n v\u00edtrea<\/b> incomparable para servir ensaladas, postres o como un centro de mesa decorativo en <b data-path-to-node=\"7\" data-index-in-node=\"295\">tu espacio<\/b> de convivencia. Su sola presencia ayuda a elevar la luminosidad de tu vajilla de manera inmediata. Lo logra mediante su dise\u00f1o detallado de vidrio soplado con un acabado tornasolado que refleja m\u00faltiples colores seg\u00fan el \u00e1ngulo de visi\u00f3n, coronado por un borde de cuentas o perlas de vidrio en relieve que capturan la luz con destellos prism\u00e1ticos, lo que evoca la elegancia de la cristaler\u00eda contempor\u00e1nea en la categor\u00eda de <b data-path-to-node=\"7\" data-index-in-node=\"732\"><a target=\"_blank\" href=\"https:\/\/galeriaseltriunfo.com\/categoria\/liquidacion\/\" rel=\"noopener\" class=\"ng-star-inserted\" data-hveid=\"0\" data-ved=\"0CAAQ_4QMahgKEwjdoLfWq6eTAxUAAAAAHQAAAAAQ3hA\">Liquidaci\u00f3n<\/a><\/b>.<\/p>\n<p data-path-to-node=\"8\">Tambi\u00e9n transmite una sensaci\u00f3n de lujo on\u00edrico y vanguardia a trav\u00e9s de su transparencia iridiscente, que captura la esencia de la exclusividad al aportar un toque de autoridad decorativa a cualquier estancia. Su apariencia refinada invita al disfrute sensorial de los alimentos mientras cuentas con una pieza de alto impacto visual y equilibrio entre la forma semiesf\u00e9rica cl\u00e1sica y el detalle ornamental del ribete. Funciona perfectamente en cualquier circunstancia, actuando como el escenario ideal para resaltar texturas y colores vibrantes sobre un fondo art\u00edstico y funcional. De hecho, este elemento permite que tu zona de comedor resalte con mucha fuerza hoy mismo de forma imponente. Adem\u00e1s, la est\u00e9tica de este <b data-path-to-node=\"8\" data-index-in-node=\"722\">bowl de cristal iridiscente<\/b> simboliza la <b data-path-to-node=\"8\" data-index-in-node=\"763\">creatividad<\/b> y el \u00e9xito en la armonizaci\u00f3n de mesas con alma moderna.<\/p>\n<h3 data-path-to-node=\"9\"><b data-path-to-node=\"9\" data-index-in-node=\"0\">Beneficios Visuales Y Calidad Del Vidrio<\/b><\/h3>\n<p data-path-to-node=\"10\">En consecuencia, es la pieza ideal para quien valora la <b data-path-to-node=\"10\" data-index-in-node=\"56\">exclusividad<\/b> y el menaje de cristal con acabados especiales con un descuento excepcional. Al observar este bowl de efecto tornasol, se experimenta una sensaci\u00f3n de <b data-path-to-node=\"10\" data-index-in-node=\"220\">bienestar y asombro<\/b> por el \u00e9xito de su propuesta est\u00e9tica. Por lo tanto, usted sentir\u00e1 una atm\u00f3sfera de <b data-path-to-node=\"10\" data-index-in-node=\"324\">renovaci\u00f3n profesional<\/b> en su inventario de accesorios para el hogar. Integrar este elemento ofrece el beneficio de transformar una mesa simple en un escenario de <b data-path-to-node=\"10\" data-index-in-node=\"486\">lujo visual<\/b> deslumbrante. As\u00ed, usted lograr\u00e1 un toque de <b data-path-to-node=\"10\" data-index-in-node=\"543\">vanguardia ejecutiva<\/b> con mucha facilidad.<\/p>\n<h3 data-path-to-node=\"11\"><b data-path-to-node=\"11\" data-index-in-node=\"0\">Gu\u00eda De Uso Y Cuidado Premium<\/b><\/h3>\n<p data-path-to-node=\"12\">Respecto a su uso, combine el bowl con manteler\u00eda de tonos claros o superficies de espejo para que el efecto iridiscente y el relieve de perlas sean los protagonistas absolutos con total confianza. Primero, limpie la superficie peri\u00f3dicamente utilizando pa\u00f1os de microfibra y agua tibia para mantener el brillo tornasolado sin afectar el dise\u00f1o del borde de este <b data-path-to-node=\"12\" data-index-in-node=\"363\">bowl de cristal iridiscente<\/b>. Se recomienda evitar el uso de lavavajillas agresivos para preservar el recubrimiento prism\u00e1tico y la integridad del vidrio a largo plazo. As\u00ed garantizar\u00e1 una <b data-path-to-node=\"12\" data-index-in-node=\"551\">calidad excepcional<\/b> en la categor\u00eda de <b data-path-to-node=\"12\" data-index-in-node=\"590\"><a target=\"_blank\" href=\"https:\/\/galeriaseltriunfo.com\/categoria\/liquidacion\/\" rel=\"noopener\" class=\"ng-star-inserted\" data-hveid=\"0\" data-ved=\"0CAAQ_4QMahgKEwjdoLfWq6eTAxUAAAAAHQAAAAAQ3xA\">Liquidaci\u00f3n<\/a><\/b> que representa la excelencia de nuestra tienda.<\/p>\n","protected":false},"excerpt":{"rendered":"<p>Bowl de cristal iridiscente con bolitas en la orilla de 16.3&#215;16.3&#215;8.5cm<\/p>\n","protected":false},"featured_media":180367,"template":"","meta":[],"product_brand":[],"product_cat":[1129],"product_tag":[10972,12946,7038,11191,9917,12754,1013,590,12955],"class_list":{"0":"post-180366","1":"product","2":"type-product","3":"status-publish","4":"has-post-thumbnail","6":"product_cat-liquidacion","7":"product_tag-accesorios-de-mesa","8":"product_tag-bowl-de-cristal","9":"product_tag-centro-de-mesa","10":"product_tag-cristaleria-de-lujo","11":"product_tag-galerias-el-triunfo","12":"product_tag-hot-sale","13":"product_tag-liquidacion","14":"product_tag-tazones","15":"product_tag-vidrio-iridiscente","17":"first","18":"instock","19":"sale","20":"purchasable","21":"product-type-simple"},"yoast_head":"<!-- This site is optimized with the Yoast SEO plugin v27.4 - https:\/\/yoast.com\/product\/yoast-seo-wordpress\/ -->\n<title>Bowl Iridiscente con Borde de Perlas | Galer\u00edas El Triunfo<\/title>\n<meta name=\"description\" content=\"Eleva tu mesa con el exclusivo bowl de cristal iridiscente. Dise\u00f1o con acabado tornasol y borde de perlas en liquidaci\u00f3n para un hogar moderno.\" \/>\n<meta name=\"robots\" content=\"index, follow, max-snippet:-1, max-image-preview:large, max-video-preview:-1\" \/>\n<link rel=\"canonical\" href=\"https:\/\/galeriaseltriunfo.com\/dev2\/producto\/bowl-de-cristal-iridiscente\/\" \/>\n<meta property=\"og:locale\" content=\"es_MX\" \/>\n<meta property=\"og:type\" content=\"article\" \/>\n<meta property=\"og:title\" content=\"Bowl Iridiscente con Borde de Perlas | Galer\u00edas El Triunfo\" \/>\n<meta property=\"og:description\" content=\"Eleva tu mesa con el exclusivo bowl de cristal iridiscente. Dise\u00f1o con acabado tornasol y borde de perlas en liquidaci\u00f3n para un hogar moderno.\" \/>\n<meta property=\"og:url\" content=\"https:\/\/galeriaseltriunfo.com\/dev2\/producto\/bowl-de-cristal-iridiscente\/\" \/>\n<meta property=\"og:site_name\" content=\"Galer\u00edas el Triunfo\" \/>\n<meta property=\"article:publisher\" content=\"https:\/\/www.facebook.com\/galeriaseltriunfo\" \/>\n<meta property=\"article:modified_time\" content=\"2026-03-17T20:36:38+00:00\" \/>\n<meta property=\"og:image\" content=\"https:\/\/galeriaseltriunfo.com\/dev2\/wp-content\/uploads\/2023\/08\/120072447081-Bowl-de-cristal-iridiscente-galerias-el-triunfo.jpg\" \/>\n\t<meta property=\"og:image:width\" content=\"300\" \/>\n\t<meta property=\"og:image:height\" content=\"300\" \/>\n\t<meta property=\"og:image:type\" content=\"image\/jpeg\" \/>\n<meta name=\"twitter:card\" content=\"summary_large_image\" \/>\n<meta name=\"twitter:site\" content=\"@Gal_El_Triunfo\" \/>\n<meta name=\"twitter:label1\" content=\"Tiempo de lectura\" \/>\n\t<meta name=\"twitter:data1\" content=\"3 minutos\" \/>\n<script type=\"application\/ld+json\" class=\"yoast-schema-graph\">{\"@context\":\"https:\\\/\\\/schema.org\",\"@graph\":[{\"@type\":[\"WebPage\",\"SearchResultsPage\"],\"@id\":\"https:\\\/\\\/galeriaseltriunfo.com\\\/dev2\\\/producto\\\/bowl-de-cristal-iridiscente\\\/\",\"url\":\"https:\\\/\\\/galeriaseltriunfo.com\\\/dev2\\\/producto\\\/bowl-de-cristal-iridiscente\\\/\",\"name\":\"Bowl Iridiscente con Borde de Perlas | Galer\u00edas El Triunfo\",\"isPartOf\":{\"@id\":\"https:\\\/\\\/galeriaseltriunfo.com\\\/dev2\\\/#website\"},\"primaryImageOfPage\":{\"@id\":\"https:\\\/\\\/galeriaseltriunfo.com\\\/dev2\\\/producto\\\/bowl-de-cristal-iridiscente\\\/#primaryimage\"},\"image\":{\"@id\":\"https:\\\/\\\/galeriaseltriunfo.com\\\/dev2\\\/producto\\\/bowl-de-cristal-iridiscente\\\/#primaryimage\"},\"thumbnailUrl\":\"https:\\\/\\\/galeriaseltriunfo.com\\\/dev2\\\/wp-content\\\/uploads\\\/2023\\\/08\\\/120072447081-Bowl-de-cristal-iridiscente-galerias-el-triunfo.jpg\",\"datePublished\":\"2022-12-26T00:00:00+00:00\",\"dateModified\":\"2026-03-17T20:36:38+00:00\",\"description\":\"Eleva tu mesa con el exclusivo bowl de cristal iridiscente. Dise\u00f1o con acabado tornasol y borde de perlas en liquidaci\u00f3n para un hogar moderno.\",\"breadcrumb\":{\"@id\":\"https:\\\/\\\/galeriaseltriunfo.com\\\/dev2\\\/producto\\\/bowl-de-cristal-iridiscente\\\/#breadcrumb\"},\"inLanguage\":\"es\",\"potentialAction\":[{\"@type\":\"ReadAction\",\"target\":[\"https:\\\/\\\/galeriaseltriunfo.com\\\/dev2\\\/producto\\\/bowl-de-cristal-iridiscente\\\/\"]}]},{\"@type\":\"ImageObject\",\"inLanguage\":\"es\",\"@id\":\"https:\\\/\\\/galeriaseltriunfo.com\\\/dev2\\\/producto\\\/bowl-de-cristal-iridiscente\\\/#primaryimage\",\"url\":\"https:\\\/\\\/galeriaseltriunfo.com\\\/dev2\\\/wp-content\\\/uploads\\\/2023\\\/08\\\/120072447081-Bowl-de-cristal-iridiscente-galerias-el-triunfo.jpg\",\"contentUrl\":\"https:\\\/\\\/galeriaseltriunfo.com\\\/dev2\\\/wp-content\\\/uploads\\\/2023\\\/08\\\/120072447081-Bowl-de-cristal-iridiscente-galerias-el-triunfo.jpg\",\"width\":300,\"height\":300,\"caption\":\"Bowl de cristal iridiscente - Galer\u00edas el Triunfo - 120072447081\"},{\"@type\":\"BreadcrumbList\",\"@id\":\"https:\\\/\\\/galeriaseltriunfo.com\\\/dev2\\\/producto\\\/bowl-de-cristal-iridiscente\\\/#breadcrumb\",\"itemListElement\":[{\"@type\":\"ListItem\",\"position\":1,\"name\":\"Inicio\",\"item\":\"https:\\\/\\\/galeriaseltriunfo.com\\\/dev2\\\/\"},{\"@type\":\"ListItem\",\"position\":2,\"name\":\"Tienda\",\"item\":\"https:\\\/\\\/galeriaseltriunfo.com\\\/dev2\\\/tienda\\\/\"},{\"@type\":\"ListItem\",\"position\":3,\"name\":\"Bowl Iridiscente con Borde de Perlas\"}]},{\"@type\":\"WebSite\",\"@id\":\"https:\\\/\\\/galeriaseltriunfo.com\\\/dev2\\\/#website\",\"url\":\"https:\\\/\\\/galeriaseltriunfo.com\\\/dev2\\\/\",\"name\":\"Galer\u00edas el Triunfo\",\"description\":\"Galer\u00edas el Triunfo es una de las tiendas online m\u00e1s grandes de accesorios y art\u00edculos de decoraci\u00f3n para el hogar, el jard\u00edn y la oficina. \u00a1Compra ahora!\",\"publisher\":{\"@id\":\"https:\\\/\\\/galeriaseltriunfo.com\\\/dev2\\\/#organization\"},\"potentialAction\":[{\"@type\":\"SearchAction\",\"target\":{\"@type\":\"EntryPoint\",\"urlTemplate\":\"https:\\\/\\\/galeriaseltriunfo.com\\\/dev2\\\/?s={search_term_string}\"},\"query-input\":{\"@type\":\"PropertyValueSpecification\",\"valueRequired\":true,\"valueName\":\"search_term_string\"}}],\"inLanguage\":\"es\"},{\"@type\":\"Organization\",\"@id\":\"https:\\\/\\\/galeriaseltriunfo.com\\\/dev2\\\/#organization\",\"name\":\"Galer\u00edas el Triunfo\",\"url\":\"https:\\\/\\\/galeriaseltriunfo.com\\\/dev2\\\/\",\"logo\":{\"@type\":\"ImageObject\",\"inLanguage\":\"es\",\"@id\":\"https:\\\/\\\/galeriaseltriunfo.com\\\/dev2\\\/#\\\/schema\\\/logo\\\/image\\\/\",\"url\":\"https:\\\/\\\/galeriaseltriunfo.com\\\/wp-content\\\/uploads\\\/2023\\\/08\\\/logotipo-galerias-fondo-2x-min.webp\",\"contentUrl\":\"https:\\\/\\\/galeriaseltriunfo.com\\\/wp-content\\\/uploads\\\/2023\\\/08\\\/logotipo-galerias-fondo-2x-min.webp\",\"width\":184,\"height\":264,\"caption\":\"Galer\u00edas el Triunfo\"},\"image\":{\"@id\":\"https:\\\/\\\/galeriaseltriunfo.com\\\/dev2\\\/#\\\/schema\\\/logo\\\/image\\\/\"},\"sameAs\":[\"https:\\\/\\\/www.facebook.com\\\/galeriaseltriunfo\",\"https:\\\/\\\/x.com\\\/Gal_El_Triunfo\",\"https:\\\/\\\/www.pinterest.com\\\/GaleriaselTriunfo\",\"https:\\\/\\\/instagram.com\\\/galeriaseltriunfomx\",\"https:\\\/\\\/www.youtube.com\\\/channel\\\/UChIaW2ZBBS4Pg8pkw0HuE7g\",\"https:\\\/\\\/www.tiktok.com\\\/@galeriaseltriunfo\"]}]}<\/script>\n<!-- \/ Yoast SEO plugin. -->","yoast_head_json":{"title":"Bowl Iridiscente con Borde de Perlas | Galer\u00edas El Triunfo","description":"Eleva tu mesa con el exclusivo bowl de cristal iridiscente. Dise\u00f1o con acabado tornasol y borde de perlas en liquidaci\u00f3n para un hogar moderno.","robots":{"index":"index","follow":"follow","max-snippet":"max-snippet:-1","max-image-preview":"max-image-preview:large","max-video-preview":"max-video-preview:-1"},"canonical":"https:\/\/galeriaseltriunfo.com\/dev2\/producto\/bowl-de-cristal-iridiscente\/","og_locale":"es_MX","og_type":"article","og_title":"Bowl Iridiscente con Borde de Perlas | Galer\u00edas El Triunfo","og_description":"Eleva tu mesa con el exclusivo bowl de cristal iridiscente. Dise\u00f1o con acabado tornasol y borde de perlas en liquidaci\u00f3n para un hogar moderno.","og_url":"https:\/\/galeriaseltriunfo.com\/dev2\/producto\/bowl-de-cristal-iridiscente\/","og_site_name":"Galer\u00edas el Triunfo","article_publisher":"https:\/\/www.facebook.com\/galeriaseltriunfo","article_modified_time":"2026-03-17T20:36:38+00:00","og_image":[{"width":300,"height":300,"url":"https:\/\/galeriaseltriunfo.com\/dev2\/wp-content\/uploads\/2023\/08\/120072447081-Bowl-de-cristal-iridiscente-galerias-el-triunfo.jpg","type":"image\/jpeg"}],"twitter_card":"summary_large_image","twitter_site":"@Gal_El_Triunfo","twitter_misc":{"Tiempo de lectura":"3 minutos"},"schema":{"@context":"https:\/\/schema.org","@graph":[{"@type":["WebPage","SearchResultsPage"],"@id":"https:\/\/galeriaseltriunfo.com\/dev2\/producto\/bowl-de-cristal-iridiscente\/","url":"https:\/\/galeriaseltriunfo.com\/dev2\/producto\/bowl-de-cristal-iridiscente\/","name":"Bowl Iridiscente con Borde de Perlas | Galer\u00edas El Triunfo","isPartOf":{"@id":"https:\/\/galeriaseltriunfo.com\/dev2\/#website"},"primaryImageOfPage":{"@id":"https:\/\/galeriaseltriunfo.com\/dev2\/producto\/bowl-de-cristal-iridiscente\/#primaryimage"},"image":{"@id":"https:\/\/galeriaseltriunfo.com\/dev2\/producto\/bowl-de-cristal-iridiscente\/#primaryimage"},"thumbnailUrl":"https:\/\/galeriaseltriunfo.com\/dev2\/wp-content\/uploads\/2023\/08\/120072447081-Bowl-de-cristal-iridiscente-galerias-el-triunfo.jpg","datePublished":"2022-12-26T00:00:00+00:00","dateModified":"2026-03-17T20:36:38+00:00","description":"Eleva tu mesa con el exclusivo bowl de cristal iridiscente. Dise\u00f1o con acabado tornasol y borde de perlas en liquidaci\u00f3n para un hogar moderno.","breadcrumb":{"@id":"https:\/\/galeriaseltriunfo.com\/dev2\/producto\/bowl-de-cristal-iridiscente\/#breadcrumb"},"inLanguage":"es","potentialAction":[{"@type":"ReadAction","target":["https:\/\/galeriaseltriunfo.com\/dev2\/producto\/bowl-de-cristal-iridiscente\/"]}]},{"@type":"ImageObject","inLanguage":"es","@id":"https:\/\/galeriaseltriunfo.com\/dev2\/producto\/bowl-de-cristal-iridiscente\/#primaryimage","url":"https:\/\/galeriaseltriunfo.com\/dev2\/wp-content\/uploads\/2023\/08\/120072447081-Bowl-de-cristal-iridiscente-galerias-el-triunfo.jpg","contentUrl":"https:\/\/galeriaseltriunfo.com\/dev2\/wp-content\/uploads\/2023\/08\/120072447081-Bowl-de-cristal-iridiscente-galerias-el-triunfo.jpg","width":300,"height":300,"caption":"Bowl de cristal iridiscente - Galer\u00edas el Triunfo - 120072447081"},{"@type":"BreadcrumbList","@id":"https:\/\/galeriaseltriunfo.com\/dev2\/producto\/bowl-de-cristal-iridiscente\/#breadcrumb","itemListElement":[{"@type":"ListItem","position":1,"name":"Inicio","item":"https:\/\/galeriaseltriunfo.com\/dev2\/"},{"@type":"ListItem","position":2,"name":"Tienda","item":"https:\/\/galeriaseltriunfo.com\/dev2\/tienda\/"},{"@type":"ListItem","position":3,"name":"Bowl Iridiscente con Borde de Perlas"}]},{"@type":"WebSite","@id":"https:\/\/galeriaseltriunfo.com\/dev2\/#website","url":"https:\/\/galeriaseltriunfo.com\/dev2\/","name":"Galer\u00edas el Triunfo","description":"Galer\u00edas el Triunfo es una de las tiendas online m\u00e1s grandes de accesorios y art\u00edculos de decoraci\u00f3n para el hogar, el jard\u00edn y la oficina. \u00a1Compra ahora!","publisher":{"@id":"https:\/\/galeriaseltriunfo.com\/dev2\/#organization"},"potentialAction":[{"@type":"SearchAction","target":{"@type":"EntryPoint","urlTemplate":"https:\/\/galeriaseltriunfo.com\/dev2\/?s={search_term_string}"},"query-input":{"@type":"PropertyValueSpecification","valueRequired":true,"valueName":"search_term_string"}}],"inLanguage":"es"},{"@type":"Organization","@id":"https:\/\/galeriaseltriunfo.com\/dev2\/#organization","name":"Galer\u00edas el Triunfo","url":"https:\/\/galeriaseltriunfo.com\/dev2\/","logo":{"@type":"ImageObject","inLanguage":"es","@id":"https:\/\/galeriaseltriunfo.com\/dev2\/#\/schema\/logo\/image\/","url":"https:\/\/galeriaseltriunfo.com\/wp-content\/uploads\/2023\/08\/logotipo-galerias-fondo-2x-min.webp","contentUrl":"https:\/\/galeriaseltriunfo.com\/wp-content\/uploads\/2023\/08\/logotipo-galerias-fondo-2x-min.webp","width":184,"height":264,"caption":"Galer\u00edas el Triunfo"},"image":{"@id":"https:\/\/galeriaseltriunfo.com\/dev2\/#\/schema\/logo\/image\/"},"sameAs":["https:\/\/www.facebook.com\/galeriaseltriunfo","https:\/\/x.com\/Gal_El_Triunfo","https:\/\/www.pinterest.com\/GaleriaselTriunfo","https:\/\/instagram.com\/galeriaseltriunfomx","https:\/\/www.youtube.com\/channel\/UChIaW2ZBBS4Pg8pkw0HuE7g","https:\/\/www.tiktok.com\/@galeriaseltriunfo"]}]}},"_links":{"self":[{"href":"https:\/\/galeriaseltriunfo.com\/dev2\/wp-json\/wp\/v2\/product\/180366","targetHints":{"allow":["GET"]}}],"collection":[{"href":"https:\/\/galeriaseltriunfo.com\/dev2\/wp-json\/wp\/v2\/product"}],"about":[{"href":"https:\/\/galeriaseltriunfo.com\/dev2\/wp-json\/wp\/v2\/types\/product"}],"wp:featuredmedia":[{"embeddable":true,"href":"https:\/\/galeriaseltriunfo.com\/dev2\/wp-json\/wp\/v2\/media\/180367"}],"wp:attachment":[{"href":"https:\/\/galeriaseltriunfo.com\/dev2\/wp-json\/wp\/v2\/media?parent=180366"}],"wp:term":[{"taxonomy":"product_brand","embeddable":true,"href":"https:\/\/galeriaseltriunfo.com\/dev2\/wp-json\/wp\/v2\/product_brand?post=180366"},{"taxonomy":"product_cat","embeddable":true,"href":"https:\/\/galeriaseltriunfo.com\/dev2\/wp-json\/wp\/v2\/product_cat?post=180366"},{"taxonomy":"product_tag","embeddable":true,"href":"https:\/\/galeriaseltriunfo.com\/dev2\/wp-json\/wp\/v2\/product_tag?post=180366"}],"curies":[{"name":"wp","href":"https:\/\/api.w.org\/{rel}","templated":true}]}}