{"id":399394,"date":"2025-03-12T00:00:00","date_gmt":"2025-03-12T06:00:00","guid":{"rendered":"https:\/\/galeriaseltriunfo.com\/producto\/bouquet-de-rosas-moradas-con-perlas-3\/"},"modified":"2026-03-27T10:28:28","modified_gmt":"2026-03-27T16:28:28","slug":"bouquet-de-rosas-moradas-con-perlas-3","status":"publish","type":"product","link":"https:\/\/galeriaseltriunfo.com\/dev2\/producto\/bouquet-de-rosas-moradas-con-perlas-3\/","title":{"rendered":"Bouquet Lila con Flores de Seda"},"content":{"rendered":"<p>Envuelve un gesto de amor y delicadeza en un regalo que perdura. El Bouquet Rosas Lila de Perlas es la forma perfecta de celebrar un sentimiento. Este delicado arreglo floral, con sus rosas artificiales de un suave color lila, se embellece con un toque de perlas decorativas que a\u00f1aden una elegancia atemporal. Presentado con un empaque de papel y un lazo con el mensaje &#8216;LOVE IS ETERNAL&#8217;, cada detalle ha sido dise\u00f1ado para crear un regalo inolvidable. Es ideal para aniversarios, cumplea\u00f1os o simplemente para sorprender a esa persona especial.<\/p>\n","protected":false},"excerpt":{"rendered":"<p>Envuelve un gesto de amor y delicadeza en un regalo  [&#8230;]<\/p>\n","protected":false},"featured_media":399396,"template":"","meta":[],"product_brand":[],"product_cat":[457],"product_tag":[9962,9960,9977,9954,9979,9951,9981,9980,1149,9982,9917,7972,9959,4633,9978,8341],"class_list":{"0":"post-399394","1":"product","2":"type-product","3":"status-publish","4":"has-post-thumbnail","6":"product_cat-regalos","7":"product_tag-aniversario","8":"product_tag-bouquet","9":"product_tag-bouquet-lila-con-flores-de-seda-y-asa-de-perlas","10":"product_tag-detalle-con-significado","11":"product_tag-detalles-de-perlas","12":"product_tag-dia-del-amor-y-la-amistad","13":"product_tag-elegancia-eterna","14":"product_tag-estilo-coquette","15":"product_tag-flores","16":"product_tag-flores-de-seda-premium","17":"product_tag-galerias-el-triunfo","18":"product_tag-pasion","19":"product_tag-regalo-para-ella","20":"product_tag-romantico","21":"product_tag-rosas-lavanda","22":"product_tag-san-valentin","24":"first","25":"instock","26":"sale","27":"purchasable","28":"product-type-simple"},"yoast_head":"<!-- This site is optimized with the Yoast SEO plugin v27.4 - https:\/\/yoast.com\/product\/yoast-seo-wordpress\/ -->\n<title>Bouquet Lila con Flores de Seda - Galer\u00edas el Triunfo<\/title>\n<meta name=\"description\" content=\"Bouquet de rosas moradas con perlas decorativas. Un regalo rom\u00e1ntico y elegante con un toque de lujo. Ideal para sorprender en cualquier ocasi\u00f3n especial.\" \/>\n<meta name=\"robots\" content=\"index, follow, max-snippet:-1, max-image-preview:large, max-video-preview:-1\" \/>\n<link rel=\"canonical\" href=\"https:\/\/galeriaseltriunfo.com\/dev2\/producto\/bouquet-de-rosas-moradas-con-perlas-3\/\" \/>\n<meta property=\"og:locale\" content=\"es_MX\" \/>\n<meta property=\"og:type\" content=\"article\" \/>\n<meta property=\"og:title\" content=\"Bouquet Lila con Flores de Seda - Galer\u00edas el Triunfo\" \/>\n<meta property=\"og:description\" content=\"Bouquet de rosas moradas con perlas decorativas. Un regalo rom\u00e1ntico y elegante con un toque de lujo. Ideal para sorprender en cualquier ocasi\u00f3n especial.\" \/>\n<meta property=\"og:url\" content=\"https:\/\/galeriaseltriunfo.com\/dev2\/producto\/bouquet-de-rosas-moradas-con-perlas-3\/\" \/>\n<meta property=\"og:site_name\" content=\"Galer\u00edas el Triunfo\" \/>\n<meta property=\"article:publisher\" content=\"https:\/\/www.facebook.com\/galeriaseltriunfo\" \/>\n<meta property=\"article:modified_time\" content=\"2026-03-27T16:28:28+00:00\" \/>\n<meta property=\"og:image\" content=\"https:\/\/galeriaseltriunfo.com\/dev2\/wp-content\/uploads\/2025\/03\/302001736188.webp\" \/>\n\t<meta property=\"og:image:width\" content=\"940\" \/>\n\t<meta property=\"og:image:height\" content=\"1215\" \/>\n\t<meta property=\"og:image:type\" content=\"image\/jpeg\" \/>\n<meta name=\"twitter:card\" content=\"summary_large_image\" \/>\n<meta name=\"twitter:site\" content=\"@Gal_El_Triunfo\" \/>\n<meta name=\"twitter:label1\" content=\"Tiempo de lectura\" \/>\n\t<meta name=\"twitter:data1\" content=\"1 minuto\" \/>\n<script type=\"application\/ld+json\" class=\"yoast-schema-graph\">{\"@context\":\"https:\\\/\\\/schema.org\",\"@graph\":[{\"@type\":[\"WebPage\",\"SearchResultsPage\"],\"@id\":\"https:\\\/\\\/galeriaseltriunfo.com\\\/dev2\\\/producto\\\/bouquet-de-rosas-moradas-con-perlas-3\\\/\",\"url\":\"https:\\\/\\\/galeriaseltriunfo.com\\\/dev2\\\/producto\\\/bouquet-de-rosas-moradas-con-perlas-3\\\/\",\"name\":\"Bouquet Lila con Flores de Seda - Galer\u00edas el Triunfo\",\"isPartOf\":{\"@id\":\"https:\\\/\\\/galeriaseltriunfo.com\\\/dev2\\\/#website\"},\"primaryImageOfPage\":{\"@id\":\"https:\\\/\\\/galeriaseltriunfo.com\\\/dev2\\\/producto\\\/bouquet-de-rosas-moradas-con-perlas-3\\\/#primaryimage\"},\"image\":{\"@id\":\"https:\\\/\\\/galeriaseltriunfo.com\\\/dev2\\\/producto\\\/bouquet-de-rosas-moradas-con-perlas-3\\\/#primaryimage\"},\"thumbnailUrl\":\"https:\\\/\\\/galeriaseltriunfo.com\\\/dev2\\\/wp-content\\\/uploads\\\/2025\\\/03\\\/302001736188.webp\",\"datePublished\":\"2025-03-12T06:00:00+00:00\",\"dateModified\":\"2026-03-27T16:28:28+00:00\",\"description\":\"Bouquet de rosas moradas con perlas decorativas. Un regalo rom\u00e1ntico y elegante con un toque de lujo. Ideal para sorprender en cualquier ocasi\u00f3n especial.\",\"breadcrumb\":{\"@id\":\"https:\\\/\\\/galeriaseltriunfo.com\\\/dev2\\\/producto\\\/bouquet-de-rosas-moradas-con-perlas-3\\\/#breadcrumb\"},\"inLanguage\":\"es\",\"potentialAction\":[{\"@type\":\"ReadAction\",\"target\":[\"https:\\\/\\\/galeriaseltriunfo.com\\\/dev2\\\/producto\\\/bouquet-de-rosas-moradas-con-perlas-3\\\/\"]}]},{\"@type\":\"ImageObject\",\"inLanguage\":\"es\",\"@id\":\"https:\\\/\\\/galeriaseltriunfo.com\\\/dev2\\\/producto\\\/bouquet-de-rosas-moradas-con-perlas-3\\\/#primaryimage\",\"url\":\"https:\\\/\\\/galeriaseltriunfo.com\\\/dev2\\\/wp-content\\\/uploads\\\/2025\\\/03\\\/302001736188.webp\",\"contentUrl\":\"https:\\\/\\\/galeriaseltriunfo.com\\\/dev2\\\/wp-content\\\/uploads\\\/2025\\\/03\\\/302001736188.webp\",\"width\":940,\"height\":1215,\"caption\":\"302001736188-galerias el triunfo\"},{\"@type\":\"BreadcrumbList\",\"@id\":\"https:\\\/\\\/galeriaseltriunfo.com\\\/dev2\\\/producto\\\/bouquet-de-rosas-moradas-con-perlas-3\\\/#breadcrumb\",\"itemListElement\":[{\"@type\":\"ListItem\",\"position\":1,\"name\":\"Inicio\",\"item\":\"https:\\\/\\\/galeriaseltriunfo.com\\\/dev2\\\/\"},{\"@type\":\"ListItem\",\"position\":2,\"name\":\"Tienda\",\"item\":\"https:\\\/\\\/galeriaseltriunfo.com\\\/dev2\\\/tienda\\\/\"},{\"@type\":\"ListItem\",\"position\":3,\"name\":\"Bouquet Lila con Flores de Seda\"}]},{\"@type\":\"WebSite\",\"@id\":\"https:\\\/\\\/galeriaseltriunfo.com\\\/dev2\\\/#website\",\"url\":\"https:\\\/\\\/galeriaseltriunfo.com\\\/dev2\\\/\",\"name\":\"Galer\u00edas el Triunfo\",\"description\":\"Galer\u00edas el Triunfo es una de las tiendas online m\u00e1s grandes de accesorios y art\u00edculos de decoraci\u00f3n para el hogar, el jard\u00edn y la oficina. \u00a1Compra ahora!\",\"publisher\":{\"@id\":\"https:\\\/\\\/galeriaseltriunfo.com\\\/dev2\\\/#organization\"},\"potentialAction\":[{\"@type\":\"SearchAction\",\"target\":{\"@type\":\"EntryPoint\",\"urlTemplate\":\"https:\\\/\\\/galeriaseltriunfo.com\\\/dev2\\\/?s={search_term_string}\"},\"query-input\":{\"@type\":\"PropertyValueSpecification\",\"valueRequired\":true,\"valueName\":\"search_term_string\"}}],\"inLanguage\":\"es\"},{\"@type\":\"Organization\",\"@id\":\"https:\\\/\\\/galeriaseltriunfo.com\\\/dev2\\\/#organization\",\"name\":\"Galer\u00edas el Triunfo\",\"url\":\"https:\\\/\\\/galeriaseltriunfo.com\\\/dev2\\\/\",\"logo\":{\"@type\":\"ImageObject\",\"inLanguage\":\"es\",\"@id\":\"https:\\\/\\\/galeriaseltriunfo.com\\\/dev2\\\/#\\\/schema\\\/logo\\\/image\\\/\",\"url\":\"https:\\\/\\\/galeriaseltriunfo.com\\\/wp-content\\\/uploads\\\/2023\\\/08\\\/logotipo-galerias-fondo-2x-min.webp\",\"contentUrl\":\"https:\\\/\\\/galeriaseltriunfo.com\\\/wp-content\\\/uploads\\\/2023\\\/08\\\/logotipo-galerias-fondo-2x-min.webp\",\"width\":184,\"height\":264,\"caption\":\"Galer\u00edas el Triunfo\"},\"image\":{\"@id\":\"https:\\\/\\\/galeriaseltriunfo.com\\\/dev2\\\/#\\\/schema\\\/logo\\\/image\\\/\"},\"sameAs\":[\"https:\\\/\\\/www.facebook.com\\\/galeriaseltriunfo\",\"https:\\\/\\\/x.com\\\/Gal_El_Triunfo\",\"https:\\\/\\\/www.pinterest.com\\\/GaleriaselTriunfo\",\"https:\\\/\\\/instagram.com\\\/galeriaseltriunfomx\",\"https:\\\/\\\/www.youtube.com\\\/channel\\\/UChIaW2ZBBS4Pg8pkw0HuE7g\",\"https:\\\/\\\/www.tiktok.com\\\/@galeriaseltriunfo\"]}]}<\/script>\n<!-- \/ Yoast SEO plugin. -->","yoast_head_json":{"title":"Bouquet Lila con Flores de Seda - Galer\u00edas el Triunfo","description":"Bouquet de rosas moradas con perlas decorativas. Un regalo rom\u00e1ntico y elegante con un toque de lujo. Ideal para sorprender en cualquier ocasi\u00f3n especial.","robots":{"index":"index","follow":"follow","max-snippet":"max-snippet:-1","max-image-preview":"max-image-preview:large","max-video-preview":"max-video-preview:-1"},"canonical":"https:\/\/galeriaseltriunfo.com\/dev2\/producto\/bouquet-de-rosas-moradas-con-perlas-3\/","og_locale":"es_MX","og_type":"article","og_title":"Bouquet Lila con Flores de Seda - Galer\u00edas el Triunfo","og_description":"Bouquet de rosas moradas con perlas decorativas. Un regalo rom\u00e1ntico y elegante con un toque de lujo. Ideal para sorprender en cualquier ocasi\u00f3n especial.","og_url":"https:\/\/galeriaseltriunfo.com\/dev2\/producto\/bouquet-de-rosas-moradas-con-perlas-3\/","og_site_name":"Galer\u00edas el Triunfo","article_publisher":"https:\/\/www.facebook.com\/galeriaseltriunfo","article_modified_time":"2026-03-27T16:28:28+00:00","og_image":[{"width":940,"height":1215,"url":"https:\/\/galeriaseltriunfo.com\/dev2\/wp-content\/uploads\/2025\/03\/302001736188.webp","type":"image\/jpeg"}],"twitter_card":"summary_large_image","twitter_site":"@Gal_El_Triunfo","twitter_misc":{"Tiempo de lectura":"1 minuto"},"schema":{"@context":"https:\/\/schema.org","@graph":[{"@type":["WebPage","SearchResultsPage"],"@id":"https:\/\/galeriaseltriunfo.com\/dev2\/producto\/bouquet-de-rosas-moradas-con-perlas-3\/","url":"https:\/\/galeriaseltriunfo.com\/dev2\/producto\/bouquet-de-rosas-moradas-con-perlas-3\/","name":"Bouquet Lila con Flores de Seda - Galer\u00edas el Triunfo","isPartOf":{"@id":"https:\/\/galeriaseltriunfo.com\/dev2\/#website"},"primaryImageOfPage":{"@id":"https:\/\/galeriaseltriunfo.com\/dev2\/producto\/bouquet-de-rosas-moradas-con-perlas-3\/#primaryimage"},"image":{"@id":"https:\/\/galeriaseltriunfo.com\/dev2\/producto\/bouquet-de-rosas-moradas-con-perlas-3\/#primaryimage"},"thumbnailUrl":"https:\/\/galeriaseltriunfo.com\/dev2\/wp-content\/uploads\/2025\/03\/302001736188.webp","datePublished":"2025-03-12T06:00:00+00:00","dateModified":"2026-03-27T16:28:28+00:00","description":"Bouquet de rosas moradas con perlas decorativas. Un regalo rom\u00e1ntico y elegante con un toque de lujo. Ideal para sorprender en cualquier ocasi\u00f3n especial.","breadcrumb":{"@id":"https:\/\/galeriaseltriunfo.com\/dev2\/producto\/bouquet-de-rosas-moradas-con-perlas-3\/#breadcrumb"},"inLanguage":"es","potentialAction":[{"@type":"ReadAction","target":["https:\/\/galeriaseltriunfo.com\/dev2\/producto\/bouquet-de-rosas-moradas-con-perlas-3\/"]}]},{"@type":"ImageObject","inLanguage":"es","@id":"https:\/\/galeriaseltriunfo.com\/dev2\/producto\/bouquet-de-rosas-moradas-con-perlas-3\/#primaryimage","url":"https:\/\/galeriaseltriunfo.com\/dev2\/wp-content\/uploads\/2025\/03\/302001736188.webp","contentUrl":"https:\/\/galeriaseltriunfo.com\/dev2\/wp-content\/uploads\/2025\/03\/302001736188.webp","width":940,"height":1215,"caption":"302001736188-galerias el triunfo"},{"@type":"BreadcrumbList","@id":"https:\/\/galeriaseltriunfo.com\/dev2\/producto\/bouquet-de-rosas-moradas-con-perlas-3\/#breadcrumb","itemListElement":[{"@type":"ListItem","position":1,"name":"Inicio","item":"https:\/\/galeriaseltriunfo.com\/dev2\/"},{"@type":"ListItem","position":2,"name":"Tienda","item":"https:\/\/galeriaseltriunfo.com\/dev2\/tienda\/"},{"@type":"ListItem","position":3,"name":"Bouquet Lila con Flores de Seda"}]},{"@type":"WebSite","@id":"https:\/\/galeriaseltriunfo.com\/dev2\/#website","url":"https:\/\/galeriaseltriunfo.com\/dev2\/","name":"Galer\u00edas el Triunfo","description":"Galer\u00edas el Triunfo es una de las tiendas online m\u00e1s grandes de accesorios y art\u00edculos de decoraci\u00f3n para el hogar, el jard\u00edn y la oficina. \u00a1Compra ahora!","publisher":{"@id":"https:\/\/galeriaseltriunfo.com\/dev2\/#organization"},"potentialAction":[{"@type":"SearchAction","target":{"@type":"EntryPoint","urlTemplate":"https:\/\/galeriaseltriunfo.com\/dev2\/?s={search_term_string}"},"query-input":{"@type":"PropertyValueSpecification","valueRequired":true,"valueName":"search_term_string"}}],"inLanguage":"es"},{"@type":"Organization","@id":"https:\/\/galeriaseltriunfo.com\/dev2\/#organization","name":"Galer\u00edas el Triunfo","url":"https:\/\/galeriaseltriunfo.com\/dev2\/","logo":{"@type":"ImageObject","inLanguage":"es","@id":"https:\/\/galeriaseltriunfo.com\/dev2\/#\/schema\/logo\/image\/","url":"https:\/\/galeriaseltriunfo.com\/wp-content\/uploads\/2023\/08\/logotipo-galerias-fondo-2x-min.webp","contentUrl":"https:\/\/galeriaseltriunfo.com\/wp-content\/uploads\/2023\/08\/logotipo-galerias-fondo-2x-min.webp","width":184,"height":264,"caption":"Galer\u00edas el Triunfo"},"image":{"@id":"https:\/\/galeriaseltriunfo.com\/dev2\/#\/schema\/logo\/image\/"},"sameAs":["https:\/\/www.facebook.com\/galeriaseltriunfo","https:\/\/x.com\/Gal_El_Triunfo","https:\/\/www.pinterest.com\/GaleriaselTriunfo","https:\/\/instagram.com\/galeriaseltriunfomx","https:\/\/www.youtube.com\/channel\/UChIaW2ZBBS4Pg8pkw0HuE7g","https:\/\/www.tiktok.com\/@galeriaseltriunfo"]}]}},"_links":{"self":[{"href":"https:\/\/galeriaseltriunfo.com\/dev2\/wp-json\/wp\/v2\/product\/399394","targetHints":{"allow":["GET"]}}],"collection":[{"href":"https:\/\/galeriaseltriunfo.com\/dev2\/wp-json\/wp\/v2\/product"}],"about":[{"href":"https:\/\/galeriaseltriunfo.com\/dev2\/wp-json\/wp\/v2\/types\/product"}],"wp:featuredmedia":[{"embeddable":true,"href":"https:\/\/galeriaseltriunfo.com\/dev2\/wp-json\/wp\/v2\/media\/399396"}],"wp:attachment":[{"href":"https:\/\/galeriaseltriunfo.com\/dev2\/wp-json\/wp\/v2\/media?parent=399394"}],"wp:term":[{"taxonomy":"product_brand","embeddable":true,"href":"https:\/\/galeriaseltriunfo.com\/dev2\/wp-json\/wp\/v2\/product_brand?post=399394"},{"taxonomy":"product_cat","embeddable":true,"href":"https:\/\/galeriaseltriunfo.com\/dev2\/wp-json\/wp\/v2\/product_cat?post=399394"},{"taxonomy":"product_tag","embeddable":true,"href":"https:\/\/galeriaseltriunfo.com\/dev2\/wp-json\/wp\/v2\/product_tag?post=399394"}],"curies":[{"name":"wp","href":"https:\/\/api.w.org\/{rel}","templated":true}]}}