{"id":455707,"date":"2025-09-18T18:19:57","date_gmt":"2025-09-19T00:19:57","guid":{"rendered":"https:\/\/galeriaseltriunfo.com\/producto\/cuadro-con-conchas-marinas-diseno-velero\/"},"modified":"2026-03-27T10:27:04","modified_gmt":"2026-03-27T16:27:04","slug":"cuadro-con-conchas-marinas-diseno-velero","status":"publish","type":"product","link":"https:\/\/galeriaseltriunfo.com\/dev2\/producto\/cuadro-con-conchas-marinas-diseno-velero\/","title":{"rendered":"Cuadro con Conchas Marinas Dise\u00f1o Velero"},"content":{"rendered":"<p>Cuadro decorativo con conchas marinas, con un original dise\u00f1o de velero. Esta pieza es ideal para quienes buscan una decoraci\u00f3n marinera y aventurera. Su dise\u00f1o \u00fanico evoca una sensaci\u00f3n de frescura y tranquilidad, perfecta para crear un ambiente \u00fanico y lleno de encanto. Material: madera, concha. Medidas: 20x20x3cm.<\/p>\n","protected":false},"excerpt":{"rendered":"<p>Cuadro decorativo con conchas marinas, con un original dise\u00f1o de  [&#8230;]<\/p>\n","protected":false},"featured_media":184143,"template":"","meta":[],"product_brand":[],"product_cat":[1150],"product_tag":[4326],"class_list":{"0":"post-455707","1":"product","2":"type-product","3":"status-publish","4":"has-post-thumbnail","6":"product_cat-marino","7":"product_tag-cuadro-conchas-marinas-velero-decoracion-hogar","9":"first","10":"instock","11":"sale","12":"purchasable","13":"product-type-simple"},"yoast_head":"<!-- This site is optimized with the Yoast SEO plugin v27.4 - https:\/\/yoast.com\/product\/yoast-seo-wordpress\/ -->\n<title>Cuadro con Conchas Marinas Dise\u00f1o Velero<\/title>\n<meta name=\"description\" content=\"Un cuadro que inspira aventura. Su dise\u00f1o de velero evoca un ambiente de libertad, misterio y un encanto inolvidable.\" \/>\n<meta name=\"robots\" content=\"index, follow, max-snippet:-1, max-image-preview:large, max-video-preview:-1\" \/>\n<link rel=\"canonical\" href=\"https:\/\/galeriaseltriunfo.com\/dev2\/producto\/cuadro-con-conchas-marinas-diseno-velero\/\" \/>\n<meta property=\"og:locale\" content=\"es_MX\" \/>\n<meta property=\"og:type\" content=\"article\" \/>\n<meta property=\"og:title\" content=\"Cuadro con Conchas Marinas Dise\u00f1o Velero\" \/>\n<meta property=\"og:description\" content=\"Un cuadro que inspira aventura. Su dise\u00f1o de velero evoca un ambiente de libertad, misterio y un encanto inolvidable.\" \/>\n<meta property=\"og:url\" content=\"https:\/\/galeriaseltriunfo.com\/dev2\/producto\/cuadro-con-conchas-marinas-diseno-velero\/\" \/>\n<meta property=\"og:site_name\" content=\"Galer\u00edas el Triunfo\" \/>\n<meta property=\"article:publisher\" content=\"https:\/\/www.facebook.com\/galeriaseltriunfo\" \/>\n<meta property=\"article:modified_time\" content=\"2026-03-27T16:27:04+00:00\" \/>\n<meta property=\"og:image\" content=\"https:\/\/galeriaseltriunfo.com\/dev2\/wp-content\/uploads\/2023\/08\/206071383186-Cuadro-de-madera-galerias-el-triunfo.jpg\" \/>\n\t<meta property=\"og:image:width\" content=\"900\" \/>\n\t<meta property=\"og:image:height\" content=\"900\" \/>\n\t<meta property=\"og:image:type\" content=\"image\/jpeg\" \/>\n<meta name=\"twitter:card\" content=\"summary_large_image\" \/>\n<meta name=\"twitter:site\" content=\"@Gal_El_Triunfo\" \/>\n<script type=\"application\/ld+json\" class=\"yoast-schema-graph\">{\"@context\":\"https:\\\/\\\/schema.org\",\"@graph\":[{\"@type\":[\"WebPage\",\"SearchResultsPage\"],\"@id\":\"https:\\\/\\\/galeriaseltriunfo.com\\\/dev2\\\/producto\\\/cuadro-con-conchas-marinas-diseno-velero\\\/\",\"url\":\"https:\\\/\\\/galeriaseltriunfo.com\\\/dev2\\\/producto\\\/cuadro-con-conchas-marinas-diseno-velero\\\/\",\"name\":\"Cuadro con Conchas Marinas Dise\u00f1o Velero\",\"isPartOf\":{\"@id\":\"https:\\\/\\\/galeriaseltriunfo.com\\\/dev2\\\/#website\"},\"primaryImageOfPage\":{\"@id\":\"https:\\\/\\\/galeriaseltriunfo.com\\\/dev2\\\/producto\\\/cuadro-con-conchas-marinas-diseno-velero\\\/#primaryimage\"},\"image\":{\"@id\":\"https:\\\/\\\/galeriaseltriunfo.com\\\/dev2\\\/producto\\\/cuadro-con-conchas-marinas-diseno-velero\\\/#primaryimage\"},\"thumbnailUrl\":\"https:\\\/\\\/galeriaseltriunfo.com\\\/dev2\\\/wp-content\\\/uploads\\\/2023\\\/08\\\/206071383186-Cuadro-de-madera-galerias-el-triunfo.jpg\",\"datePublished\":\"2025-09-19T00:19:57+00:00\",\"dateModified\":\"2026-03-27T16:27:04+00:00\",\"description\":\"Un cuadro que inspira aventura. Su dise\u00f1o de velero evoca un ambiente de libertad, misterio y un encanto inolvidable.\",\"breadcrumb\":{\"@id\":\"https:\\\/\\\/galeriaseltriunfo.com\\\/dev2\\\/producto\\\/cuadro-con-conchas-marinas-diseno-velero\\\/#breadcrumb\"},\"inLanguage\":\"es\",\"potentialAction\":[{\"@type\":\"ReadAction\",\"target\":[\"https:\\\/\\\/galeriaseltriunfo.com\\\/dev2\\\/producto\\\/cuadro-con-conchas-marinas-diseno-velero\\\/\"]}]},{\"@type\":\"ImageObject\",\"inLanguage\":\"es\",\"@id\":\"https:\\\/\\\/galeriaseltriunfo.com\\\/dev2\\\/producto\\\/cuadro-con-conchas-marinas-diseno-velero\\\/#primaryimage\",\"url\":\"https:\\\/\\\/galeriaseltriunfo.com\\\/dev2\\\/wp-content\\\/uploads\\\/2023\\\/08\\\/206071383186-Cuadro-de-madera-galerias-el-triunfo.jpg\",\"contentUrl\":\"https:\\\/\\\/galeriaseltriunfo.com\\\/dev2\\\/wp-content\\\/uploads\\\/2023\\\/08\\\/206071383186-Cuadro-de-madera-galerias-el-triunfo.jpg\",\"width\":900,\"height\":900,\"caption\":\"Cuadro de madera - Galer\u00edas el Triunfo - 206071383186\"},{\"@type\":\"BreadcrumbList\",\"@id\":\"https:\\\/\\\/galeriaseltriunfo.com\\\/dev2\\\/producto\\\/cuadro-con-conchas-marinas-diseno-velero\\\/#breadcrumb\",\"itemListElement\":[{\"@type\":\"ListItem\",\"position\":1,\"name\":\"Inicio\",\"item\":\"https:\\\/\\\/galeriaseltriunfo.com\\\/dev2\\\/\"},{\"@type\":\"ListItem\",\"position\":2,\"name\":\"Tienda\",\"item\":\"https:\\\/\\\/galeriaseltriunfo.com\\\/dev2\\\/tienda\\\/\"},{\"@type\":\"ListItem\",\"position\":3,\"name\":\"Cuadro con Conchas Marinas Dise\u00f1o Velero\"}]},{\"@type\":\"WebSite\",\"@id\":\"https:\\\/\\\/galeriaseltriunfo.com\\\/dev2\\\/#website\",\"url\":\"https:\\\/\\\/galeriaseltriunfo.com\\\/dev2\\\/\",\"name\":\"Galer\u00edas el Triunfo\",\"description\":\"Galer\u00edas el Triunfo es una de las tiendas online m\u00e1s grandes de accesorios y art\u00edculos de decoraci\u00f3n para el hogar, el jard\u00edn y la oficina. \u00a1Compra ahora!\",\"publisher\":{\"@id\":\"https:\\\/\\\/galeriaseltriunfo.com\\\/dev2\\\/#organization\"},\"potentialAction\":[{\"@type\":\"SearchAction\",\"target\":{\"@type\":\"EntryPoint\",\"urlTemplate\":\"https:\\\/\\\/galeriaseltriunfo.com\\\/dev2\\\/?s={search_term_string}\"},\"query-input\":{\"@type\":\"PropertyValueSpecification\",\"valueRequired\":true,\"valueName\":\"search_term_string\"}}],\"inLanguage\":\"es\"},{\"@type\":\"Organization\",\"@id\":\"https:\\\/\\\/galeriaseltriunfo.com\\\/dev2\\\/#organization\",\"name\":\"Galer\u00edas el Triunfo\",\"url\":\"https:\\\/\\\/galeriaseltriunfo.com\\\/dev2\\\/\",\"logo\":{\"@type\":\"ImageObject\",\"inLanguage\":\"es\",\"@id\":\"https:\\\/\\\/galeriaseltriunfo.com\\\/dev2\\\/#\\\/schema\\\/logo\\\/image\\\/\",\"url\":\"https:\\\/\\\/galeriaseltriunfo.com\\\/wp-content\\\/uploads\\\/2023\\\/08\\\/logotipo-galerias-fondo-2x-min.webp\",\"contentUrl\":\"https:\\\/\\\/galeriaseltriunfo.com\\\/wp-content\\\/uploads\\\/2023\\\/08\\\/logotipo-galerias-fondo-2x-min.webp\",\"width\":184,\"height\":264,\"caption\":\"Galer\u00edas el Triunfo\"},\"image\":{\"@id\":\"https:\\\/\\\/galeriaseltriunfo.com\\\/dev2\\\/#\\\/schema\\\/logo\\\/image\\\/\"},\"sameAs\":[\"https:\\\/\\\/www.facebook.com\\\/galeriaseltriunfo\",\"https:\\\/\\\/x.com\\\/Gal_El_Triunfo\",\"https:\\\/\\\/www.pinterest.com\\\/GaleriaselTriunfo\",\"https:\\\/\\\/instagram.com\\\/galeriaseltriunfomx\",\"https:\\\/\\\/www.youtube.com\\\/channel\\\/UChIaW2ZBBS4Pg8pkw0HuE7g\",\"https:\\\/\\\/www.tiktok.com\\\/@galeriaseltriunfo\"]}]}<\/script>\n<!-- \/ Yoast SEO plugin. -->","yoast_head_json":{"title":"Cuadro con Conchas Marinas Dise\u00f1o Velero","description":"Un cuadro que inspira aventura. Su dise\u00f1o de velero evoca un ambiente de libertad, misterio y un encanto inolvidable.","robots":{"index":"index","follow":"follow","max-snippet":"max-snippet:-1","max-image-preview":"max-image-preview:large","max-video-preview":"max-video-preview:-1"},"canonical":"https:\/\/galeriaseltriunfo.com\/dev2\/producto\/cuadro-con-conchas-marinas-diseno-velero\/","og_locale":"es_MX","og_type":"article","og_title":"Cuadro con Conchas Marinas Dise\u00f1o Velero","og_description":"Un cuadro que inspira aventura. Su dise\u00f1o de velero evoca un ambiente de libertad, misterio y un encanto inolvidable.","og_url":"https:\/\/galeriaseltriunfo.com\/dev2\/producto\/cuadro-con-conchas-marinas-diseno-velero\/","og_site_name":"Galer\u00edas el Triunfo","article_publisher":"https:\/\/www.facebook.com\/galeriaseltriunfo","article_modified_time":"2026-03-27T16:27:04+00:00","og_image":[{"width":900,"height":900,"url":"https:\/\/galeriaseltriunfo.com\/dev2\/wp-content\/uploads\/2023\/08\/206071383186-Cuadro-de-madera-galerias-el-triunfo.jpg","type":"image\/jpeg"}],"twitter_card":"summary_large_image","twitter_site":"@Gal_El_Triunfo","schema":{"@context":"https:\/\/schema.org","@graph":[{"@type":["WebPage","SearchResultsPage"],"@id":"https:\/\/galeriaseltriunfo.com\/dev2\/producto\/cuadro-con-conchas-marinas-diseno-velero\/","url":"https:\/\/galeriaseltriunfo.com\/dev2\/producto\/cuadro-con-conchas-marinas-diseno-velero\/","name":"Cuadro con Conchas Marinas Dise\u00f1o Velero","isPartOf":{"@id":"https:\/\/galeriaseltriunfo.com\/dev2\/#website"},"primaryImageOfPage":{"@id":"https:\/\/galeriaseltriunfo.com\/dev2\/producto\/cuadro-con-conchas-marinas-diseno-velero\/#primaryimage"},"image":{"@id":"https:\/\/galeriaseltriunfo.com\/dev2\/producto\/cuadro-con-conchas-marinas-diseno-velero\/#primaryimage"},"thumbnailUrl":"https:\/\/galeriaseltriunfo.com\/dev2\/wp-content\/uploads\/2023\/08\/206071383186-Cuadro-de-madera-galerias-el-triunfo.jpg","datePublished":"2025-09-19T00:19:57+00:00","dateModified":"2026-03-27T16:27:04+00:00","description":"Un cuadro que inspira aventura. Su dise\u00f1o de velero evoca un ambiente de libertad, misterio y un encanto inolvidable.","breadcrumb":{"@id":"https:\/\/galeriaseltriunfo.com\/dev2\/producto\/cuadro-con-conchas-marinas-diseno-velero\/#breadcrumb"},"inLanguage":"es","potentialAction":[{"@type":"ReadAction","target":["https:\/\/galeriaseltriunfo.com\/dev2\/producto\/cuadro-con-conchas-marinas-diseno-velero\/"]}]},{"@type":"ImageObject","inLanguage":"es","@id":"https:\/\/galeriaseltriunfo.com\/dev2\/producto\/cuadro-con-conchas-marinas-diseno-velero\/#primaryimage","url":"https:\/\/galeriaseltriunfo.com\/dev2\/wp-content\/uploads\/2023\/08\/206071383186-Cuadro-de-madera-galerias-el-triunfo.jpg","contentUrl":"https:\/\/galeriaseltriunfo.com\/dev2\/wp-content\/uploads\/2023\/08\/206071383186-Cuadro-de-madera-galerias-el-triunfo.jpg","width":900,"height":900,"caption":"Cuadro de madera - Galer\u00edas el Triunfo - 206071383186"},{"@type":"BreadcrumbList","@id":"https:\/\/galeriaseltriunfo.com\/dev2\/producto\/cuadro-con-conchas-marinas-diseno-velero\/#breadcrumb","itemListElement":[{"@type":"ListItem","position":1,"name":"Inicio","item":"https:\/\/galeriaseltriunfo.com\/dev2\/"},{"@type":"ListItem","position":2,"name":"Tienda","item":"https:\/\/galeriaseltriunfo.com\/dev2\/tienda\/"},{"@type":"ListItem","position":3,"name":"Cuadro con Conchas Marinas Dise\u00f1o Velero"}]},{"@type":"WebSite","@id":"https:\/\/galeriaseltriunfo.com\/dev2\/#website","url":"https:\/\/galeriaseltriunfo.com\/dev2\/","name":"Galer\u00edas el Triunfo","description":"Galer\u00edas el Triunfo es una de las tiendas online m\u00e1s grandes de accesorios y art\u00edculos de decoraci\u00f3n para el hogar, el jard\u00edn y la oficina. \u00a1Compra ahora!","publisher":{"@id":"https:\/\/galeriaseltriunfo.com\/dev2\/#organization"},"potentialAction":[{"@type":"SearchAction","target":{"@type":"EntryPoint","urlTemplate":"https:\/\/galeriaseltriunfo.com\/dev2\/?s={search_term_string}"},"query-input":{"@type":"PropertyValueSpecification","valueRequired":true,"valueName":"search_term_string"}}],"inLanguage":"es"},{"@type":"Organization","@id":"https:\/\/galeriaseltriunfo.com\/dev2\/#organization","name":"Galer\u00edas el Triunfo","url":"https:\/\/galeriaseltriunfo.com\/dev2\/","logo":{"@type":"ImageObject","inLanguage":"es","@id":"https:\/\/galeriaseltriunfo.com\/dev2\/#\/schema\/logo\/image\/","url":"https:\/\/galeriaseltriunfo.com\/wp-content\/uploads\/2023\/08\/logotipo-galerias-fondo-2x-min.webp","contentUrl":"https:\/\/galeriaseltriunfo.com\/wp-content\/uploads\/2023\/08\/logotipo-galerias-fondo-2x-min.webp","width":184,"height":264,"caption":"Galer\u00edas el Triunfo"},"image":{"@id":"https:\/\/galeriaseltriunfo.com\/dev2\/#\/schema\/logo\/image\/"},"sameAs":["https:\/\/www.facebook.com\/galeriaseltriunfo","https:\/\/x.com\/Gal_El_Triunfo","https:\/\/www.pinterest.com\/GaleriaselTriunfo","https:\/\/instagram.com\/galeriaseltriunfomx","https:\/\/www.youtube.com\/channel\/UChIaW2ZBBS4Pg8pkw0HuE7g","https:\/\/www.tiktok.com\/@galeriaseltriunfo"]}]}},"_links":{"self":[{"href":"https:\/\/galeriaseltriunfo.com\/dev2\/wp-json\/wp\/v2\/product\/455707","targetHints":{"allow":["GET"]}}],"collection":[{"href":"https:\/\/galeriaseltriunfo.com\/dev2\/wp-json\/wp\/v2\/product"}],"about":[{"href":"https:\/\/galeriaseltriunfo.com\/dev2\/wp-json\/wp\/v2\/types\/product"}],"wp:featuredmedia":[{"embeddable":true,"href":"https:\/\/galeriaseltriunfo.com\/dev2\/wp-json\/wp\/v2\/media\/184143"}],"wp:attachment":[{"href":"https:\/\/galeriaseltriunfo.com\/dev2\/wp-json\/wp\/v2\/media?parent=455707"}],"wp:term":[{"taxonomy":"product_brand","embeddable":true,"href":"https:\/\/galeriaseltriunfo.com\/dev2\/wp-json\/wp\/v2\/product_brand?post=455707"},{"taxonomy":"product_cat","embeddable":true,"href":"https:\/\/galeriaseltriunfo.com\/dev2\/wp-json\/wp\/v2\/product_cat?post=455707"},{"taxonomy":"product_tag","embeddable":true,"href":"https:\/\/galeriaseltriunfo.com\/dev2\/wp-json\/wp\/v2\/product_tag?post=455707"}],"curies":[{"name":"wp","href":"https:\/\/api.w.org\/{rel}","templated":true}]}}