{"id":458885,"date":"2025-09-24T12:08:16","date_gmt":"2025-09-24T18:08:16","guid":{"rendered":"https:\/\/galeriaseltriunfo.com\/producto\/cascabel-plateado-con-copos-de-nieve-rojos-7\/"},"modified":"2026-01-13T05:15:38","modified_gmt":"2026-01-13T11:15:38","slug":"cascabel-plateado-con-copos-de-nieve-rojos-7","status":"publish","type":"product","link":"https:\/\/galeriaseltriunfo.com\/dev2\/producto\/cascabel-plateado-con-copos-de-nieve-rojos-7\/","title":{"rendered":"Cascabel Plateado con Copos de Nieve Rojos"},"content":{"rendered":"<p>Cascabel decorativo de metal en un sofisticado color plateado, con un elegante dise\u00f1o de copos de nieve en color rojo. Ideal para a\u00f1adir un toque de brillo y elegancia invernal a tu decoraci\u00f3n. Material: metal. Medidas: 50x50x67cm.<\/p>\n","protected":false},"excerpt":{"rendered":"<p>Cascabel decorativo de metal en un sofisticado color plateado, con  [&#8230;]<\/p>\n","protected":false},"featured_media":427755,"template":"","meta":[],"product_brand":[],"product_cat":[9875],"product_tag":[2935,1676,1668,1364,2652,2641],"class_list":{"0":"post-458885","1":"product","2":"type-product","3":"status-publish","4":"has-post-thumbnail","6":"product_cat-invierno-2025","7":"product_tag-cascabel","8":"product_tag-copos-de-nieve","9":"product_tag-metal","10":"product_tag-navidad","11":"product_tag-plateado","12":"product_tag-rojo","14":"first","15":"outofstock","16":"sale","17":"purchasable","18":"product-type-simple"},"yoast_head":"<!-- This site is optimized with the Yoast SEO plugin v27.4 - https:\/\/yoast.com\/product\/yoast-seo-wordpress\/ -->\n<title>Cascabel Plateado con Copos de Nieve Rojos<\/title>\n<meta name=\"description\" content=\"Un cascabel que evoca la magia de una nevada plateada. Sus copos de nieve rojos inspiran sofisticaci\u00f3n, elegancia y la belleza de la temporada.\" \/>\n<meta name=\"robots\" content=\"index, follow, max-snippet:-1, max-image-preview:large, max-video-preview:-1\" \/>\n<link rel=\"canonical\" href=\"https:\/\/galeriaseltriunfo.com\/dev2\/producto\/cascabel-plateado-con-copos-de-nieve-rojos-7\/\" \/>\n<meta property=\"og:locale\" content=\"es_MX\" \/>\n<meta property=\"og:type\" content=\"article\" \/>\n<meta property=\"og:title\" content=\"Cascabel Plateado con Copos de Nieve Rojos\" \/>\n<meta property=\"og:description\" content=\"Un cascabel que evoca la magia de una nevada plateada. Sus copos de nieve rojos inspiran sofisticaci\u00f3n, elegancia y la belleza de la temporada.\" \/>\n<meta property=\"og:url\" content=\"https:\/\/galeriaseltriunfo.com\/dev2\/producto\/cascabel-plateado-con-copos-de-nieve-rojos-7\/\" \/>\n<meta property=\"og:site_name\" content=\"Galer\u00edas el Triunfo\" \/>\n<meta property=\"article:publisher\" content=\"https:\/\/www.facebook.com\/galeriaseltriunfo\" \/>\n<meta property=\"article:modified_time\" content=\"2026-01-13T11:15:38+00:00\" \/>\n<meta property=\"og:image\" content=\"https:\/\/galeriaseltriunfo.com\/dev2\/wp-content\/uploads\/2025\/07\/049072854021.webp\" \/>\n\t<meta property=\"og:image:width\" content=\"500\" \/>\n\t<meta property=\"og:image:height\" content=\"500\" \/>\n\t<meta property=\"og:image:type\" content=\"image\/jpeg\" \/>\n<meta name=\"twitter:card\" content=\"summary_large_image\" \/>\n<meta name=\"twitter:site\" content=\"@Gal_El_Triunfo\" \/>\n<script type=\"application\/ld+json\" class=\"yoast-schema-graph\">{\"@context\":\"https:\\\/\\\/schema.org\",\"@graph\":[{\"@type\":[\"WebPage\",\"SearchResultsPage\"],\"@id\":\"https:\\\/\\\/galeriaseltriunfo.com\\\/dev2\\\/producto\\\/cascabel-plateado-con-copos-de-nieve-rojos-7\\\/\",\"url\":\"https:\\\/\\\/galeriaseltriunfo.com\\\/dev2\\\/producto\\\/cascabel-plateado-con-copos-de-nieve-rojos-7\\\/\",\"name\":\"Cascabel Plateado con Copos de Nieve Rojos\",\"isPartOf\":{\"@id\":\"https:\\\/\\\/galeriaseltriunfo.com\\\/dev2\\\/#website\"},\"primaryImageOfPage\":{\"@id\":\"https:\\\/\\\/galeriaseltriunfo.com\\\/dev2\\\/producto\\\/cascabel-plateado-con-copos-de-nieve-rojos-7\\\/#primaryimage\"},\"image\":{\"@id\":\"https:\\\/\\\/galeriaseltriunfo.com\\\/dev2\\\/producto\\\/cascabel-plateado-con-copos-de-nieve-rojos-7\\\/#primaryimage\"},\"thumbnailUrl\":\"https:\\\/\\\/galeriaseltriunfo.com\\\/dev2\\\/wp-content\\\/uploads\\\/2025\\\/07\\\/049072854021.webp\",\"datePublished\":\"2025-09-24T18:08:16+00:00\",\"dateModified\":\"2026-01-13T11:15:38+00:00\",\"description\":\"Un cascabel que evoca la magia de una nevada plateada. Sus copos de nieve rojos inspiran sofisticaci\u00f3n, elegancia y la belleza de la temporada.\",\"breadcrumb\":{\"@id\":\"https:\\\/\\\/galeriaseltriunfo.com\\\/dev2\\\/producto\\\/cascabel-plateado-con-copos-de-nieve-rojos-7\\\/#breadcrumb\"},\"inLanguage\":\"es\",\"potentialAction\":[{\"@type\":\"ReadAction\",\"target\":[\"https:\\\/\\\/galeriaseltriunfo.com\\\/dev2\\\/producto\\\/cascabel-plateado-con-copos-de-nieve-rojos-7\\\/\"]}]},{\"@type\":\"ImageObject\",\"inLanguage\":\"es\",\"@id\":\"https:\\\/\\\/galeriaseltriunfo.com\\\/dev2\\\/producto\\\/cascabel-plateado-con-copos-de-nieve-rojos-7\\\/#primaryimage\",\"url\":\"https:\\\/\\\/galeriaseltriunfo.com\\\/dev2\\\/wp-content\\\/uploads\\\/2025\\\/07\\\/049072854021.webp\",\"contentUrl\":\"https:\\\/\\\/galeriaseltriunfo.com\\\/dev2\\\/wp-content\\\/uploads\\\/2025\\\/07\\\/049072854021.webp\",\"width\":500,\"height\":500,\"caption\":\"049072854021-galerias el triunfo\"},{\"@type\":\"BreadcrumbList\",\"@id\":\"https:\\\/\\\/galeriaseltriunfo.com\\\/dev2\\\/producto\\\/cascabel-plateado-con-copos-de-nieve-rojos-7\\\/#breadcrumb\",\"itemListElement\":[{\"@type\":\"ListItem\",\"position\":1,\"name\":\"Inicio\",\"item\":\"https:\\\/\\\/galeriaseltriunfo.com\\\/dev2\\\/\"},{\"@type\":\"ListItem\",\"position\":2,\"name\":\"Tienda\",\"item\":\"https:\\\/\\\/galeriaseltriunfo.com\\\/dev2\\\/tienda\\\/\"},{\"@type\":\"ListItem\",\"position\":3,\"name\":\"Cascabel Plateado con Copos de Nieve Rojos\"}]},{\"@type\":\"WebSite\",\"@id\":\"https:\\\/\\\/galeriaseltriunfo.com\\\/dev2\\\/#website\",\"url\":\"https:\\\/\\\/galeriaseltriunfo.com\\\/dev2\\\/\",\"name\":\"Galer\u00edas el Triunfo\",\"description\":\"Galer\u00edas el Triunfo es una de las tiendas online m\u00e1s grandes de accesorios y art\u00edculos de decoraci\u00f3n para el hogar, el jard\u00edn y la oficina. \u00a1Compra ahora!\",\"publisher\":{\"@id\":\"https:\\\/\\\/galeriaseltriunfo.com\\\/dev2\\\/#organization\"},\"potentialAction\":[{\"@type\":\"SearchAction\",\"target\":{\"@type\":\"EntryPoint\",\"urlTemplate\":\"https:\\\/\\\/galeriaseltriunfo.com\\\/dev2\\\/?s={search_term_string}\"},\"query-input\":{\"@type\":\"PropertyValueSpecification\",\"valueRequired\":true,\"valueName\":\"search_term_string\"}}],\"inLanguage\":\"es\"},{\"@type\":\"Organization\",\"@id\":\"https:\\\/\\\/galeriaseltriunfo.com\\\/dev2\\\/#organization\",\"name\":\"Galer\u00edas el Triunfo\",\"url\":\"https:\\\/\\\/galeriaseltriunfo.com\\\/dev2\\\/\",\"logo\":{\"@type\":\"ImageObject\",\"inLanguage\":\"es\",\"@id\":\"https:\\\/\\\/galeriaseltriunfo.com\\\/dev2\\\/#\\\/schema\\\/logo\\\/image\\\/\",\"url\":\"https:\\\/\\\/galeriaseltriunfo.com\\\/wp-content\\\/uploads\\\/2023\\\/08\\\/logotipo-galerias-fondo-2x-min.webp\",\"contentUrl\":\"https:\\\/\\\/galeriaseltriunfo.com\\\/wp-content\\\/uploads\\\/2023\\\/08\\\/logotipo-galerias-fondo-2x-min.webp\",\"width\":184,\"height\":264,\"caption\":\"Galer\u00edas el Triunfo\"},\"image\":{\"@id\":\"https:\\\/\\\/galeriaseltriunfo.com\\\/dev2\\\/#\\\/schema\\\/logo\\\/image\\\/\"},\"sameAs\":[\"https:\\\/\\\/www.facebook.com\\\/galeriaseltriunfo\",\"https:\\\/\\\/x.com\\\/Gal_El_Triunfo\",\"https:\\\/\\\/www.pinterest.com\\\/GaleriaselTriunfo\",\"https:\\\/\\\/instagram.com\\\/galeriaseltriunfomx\",\"https:\\\/\\\/www.youtube.com\\\/channel\\\/UChIaW2ZBBS4Pg8pkw0HuE7g\",\"https:\\\/\\\/www.tiktok.com\\\/@galeriaseltriunfo\"]}]}<\/script>\n<!-- \/ Yoast SEO plugin. -->","yoast_head_json":{"title":"Cascabel Plateado con Copos de Nieve Rojos","description":"Un cascabel que evoca la magia de una nevada plateada. Sus copos de nieve rojos inspiran sofisticaci\u00f3n, elegancia y la belleza de la temporada.","robots":{"index":"index","follow":"follow","max-snippet":"max-snippet:-1","max-image-preview":"max-image-preview:large","max-video-preview":"max-video-preview:-1"},"canonical":"https:\/\/galeriaseltriunfo.com\/dev2\/producto\/cascabel-plateado-con-copos-de-nieve-rojos-7\/","og_locale":"es_MX","og_type":"article","og_title":"Cascabel Plateado con Copos de Nieve Rojos","og_description":"Un cascabel que evoca la magia de una nevada plateada. Sus copos de nieve rojos inspiran sofisticaci\u00f3n, elegancia y la belleza de la temporada.","og_url":"https:\/\/galeriaseltriunfo.com\/dev2\/producto\/cascabel-plateado-con-copos-de-nieve-rojos-7\/","og_site_name":"Galer\u00edas el Triunfo","article_publisher":"https:\/\/www.facebook.com\/galeriaseltriunfo","article_modified_time":"2026-01-13T11:15:38+00:00","og_image":[{"width":500,"height":500,"url":"https:\/\/galeriaseltriunfo.com\/dev2\/wp-content\/uploads\/2025\/07\/049072854021.webp","type":"image\/jpeg"}],"twitter_card":"summary_large_image","twitter_site":"@Gal_El_Triunfo","schema":{"@context":"https:\/\/schema.org","@graph":[{"@type":["WebPage","SearchResultsPage"],"@id":"https:\/\/galeriaseltriunfo.com\/dev2\/producto\/cascabel-plateado-con-copos-de-nieve-rojos-7\/","url":"https:\/\/galeriaseltriunfo.com\/dev2\/producto\/cascabel-plateado-con-copos-de-nieve-rojos-7\/","name":"Cascabel Plateado con Copos de Nieve Rojos","isPartOf":{"@id":"https:\/\/galeriaseltriunfo.com\/dev2\/#website"},"primaryImageOfPage":{"@id":"https:\/\/galeriaseltriunfo.com\/dev2\/producto\/cascabel-plateado-con-copos-de-nieve-rojos-7\/#primaryimage"},"image":{"@id":"https:\/\/galeriaseltriunfo.com\/dev2\/producto\/cascabel-plateado-con-copos-de-nieve-rojos-7\/#primaryimage"},"thumbnailUrl":"https:\/\/galeriaseltriunfo.com\/dev2\/wp-content\/uploads\/2025\/07\/049072854021.webp","datePublished":"2025-09-24T18:08:16+00:00","dateModified":"2026-01-13T11:15:38+00:00","description":"Un cascabel que evoca la magia de una nevada plateada. Sus copos de nieve rojos inspiran sofisticaci\u00f3n, elegancia y la belleza de la temporada.","breadcrumb":{"@id":"https:\/\/galeriaseltriunfo.com\/dev2\/producto\/cascabel-plateado-con-copos-de-nieve-rojos-7\/#breadcrumb"},"inLanguage":"es","potentialAction":[{"@type":"ReadAction","target":["https:\/\/galeriaseltriunfo.com\/dev2\/producto\/cascabel-plateado-con-copos-de-nieve-rojos-7\/"]}]},{"@type":"ImageObject","inLanguage":"es","@id":"https:\/\/galeriaseltriunfo.com\/dev2\/producto\/cascabel-plateado-con-copos-de-nieve-rojos-7\/#primaryimage","url":"https:\/\/galeriaseltriunfo.com\/dev2\/wp-content\/uploads\/2025\/07\/049072854021.webp","contentUrl":"https:\/\/galeriaseltriunfo.com\/dev2\/wp-content\/uploads\/2025\/07\/049072854021.webp","width":500,"height":500,"caption":"049072854021-galerias el triunfo"},{"@type":"BreadcrumbList","@id":"https:\/\/galeriaseltriunfo.com\/dev2\/producto\/cascabel-plateado-con-copos-de-nieve-rojos-7\/#breadcrumb","itemListElement":[{"@type":"ListItem","position":1,"name":"Inicio","item":"https:\/\/galeriaseltriunfo.com\/dev2\/"},{"@type":"ListItem","position":2,"name":"Tienda","item":"https:\/\/galeriaseltriunfo.com\/dev2\/tienda\/"},{"@type":"ListItem","position":3,"name":"Cascabel Plateado con Copos de Nieve Rojos"}]},{"@type":"WebSite","@id":"https:\/\/galeriaseltriunfo.com\/dev2\/#website","url":"https:\/\/galeriaseltriunfo.com\/dev2\/","name":"Galer\u00edas el Triunfo","description":"Galer\u00edas el Triunfo es una de las tiendas online m\u00e1s grandes de accesorios y art\u00edculos de decoraci\u00f3n para el hogar, el jard\u00edn y la oficina. \u00a1Compra ahora!","publisher":{"@id":"https:\/\/galeriaseltriunfo.com\/dev2\/#organization"},"potentialAction":[{"@type":"SearchAction","target":{"@type":"EntryPoint","urlTemplate":"https:\/\/galeriaseltriunfo.com\/dev2\/?s={search_term_string}"},"query-input":{"@type":"PropertyValueSpecification","valueRequired":true,"valueName":"search_term_string"}}],"inLanguage":"es"},{"@type":"Organization","@id":"https:\/\/galeriaseltriunfo.com\/dev2\/#organization","name":"Galer\u00edas el Triunfo","url":"https:\/\/galeriaseltriunfo.com\/dev2\/","logo":{"@type":"ImageObject","inLanguage":"es","@id":"https:\/\/galeriaseltriunfo.com\/dev2\/#\/schema\/logo\/image\/","url":"https:\/\/galeriaseltriunfo.com\/wp-content\/uploads\/2023\/08\/logotipo-galerias-fondo-2x-min.webp","contentUrl":"https:\/\/galeriaseltriunfo.com\/wp-content\/uploads\/2023\/08\/logotipo-galerias-fondo-2x-min.webp","width":184,"height":264,"caption":"Galer\u00edas el Triunfo"},"image":{"@id":"https:\/\/galeriaseltriunfo.com\/dev2\/#\/schema\/logo\/image\/"},"sameAs":["https:\/\/www.facebook.com\/galeriaseltriunfo","https:\/\/x.com\/Gal_El_Triunfo","https:\/\/www.pinterest.com\/GaleriaselTriunfo","https:\/\/instagram.com\/galeriaseltriunfomx","https:\/\/www.youtube.com\/channel\/UChIaW2ZBBS4Pg8pkw0HuE7g","https:\/\/www.tiktok.com\/@galeriaseltriunfo"]}]}},"_links":{"self":[{"href":"https:\/\/galeriaseltriunfo.com\/dev2\/wp-json\/wp\/v2\/product\/458885","targetHints":{"allow":["GET"]}}],"collection":[{"href":"https:\/\/galeriaseltriunfo.com\/dev2\/wp-json\/wp\/v2\/product"}],"about":[{"href":"https:\/\/galeriaseltriunfo.com\/dev2\/wp-json\/wp\/v2\/types\/product"}],"wp:featuredmedia":[{"embeddable":true,"href":"https:\/\/galeriaseltriunfo.com\/dev2\/wp-json\/wp\/v2\/media\/427755"}],"wp:attachment":[{"href":"https:\/\/galeriaseltriunfo.com\/dev2\/wp-json\/wp\/v2\/media?parent=458885"}],"wp:term":[{"taxonomy":"product_brand","embeddable":true,"href":"https:\/\/galeriaseltriunfo.com\/dev2\/wp-json\/wp\/v2\/product_brand?post=458885"},{"taxonomy":"product_cat","embeddable":true,"href":"https:\/\/galeriaseltriunfo.com\/dev2\/wp-json\/wp\/v2\/product_cat?post=458885"},{"taxonomy":"product_tag","embeddable":true,"href":"https:\/\/galeriaseltriunfo.com\/dev2\/wp-json\/wp\/v2\/product_tag?post=458885"}],"curies":[{"name":"wp","href":"https:\/\/api.w.org\/{rel}","templated":true}]}}