{"id":483389,"date":"2026-01-21T00:00:00","date_gmt":"2026-01-21T06:00:00","guid":{"rendered":"https:\/\/galeriaseltriunfo.com\/producto\/tibor-de-ceramica-estampado-flores-azul-con-blanco-de-17-5x17-5x24cm\/"},"modified":"2026-03-27T10:21:52","modified_gmt":"2026-03-27T16:21:52","slug":"tibor-de-ceramica-estampado-flores-azul-con-blanco-de-17-5x17-5x24cm","status":"publish","type":"product","link":"https:\/\/galeriaseltriunfo.com\/dev2\/producto\/tibor-de-ceramica-estampado-flores-azul-con-blanco-de-17-5x17-5x24cm\/","title":{"rendered":"Tibor\u00a0Jard\u00edn\u00a0de\u00a0Crisantemos"},"content":{"rendered":"<h3 data-path-to-node=\"5\"><b data-path-to-node=\"5\" data-index-in-node=\"0\">Un Dise\u00f1o Lleno De Vida Y Emoci\u00f3n<\/b><\/h3>\n<p data-path-to-node=\"6\">El <b data-path-to-node=\"6\" data-index-in-node=\"3\">Tibor jard\u00edn de crisantemos<\/b> es la pieza maestra para quienes buscan un estilo audaz. Este objeto es vibrante y ofrece una <b data-path-to-node=\"6\" data-index-in-node=\"125\">sofisticaci\u00f3n art\u00edstica<\/b> incomparable para cualquier espacio de <b data-path-to-node=\"6\" data-index-in-node=\"188\">tu hogar<\/b>. Su sola presencia transforma cualquier entorno de inmediato. Por esta raz\u00f3n, el dise\u00f1o evoca la alegr\u00eda de la naturaleza y la energ\u00eda de la flora asi\u00e1tica de forma efectiva. Tambi\u00e9n transmite una vitalidad \u00fanica a trav\u00e9s de su paleta de colores tradicionales y elegantes. Su textura suave invita a la exploraci\u00f3n visual constante en cada rinc\u00f3n. Este elemento permite que su decoraci\u00f3n resalte con mucha fuerza hoy mismo. Adem\u00e1s, su est\u00e9tica simboliza la <b data-path-to-node=\"6\" data-index-in-node=\"653\">diversidad<\/b> y la <b data-path-to-node=\"6\" data-index-in-node=\"669\">vitalidad<\/b> de los jardines imperiales. Posee un <b data-path-to-node=\"6\" data-index-in-node=\"716\">magnetismo visual<\/b> absoluto para la decoraci\u00f3n moderna. En consecuencia, es la opci\u00f3n ideal para salas de estar o recibidores distinguidos. Al observar esta pieza, se experimenta una sensaci\u00f3n de <b data-path-to-node=\"6\" data-index-in-node=\"911\">felicidad y optimismo<\/b>. Por lo tanto, usted sentir\u00e1 una atm\u00f3sfera de <b data-path-to-node=\"6\" data-index-in-node=\"979\">renovaci\u00f3n est\u00e9tica<\/b> y <b data-path-to-node=\"6\" data-index-in-node=\"1001\">paz creativa<\/b>. Es una obra de gran calibre para la intimidad de su residencia.<\/p>\n<h3 data-path-to-node=\"7\"><b data-path-to-node=\"7\" data-index-in-node=\"0\">Beneficios De Lujo Y Detalles T\u00e9cnicos<\/b><\/h3>\n<p data-path-to-node=\"8\">Integrar este elemento decorativo ofrece el beneficio de transformar una superficie simple. As\u00ed, usted lograr\u00e1 un escenario de <b data-path-to-node=\"8\" data-index-in-node=\"127\">lujo visual<\/b> y <b data-path-to-node=\"8\" data-index-in-node=\"141\">creatividad desbordante<\/b> con mucha facilidad. El <b data-path-to-node=\"8\" data-index-in-node=\"189\">Tibor jard\u00edn de crisantemos<\/b> destaca por su alta capacidad t\u00e9cnica y su acabado artesanal. De igual forma, esta pieza juega con la proyecci\u00f3n de luz en sus pigmentos cer\u00e1micos. Sus detalles florales garantizan una <b data-path-to-node=\"8\" data-index-in-node=\"402\">armon\u00eda est\u00e9tica<\/b> perfecta en todo momento. Su fabricaci\u00f3n en cer\u00e1mica de alta calidad asegura una <b data-path-to-node=\"8\" data-index-in-node=\"500\">durabilidad superior<\/b> para el usuario. Por consiguiente, el material mantiene la intensidad de sus colores por mucho tiempo. El paso de los a\u00f1os no afectar\u00e1 su brillo original ni su frescura visual. Sin duda, es una pieza de <b data-path-to-node=\"8\" data-index-in-node=\"724\">exclusividad<\/b> total para su entorno personal. Este objeto no solo decora, sino que tambi\u00e9n comunica <b data-path-to-node=\"8\" data-index-in-node=\"823\">estatus y buen gusto<\/b>. Por otro lado, el uso de estos motivos org\u00e1nicos otorga una presencia f\u00edsica imponente. El espacio se sentir\u00e1 mucho m\u00e1s din\u00e1mico y refinado. Usted proyectar\u00e1 una <b data-path-to-node=\"8\" data-index-in-node=\"1007\">seguridad estil\u00edstica<\/b> envidiable para cualquier visitante.<\/p>\n<h3 data-path-to-node=\"9\"><b data-path-to-node=\"9\" data-index-in-node=\"0\">Gu\u00eda De Uso, Cuidado Y Calidad<\/b><\/h3>\n<p data-path-to-node=\"10\">Respecto a su uso, coloque el tibor sobre una consola o mesa lateral firme. Busque un lugar donde su dise\u00f1o se aprecie desde distintos \u00e1ngulos de la habitaci\u00f3n. Esto maximiza su impacto decorativo y su flujo crom\u00e1tico \u00fanico. Primero, limpie la superficie utilizando un pa\u00f1o de microfibra suave y seco. Retire el polvo acumulado sin afectar el acabado art\u00edstico de la pieza. De este modo, mantendr\u00e1 el brillo de los crisantemos en estado impecable. Como resultado, evitar\u00e1 que la suciedad opaque su belleza intr\u00ednseca. Es fundamental evitar el uso de productos qu\u00edmicos abrasivos o solventes fuertes. Por favor, no utilice fibras r\u00edgidas que puedan da\u00f1ar la cer\u00e1mica o el dise\u00f1o pintado. Guarde esta pieza en un lugar seguro y estable siempre. As\u00ed garantizar\u00e1 una <b data-path-to-node=\"10\" data-index-in-node=\"763\">calidad excepcional<\/b> en la <b data-path-to-node=\"10\" data-index-in-node=\"789\">Categor\u00eda de tibores<\/b>. Este producto refleja el compromiso de <b data-path-to-node=\"10\" data-index-in-node=\"850\">Galer\u00edas el triunfo<\/b>. Buscamos siempre la excelencia decorativa y la vanguardia en el dise\u00f1o de interiores exclusivo.<\/p>\n","protected":false},"excerpt":{"rendered":"<p>Un Dise\u00f1o Lleno De Vida Y Emoci\u00f3n El Tibor jard\u00edn  [&#8230;]<\/p>\n","protected":false},"featured_media":483391,"template":"","meta":[],"product_brand":[],"product_cat":[169],"product_tag":[8910,2945,1551,7045,9917,10308,2918,3202,5361,3207,10288],"class_list":{"0":"post-483389","1":"product","2":"type-product","3":"status-publish","4":"has-post-thumbnail","6":"product_cat-tibores","7":"product_tag-azul-y-blanco","8":"product_tag-decorativo","9":"product_tag-dorado","10":"product_tag-floral","11":"product_tag-galerias-el-triunfo","12":"product_tag-jardin-de-crisantemos","13":"product_tag-lujo","14":"product_tag-porcelana","15":"product_tag-tibor","16":"product_tag-tradicional","17":"product_tag-urna-con-tapa","19":"first","20":"outofstock","21":"sale","22":"purchasable","23":"product-type-simple"},"yoast_head":"<!-- This site is optimized with the Yoast SEO plugin v27.4 - https:\/\/yoast.com\/product\/yoast-seo-wordpress\/ -->\n<title>Tibor\u00a0Jard\u00edn\u00a0de\u00a0Crisantemos | Galer\u00edas El Triunfo<\/title>\n<meta name=\"description\" content=\"Dale vida a tu hogar con el Tibor jard\u00edn de crisantemos. Una pieza art\u00edstica y vibrante para atraer alegr\u00eda, armon\u00eda y un estilo exclusivo hoy mismo.\" \/>\n<meta name=\"robots\" content=\"index, follow, max-snippet:-1, max-image-preview:large, max-video-preview:-1\" \/>\n<link rel=\"canonical\" href=\"https:\/\/galeriaseltriunfo.com\/dev2\/producto\/tibor-de-ceramica-estampado-flores-azul-con-blanco-de-17-5x17-5x24cm\/\" \/>\n<meta property=\"og:locale\" content=\"es_MX\" \/>\n<meta property=\"og:type\" content=\"article\" \/>\n<meta property=\"og:title\" content=\"Tibor\u00a0Jard\u00edn\u00a0de\u00a0Crisantemos | Galer\u00edas El Triunfo\" \/>\n<meta property=\"og:description\" content=\"Dale vida a tu hogar con el Tibor jard\u00edn de crisantemos. Una pieza art\u00edstica y vibrante para atraer alegr\u00eda, armon\u00eda y un estilo exclusivo hoy mismo.\" \/>\n<meta property=\"og:url\" content=\"https:\/\/galeriaseltriunfo.com\/dev2\/producto\/tibor-de-ceramica-estampado-flores-azul-con-blanco-de-17-5x17-5x24cm\/\" \/>\n<meta property=\"og:site_name\" content=\"Galer\u00edas el Triunfo\" \/>\n<meta property=\"article:publisher\" content=\"https:\/\/www.facebook.com\/galeriaseltriunfo\" \/>\n<meta property=\"article:modified_time\" content=\"2026-03-27T16:21:52+00:00\" \/>\n<meta property=\"og:image\" content=\"https:\/\/galeriaseltriunfo.com\/dev2\/wp-content\/uploads\/2026\/01\/093072845059.webp\" \/>\n\t<meta property=\"og:image:width\" content=\"940\" \/>\n\t<meta property=\"og:image:height\" content=\"1215\" \/>\n\t<meta property=\"og:image:type\" content=\"image\/jpeg\" \/>\n<meta name=\"twitter:card\" content=\"summary_large_image\" \/>\n<meta name=\"twitter:site\" content=\"@Gal_El_Triunfo\" \/>\n<meta name=\"twitter:label1\" content=\"Tiempo de lectura\" \/>\n\t<meta name=\"twitter:data1\" content=\"3 minutos\" \/>\n<script type=\"application\/ld+json\" class=\"yoast-schema-graph\">{\"@context\":\"https:\\\/\\\/schema.org\",\"@graph\":[{\"@type\":[\"WebPage\",\"SearchResultsPage\"],\"@id\":\"https:\\\/\\\/galeriaseltriunfo.com\\\/dev2\\\/producto\\\/tibor-de-ceramica-estampado-flores-azul-con-blanco-de-17-5x17-5x24cm\\\/\",\"url\":\"https:\\\/\\\/galeriaseltriunfo.com\\\/dev2\\\/producto\\\/tibor-de-ceramica-estampado-flores-azul-con-blanco-de-17-5x17-5x24cm\\\/\",\"name\":\"Tibor\u00a0Jard\u00edn\u00a0de\u00a0Crisantemos | Galer\u00edas El Triunfo\",\"isPartOf\":{\"@id\":\"https:\\\/\\\/galeriaseltriunfo.com\\\/dev2\\\/#website\"},\"primaryImageOfPage\":{\"@id\":\"https:\\\/\\\/galeriaseltriunfo.com\\\/dev2\\\/producto\\\/tibor-de-ceramica-estampado-flores-azul-con-blanco-de-17-5x17-5x24cm\\\/#primaryimage\"},\"image\":{\"@id\":\"https:\\\/\\\/galeriaseltriunfo.com\\\/dev2\\\/producto\\\/tibor-de-ceramica-estampado-flores-azul-con-blanco-de-17-5x17-5x24cm\\\/#primaryimage\"},\"thumbnailUrl\":\"https:\\\/\\\/galeriaseltriunfo.com\\\/dev2\\\/wp-content\\\/uploads\\\/2026\\\/01\\\/093072845059.webp\",\"datePublished\":\"2026-01-21T06:00:00+00:00\",\"dateModified\":\"2026-03-27T16:21:52+00:00\",\"description\":\"Dale vida a tu hogar con el Tibor jard\u00edn de crisantemos. Una pieza art\u00edstica y vibrante para atraer alegr\u00eda, armon\u00eda y un estilo exclusivo hoy mismo.\",\"breadcrumb\":{\"@id\":\"https:\\\/\\\/galeriaseltriunfo.com\\\/dev2\\\/producto\\\/tibor-de-ceramica-estampado-flores-azul-con-blanco-de-17-5x17-5x24cm\\\/#breadcrumb\"},\"inLanguage\":\"es\",\"potentialAction\":[{\"@type\":\"ReadAction\",\"target\":[\"https:\\\/\\\/galeriaseltriunfo.com\\\/dev2\\\/producto\\\/tibor-de-ceramica-estampado-flores-azul-con-blanco-de-17-5x17-5x24cm\\\/\"]}]},{\"@type\":\"ImageObject\",\"inLanguage\":\"es\",\"@id\":\"https:\\\/\\\/galeriaseltriunfo.com\\\/dev2\\\/producto\\\/tibor-de-ceramica-estampado-flores-azul-con-blanco-de-17-5x17-5x24cm\\\/#primaryimage\",\"url\":\"https:\\\/\\\/galeriaseltriunfo.com\\\/dev2\\\/wp-content\\\/uploads\\\/2026\\\/01\\\/093072845059.webp\",\"contentUrl\":\"https:\\\/\\\/galeriaseltriunfo.com\\\/dev2\\\/wp-content\\\/uploads\\\/2026\\\/01\\\/093072845059.webp\",\"width\":940,\"height\":1215,\"caption\":\"093072845059-galerias el triunfo\"},{\"@type\":\"BreadcrumbList\",\"@id\":\"https:\\\/\\\/galeriaseltriunfo.com\\\/dev2\\\/producto\\\/tibor-de-ceramica-estampado-flores-azul-con-blanco-de-17-5x17-5x24cm\\\/#breadcrumb\",\"itemListElement\":[{\"@type\":\"ListItem\",\"position\":1,\"name\":\"Inicio\",\"item\":\"https:\\\/\\\/galeriaseltriunfo.com\\\/dev2\\\/\"},{\"@type\":\"ListItem\",\"position\":2,\"name\":\"Tienda\",\"item\":\"https:\\\/\\\/galeriaseltriunfo.com\\\/dev2\\\/tienda\\\/\"},{\"@type\":\"ListItem\",\"position\":3,\"name\":\"Tibor\u00a0Jard\u00edn\u00a0de\u00a0Crisantemos\"}]},{\"@type\":\"WebSite\",\"@id\":\"https:\\\/\\\/galeriaseltriunfo.com\\\/dev2\\\/#website\",\"url\":\"https:\\\/\\\/galeriaseltriunfo.com\\\/dev2\\\/\",\"name\":\"Galer\u00edas el Triunfo\",\"description\":\"Galer\u00edas el Triunfo es una de las tiendas online m\u00e1s grandes de accesorios y art\u00edculos de decoraci\u00f3n para el hogar, el jard\u00edn y la oficina. \u00a1Compra ahora!\",\"publisher\":{\"@id\":\"https:\\\/\\\/galeriaseltriunfo.com\\\/dev2\\\/#organization\"},\"potentialAction\":[{\"@type\":\"SearchAction\",\"target\":{\"@type\":\"EntryPoint\",\"urlTemplate\":\"https:\\\/\\\/galeriaseltriunfo.com\\\/dev2\\\/?s={search_term_string}\"},\"query-input\":{\"@type\":\"PropertyValueSpecification\",\"valueRequired\":true,\"valueName\":\"search_term_string\"}}],\"inLanguage\":\"es\"},{\"@type\":\"Organization\",\"@id\":\"https:\\\/\\\/galeriaseltriunfo.com\\\/dev2\\\/#organization\",\"name\":\"Galer\u00edas el Triunfo\",\"url\":\"https:\\\/\\\/galeriaseltriunfo.com\\\/dev2\\\/\",\"logo\":{\"@type\":\"ImageObject\",\"inLanguage\":\"es\",\"@id\":\"https:\\\/\\\/galeriaseltriunfo.com\\\/dev2\\\/#\\\/schema\\\/logo\\\/image\\\/\",\"url\":\"https:\\\/\\\/galeriaseltriunfo.com\\\/wp-content\\\/uploads\\\/2023\\\/08\\\/logotipo-galerias-fondo-2x-min.webp\",\"contentUrl\":\"https:\\\/\\\/galeriaseltriunfo.com\\\/wp-content\\\/uploads\\\/2023\\\/08\\\/logotipo-galerias-fondo-2x-min.webp\",\"width\":184,\"height\":264,\"caption\":\"Galer\u00edas el Triunfo\"},\"image\":{\"@id\":\"https:\\\/\\\/galeriaseltriunfo.com\\\/dev2\\\/#\\\/schema\\\/logo\\\/image\\\/\"},\"sameAs\":[\"https:\\\/\\\/www.facebook.com\\\/galeriaseltriunfo\",\"https:\\\/\\\/x.com\\\/Gal_El_Triunfo\",\"https:\\\/\\\/www.pinterest.com\\\/GaleriaselTriunfo\",\"https:\\\/\\\/instagram.com\\\/galeriaseltriunfomx\",\"https:\\\/\\\/www.youtube.com\\\/channel\\\/UChIaW2ZBBS4Pg8pkw0HuE7g\",\"https:\\\/\\\/www.tiktok.com\\\/@galeriaseltriunfo\"]}]}<\/script>\n<!-- \/ Yoast SEO plugin. -->","yoast_head_json":{"title":"Tibor\u00a0Jard\u00edn\u00a0de\u00a0Crisantemos | Galer\u00edas El Triunfo","description":"Dale vida a tu hogar con el Tibor jard\u00edn de crisantemos. Una pieza art\u00edstica y vibrante para atraer alegr\u00eda, armon\u00eda y un estilo exclusivo hoy mismo.","robots":{"index":"index","follow":"follow","max-snippet":"max-snippet:-1","max-image-preview":"max-image-preview:large","max-video-preview":"max-video-preview:-1"},"canonical":"https:\/\/galeriaseltriunfo.com\/dev2\/producto\/tibor-de-ceramica-estampado-flores-azul-con-blanco-de-17-5x17-5x24cm\/","og_locale":"es_MX","og_type":"article","og_title":"Tibor\u00a0Jard\u00edn\u00a0de\u00a0Crisantemos | Galer\u00edas El Triunfo","og_description":"Dale vida a tu hogar con el Tibor jard\u00edn de crisantemos. Una pieza art\u00edstica y vibrante para atraer alegr\u00eda, armon\u00eda y un estilo exclusivo hoy mismo.","og_url":"https:\/\/galeriaseltriunfo.com\/dev2\/producto\/tibor-de-ceramica-estampado-flores-azul-con-blanco-de-17-5x17-5x24cm\/","og_site_name":"Galer\u00edas el Triunfo","article_publisher":"https:\/\/www.facebook.com\/galeriaseltriunfo","article_modified_time":"2026-03-27T16:21:52+00:00","og_image":[{"width":940,"height":1215,"url":"https:\/\/galeriaseltriunfo.com\/dev2\/wp-content\/uploads\/2026\/01\/093072845059.webp","type":"image\/jpeg"}],"twitter_card":"summary_large_image","twitter_site":"@Gal_El_Triunfo","twitter_misc":{"Tiempo de lectura":"3 minutos"},"schema":{"@context":"https:\/\/schema.org","@graph":[{"@type":["WebPage","SearchResultsPage"],"@id":"https:\/\/galeriaseltriunfo.com\/dev2\/producto\/tibor-de-ceramica-estampado-flores-azul-con-blanco-de-17-5x17-5x24cm\/","url":"https:\/\/galeriaseltriunfo.com\/dev2\/producto\/tibor-de-ceramica-estampado-flores-azul-con-blanco-de-17-5x17-5x24cm\/","name":"Tibor\u00a0Jard\u00edn\u00a0de\u00a0Crisantemos | Galer\u00edas El Triunfo","isPartOf":{"@id":"https:\/\/galeriaseltriunfo.com\/dev2\/#website"},"primaryImageOfPage":{"@id":"https:\/\/galeriaseltriunfo.com\/dev2\/producto\/tibor-de-ceramica-estampado-flores-azul-con-blanco-de-17-5x17-5x24cm\/#primaryimage"},"image":{"@id":"https:\/\/galeriaseltriunfo.com\/dev2\/producto\/tibor-de-ceramica-estampado-flores-azul-con-blanco-de-17-5x17-5x24cm\/#primaryimage"},"thumbnailUrl":"https:\/\/galeriaseltriunfo.com\/dev2\/wp-content\/uploads\/2026\/01\/093072845059.webp","datePublished":"2026-01-21T06:00:00+00:00","dateModified":"2026-03-27T16:21:52+00:00","description":"Dale vida a tu hogar con el Tibor jard\u00edn de crisantemos. Una pieza art\u00edstica y vibrante para atraer alegr\u00eda, armon\u00eda y un estilo exclusivo hoy mismo.","breadcrumb":{"@id":"https:\/\/galeriaseltriunfo.com\/dev2\/producto\/tibor-de-ceramica-estampado-flores-azul-con-blanco-de-17-5x17-5x24cm\/#breadcrumb"},"inLanguage":"es","potentialAction":[{"@type":"ReadAction","target":["https:\/\/galeriaseltriunfo.com\/dev2\/producto\/tibor-de-ceramica-estampado-flores-azul-con-blanco-de-17-5x17-5x24cm\/"]}]},{"@type":"ImageObject","inLanguage":"es","@id":"https:\/\/galeriaseltriunfo.com\/dev2\/producto\/tibor-de-ceramica-estampado-flores-azul-con-blanco-de-17-5x17-5x24cm\/#primaryimage","url":"https:\/\/galeriaseltriunfo.com\/dev2\/wp-content\/uploads\/2026\/01\/093072845059.webp","contentUrl":"https:\/\/galeriaseltriunfo.com\/dev2\/wp-content\/uploads\/2026\/01\/093072845059.webp","width":940,"height":1215,"caption":"093072845059-galerias el triunfo"},{"@type":"BreadcrumbList","@id":"https:\/\/galeriaseltriunfo.com\/dev2\/producto\/tibor-de-ceramica-estampado-flores-azul-con-blanco-de-17-5x17-5x24cm\/#breadcrumb","itemListElement":[{"@type":"ListItem","position":1,"name":"Inicio","item":"https:\/\/galeriaseltriunfo.com\/dev2\/"},{"@type":"ListItem","position":2,"name":"Tienda","item":"https:\/\/galeriaseltriunfo.com\/dev2\/tienda\/"},{"@type":"ListItem","position":3,"name":"Tibor\u00a0Jard\u00edn\u00a0de\u00a0Crisantemos"}]},{"@type":"WebSite","@id":"https:\/\/galeriaseltriunfo.com\/dev2\/#website","url":"https:\/\/galeriaseltriunfo.com\/dev2\/","name":"Galer\u00edas el Triunfo","description":"Galer\u00edas el Triunfo es una de las tiendas online m\u00e1s grandes de accesorios y art\u00edculos de decoraci\u00f3n para el hogar, el jard\u00edn y la oficina. \u00a1Compra ahora!","publisher":{"@id":"https:\/\/galeriaseltriunfo.com\/dev2\/#organization"},"potentialAction":[{"@type":"SearchAction","target":{"@type":"EntryPoint","urlTemplate":"https:\/\/galeriaseltriunfo.com\/dev2\/?s={search_term_string}"},"query-input":{"@type":"PropertyValueSpecification","valueRequired":true,"valueName":"search_term_string"}}],"inLanguage":"es"},{"@type":"Organization","@id":"https:\/\/galeriaseltriunfo.com\/dev2\/#organization","name":"Galer\u00edas el Triunfo","url":"https:\/\/galeriaseltriunfo.com\/dev2\/","logo":{"@type":"ImageObject","inLanguage":"es","@id":"https:\/\/galeriaseltriunfo.com\/dev2\/#\/schema\/logo\/image\/","url":"https:\/\/galeriaseltriunfo.com\/wp-content\/uploads\/2023\/08\/logotipo-galerias-fondo-2x-min.webp","contentUrl":"https:\/\/galeriaseltriunfo.com\/wp-content\/uploads\/2023\/08\/logotipo-galerias-fondo-2x-min.webp","width":184,"height":264,"caption":"Galer\u00edas el Triunfo"},"image":{"@id":"https:\/\/galeriaseltriunfo.com\/dev2\/#\/schema\/logo\/image\/"},"sameAs":["https:\/\/www.facebook.com\/galeriaseltriunfo","https:\/\/x.com\/Gal_El_Triunfo","https:\/\/www.pinterest.com\/GaleriaselTriunfo","https:\/\/instagram.com\/galeriaseltriunfomx","https:\/\/www.youtube.com\/channel\/UChIaW2ZBBS4Pg8pkw0HuE7g","https:\/\/www.tiktok.com\/@galeriaseltriunfo"]}]}},"_links":{"self":[{"href":"https:\/\/galeriaseltriunfo.com\/dev2\/wp-json\/wp\/v2\/product\/483389","targetHints":{"allow":["GET"]}}],"collection":[{"href":"https:\/\/galeriaseltriunfo.com\/dev2\/wp-json\/wp\/v2\/product"}],"about":[{"href":"https:\/\/galeriaseltriunfo.com\/dev2\/wp-json\/wp\/v2\/types\/product"}],"wp:featuredmedia":[{"embeddable":true,"href":"https:\/\/galeriaseltriunfo.com\/dev2\/wp-json\/wp\/v2\/media\/483391"}],"wp:attachment":[{"href":"https:\/\/galeriaseltriunfo.com\/dev2\/wp-json\/wp\/v2\/media?parent=483389"}],"wp:term":[{"taxonomy":"product_brand","embeddable":true,"href":"https:\/\/galeriaseltriunfo.com\/dev2\/wp-json\/wp\/v2\/product_brand?post=483389"},{"taxonomy":"product_cat","embeddable":true,"href":"https:\/\/galeriaseltriunfo.com\/dev2\/wp-json\/wp\/v2\/product_cat?post=483389"},{"taxonomy":"product_tag","embeddable":true,"href":"https:\/\/galeriaseltriunfo.com\/dev2\/wp-json\/wp\/v2\/product_tag?post=483389"}],"curies":[{"name":"wp","href":"https:\/\/api.w.org\/{rel}","templated":true}]}}