{"id":485668,"date":"2026-02-06T00:00:00","date_gmt":"2026-02-06T06:00:00","guid":{"rendered":"https:\/\/galeriaseltriunfo.com\/producto\/cava-diseno-cabina-telefonica-roja-de-73x40x198cm\/"},"modified":"2026-03-30T10:13:59","modified_gmt":"2026-03-30T16:13:59","slug":"cava-diseno-cabina-telefonica-roja-de-73x40x198cm","status":"publish","type":"product","link":"https:\/\/galeriaseltriunfo.com\/dev2\/producto\/cava-diseno-cabina-telefonica-roja-de-73x40x198cm\/","title":{"rendered":"Cava Telef\u00f3nica London"},"content":{"rendered":"<p data-path-to-node=\"6,0\">La <b data-path-to-node=\"6,0\" data-index-in-node=\"3\">Cava Telef\u00f3nica London Madera<\/b> es mucho m\u00e1s que un mueble de almacenamiento. Es una pieza de <b data-path-to-node=\"6,0\" data-index-in-node=\"95\">interiorismo<\/b> ic\u00f3nica que evoca la sofisticaci\u00f3n del Londres <b data-path-to-node=\"6,0\" data-index-in-node=\"155\">cl\u00e1sico<\/b> directamente en tu hogar. Esta cava tem\u00e1tica destaca por su fabricaci\u00f3n meticulosa con madera de <b data-path-to-node=\"6,0\" data-index-in-node=\"260\">alta calidad<\/b>. Es el dise\u00f1o ideal para quienes buscan piezas de conversaci\u00f3n que fusionen <b data-path-to-node=\"6,0\" data-index-in-node=\"349\">arte<\/b> y <b data-path-to-node=\"6,0\" data-index-in-node=\"356\">funcionalidad<\/b>. Su estructura robusta y su acabado <b data-path-to-node=\"6,0\" data-index-in-node=\"406\">artesanal<\/b> garantizan una <b data-path-to-node=\"6,0\" data-index-in-node=\"431\">durabilidad<\/b> excepcional. Adem\u00e1s, su dise\u00f1o inspirado en las tradicionales <b data-path-to-node=\"6,0\" data-index-in-node=\"505\">cabinas telef\u00f3nicas brit\u00e1nicas<\/b> aporta un car\u00e1cter <b data-path-to-node=\"6,0\" data-index-in-node=\"555\">vintage<\/b> inigualable a cualquier espacio.<\/p>\n<p data-path-to-node=\"6,1\">Esta <b data-path-to-node=\"6,1\" data-index-in-node=\"5\">Cava Telef\u00f3nica London Madera<\/b> ofrece el compartimiento <b data-path-to-node=\"6,1\" data-index-in-node=\"60\">ideal<\/b> para organizar tu <b data-path-to-node=\"6,1\" data-index-in-node=\"84\">colecci\u00f3n<\/b> de vinos m\u00e1s preciada. Su dise\u00f1o permite seguir <b data-path-to-node=\"6,1\" data-index-in-node=\"142\">protegiendo<\/b> las botellas de forma segura. Tambi\u00e9n permite mantenerlas al alcance para tus <b data-path-to-node=\"6,1\" data-index-in-node=\"232\">reuniones sociales<\/b>. Su presencia es <b data-path-to-node=\"6,1\" data-index-in-node=\"268\">imponente<\/b>. Por ello, se convierte en el <b data-path-to-node=\"6,1\" data-index-in-node=\"308\">punto focal<\/b> perfecto para salas de estar, estudios o \u00e1reas de bar privadas. En el <b data-path-to-node=\"6,1\" data-index-in-node=\"390\">mundo del dise\u00f1o<\/b> de <b data-path-to-node=\"6,1\" data-index-in-node=\"410\">interiores<\/b>, pocos accesorios logran equilibrar tan bien la nostalgia con la utilidad <b data-path-to-node=\"6,1\" data-index-in-node=\"495\">moderna<\/b>.<\/p>\n<p data-path-to-node=\"6,2\">Al integrar la <b data-path-to-node=\"6,2\" data-index-in-node=\"15\">Cava Telef\u00f3nica London Madera<\/b> en tu decoraci\u00f3n, apuestas por un ambiente de <b data-path-to-node=\"6,2\" data-index-in-node=\"91\">lujo<\/b> y <b data-path-to-node=\"6,2\" data-index-in-node=\"98\">distinci\u00f3n<\/b>. Esta pieza destaca dentro de nuestra exclusiva categor\u00eda de <b data-path-to-node=\"6,2\" data-index-in-node=\"170\"><a target=\"_blank\" href=\"https:\/\/galeriaseltriunfo.com\/categoria\/horeca\/bar\/accesorios-para-bar\/\" rel=\"noopener\" class=\"ng-star-inserted\" data-hveid=\"0\" data-ved=\"0CAAQ_4QMahgKEwjIuvO7osWSAxUAAAAAHQAAAAAQ-gg\">Accesorios para Bar<\/a><\/b>. Es una de las opciones favoritas para quienes valoran la <b data-path-to-node=\"6,2\" data-index-in-node=\"248\">est\u00e9tica retro<\/b> y la <b data-path-to-node=\"6,2\" data-index-in-node=\"268\">calidad premium<\/b> de <b data-path-to-node=\"6,2\" data-index-in-node=\"287\">Galer\u00edas El Triunfo<\/b>. No pierdas la oportunidad de elevar el nivel de tu \u00e1rea de entretenimiento. Adquiere esta pieza que es, en s\u00ed misma, una <b data-path-to-node=\"6,2\" data-index-in-node=\"429\">obra de dise\u00f1o hist\u00f3rico<\/b>.<\/p>\n","protected":false},"excerpt":{"rendered":"<p>La Cava Telef\u00f3nica London Madera es mucho m\u00e1s que un  [&#8230;]<\/p>\n","protected":false},"featured_media":485670,"template":"","meta":[],"product_brand":[],"product_cat":[105],"product_tag":[10738,10740,2653,10742,9917,10741,10425,1731,2632,7428,3212],"class_list":{"0":"post-485668","1":"product","2":"type-product","3":"status-publish","4":"has-post-thumbnail","6":"product_cat-accesorios-para-bar","7":"product_tag-accesorios-para-bar","8":"product_tag-cava","9":"product_tag-decoracion","10":"product_tag-estilo-ingles","11":"product_tag-galerias-el-triunfo","12":"product_tag-london","13":"product_tag-mueble-bar","14":"product_tag-retro","15":"product_tag-roja","16":"product_tag-telefonica","17":"product_tag-vintage","19":"first","20":"instock","21":"sale","22":"purchasable","23":"product-type-simple"},"yoast_head":"<!-- This site is optimized with the Yoast SEO plugin v27.4 - https:\/\/yoast.com\/product\/yoast-seo-wordpress\/ -->\n<title>Cava Telef\u00f3nica London | Accesorios para Bar | El Triunfo<\/title>\n<meta name=\"description\" content=\"Descubre la Cava Telef\u00f3nica London Madera. Un mueble ic\u00f3nico y elegante dise\u00f1ado para organizar tus vinos con el estilo brit\u00e1nico m\u00e1s exclusivo.\" \/>\n<meta name=\"robots\" content=\"index, follow, max-snippet:-1, max-image-preview:large, max-video-preview:-1\" \/>\n<link rel=\"canonical\" href=\"https:\/\/galeriaseltriunfo.com\/dev2\/producto\/cava-diseno-cabina-telefonica-roja-de-73x40x198cm\/\" \/>\n<meta property=\"og:locale\" content=\"es_MX\" \/>\n<meta property=\"og:type\" content=\"article\" \/>\n<meta property=\"og:title\" content=\"Cava Telef\u00f3nica London | Accesorios para Bar | El Triunfo\" \/>\n<meta property=\"og:description\" content=\"Descubre la Cava Telef\u00f3nica London Madera. Un mueble ic\u00f3nico y elegante dise\u00f1ado para organizar tus vinos con el estilo brit\u00e1nico m\u00e1s exclusivo.\" \/>\n<meta property=\"og:url\" content=\"https:\/\/galeriaseltriunfo.com\/dev2\/producto\/cava-diseno-cabina-telefonica-roja-de-73x40x198cm\/\" \/>\n<meta property=\"og:site_name\" content=\"Galer\u00edas el Triunfo\" \/>\n<meta property=\"article:publisher\" content=\"https:\/\/www.facebook.com\/galeriaseltriunfo\" \/>\n<meta property=\"article:modified_time\" content=\"2026-03-30T16:13:59+00:00\" \/>\n<meta property=\"og:image\" content=\"https:\/\/galeriaseltriunfo.com\/dev2\/wp-content\/uploads\/2026\/02\/160807152045.webp\" \/>\n\t<meta property=\"og:image:width\" content=\"940\" \/>\n\t<meta property=\"og:image:height\" content=\"1215\" \/>\n\t<meta property=\"og:image:type\" content=\"image\/jpeg\" \/>\n<meta name=\"twitter:card\" content=\"summary_large_image\" \/>\n<meta name=\"twitter:site\" content=\"@Gal_El_Triunfo\" \/>\n<meta name=\"twitter:label1\" content=\"Tiempo de lectura\" \/>\n\t<meta name=\"twitter:data1\" content=\"2 minutos\" \/>\n<script type=\"application\/ld+json\" class=\"yoast-schema-graph\">{\"@context\":\"https:\\\/\\\/schema.org\",\"@graph\":[{\"@type\":[\"WebPage\",\"SearchResultsPage\"],\"@id\":\"https:\\\/\\\/galeriaseltriunfo.com\\\/dev2\\\/producto\\\/cava-diseno-cabina-telefonica-roja-de-73x40x198cm\\\/\",\"url\":\"https:\\\/\\\/galeriaseltriunfo.com\\\/dev2\\\/producto\\\/cava-diseno-cabina-telefonica-roja-de-73x40x198cm\\\/\",\"name\":\"Cava Telef\u00f3nica London | Accesorios para Bar | El Triunfo\",\"isPartOf\":{\"@id\":\"https:\\\/\\\/galeriaseltriunfo.com\\\/dev2\\\/#website\"},\"primaryImageOfPage\":{\"@id\":\"https:\\\/\\\/galeriaseltriunfo.com\\\/dev2\\\/producto\\\/cava-diseno-cabina-telefonica-roja-de-73x40x198cm\\\/#primaryimage\"},\"image\":{\"@id\":\"https:\\\/\\\/galeriaseltriunfo.com\\\/dev2\\\/producto\\\/cava-diseno-cabina-telefonica-roja-de-73x40x198cm\\\/#primaryimage\"},\"thumbnailUrl\":\"https:\\\/\\\/galeriaseltriunfo.com\\\/dev2\\\/wp-content\\\/uploads\\\/2026\\\/02\\\/160807152045.webp\",\"datePublished\":\"2026-02-06T06:00:00+00:00\",\"dateModified\":\"2026-03-30T16:13:59+00:00\",\"description\":\"Descubre la Cava Telef\u00f3nica London Madera. Un mueble ic\u00f3nico y elegante dise\u00f1ado para organizar tus vinos con el estilo brit\u00e1nico m\u00e1s exclusivo.\",\"breadcrumb\":{\"@id\":\"https:\\\/\\\/galeriaseltriunfo.com\\\/dev2\\\/producto\\\/cava-diseno-cabina-telefonica-roja-de-73x40x198cm\\\/#breadcrumb\"},\"inLanguage\":\"es\",\"potentialAction\":[{\"@type\":\"ReadAction\",\"target\":[\"https:\\\/\\\/galeriaseltriunfo.com\\\/dev2\\\/producto\\\/cava-diseno-cabina-telefonica-roja-de-73x40x198cm\\\/\"]}]},{\"@type\":\"ImageObject\",\"inLanguage\":\"es\",\"@id\":\"https:\\\/\\\/galeriaseltriunfo.com\\\/dev2\\\/producto\\\/cava-diseno-cabina-telefonica-roja-de-73x40x198cm\\\/#primaryimage\",\"url\":\"https:\\\/\\\/galeriaseltriunfo.com\\\/dev2\\\/wp-content\\\/uploads\\\/2026\\\/02\\\/160807152045.webp\",\"contentUrl\":\"https:\\\/\\\/galeriaseltriunfo.com\\\/dev2\\\/wp-content\\\/uploads\\\/2026\\\/02\\\/160807152045.webp\",\"width\":940,\"height\":1215,\"caption\":\"160807152045-galerias el triunfo\"},{\"@type\":\"BreadcrumbList\",\"@id\":\"https:\\\/\\\/galeriaseltriunfo.com\\\/dev2\\\/producto\\\/cava-diseno-cabina-telefonica-roja-de-73x40x198cm\\\/#breadcrumb\",\"itemListElement\":[{\"@type\":\"ListItem\",\"position\":1,\"name\":\"Inicio\",\"item\":\"https:\\\/\\\/galeriaseltriunfo.com\\\/dev2\\\/\"},{\"@type\":\"ListItem\",\"position\":2,\"name\":\"Tienda\",\"item\":\"https:\\\/\\\/galeriaseltriunfo.com\\\/dev2\\\/tienda\\\/\"},{\"@type\":\"ListItem\",\"position\":3,\"name\":\"Cava Telef\u00f3nica London\"}]},{\"@type\":\"WebSite\",\"@id\":\"https:\\\/\\\/galeriaseltriunfo.com\\\/dev2\\\/#website\",\"url\":\"https:\\\/\\\/galeriaseltriunfo.com\\\/dev2\\\/\",\"name\":\"Galer\u00edas el Triunfo\",\"description\":\"Galer\u00edas el Triunfo es una de las tiendas online m\u00e1s grandes de accesorios y art\u00edculos de decoraci\u00f3n para el hogar, el jard\u00edn y la oficina. \u00a1Compra ahora!\",\"publisher\":{\"@id\":\"https:\\\/\\\/galeriaseltriunfo.com\\\/dev2\\\/#organization\"},\"potentialAction\":[{\"@type\":\"SearchAction\",\"target\":{\"@type\":\"EntryPoint\",\"urlTemplate\":\"https:\\\/\\\/galeriaseltriunfo.com\\\/dev2\\\/?s={search_term_string}\"},\"query-input\":{\"@type\":\"PropertyValueSpecification\",\"valueRequired\":true,\"valueName\":\"search_term_string\"}}],\"inLanguage\":\"es\"},{\"@type\":\"Organization\",\"@id\":\"https:\\\/\\\/galeriaseltriunfo.com\\\/dev2\\\/#organization\",\"name\":\"Galer\u00edas el Triunfo\",\"url\":\"https:\\\/\\\/galeriaseltriunfo.com\\\/dev2\\\/\",\"logo\":{\"@type\":\"ImageObject\",\"inLanguage\":\"es\",\"@id\":\"https:\\\/\\\/galeriaseltriunfo.com\\\/dev2\\\/#\\\/schema\\\/logo\\\/image\\\/\",\"url\":\"https:\\\/\\\/galeriaseltriunfo.com\\\/wp-content\\\/uploads\\\/2023\\\/08\\\/logotipo-galerias-fondo-2x-min.webp\",\"contentUrl\":\"https:\\\/\\\/galeriaseltriunfo.com\\\/wp-content\\\/uploads\\\/2023\\\/08\\\/logotipo-galerias-fondo-2x-min.webp\",\"width\":184,\"height\":264,\"caption\":\"Galer\u00edas el Triunfo\"},\"image\":{\"@id\":\"https:\\\/\\\/galeriaseltriunfo.com\\\/dev2\\\/#\\\/schema\\\/logo\\\/image\\\/\"},\"sameAs\":[\"https:\\\/\\\/www.facebook.com\\\/galeriaseltriunfo\",\"https:\\\/\\\/x.com\\\/Gal_El_Triunfo\",\"https:\\\/\\\/www.pinterest.com\\\/GaleriaselTriunfo\",\"https:\\\/\\\/instagram.com\\\/galeriaseltriunfomx\",\"https:\\\/\\\/www.youtube.com\\\/channel\\\/UChIaW2ZBBS4Pg8pkw0HuE7g\",\"https:\\\/\\\/www.tiktok.com\\\/@galeriaseltriunfo\"]}]}<\/script>\n<!-- \/ Yoast SEO plugin. -->","yoast_head_json":{"title":"Cava Telef\u00f3nica London | Accesorios para Bar | El Triunfo","description":"Descubre la Cava Telef\u00f3nica London Madera. Un mueble ic\u00f3nico y elegante dise\u00f1ado para organizar tus vinos con el estilo brit\u00e1nico m\u00e1s exclusivo.","robots":{"index":"index","follow":"follow","max-snippet":"max-snippet:-1","max-image-preview":"max-image-preview:large","max-video-preview":"max-video-preview:-1"},"canonical":"https:\/\/galeriaseltriunfo.com\/dev2\/producto\/cava-diseno-cabina-telefonica-roja-de-73x40x198cm\/","og_locale":"es_MX","og_type":"article","og_title":"Cava Telef\u00f3nica London | Accesorios para Bar | El Triunfo","og_description":"Descubre la Cava Telef\u00f3nica London Madera. Un mueble ic\u00f3nico y elegante dise\u00f1ado para organizar tus vinos con el estilo brit\u00e1nico m\u00e1s exclusivo.","og_url":"https:\/\/galeriaseltriunfo.com\/dev2\/producto\/cava-diseno-cabina-telefonica-roja-de-73x40x198cm\/","og_site_name":"Galer\u00edas el Triunfo","article_publisher":"https:\/\/www.facebook.com\/galeriaseltriunfo","article_modified_time":"2026-03-30T16:13:59+00:00","og_image":[{"width":940,"height":1215,"url":"https:\/\/galeriaseltriunfo.com\/dev2\/wp-content\/uploads\/2026\/02\/160807152045.webp","type":"image\/jpeg"}],"twitter_card":"summary_large_image","twitter_site":"@Gal_El_Triunfo","twitter_misc":{"Tiempo de lectura":"2 minutos"},"schema":{"@context":"https:\/\/schema.org","@graph":[{"@type":["WebPage","SearchResultsPage"],"@id":"https:\/\/galeriaseltriunfo.com\/dev2\/producto\/cava-diseno-cabina-telefonica-roja-de-73x40x198cm\/","url":"https:\/\/galeriaseltriunfo.com\/dev2\/producto\/cava-diseno-cabina-telefonica-roja-de-73x40x198cm\/","name":"Cava Telef\u00f3nica London | Accesorios para Bar | El Triunfo","isPartOf":{"@id":"https:\/\/galeriaseltriunfo.com\/dev2\/#website"},"primaryImageOfPage":{"@id":"https:\/\/galeriaseltriunfo.com\/dev2\/producto\/cava-diseno-cabina-telefonica-roja-de-73x40x198cm\/#primaryimage"},"image":{"@id":"https:\/\/galeriaseltriunfo.com\/dev2\/producto\/cava-diseno-cabina-telefonica-roja-de-73x40x198cm\/#primaryimage"},"thumbnailUrl":"https:\/\/galeriaseltriunfo.com\/dev2\/wp-content\/uploads\/2026\/02\/160807152045.webp","datePublished":"2026-02-06T06:00:00+00:00","dateModified":"2026-03-30T16:13:59+00:00","description":"Descubre la Cava Telef\u00f3nica London Madera. Un mueble ic\u00f3nico y elegante dise\u00f1ado para organizar tus vinos con el estilo brit\u00e1nico m\u00e1s exclusivo.","breadcrumb":{"@id":"https:\/\/galeriaseltriunfo.com\/dev2\/producto\/cava-diseno-cabina-telefonica-roja-de-73x40x198cm\/#breadcrumb"},"inLanguage":"es","potentialAction":[{"@type":"ReadAction","target":["https:\/\/galeriaseltriunfo.com\/dev2\/producto\/cava-diseno-cabina-telefonica-roja-de-73x40x198cm\/"]}]},{"@type":"ImageObject","inLanguage":"es","@id":"https:\/\/galeriaseltriunfo.com\/dev2\/producto\/cava-diseno-cabina-telefonica-roja-de-73x40x198cm\/#primaryimage","url":"https:\/\/galeriaseltriunfo.com\/dev2\/wp-content\/uploads\/2026\/02\/160807152045.webp","contentUrl":"https:\/\/galeriaseltriunfo.com\/dev2\/wp-content\/uploads\/2026\/02\/160807152045.webp","width":940,"height":1215,"caption":"160807152045-galerias el triunfo"},{"@type":"BreadcrumbList","@id":"https:\/\/galeriaseltriunfo.com\/dev2\/producto\/cava-diseno-cabina-telefonica-roja-de-73x40x198cm\/#breadcrumb","itemListElement":[{"@type":"ListItem","position":1,"name":"Inicio","item":"https:\/\/galeriaseltriunfo.com\/dev2\/"},{"@type":"ListItem","position":2,"name":"Tienda","item":"https:\/\/galeriaseltriunfo.com\/dev2\/tienda\/"},{"@type":"ListItem","position":3,"name":"Cava Telef\u00f3nica London"}]},{"@type":"WebSite","@id":"https:\/\/galeriaseltriunfo.com\/dev2\/#website","url":"https:\/\/galeriaseltriunfo.com\/dev2\/","name":"Galer\u00edas el Triunfo","description":"Galer\u00edas el Triunfo es una de las tiendas online m\u00e1s grandes de accesorios y art\u00edculos de decoraci\u00f3n para el hogar, el jard\u00edn y la oficina. \u00a1Compra ahora!","publisher":{"@id":"https:\/\/galeriaseltriunfo.com\/dev2\/#organization"},"potentialAction":[{"@type":"SearchAction","target":{"@type":"EntryPoint","urlTemplate":"https:\/\/galeriaseltriunfo.com\/dev2\/?s={search_term_string}"},"query-input":{"@type":"PropertyValueSpecification","valueRequired":true,"valueName":"search_term_string"}}],"inLanguage":"es"},{"@type":"Organization","@id":"https:\/\/galeriaseltriunfo.com\/dev2\/#organization","name":"Galer\u00edas el Triunfo","url":"https:\/\/galeriaseltriunfo.com\/dev2\/","logo":{"@type":"ImageObject","inLanguage":"es","@id":"https:\/\/galeriaseltriunfo.com\/dev2\/#\/schema\/logo\/image\/","url":"https:\/\/galeriaseltriunfo.com\/wp-content\/uploads\/2023\/08\/logotipo-galerias-fondo-2x-min.webp","contentUrl":"https:\/\/galeriaseltriunfo.com\/wp-content\/uploads\/2023\/08\/logotipo-galerias-fondo-2x-min.webp","width":184,"height":264,"caption":"Galer\u00edas el Triunfo"},"image":{"@id":"https:\/\/galeriaseltriunfo.com\/dev2\/#\/schema\/logo\/image\/"},"sameAs":["https:\/\/www.facebook.com\/galeriaseltriunfo","https:\/\/x.com\/Gal_El_Triunfo","https:\/\/www.pinterest.com\/GaleriaselTriunfo","https:\/\/instagram.com\/galeriaseltriunfomx","https:\/\/www.youtube.com\/channel\/UChIaW2ZBBS4Pg8pkw0HuE7g","https:\/\/www.tiktok.com\/@galeriaseltriunfo"]}]}},"_links":{"self":[{"href":"https:\/\/galeriaseltriunfo.com\/dev2\/wp-json\/wp\/v2\/product\/485668","targetHints":{"allow":["GET"]}}],"collection":[{"href":"https:\/\/galeriaseltriunfo.com\/dev2\/wp-json\/wp\/v2\/product"}],"about":[{"href":"https:\/\/galeriaseltriunfo.com\/dev2\/wp-json\/wp\/v2\/types\/product"}],"wp:featuredmedia":[{"embeddable":true,"href":"https:\/\/galeriaseltriunfo.com\/dev2\/wp-json\/wp\/v2\/media\/485670"}],"wp:attachment":[{"href":"https:\/\/galeriaseltriunfo.com\/dev2\/wp-json\/wp\/v2\/media?parent=485668"}],"wp:term":[{"taxonomy":"product_brand","embeddable":true,"href":"https:\/\/galeriaseltriunfo.com\/dev2\/wp-json\/wp\/v2\/product_brand?post=485668"},{"taxonomy":"product_cat","embeddable":true,"href":"https:\/\/galeriaseltriunfo.com\/dev2\/wp-json\/wp\/v2\/product_cat?post=485668"},{"taxonomy":"product_tag","embeddable":true,"href":"https:\/\/galeriaseltriunfo.com\/dev2\/wp-json\/wp\/v2\/product_tag?post=485668"}],"curies":[{"name":"wp","href":"https:\/\/api.w.org\/{rel}","templated":true}]}}