{"id":490089,"date":"2026-02-27T00:00:00","date_gmt":"2026-02-27T06:00:00","guid":{"rendered":"https:\/\/galeriaseltriunfo.com\/producto\/bufetera-de-acero-inoxidable-dorada-de-42x42x72cm\/"},"modified":"2026-03-27T10:30:45","modified_gmt":"2026-03-27T16:30:45","slug":"bufetera-de-acero-inoxidable-dorada-de-42x42x72cm","status":"publish","type":"product","link":"https:\/\/galeriaseltriunfo.com\/dev2\/producto\/bufetera-de-acero-inoxidable-dorada-de-42x42x72cm\/","title":{"rendered":"Bufetera\u00a0&#8216;Golden Rose&#8217; con Tapa Suspendida"},"content":{"rendered":"<h3 data-path-to-node=\"8\"><b data-path-to-node=\"8\" data-index-in-node=\"0\">Elegancia Y Distinci\u00f3n En Tu Mesa<\/b><\/h3>\n<p data-path-to-node=\"9\">La <b data-path-to-node=\"9\" data-index-in-node=\"3\">Bufetera Golden Rose Con Tapa Suspendida<\/b> es la pieza maestra para quien busca distinci\u00f3n y un estilo audaz. Este objeto es vibrante. Ofrece una <b data-path-to-node=\"9\" data-index-in-node=\"147\">sofisticaci\u00f3n art\u00edstica<\/b> incomparable para cualquier celebraci\u00f3n especial en <b data-path-to-node=\"9\" data-index-in-node=\"223\">tu hogar<\/b> o negocio. Su sola presencia ayuda a elevar la presentaci\u00f3n de tus banquetes de manera inmediata. Lo logra mediante su brillo rosado met\u00e1lico. Por esta raz\u00f3n, el dise\u00f1o de la l\u00ednea Golden Rose evoca la elegancia y la fuerza del lujo contempor\u00e1neo.<\/p>\n<p data-path-to-node=\"10\">Tambi\u00e9n transmite una vitalidad \u00fanica a trav\u00e9s de su acabado pulido que captura la luz de todo el sal\u00f3n. Su textura suave invita a la admiraci\u00f3n constante en cada momento del servicio. Funciona en cualquier circunstancia gastron\u00f3mica. De hecho, este elemento permite que tu mesa de bufet resalte con mucha fuerza hoy mismo de forma imponente. Adem\u00e1s, su est\u00e9tica simboliza la <b data-path-to-node=\"10\" data-index-in-node=\"376\">prosperidad<\/b>. Representa la <b data-path-to-node=\"10\" data-index-in-node=\"403\">vitalidad<\/b> de un evento organizado con los m\u00e1s altos est\u00e1ndares. Posee un <b data-path-to-node=\"10\" data-index-in-node=\"476\">magnetismo visual<\/b> absoluto para la decoraci\u00f3n profesional.<\/p>\n<h3 data-path-to-node=\"11\"><b data-path-to-node=\"11\" data-index-in-node=\"0\">Beneficios De Uso Y Calidad Gourmet<\/b><\/h3>\n<p data-path-to-node=\"12\">En consecuencia, es la opci\u00f3n ideal para quien valora la <b data-path-to-node=\"12\" data-index-in-node=\"57\">exclusividad<\/b> y el dise\u00f1o de alta gama para reuniones. Al observar esta pieza, se experimenta una sensaci\u00f3n de <b data-path-to-node=\"12\" data-index-in-node=\"167\">felicidad y seguridad<\/b> por el \u00e9xito de su evento. Por lo tanto, usted sentir\u00e1 una atm\u00f3sfera de <b data-path-to-node=\"12\" data-index-in-node=\"261\">renovaci\u00f3n est\u00e9tica<\/b>. Integrar este elemento ofrece el beneficio de transformar un servicio de alimentos en un escenario de <b data-path-to-node=\"12\" data-index-in-node=\"384\">lujo visual<\/b>. As\u00ed, usted lograr\u00e1 un toque de <b data-path-to-node=\"12\" data-index-in-node=\"428\">creatividad culinaria<\/b> y eficiencia con mucha facilidad.<\/p>\n<p data-path-to-node=\"13\">La <b data-path-to-node=\"13\" data-index-in-node=\"3\">Bufetera Golden Rose Con Tapa Suspendida<\/b> destaca por su alta capacidad t\u00e9cnica y su acabado artesanal de primera. De igual forma, esta pieza juega con la funcionalidad gracias a su tapa de apertura suave. Incluye una suspensi\u00f3n ergon\u00f3mica. Su dise\u00f1o detallado garantiza una <b data-path-to-node=\"13\" data-index-in-node=\"277\">armon\u00eda est\u00e9tica<\/b> perfecta en todo momento. La fabricaci\u00f3n con materiales seleccionados asegura una <b data-path-to-node=\"13\" data-index-in-node=\"376\">durabilidad superior<\/b> para el usuario m\u00e1s exigente. Por lo tanto, el material mantiene la intensidad de su tono rosado por mucho tiempo.<\/p>\n<h3 data-path-to-node=\"14\"><b data-path-to-node=\"14\" data-index-in-node=\"0\">Gu\u00eda De Uso Y Mantenimiento Premium<\/b><\/h3>\n<p data-path-to-node=\"15\">Respecto a su uso, coloque la bufetera sobre una mesa o estaci\u00f3n de servicio firme con total confianza. Busque un lugar donde su dise\u00f1o se pueda lucir desde diferentes \u00e1ngulos. Esto maximiza su impacto visual bajo la iluminaci\u00f3n del recinto de forma constante. Primero, limpie la superficie utilizando un pa\u00f1o de microfibra suave. H\u00e1galo con mucha delicadeza para evitar cualquier rayadura. Retire cualquier residuo de vapor sin afectar el acabado brillante de la pieza met\u00e1lica.<\/p>\n<p data-path-to-node=\"16\">De este modo, mantendr\u00e1 el brillo del oro rosa en estado impecable por muchos a\u00f1os. Como resultado, evitar\u00e1 que la suciedad opaque su belleza intr\u00ednseca y su valor profesional. Es fundamental evitar el uso de productos qu\u00edmicos abrasivos o solventes fuertes. Por favor, no utilice fibras r\u00edgidas que puedan desprender el acabado espejo. Guarde este equipo con cuidado para mantener su estructura operativa. As\u00ed garantizar\u00e1 una <b data-path-to-node=\"16\" data-index-in-node=\"427\">calidad excepcional<\/b> en la categor\u00eda de <b data-path-to-node=\"16\" data-index-in-node=\"466\"><a target=\"_blank\" href=\"https:\/\/galeriaseltriunfo.com\/categoria\/horeca\/eventos-2\/\" rel=\"noopener\" class=\"ng-star-inserted\" data-hveid=\"0\" data-ved=\"0CAAQ_4QMahgKEwiww4DeuvqSAxUAAAAAHQAAAAAQogg\">Eventos<\/a><\/b> que representa la excelencia de nuestra tienda profesional. Este producto refleja el compromiso de <b data-path-to-node=\"16\" data-index-in-node=\"573\">Galer\u00edas El Triunfo<\/b> con la excelencia decorativa.<\/p>\n","protected":false},"excerpt":{"rendered":"<p>Elegancia Y Distinci\u00f3n En Tu Mesa La Bufetera Golden Rose  [&#8230;]<\/p>\n","protected":false},"featured_media":490091,"template":"","meta":[],"product_brand":[],"product_cat":[4809],"product_tag":[2978,6954,6952,1755,1551,5563,4725,9917,12059,10639],"class_list":{"0":"post-490089","1":"product","2":"type-product","3":"status-publish","4":"has-post-thumbnail","6":"product_cat-eventos-2","7":"product_tag-acero-inoxidable","8":"product_tag-bufetera","9":"product_tag-buffet","10":"product_tag-cocina","11":"product_tag-dorado","12":"product_tag-elegancia","13":"product_tag-eventos","14":"product_tag-galerias-el-triunfo","15":"product_tag-golden-rose","16":"product_tag-servicio-de-mesa","18":"first","19":"instock","20":"sale","21":"purchasable","22":"product-type-simple"},"yoast_head":"<!-- This site is optimized with the Yoast SEO plugin v27.4 - https:\/\/yoast.com\/product\/yoast-seo-wordpress\/ -->\n<title>Bufetera\u00a0&#039;Golden Rose&#039; con Tapa Suspendida | Galer\u00edas El Triunfo<\/title>\n<meta name=\"description\" content=\"%Eleva tus banquetes con esta bufetera rosada. Una pieza profesional y vibrante para atraer elegancia, armon\u00eda y estilo exclusivo en cualquier evento.\" \/>\n<meta name=\"robots\" content=\"index, follow, max-snippet:-1, max-image-preview:large, max-video-preview:-1\" \/>\n<link rel=\"canonical\" href=\"https:\/\/galeriaseltriunfo.com\/dev2\/producto\/bufetera-de-acero-inoxidable-dorada-de-42x42x72cm\/\" \/>\n<meta property=\"og:locale\" content=\"es_MX\" \/>\n<meta property=\"og:type\" content=\"article\" \/>\n<meta property=\"og:title\" content=\"Bufetera\u00a0&#039;Golden Rose&#039; con Tapa Suspendida | Galer\u00edas El Triunfo\" \/>\n<meta property=\"og:description\" content=\"%Eleva tus banquetes con esta bufetera rosada. Una pieza profesional y vibrante para atraer elegancia, armon\u00eda y estilo exclusivo en cualquier evento.\" \/>\n<meta property=\"og:url\" content=\"https:\/\/galeriaseltriunfo.com\/dev2\/producto\/bufetera-de-acero-inoxidable-dorada-de-42x42x72cm\/\" \/>\n<meta property=\"og:site_name\" content=\"Galer\u00edas el Triunfo\" \/>\n<meta property=\"article:publisher\" content=\"https:\/\/www.facebook.com\/galeriaseltriunfo\" \/>\n<meta property=\"article:modified_time\" content=\"2026-03-27T16:30:45+00:00\" \/>\n<meta property=\"og:image\" content=\"https:\/\/galeriaseltriunfo.com\/dev2\/wp-content\/uploads\/2026\/02\/305001736044.webp\" \/>\n\t<meta property=\"og:image:width\" content=\"900\" \/>\n\t<meta property=\"og:image:height\" content=\"900\" \/>\n\t<meta property=\"og:image:type\" content=\"image\/jpeg\" \/>\n<meta name=\"twitter:card\" content=\"summary_large_image\" \/>\n<meta name=\"twitter:site\" content=\"@Gal_El_Triunfo\" \/>\n<meta name=\"twitter:label1\" content=\"Tiempo de lectura\" \/>\n\t<meta name=\"twitter:data1\" content=\"3 minutos\" \/>\n<script type=\"application\/ld+json\" class=\"yoast-schema-graph\">{\"@context\":\"https:\\\/\\\/schema.org\",\"@graph\":[{\"@type\":[\"WebPage\",\"SearchResultsPage\"],\"@id\":\"https:\\\/\\\/galeriaseltriunfo.com\\\/dev2\\\/producto\\\/bufetera-de-acero-inoxidable-dorada-de-42x42x72cm\\\/\",\"url\":\"https:\\\/\\\/galeriaseltriunfo.com\\\/dev2\\\/producto\\\/bufetera-de-acero-inoxidable-dorada-de-42x42x72cm\\\/\",\"name\":\"Bufetera\u00a0'Golden Rose' con Tapa Suspendida | Galer\u00edas El Triunfo\",\"isPartOf\":{\"@id\":\"https:\\\/\\\/galeriaseltriunfo.com\\\/dev2\\\/#website\"},\"primaryImageOfPage\":{\"@id\":\"https:\\\/\\\/galeriaseltriunfo.com\\\/dev2\\\/producto\\\/bufetera-de-acero-inoxidable-dorada-de-42x42x72cm\\\/#primaryimage\"},\"image\":{\"@id\":\"https:\\\/\\\/galeriaseltriunfo.com\\\/dev2\\\/producto\\\/bufetera-de-acero-inoxidable-dorada-de-42x42x72cm\\\/#primaryimage\"},\"thumbnailUrl\":\"https:\\\/\\\/galeriaseltriunfo.com\\\/dev2\\\/wp-content\\\/uploads\\\/2026\\\/02\\\/305001736044.webp\",\"datePublished\":\"2026-02-27T06:00:00+00:00\",\"dateModified\":\"2026-03-27T16:30:45+00:00\",\"description\":\"%Eleva tus banquetes con esta bufetera rosada. Una pieza profesional y vibrante para atraer elegancia, armon\u00eda y estilo exclusivo en cualquier evento.\",\"breadcrumb\":{\"@id\":\"https:\\\/\\\/galeriaseltriunfo.com\\\/dev2\\\/producto\\\/bufetera-de-acero-inoxidable-dorada-de-42x42x72cm\\\/#breadcrumb\"},\"inLanguage\":\"es\",\"potentialAction\":[{\"@type\":\"ReadAction\",\"target\":[\"https:\\\/\\\/galeriaseltriunfo.com\\\/dev2\\\/producto\\\/bufetera-de-acero-inoxidable-dorada-de-42x42x72cm\\\/\"]}]},{\"@type\":\"ImageObject\",\"inLanguage\":\"es\",\"@id\":\"https:\\\/\\\/galeriaseltriunfo.com\\\/dev2\\\/producto\\\/bufetera-de-acero-inoxidable-dorada-de-42x42x72cm\\\/#primaryimage\",\"url\":\"https:\\\/\\\/galeriaseltriunfo.com\\\/dev2\\\/wp-content\\\/uploads\\\/2026\\\/02\\\/305001736044.webp\",\"contentUrl\":\"https:\\\/\\\/galeriaseltriunfo.com\\\/dev2\\\/wp-content\\\/uploads\\\/2026\\\/02\\\/305001736044.webp\",\"width\":900,\"height\":900,\"caption\":\"305001736044-galerias el triunfo\"},{\"@type\":\"BreadcrumbList\",\"@id\":\"https:\\\/\\\/galeriaseltriunfo.com\\\/dev2\\\/producto\\\/bufetera-de-acero-inoxidable-dorada-de-42x42x72cm\\\/#breadcrumb\",\"itemListElement\":[{\"@type\":\"ListItem\",\"position\":1,\"name\":\"Inicio\",\"item\":\"https:\\\/\\\/galeriaseltriunfo.com\\\/dev2\\\/\"},{\"@type\":\"ListItem\",\"position\":2,\"name\":\"Tienda\",\"item\":\"https:\\\/\\\/galeriaseltriunfo.com\\\/dev2\\\/tienda\\\/\"},{\"@type\":\"ListItem\",\"position\":3,\"name\":\"Bufetera\u00a0&#8216;Golden Rose&#8217; con Tapa Suspendida\"}]},{\"@type\":\"WebSite\",\"@id\":\"https:\\\/\\\/galeriaseltriunfo.com\\\/dev2\\\/#website\",\"url\":\"https:\\\/\\\/galeriaseltriunfo.com\\\/dev2\\\/\",\"name\":\"Galer\u00edas el Triunfo\",\"description\":\"Galer\u00edas el Triunfo es una de las tiendas online m\u00e1s grandes de accesorios y art\u00edculos de decoraci\u00f3n para el hogar, el jard\u00edn y la oficina. \u00a1Compra ahora!\",\"publisher\":{\"@id\":\"https:\\\/\\\/galeriaseltriunfo.com\\\/dev2\\\/#organization\"},\"potentialAction\":[{\"@type\":\"SearchAction\",\"target\":{\"@type\":\"EntryPoint\",\"urlTemplate\":\"https:\\\/\\\/galeriaseltriunfo.com\\\/dev2\\\/?s={search_term_string}\"},\"query-input\":{\"@type\":\"PropertyValueSpecification\",\"valueRequired\":true,\"valueName\":\"search_term_string\"}}],\"inLanguage\":\"es\"},{\"@type\":\"Organization\",\"@id\":\"https:\\\/\\\/galeriaseltriunfo.com\\\/dev2\\\/#organization\",\"name\":\"Galer\u00edas el Triunfo\",\"url\":\"https:\\\/\\\/galeriaseltriunfo.com\\\/dev2\\\/\",\"logo\":{\"@type\":\"ImageObject\",\"inLanguage\":\"es\",\"@id\":\"https:\\\/\\\/galeriaseltriunfo.com\\\/dev2\\\/#\\\/schema\\\/logo\\\/image\\\/\",\"url\":\"https:\\\/\\\/galeriaseltriunfo.com\\\/wp-content\\\/uploads\\\/2023\\\/08\\\/logotipo-galerias-fondo-2x-min.webp\",\"contentUrl\":\"https:\\\/\\\/galeriaseltriunfo.com\\\/wp-content\\\/uploads\\\/2023\\\/08\\\/logotipo-galerias-fondo-2x-min.webp\",\"width\":184,\"height\":264,\"caption\":\"Galer\u00edas el Triunfo\"},\"image\":{\"@id\":\"https:\\\/\\\/galeriaseltriunfo.com\\\/dev2\\\/#\\\/schema\\\/logo\\\/image\\\/\"},\"sameAs\":[\"https:\\\/\\\/www.facebook.com\\\/galeriaseltriunfo\",\"https:\\\/\\\/x.com\\\/Gal_El_Triunfo\",\"https:\\\/\\\/www.pinterest.com\\\/GaleriaselTriunfo\",\"https:\\\/\\\/instagram.com\\\/galeriaseltriunfomx\",\"https:\\\/\\\/www.youtube.com\\\/channel\\\/UChIaW2ZBBS4Pg8pkw0HuE7g\",\"https:\\\/\\\/www.tiktok.com\\\/@galeriaseltriunfo\"]}]}<\/script>\n<!-- \/ Yoast SEO plugin. -->","yoast_head_json":{"title":"Bufetera\u00a0'Golden Rose' con Tapa Suspendida | Galer\u00edas El Triunfo","description":"%Eleva tus banquetes con esta bufetera rosada. Una pieza profesional y vibrante para atraer elegancia, armon\u00eda y estilo exclusivo en cualquier evento.","robots":{"index":"index","follow":"follow","max-snippet":"max-snippet:-1","max-image-preview":"max-image-preview:large","max-video-preview":"max-video-preview:-1"},"canonical":"https:\/\/galeriaseltriunfo.com\/dev2\/producto\/bufetera-de-acero-inoxidable-dorada-de-42x42x72cm\/","og_locale":"es_MX","og_type":"article","og_title":"Bufetera\u00a0'Golden Rose' con Tapa Suspendida | Galer\u00edas El Triunfo","og_description":"%Eleva tus banquetes con esta bufetera rosada. Una pieza profesional y vibrante para atraer elegancia, armon\u00eda y estilo exclusivo en cualquier evento.","og_url":"https:\/\/galeriaseltriunfo.com\/dev2\/producto\/bufetera-de-acero-inoxidable-dorada-de-42x42x72cm\/","og_site_name":"Galer\u00edas el Triunfo","article_publisher":"https:\/\/www.facebook.com\/galeriaseltriunfo","article_modified_time":"2026-03-27T16:30:45+00:00","og_image":[{"width":900,"height":900,"url":"https:\/\/galeriaseltriunfo.com\/dev2\/wp-content\/uploads\/2026\/02\/305001736044.webp","type":"image\/jpeg"}],"twitter_card":"summary_large_image","twitter_site":"@Gal_El_Triunfo","twitter_misc":{"Tiempo de lectura":"3 minutos"},"schema":{"@context":"https:\/\/schema.org","@graph":[{"@type":["WebPage","SearchResultsPage"],"@id":"https:\/\/galeriaseltriunfo.com\/dev2\/producto\/bufetera-de-acero-inoxidable-dorada-de-42x42x72cm\/","url":"https:\/\/galeriaseltriunfo.com\/dev2\/producto\/bufetera-de-acero-inoxidable-dorada-de-42x42x72cm\/","name":"Bufetera\u00a0'Golden Rose' con Tapa Suspendida | Galer\u00edas El Triunfo","isPartOf":{"@id":"https:\/\/galeriaseltriunfo.com\/dev2\/#website"},"primaryImageOfPage":{"@id":"https:\/\/galeriaseltriunfo.com\/dev2\/producto\/bufetera-de-acero-inoxidable-dorada-de-42x42x72cm\/#primaryimage"},"image":{"@id":"https:\/\/galeriaseltriunfo.com\/dev2\/producto\/bufetera-de-acero-inoxidable-dorada-de-42x42x72cm\/#primaryimage"},"thumbnailUrl":"https:\/\/galeriaseltriunfo.com\/dev2\/wp-content\/uploads\/2026\/02\/305001736044.webp","datePublished":"2026-02-27T06:00:00+00:00","dateModified":"2026-03-27T16:30:45+00:00","description":"%Eleva tus banquetes con esta bufetera rosada. Una pieza profesional y vibrante para atraer elegancia, armon\u00eda y estilo exclusivo en cualquier evento.","breadcrumb":{"@id":"https:\/\/galeriaseltriunfo.com\/dev2\/producto\/bufetera-de-acero-inoxidable-dorada-de-42x42x72cm\/#breadcrumb"},"inLanguage":"es","potentialAction":[{"@type":"ReadAction","target":["https:\/\/galeriaseltriunfo.com\/dev2\/producto\/bufetera-de-acero-inoxidable-dorada-de-42x42x72cm\/"]}]},{"@type":"ImageObject","inLanguage":"es","@id":"https:\/\/galeriaseltriunfo.com\/dev2\/producto\/bufetera-de-acero-inoxidable-dorada-de-42x42x72cm\/#primaryimage","url":"https:\/\/galeriaseltriunfo.com\/dev2\/wp-content\/uploads\/2026\/02\/305001736044.webp","contentUrl":"https:\/\/galeriaseltriunfo.com\/dev2\/wp-content\/uploads\/2026\/02\/305001736044.webp","width":900,"height":900,"caption":"305001736044-galerias el triunfo"},{"@type":"BreadcrumbList","@id":"https:\/\/galeriaseltriunfo.com\/dev2\/producto\/bufetera-de-acero-inoxidable-dorada-de-42x42x72cm\/#breadcrumb","itemListElement":[{"@type":"ListItem","position":1,"name":"Inicio","item":"https:\/\/galeriaseltriunfo.com\/dev2\/"},{"@type":"ListItem","position":2,"name":"Tienda","item":"https:\/\/galeriaseltriunfo.com\/dev2\/tienda\/"},{"@type":"ListItem","position":3,"name":"Bufetera\u00a0&#8216;Golden Rose&#8217; con Tapa Suspendida"}]},{"@type":"WebSite","@id":"https:\/\/galeriaseltriunfo.com\/dev2\/#website","url":"https:\/\/galeriaseltriunfo.com\/dev2\/","name":"Galer\u00edas el Triunfo","description":"Galer\u00edas el Triunfo es una de las tiendas online m\u00e1s grandes de accesorios y art\u00edculos de decoraci\u00f3n para el hogar, el jard\u00edn y la oficina. \u00a1Compra ahora!","publisher":{"@id":"https:\/\/galeriaseltriunfo.com\/dev2\/#organization"},"potentialAction":[{"@type":"SearchAction","target":{"@type":"EntryPoint","urlTemplate":"https:\/\/galeriaseltriunfo.com\/dev2\/?s={search_term_string}"},"query-input":{"@type":"PropertyValueSpecification","valueRequired":true,"valueName":"search_term_string"}}],"inLanguage":"es"},{"@type":"Organization","@id":"https:\/\/galeriaseltriunfo.com\/dev2\/#organization","name":"Galer\u00edas el Triunfo","url":"https:\/\/galeriaseltriunfo.com\/dev2\/","logo":{"@type":"ImageObject","inLanguage":"es","@id":"https:\/\/galeriaseltriunfo.com\/dev2\/#\/schema\/logo\/image\/","url":"https:\/\/galeriaseltriunfo.com\/wp-content\/uploads\/2023\/08\/logotipo-galerias-fondo-2x-min.webp","contentUrl":"https:\/\/galeriaseltriunfo.com\/wp-content\/uploads\/2023\/08\/logotipo-galerias-fondo-2x-min.webp","width":184,"height":264,"caption":"Galer\u00edas el Triunfo"},"image":{"@id":"https:\/\/galeriaseltriunfo.com\/dev2\/#\/schema\/logo\/image\/"},"sameAs":["https:\/\/www.facebook.com\/galeriaseltriunfo","https:\/\/x.com\/Gal_El_Triunfo","https:\/\/www.pinterest.com\/GaleriaselTriunfo","https:\/\/instagram.com\/galeriaseltriunfomx","https:\/\/www.youtube.com\/channel\/UChIaW2ZBBS4Pg8pkw0HuE7g","https:\/\/www.tiktok.com\/@galeriaseltriunfo"]}]}},"_links":{"self":[{"href":"https:\/\/galeriaseltriunfo.com\/dev2\/wp-json\/wp\/v2\/product\/490089","targetHints":{"allow":["GET"]}}],"collection":[{"href":"https:\/\/galeriaseltriunfo.com\/dev2\/wp-json\/wp\/v2\/product"}],"about":[{"href":"https:\/\/galeriaseltriunfo.com\/dev2\/wp-json\/wp\/v2\/types\/product"}],"wp:featuredmedia":[{"embeddable":true,"href":"https:\/\/galeriaseltriunfo.com\/dev2\/wp-json\/wp\/v2\/media\/490091"}],"wp:attachment":[{"href":"https:\/\/galeriaseltriunfo.com\/dev2\/wp-json\/wp\/v2\/media?parent=490089"}],"wp:term":[{"taxonomy":"product_brand","embeddable":true,"href":"https:\/\/galeriaseltriunfo.com\/dev2\/wp-json\/wp\/v2\/product_brand?post=490089"},{"taxonomy":"product_cat","embeddable":true,"href":"https:\/\/galeriaseltriunfo.com\/dev2\/wp-json\/wp\/v2\/product_cat?post=490089"},{"taxonomy":"product_tag","embeddable":true,"href":"https:\/\/galeriaseltriunfo.com\/dev2\/wp-json\/wp\/v2\/product_tag?post=490089"}],"curies":[{"name":"wp","href":"https:\/\/api.w.org\/{rel}","templated":true}]}}